{"id":5017,"date":"2023-08-03T10:38:23","date_gmt":"2023-08-03T10:38:23","guid":{"rendered":"https:\/\/sergiowalkingtours.com\/producto\/tour-pittoresque-danaga\/"},"modified":"2025-12-25T09:17:09","modified_gmt":"2025-12-25T09:17:09","slug":"tour-pittoresque-danaga","status":"publish","type":"product","link":"https:\/\/sergiowalkingtours.com\/fr\/producto\/tour-pittoresque-danaga\/","title":{"rendered":"Tour pittoresque d&rsquo;Anaga"},"content":{"rendered":"<p>Cette randonn\u00e9e botanique, qui allie int\u00e9r\u00eat et diversit\u00e9, vous m\u00e8nera de l\u2019un des sommets du parc naturel d\u2019Anaga \u00e0 l\u2019un de ses villages de montagne les plus embl\u00e9matiques et les plus typiques. Nous partirons du Pico del Ingl\u00e9s, qui, avec ses 979 m\u00e8tres d\u2019altitude, est le point le plus \u00e9lev\u00e9 du massif de l\u2019Anaga. Le paysage changeant et la vari\u00e9t\u00e9 des microclimats font d\u2019une journ\u00e9e \u00e0 Anaga une s\u00e9rie d\u2019images, d\u2019odeurs, de sons et de sensations diff\u00e9rentes. Nous ferons l\u2019exp\u00e9rience, \u00e0 travers tous nos sens, de la magie et du charme naturel des for\u00eats de lauriers end\u00e9miques des Canaries. Ce patrimoine naturel exceptionnel a \u00e9t\u00e9 d\u00e9clar\u00e9 r\u00e9serve mondiale de biosph\u00e8re par l\u2019UNESCO, car il abrite le plus grand nombre d\u2019esp\u00e8ces end\u00e9miques en Europe. Nous serons \u00e9merveill\u00e9s par ses paysages d\u2019une beaut\u00e9 extraordinaire et nous apprendrons \u00e0 conna\u00eetre sa flore, sa faune, sa g\u00e9ologie et la savoureuse gastronomie de ses villages ruraux. Lors de cette activit\u00e9, nous porterons un toast \u00e0 cette journ\u00e9e de randonn\u00e9e inoubliable dans un restaurant local typique. <strong>Portez des chaussures de randonn\u00e9e ou de sport avec de bonnes semelles et emportez un imperm\u00e9able, une protection solaire et suffisamment d&rsquo;eau.<\/strong><\/p>\n<p><strong>Cette randonn\u00e9e convient aux enfants \u00e0 partir de 12 ans. Les mineurs doivent \u00eatre accompagn\u00e9s d&rsquo;un adulte.<\/strong><\/p>\n<p><b>Le prix est pour un groupe priv\u00e9 de 1 \u00e0 4 personnes. Prix par personne suppl\u00e9mentaire 45\u20ac. Maximum 8 personnes.<\/b><\/p>\n","protected":false},"excerpt":{"rendered":"<p>Cette randonn\u00e9e botanique, qui allie int\u00e9r\u00eat et diversit\u00e9, vous m\u00e8nera de l\u2019un des sommets du parc naturel d\u2019Anaga \u00e0 l\u2019un de ses villages de montagne les plus embl\u00e9matiques et les plus typiques. Nous partirons du Pico del Ingl\u00e9s, qui, avec ses 979 m\u00e8tres d\u2019altitude, est le point le plus \u00e9lev\u00e9 du massif de l\u2019Anaga. Le [&hellip;]<\/p>\n","protected":false},"featured_media":2895,"template":"","meta":{"_acf_changed":false,"_et_pb_use_builder":"","_et_pb_old_content":"","_et_gb_content_width":""},"product_brand":[],"product_cat":[68],"product_tag":[],"class_list":{"0":"post-5017","1":"product","2":"type-product","3":"status-publish","4":"has-post-thumbnail","6":"product_cat-excursions-vip","8":"first","9":"instock","10":"shipping-taxable","11":"purchasable","12":"product-type-phive_booking"},"acf":[],"yoast_head":"<!-- This site is optimized with the Yoast SEO plugin v27.3 - https:\/\/yoast.com\/product\/yoast-seo-wordpress\/ -->\n<title>Tour pittoresque d&#039;Anaga - Sergio Walking Tours - Tu gu\u00eda profesional<\/title>\n<meta name=\"robots\" content=\"index, follow, max-snippet:-1, max-image-preview:large, max-video-preview:-1\" \/>\n<link rel=\"canonical\" href=\"https:\/\/sergiowalkingtours.com\/fr\/producto\/tour-pittoresque-danaga\/\" \/>\n<meta property=\"og:locale\" content=\"fr_FR\" \/>\n<meta property=\"og:type\" content=\"article\" \/>\n<meta property=\"og:title\" content=\"Tour pittoresque d&#039;Anaga - Sergio Walking Tours - Tu gu\u00eda profesional\" \/>\n<meta property=\"og:description\" content=\"Cette randonn\u00e9e botanique, qui allie int\u00e9r\u00eat et diversit\u00e9, vous m\u00e8nera de l\u2019un des sommets du parc naturel d\u2019Anaga \u00e0 l\u2019un de ses villages de montagne les plus embl\u00e9matiques et les plus typiques. Nous partirons du Pico del Ingl\u00e9s, qui, avec ses 979 m\u00e8tres d\u2019altitude, est le point le plus \u00e9lev\u00e9 du massif de l\u2019Anaga. Le [&hellip;]\" \/>\n<meta property=\"og:url\" content=\"https:\/\/sergiowalkingtours.com\/fr\/producto\/tour-pittoresque-danaga\/\" \/>\n<meta property=\"og:site_name\" content=\"Sergio Walking Tours - Tu gu\u00eda profesional\" \/>\n<meta property=\"article:modified_time\" content=\"2025-12-25T09:17:09+00:00\" \/>\n<meta property=\"og:image\" content=\"https:\/\/sergiowalkingtours.com\/wp-content\/uploads\/2023\/07\/portada.jpg\" \/>\n\t<meta property=\"og:image:width\" content=\"1024\" \/>\n\t<meta property=\"og:image:height\" content=\"768\" \/>\n\t<meta property=\"og:image:type\" content=\"image\/jpeg\" \/>\n<meta name=\"twitter:card\" content=\"summary_large_image\" \/>\n<meta name=\"twitter:label1\" content=\"Dur\u00e9e de lecture estim\u00e9e\" \/>\n\t<meta name=\"twitter:data1\" content=\"1 minute\" \/>\n<script type=\"application\/ld+json\" class=\"yoast-schema-graph\">{\"@context\":\"https:\\\/\\\/schema.org\",\"@graph\":[{\"@type\":\"WebPage\",\"@id\":\"https:\\\/\\\/sergiowalkingtours.com\\\/fr\\\/producto\\\/tour-pittoresque-danaga\\\/\",\"url\":\"https:\\\/\\\/sergiowalkingtours.com\\\/fr\\\/producto\\\/tour-pittoresque-danaga\\\/\",\"name\":\"Tour pittoresque d'Anaga - Sergio Walking Tours - Tu gu\u00eda profesional\",\"isPartOf\":{\"@id\":\"https:\\\/\\\/sergiowalkingtours.com\\\/fr\\\/#website\"},\"primaryImageOfPage\":{\"@id\":\"https:\\\/\\\/sergiowalkingtours.com\\\/fr\\\/producto\\\/tour-pittoresque-danaga\\\/#primaryimage\"},\"image\":{\"@id\":\"https:\\\/\\\/sergiowalkingtours.com\\\/fr\\\/producto\\\/tour-pittoresque-danaga\\\/#primaryimage\"},\"thumbnailUrl\":\"https:\\\/\\\/sergiowalkingtours.com\\\/wp-content\\\/uploads\\\/2023\\\/07\\\/portada.jpg\",\"datePublished\":\"2023-08-03T10:38:23+00:00\",\"dateModified\":\"2025-12-25T09:17:09+00:00\",\"breadcrumb\":{\"@id\":\"https:\\\/\\\/sergiowalkingtours.com\\\/fr\\\/producto\\\/tour-pittoresque-danaga\\\/#breadcrumb\"},\"inLanguage\":\"fr-FR\",\"potentialAction\":[{\"@type\":\"ReadAction\",\"target\":[\"https:\\\/\\\/sergiowalkingtours.com\\\/fr\\\/producto\\\/tour-pittoresque-danaga\\\/\"]}]},{\"@type\":\"ImageObject\",\"inLanguage\":\"fr-FR\",\"@id\":\"https:\\\/\\\/sergiowalkingtours.com\\\/fr\\\/producto\\\/tour-pittoresque-danaga\\\/#primaryimage\",\"url\":\"https:\\\/\\\/sergiowalkingtours.com\\\/wp-content\\\/uploads\\\/2023\\\/07\\\/portada.jpg\",\"contentUrl\":\"https:\\\/\\\/sergiowalkingtours.com\\\/wp-content\\\/uploads\\\/2023\\\/07\\\/portada.jpg\",\"width\":1024,\"height\":768,\"caption\":\"Portada Excursi\u00f3n_en_Grupo_Reserva_de_La_Biosfera_de_Anaga\"},{\"@type\":\"BreadcrumbList\",\"@id\":\"https:\\\/\\\/sergiowalkingtours.com\\\/fr\\\/producto\\\/tour-pittoresque-danaga\\\/#breadcrumb\",\"itemListElement\":[{\"@type\":\"ListItem\",\"position\":1,\"name\":\"Home\",\"item\":\"https:\\\/\\\/sergiowalkingtours.com\\\/fr\\\/\"},{\"@type\":\"ListItem\",\"position\":2,\"name\":\"Boutique\",\"item\":\"https:\\\/\\\/sergiowalkingtours.com\\\/fr\\\/boutique\\\/\"},{\"@type\":\"ListItem\",\"position\":3,\"name\":\"Tour pittoresque d&#8217;Anaga\"}]},{\"@type\":\"WebSite\",\"@id\":\"https:\\\/\\\/sergiowalkingtours.com\\\/fr\\\/#website\",\"url\":\"https:\\\/\\\/sergiowalkingtours.com\\\/fr\\\/\",\"name\":\"Sergio Walking Tours - Tu gu\u00eda profesional\",\"description\":\"See Tenerife through the eyes of a local\",\"potentialAction\":[{\"@type\":\"SearchAction\",\"target\":{\"@type\":\"EntryPoint\",\"urlTemplate\":\"https:\\\/\\\/sergiowalkingtours.com\\\/fr\\\/?s={search_term_string}\"},\"query-input\":{\"@type\":\"PropertyValueSpecification\",\"valueRequired\":true,\"valueName\":\"search_term_string\"}}],\"inLanguage\":\"fr-FR\"}]}<\/script>\n<!-- \/ Yoast SEO plugin. -->","yoast_head_json":{"title":"Tour pittoresque d'Anaga - Sergio Walking Tours - Tu gu\u00eda profesional","robots":{"index":"index","follow":"follow","max-snippet":"max-snippet:-1","max-image-preview":"max-image-preview:large","max-video-preview":"max-video-preview:-1"},"canonical":"https:\/\/sergiowalkingtours.com\/fr\/producto\/tour-pittoresque-danaga\/","og_locale":"fr_FR","og_type":"article","og_title":"Tour pittoresque d'Anaga - Sergio Walking Tours - Tu gu\u00eda profesional","og_description":"Cette randonn\u00e9e botanique, qui allie int\u00e9r\u00eat et diversit\u00e9, vous m\u00e8nera de l\u2019un des sommets du parc naturel d\u2019Anaga \u00e0 l\u2019un de ses villages de montagne les plus embl\u00e9matiques et les plus typiques. Nous partirons du Pico del Ingl\u00e9s, qui, avec ses 979 m\u00e8tres d\u2019altitude, est le point le plus \u00e9lev\u00e9 du massif de l\u2019Anaga. Le [&hellip;]","og_url":"https:\/\/sergiowalkingtours.com\/fr\/producto\/tour-pittoresque-danaga\/","og_site_name":"Sergio Walking Tours - Tu gu\u00eda profesional","article_modified_time":"2025-12-25T09:17:09+00:00","og_image":[{"width":1024,"height":768,"url":"https:\/\/sergiowalkingtours.com\/wp-content\/uploads\/2023\/07\/portada.jpg","type":"image\/jpeg"}],"twitter_card":"summary_large_image","twitter_misc":{"Dur\u00e9e de lecture estim\u00e9e":"1 minute"},"schema":{"@context":"https:\/\/schema.org","@graph":[{"@type":"WebPage","@id":"https:\/\/sergiowalkingtours.com\/fr\/producto\/tour-pittoresque-danaga\/","url":"https:\/\/sergiowalkingtours.com\/fr\/producto\/tour-pittoresque-danaga\/","name":"Tour pittoresque d'Anaga - Sergio Walking Tours - Tu gu\u00eda profesional","isPartOf":{"@id":"https:\/\/sergiowalkingtours.com\/fr\/#website"},"primaryImageOfPage":{"@id":"https:\/\/sergiowalkingtours.com\/fr\/producto\/tour-pittoresque-danaga\/#primaryimage"},"image":{"@id":"https:\/\/sergiowalkingtours.com\/fr\/producto\/tour-pittoresque-danaga\/#primaryimage"},"thumbnailUrl":"https:\/\/sergiowalkingtours.com\/wp-content\/uploads\/2023\/07\/portada.jpg","datePublished":"2023-08-03T10:38:23+00:00","dateModified":"2025-12-25T09:17:09+00:00","breadcrumb":{"@id":"https:\/\/sergiowalkingtours.com\/fr\/producto\/tour-pittoresque-danaga\/#breadcrumb"},"inLanguage":"fr-FR","potentialAction":[{"@type":"ReadAction","target":["https:\/\/sergiowalkingtours.com\/fr\/producto\/tour-pittoresque-danaga\/"]}]},{"@type":"ImageObject","inLanguage":"fr-FR","@id":"https:\/\/sergiowalkingtours.com\/fr\/producto\/tour-pittoresque-danaga\/#primaryimage","url":"https:\/\/sergiowalkingtours.com\/wp-content\/uploads\/2023\/07\/portada.jpg","contentUrl":"https:\/\/sergiowalkingtours.com\/wp-content\/uploads\/2023\/07\/portada.jpg","width":1024,"height":768,"caption":"Portada Excursi\u00f3n_en_Grupo_Reserva_de_La_Biosfera_de_Anaga"},{"@type":"BreadcrumbList","@id":"https:\/\/sergiowalkingtours.com\/fr\/producto\/tour-pittoresque-danaga\/#breadcrumb","itemListElement":[{"@type":"ListItem","position":1,"name":"Home","item":"https:\/\/sergiowalkingtours.com\/fr\/"},{"@type":"ListItem","position":2,"name":"Boutique","item":"https:\/\/sergiowalkingtours.com\/fr\/boutique\/"},{"@type":"ListItem","position":3,"name":"Tour pittoresque d&#8217;Anaga"}]},{"@type":"WebSite","@id":"https:\/\/sergiowalkingtours.com\/fr\/#website","url":"https:\/\/sergiowalkingtours.com\/fr\/","name":"Sergio Walking Tours - Tu gu\u00eda profesional","description":"See Tenerife through the eyes of a local","potentialAction":[{"@type":"SearchAction","target":{"@type":"EntryPoint","urlTemplate":"https:\/\/sergiowalkingtours.com\/fr\/?s={search_term_string}"},"query-input":{"@type":"PropertyValueSpecification","valueRequired":true,"valueName":"search_term_string"}}],"inLanguage":"fr-FR"}]}},"_links":{"self":[{"href":"https:\/\/sergiowalkingtours.com\/fr\/wp-json\/wp\/v2\/product\/5017","targetHints":{"allow":["GET"]}}],"collection":[{"href":"https:\/\/sergiowalkingtours.com\/fr\/wp-json\/wp\/v2\/product"}],"about":[{"href":"https:\/\/sergiowalkingtours.com\/fr\/wp-json\/wp\/v2\/types\/product"}],"wp:featuredmedia":[{"embeddable":true,"href":"https:\/\/sergiowalkingtours.com\/fr\/wp-json\/wp\/v2\/media\/2895"}],"wp:attachment":[{"href":"https:\/\/sergiowalkingtours.com\/fr\/wp-json\/wp\/v2\/media?parent=5017"}],"wp:term":[{"taxonomy":"product_brand","embeddable":true,"href":"https:\/\/sergiowalkingtours.com\/fr\/wp-json\/wp\/v2\/product_brand?post=5017"},{"taxonomy":"product_cat","embeddable":true,"href":"https:\/\/sergiowalkingtours.com\/fr\/wp-json\/wp\/v2\/product_cat?post=5017"},{"taxonomy":"product_tag","embeddable":true,"href":"https:\/\/sergiowalkingtours.com\/fr\/wp-json\/wp\/v2\/product_tag?post=5017"}],"curies":[{"name":"wp","href":"https:\/\/api.w.org\/{rel}","templated":true}]}}