{"id":4961,"date":"2023-08-03T11:15:20","date_gmt":"2023-08-03T11:15:20","guid":{"rendered":"https:\/\/sergiowalkingtours.com\/producto\/ravin-de-cuevas-negras\/"},"modified":"2025-02-17T22:09:08","modified_gmt":"2025-02-17T22:09:08","slug":"ravin-de-cuevas-negras","status":"publish","type":"product","link":"https:\/\/sergiowalkingtours.com\/fr\/producto\/ravin-de-cuevas-negras\/","title":{"rendered":"Ravin de Cuevas Negras"},"content":{"rendered":"<p>Cette excursion int\u00e9ressante commence dans un petit village de montagne situ\u00e9 \u00e0 plus de 1 000 m\u00e8tres d&rsquo;altitude. Nous marcherons parmi les vergers et les champs jusqu\u2019au fond du spectaculaire ravin que nous descendrons au milieu d\u2019une for\u00eat luxuriante de lauriers et de bruy\u00e8res g\u00e9antes. Des centaines de fleurs et le chant d&rsquo;oiseaux nous accompagneront. Nous observerons les vestiges g\u00e9ologiques des \u00e9ruptions volcaniques pass\u00e9es et d\u00e9couvrirons comment la nature a fa\u00e7onn\u00e9 le paysage au fil du temps. Nous profiterons d&rsquo;une vue imprenable sur la c\u00f4te depuis un balcon naturel. Nous continuerons le long de la gorge, en passant par des villages abandonn\u00e9s, t\u00e9moins d&rsquo;un pass\u00e9 o\u00f9 les muletiers empruntaient ce chemin avec leurs b\u00eates de somme. Le bruit de l&rsquo;eau qui coule et les anciens tuyaux indiquent la pr\u00e9sence de galeries souterraines. Au carrefour, nous verrons un \u00e9norme laurier centenaire et de grandes grottes volcaniques sombres. Un lieu magnifique qui nous plonge dans les entrailles g\u00e9ologiques de l&rsquo;\u00eele et nous montre son \u00e9volution sur des millions d&rsquo;ann\u00e9es. Au terme de ce parcours, nous traverserons \u00e0 nouveau des vergers et des bananeraies jusqu\u2019\u00e0 un village typique o\u00f9 nous pourrons d\u00e9guster un caf\u00e9 traditionnel ou griller des tranches de pain accompagn\u00e9es d\u2019un bon vin r\u00e9gional et \u00e9changer nos impressions sur cette fantastique exp\u00e9rience. <strong>Portez des chaussures de randonn\u00e9e ou de sport avec de bonnes semelles et emportez un imperm\u00e9able, une protection solaire et suffisamment d&rsquo;eau.<\/strong><\/p>\n<p><strong>Cette randonn\u00e9e convient aux enfants \u00e0 partir de 12 ans. Les mineurs doivent \u00eatre accompagn\u00e9s d&rsquo;un adulte.<\/strong><\/p>\n<p><b>Le prix est pour un groupe priv\u00e9 de 1 \u00e0 4 personnes. Prix par personne suppl\u00e9mentaire 45\u20ac. Maximum 8 personnes.<\/b><\/p>\n","protected":false},"excerpt":{"rendered":"<p>Cette excursion int\u00e9ressante commence dans un petit village de montagne situ\u00e9 \u00e0 plus de 1 000 m\u00e8tres d&rsquo;altitude. Nous marcherons parmi les vergers et les champs jusqu\u2019au fond du spectaculaire ravin que nous descendrons au milieu d\u2019une for\u00eat luxuriante de lauriers et de bruy\u00e8res g\u00e9antes. Des centaines de fleurs et le chant d&rsquo;oiseaux nous accompagneront. [&hellip;]<\/p>\n","protected":false},"featured_media":4202,"template":"","meta":{"_acf_changed":false,"_et_pb_use_builder":"","_et_pb_old_content":"","_et_gb_content_width":""},"product_brand":[],"product_cat":[68],"product_tag":[],"class_list":{"0":"post-4961","1":"product","2":"type-product","3":"status-publish","4":"has-post-thumbnail","6":"product_cat-excursions-vip","8":"first","9":"instock","10":"shipping-taxable","11":"purchasable","12":"product-type-phive_booking"},"acf":[],"yoast_head":"<!-- This site is optimized with the Yoast SEO plugin v27.3 - https:\/\/yoast.com\/product\/yoast-seo-wordpress\/ -->\n<title>Ravin de Cuevas Negras - Sergio Walking Tours - Tu gu\u00eda profesional<\/title>\n<meta name=\"robots\" content=\"index, follow, max-snippet:-1, max-image-preview:large, max-video-preview:-1\" \/>\n<link rel=\"canonical\" href=\"https:\/\/sergiowalkingtours.com\/fr\/producto\/ravin-de-cuevas-negras\/\" \/>\n<meta property=\"og:locale\" content=\"fr_FR\" \/>\n<meta property=\"og:type\" content=\"article\" \/>\n<meta property=\"og:title\" content=\"Ravin de Cuevas Negras - Sergio Walking Tours - Tu gu\u00eda profesional\" \/>\n<meta property=\"og:description\" content=\"Cette excursion int\u00e9ressante commence dans un petit village de montagne situ\u00e9 \u00e0 plus de 1 000 m\u00e8tres d&rsquo;altitude. Nous marcherons parmi les vergers et les champs jusqu\u2019au fond du spectaculaire ravin que nous descendrons au milieu d\u2019une for\u00eat luxuriante de lauriers et de bruy\u00e8res g\u00e9antes. Des centaines de fleurs et le chant d&rsquo;oiseaux nous accompagneront. [&hellip;]\" \/>\n<meta property=\"og:url\" content=\"https:\/\/sergiowalkingtours.com\/fr\/producto\/ravin-de-cuevas-negras\/\" \/>\n<meta property=\"og:site_name\" content=\"Sergio Walking Tours - Tu gu\u00eda profesional\" \/>\n<meta property=\"article:modified_time\" content=\"2025-02-17T22:09:08+00:00\" \/>\n<meta property=\"og:image\" content=\"https:\/\/sergiowalkingtours.com\/wp-content\/uploads\/2023\/11\/Foto_Cuevas_Negras_2.jpg\" \/>\n\t<meta property=\"og:image:width\" content=\"1600\" \/>\n\t<meta property=\"og:image:height\" content=\"1200\" \/>\n\t<meta property=\"og:image:type\" content=\"image\/jpeg\" \/>\n<meta name=\"twitter:card\" content=\"summary_large_image\" \/>\n<meta name=\"twitter:label1\" content=\"Dur\u00e9e de lecture estim\u00e9e\" \/>\n\t<meta name=\"twitter:data1\" content=\"1 minute\" \/>\n<script type=\"application\/ld+json\" class=\"yoast-schema-graph\">{\"@context\":\"https:\\\/\\\/schema.org\",\"@graph\":[{\"@type\":\"WebPage\",\"@id\":\"https:\\\/\\\/sergiowalkingtours.com\\\/fr\\\/producto\\\/ravin-de-cuevas-negras\\\/\",\"url\":\"https:\\\/\\\/sergiowalkingtours.com\\\/fr\\\/producto\\\/ravin-de-cuevas-negras\\\/\",\"name\":\"Ravin de Cuevas Negras - Sergio Walking Tours - Tu gu\u00eda profesional\",\"isPartOf\":{\"@id\":\"https:\\\/\\\/sergiowalkingtours.com\\\/fr\\\/#website\"},\"primaryImageOfPage\":{\"@id\":\"https:\\\/\\\/sergiowalkingtours.com\\\/fr\\\/producto\\\/ravin-de-cuevas-negras\\\/#primaryimage\"},\"image\":{\"@id\":\"https:\\\/\\\/sergiowalkingtours.com\\\/fr\\\/producto\\\/ravin-de-cuevas-negras\\\/#primaryimage\"},\"thumbnailUrl\":\"https:\\\/\\\/sergiowalkingtours.com\\\/wp-content\\\/uploads\\\/2023\\\/11\\\/Foto_Cuevas_Negras_2.jpg\",\"datePublished\":\"2023-08-03T11:15:20+00:00\",\"dateModified\":\"2025-02-17T22:09:08+00:00\",\"breadcrumb\":{\"@id\":\"https:\\\/\\\/sergiowalkingtours.com\\\/fr\\\/producto\\\/ravin-de-cuevas-negras\\\/#breadcrumb\"},\"inLanguage\":\"fr-FR\",\"potentialAction\":[{\"@type\":\"ReadAction\",\"target\":[\"https:\\\/\\\/sergiowalkingtours.com\\\/fr\\\/producto\\\/ravin-de-cuevas-negras\\\/\"]}]},{\"@type\":\"ImageObject\",\"inLanguage\":\"fr-FR\",\"@id\":\"https:\\\/\\\/sergiowalkingtours.com\\\/fr\\\/producto\\\/ravin-de-cuevas-negras\\\/#primaryimage\",\"url\":\"https:\\\/\\\/sergiowalkingtours.com\\\/wp-content\\\/uploads\\\/2023\\\/11\\\/Foto_Cuevas_Negras_2.jpg\",\"contentUrl\":\"https:\\\/\\\/sergiowalkingtours.com\\\/wp-content\\\/uploads\\\/2023\\\/11\\\/Foto_Cuevas_Negras_2.jpg\",\"width\":1600,\"height\":1200},{\"@type\":\"BreadcrumbList\",\"@id\":\"https:\\\/\\\/sergiowalkingtours.com\\\/fr\\\/producto\\\/ravin-de-cuevas-negras\\\/#breadcrumb\",\"itemListElement\":[{\"@type\":\"ListItem\",\"position\":1,\"name\":\"Home\",\"item\":\"https:\\\/\\\/sergiowalkingtours.com\\\/fr\\\/\"},{\"@type\":\"ListItem\",\"position\":2,\"name\":\"Boutique\",\"item\":\"https:\\\/\\\/sergiowalkingtours.com\\\/fr\\\/boutique\\\/\"},{\"@type\":\"ListItem\",\"position\":3,\"name\":\"Ravin de Cuevas Negras\"}]},{\"@type\":\"WebSite\",\"@id\":\"https:\\\/\\\/sergiowalkingtours.com\\\/fr\\\/#website\",\"url\":\"https:\\\/\\\/sergiowalkingtours.com\\\/fr\\\/\",\"name\":\"Sergio Walking Tours - Tu gu\u00eda profesional\",\"description\":\"See Tenerife through the eyes of a local\",\"potentialAction\":[{\"@type\":\"SearchAction\",\"target\":{\"@type\":\"EntryPoint\",\"urlTemplate\":\"https:\\\/\\\/sergiowalkingtours.com\\\/fr\\\/?s={search_term_string}\"},\"query-input\":{\"@type\":\"PropertyValueSpecification\",\"valueRequired\":true,\"valueName\":\"search_term_string\"}}],\"inLanguage\":\"fr-FR\"}]}<\/script>\n<!-- \/ Yoast SEO plugin. -->","yoast_head_json":{"title":"Ravin de Cuevas Negras - Sergio Walking Tours - Tu gu\u00eda profesional","robots":{"index":"index","follow":"follow","max-snippet":"max-snippet:-1","max-image-preview":"max-image-preview:large","max-video-preview":"max-video-preview:-1"},"canonical":"https:\/\/sergiowalkingtours.com\/fr\/producto\/ravin-de-cuevas-negras\/","og_locale":"fr_FR","og_type":"article","og_title":"Ravin de Cuevas Negras - Sergio Walking Tours - Tu gu\u00eda profesional","og_description":"Cette excursion int\u00e9ressante commence dans un petit village de montagne situ\u00e9 \u00e0 plus de 1 000 m\u00e8tres d&rsquo;altitude. Nous marcherons parmi les vergers et les champs jusqu\u2019au fond du spectaculaire ravin que nous descendrons au milieu d\u2019une for\u00eat luxuriante de lauriers et de bruy\u00e8res g\u00e9antes. Des centaines de fleurs et le chant d&rsquo;oiseaux nous accompagneront. [&hellip;]","og_url":"https:\/\/sergiowalkingtours.com\/fr\/producto\/ravin-de-cuevas-negras\/","og_site_name":"Sergio Walking Tours - Tu gu\u00eda profesional","article_modified_time":"2025-02-17T22:09:08+00:00","og_image":[{"width":1600,"height":1200,"url":"https:\/\/sergiowalkingtours.com\/wp-content\/uploads\/2023\/11\/Foto_Cuevas_Negras_2.jpg","type":"image\/jpeg"}],"twitter_card":"summary_large_image","twitter_misc":{"Dur\u00e9e de lecture estim\u00e9e":"1 minute"},"schema":{"@context":"https:\/\/schema.org","@graph":[{"@type":"WebPage","@id":"https:\/\/sergiowalkingtours.com\/fr\/producto\/ravin-de-cuevas-negras\/","url":"https:\/\/sergiowalkingtours.com\/fr\/producto\/ravin-de-cuevas-negras\/","name":"Ravin de Cuevas Negras - Sergio Walking Tours - Tu gu\u00eda profesional","isPartOf":{"@id":"https:\/\/sergiowalkingtours.com\/fr\/#website"},"primaryImageOfPage":{"@id":"https:\/\/sergiowalkingtours.com\/fr\/producto\/ravin-de-cuevas-negras\/#primaryimage"},"image":{"@id":"https:\/\/sergiowalkingtours.com\/fr\/producto\/ravin-de-cuevas-negras\/#primaryimage"},"thumbnailUrl":"https:\/\/sergiowalkingtours.com\/wp-content\/uploads\/2023\/11\/Foto_Cuevas_Negras_2.jpg","datePublished":"2023-08-03T11:15:20+00:00","dateModified":"2025-02-17T22:09:08+00:00","breadcrumb":{"@id":"https:\/\/sergiowalkingtours.com\/fr\/producto\/ravin-de-cuevas-negras\/#breadcrumb"},"inLanguage":"fr-FR","potentialAction":[{"@type":"ReadAction","target":["https:\/\/sergiowalkingtours.com\/fr\/producto\/ravin-de-cuevas-negras\/"]}]},{"@type":"ImageObject","inLanguage":"fr-FR","@id":"https:\/\/sergiowalkingtours.com\/fr\/producto\/ravin-de-cuevas-negras\/#primaryimage","url":"https:\/\/sergiowalkingtours.com\/wp-content\/uploads\/2023\/11\/Foto_Cuevas_Negras_2.jpg","contentUrl":"https:\/\/sergiowalkingtours.com\/wp-content\/uploads\/2023\/11\/Foto_Cuevas_Negras_2.jpg","width":1600,"height":1200},{"@type":"BreadcrumbList","@id":"https:\/\/sergiowalkingtours.com\/fr\/producto\/ravin-de-cuevas-negras\/#breadcrumb","itemListElement":[{"@type":"ListItem","position":1,"name":"Home","item":"https:\/\/sergiowalkingtours.com\/fr\/"},{"@type":"ListItem","position":2,"name":"Boutique","item":"https:\/\/sergiowalkingtours.com\/fr\/boutique\/"},{"@type":"ListItem","position":3,"name":"Ravin de Cuevas Negras"}]},{"@type":"WebSite","@id":"https:\/\/sergiowalkingtours.com\/fr\/#website","url":"https:\/\/sergiowalkingtours.com\/fr\/","name":"Sergio Walking Tours - Tu gu\u00eda profesional","description":"See Tenerife through the eyes of a local","potentialAction":[{"@type":"SearchAction","target":{"@type":"EntryPoint","urlTemplate":"https:\/\/sergiowalkingtours.com\/fr\/?s={search_term_string}"},"query-input":{"@type":"PropertyValueSpecification","valueRequired":true,"valueName":"search_term_string"}}],"inLanguage":"fr-FR"}]}},"_links":{"self":[{"href":"https:\/\/sergiowalkingtours.com\/fr\/wp-json\/wp\/v2\/product\/4961","targetHints":{"allow":["GET"]}}],"collection":[{"href":"https:\/\/sergiowalkingtours.com\/fr\/wp-json\/wp\/v2\/product"}],"about":[{"href":"https:\/\/sergiowalkingtours.com\/fr\/wp-json\/wp\/v2\/types\/product"}],"wp:featuredmedia":[{"embeddable":true,"href":"https:\/\/sergiowalkingtours.com\/fr\/wp-json\/wp\/v2\/media\/4202"}],"wp:attachment":[{"href":"https:\/\/sergiowalkingtours.com\/fr\/wp-json\/wp\/v2\/media?parent=4961"}],"wp:term":[{"taxonomy":"product_brand","embeddable":true,"href":"https:\/\/sergiowalkingtours.com\/fr\/wp-json\/wp\/v2\/product_brand?post=4961"},{"taxonomy":"product_cat","embeddable":true,"href":"https:\/\/sergiowalkingtours.com\/fr\/wp-json\/wp\/v2\/product_cat?post=4961"},{"taxonomy":"product_tag","embeddable":true,"href":"https:\/\/sergiowalkingtours.com\/fr\/wp-json\/wp\/v2\/product_tag?post=4961"}],"curies":[{"name":"wp","href":"https:\/\/api.w.org\/{rel}","templated":true}]}}