{"id":2299,"date":"2023-07-19T13:00:45","date_gmt":"2023-07-19T13:00:45","guid":{"rendered":"https:\/\/walkingtours.e2w.es\/producto\/lancien-chemin-des-phares\/"},"modified":"2025-03-03T17:20:22","modified_gmt":"2025-03-03T17:20:22","slug":"ancienne-route-du-phare","status":"publish","type":"product","link":"https:\/\/sergiowalkingtours.com\/fr\/producto\/ancienne-route-du-phare\/","title":{"rendered":"L&rsquo;ancienne route du phare"},"content":{"rendered":"<p>Une ascension et une descente sportives vers le point g\u00e9ographique le plus au nord-ouest de Tenerife, sur des sentiers utilis\u00e9s depuis des temps imm\u00e9moriaux par les anciens Guanches, les premiers habitants de l&rsquo;\u00eele. Vous d\u00e9couvrirez une v\u00e9g\u00e9tation end\u00e9mique vari\u00e9e, des hameaux isol\u00e9s, des ravins impressionnants, des falaises et des vues spectaculaires. Sur le chemin, nous nous arr\u00eaterons dans un beau village rural pour parler \u00e0 un chevrier et observer le travail des bergers dans cet endroit inhabituel. Nous descendrons le long d&rsquo;un ancien chemin qui nous montrera la beaut\u00e9 sobre de ses champs cultiv\u00e9s, des fermes, des maisons troglodytes et des \u00e9tables de ses habitants. En continuant \u00e0 descendre le long du sentier qui longe le bord du ravin, nous atteindrons un point de vue d&rsquo;o\u00f9 nous pourrons appr\u00e9cier la majest\u00e9 des pentes du parc rural de Teno, la c\u00f4te jusqu&rsquo;\u00e0 la Punta de Teno et son phare romantique. Une fois arriv\u00e9s \u00e0 destination, vous aurez la possibilit\u00e9 de vous rafra\u00eechir en vous baignant dans la mer, tout en contemplant un paysage sensationnel avec les falaises de Los Gigantes et les \u00eeles voisines de La Gomera et de La Palma. Vivez une v\u00e9ritable aventure dans l&rsquo;un des plus beaux endroits de Tenerife ! <strong>Portez des chaussures de randonn\u00e9e ou de sport avec de bonnes semelles et emportez un imperm\u00e9able, un maillot de bain, une serviette, une protection solaire et suffisamment d&rsquo;eau.<\/strong><\/p>\n<p><strong>Cette randonn\u00e9e convient aux enfants \u00e0 partir de 12 ans. Les mineurs doivent \u00eatre accompagn\u00e9s d&rsquo;un adulte.<\/strong><\/p>\n<p><b>Le prix est pour un groupe priv\u00e9 de 1 \u00e0 4 personnes. Prix par personne suppl\u00e9mentaire 45\u20ac. Maximum 8 personnes.<\/b><\/p>\n","protected":false},"excerpt":{"rendered":"<p>Une ascension et une descente sportives vers le point g\u00e9ographique le plus au nord-ouest de Tenerife, sur des sentiers utilis\u00e9s depuis des temps imm\u00e9moriaux par les anciens Guanches, les premiers habitants de l&rsquo;\u00eele. Vous d\u00e9couvrirez une v\u00e9g\u00e9tation end\u00e9mique vari\u00e9e, des hameaux isol\u00e9s, des ravins impressionnants, des falaises et des vues spectaculaires. Sur le chemin, nous [&hellip;]<\/p>\n","protected":false},"featured_media":1740,"template":"","meta":{"_acf_changed":false,"_et_pb_use_builder":"","_et_pb_old_content":"","_et_gb_content_width":""},"product_brand":[],"product_cat":[68],"product_tag":[],"class_list":{"0":"post-2299","1":"product","2":"type-product","3":"status-publish","4":"has-post-thumbnail","6":"product_cat-excursions-vip","8":"first","9":"instock","10":"shipping-taxable","11":"purchasable","12":"product-type-phive_booking"},"acf":[],"yoast_head":"<!-- This site is optimized with the Yoast SEO plugin v27.4 - https:\/\/yoast.com\/product\/yoast-seo-wordpress\/ -->\n<title>L&#039;ancienne route du phare - Sergio Walking Tours - Tu gu\u00eda profesional<\/title>\n<meta name=\"robots\" content=\"index, follow, max-snippet:-1, max-image-preview:large, max-video-preview:-1\" \/>\n<link rel=\"canonical\" href=\"https:\/\/sergiowalkingtours.com\/fr\/producto\/ancienne-route-du-phare\/\" \/>\n<meta property=\"og:locale\" content=\"fr_FR\" \/>\n<meta property=\"og:type\" content=\"article\" \/>\n<meta property=\"og:title\" content=\"L&#039;ancienne route du phare - Sergio Walking Tours - Tu gu\u00eda profesional\" \/>\n<meta property=\"og:description\" content=\"Une ascension et une descente sportives vers le point g\u00e9ographique le plus au nord-ouest de Tenerife, sur des sentiers utilis\u00e9s depuis des temps imm\u00e9moriaux par les anciens Guanches, les premiers habitants de l&rsquo;\u00eele. Vous d\u00e9couvrirez une v\u00e9g\u00e9tation end\u00e9mique vari\u00e9e, des hameaux isol\u00e9s, des ravins impressionnants, des falaises et des vues spectaculaires. Sur le chemin, nous [&hellip;]\" \/>\n<meta property=\"og:url\" content=\"https:\/\/sergiowalkingtours.com\/fr\/producto\/ancienne-route-du-phare\/\" \/>\n<meta property=\"og:site_name\" content=\"Sergio Walking Tours - Tu gu\u00eda profesional\" \/>\n<meta property=\"article:modified_time\" content=\"2025-03-03T17:20:22+00:00\" \/>\n<meta property=\"og:image\" content=\"https:\/\/sergiowalkingtours.com\/wp-content\/uploads\/2023\/07\/0-IMG_20181129_121514.jpg\" \/>\n\t<meta property=\"og:image:width\" content=\"1024\" \/>\n\t<meta property=\"og:image:height\" content=\"768\" \/>\n\t<meta property=\"og:image:type\" content=\"image\/jpeg\" \/>\n<meta name=\"twitter:card\" content=\"summary_large_image\" \/>\n<meta name=\"twitter:label1\" content=\"Dur\u00e9e de lecture estim\u00e9e\" \/>\n\t<meta name=\"twitter:data1\" content=\"2 minutes\" \/>\n<script type=\"application\/ld+json\" class=\"yoast-schema-graph\">{\"@context\":\"https:\\\/\\\/schema.org\",\"@graph\":[{\"@type\":\"WebPage\",\"@id\":\"https:\\\/\\\/sergiowalkingtours.com\\\/fr\\\/producto\\\/ancienne-route-du-phare\\\/\",\"url\":\"https:\\\/\\\/sergiowalkingtours.com\\\/fr\\\/producto\\\/ancienne-route-du-phare\\\/\",\"name\":\"L'ancienne route du phare - Sergio Walking Tours - Tu gu\u00eda profesional\",\"isPartOf\":{\"@id\":\"https:\\\/\\\/sergiowalkingtours.com\\\/fr\\\/#website\"},\"primaryImageOfPage\":{\"@id\":\"https:\\\/\\\/sergiowalkingtours.com\\\/fr\\\/producto\\\/ancienne-route-du-phare\\\/#primaryimage\"},\"image\":{\"@id\":\"https:\\\/\\\/sergiowalkingtours.com\\\/fr\\\/producto\\\/ancienne-route-du-phare\\\/#primaryimage\"},\"thumbnailUrl\":\"https:\\\/\\\/sergiowalkingtours.com\\\/wp-content\\\/uploads\\\/2023\\\/07\\\/0-IMG_20181129_121514.jpg\",\"datePublished\":\"2023-07-19T13:00:45+00:00\",\"dateModified\":\"2025-03-03T17:20:22+00:00\",\"breadcrumb\":{\"@id\":\"https:\\\/\\\/sergiowalkingtours.com\\\/fr\\\/producto\\\/ancienne-route-du-phare\\\/#breadcrumb\"},\"inLanguage\":\"fr-FR\",\"potentialAction\":[{\"@type\":\"ReadAction\",\"target\":[\"https:\\\/\\\/sergiowalkingtours.com\\\/fr\\\/producto\\\/ancienne-route-du-phare\\\/\"]}]},{\"@type\":\"ImageObject\",\"inLanguage\":\"fr-FR\",\"@id\":\"https:\\\/\\\/sergiowalkingtours.com\\\/fr\\\/producto\\\/ancienne-route-du-phare\\\/#primaryimage\",\"url\":\"https:\\\/\\\/sergiowalkingtours.com\\\/wp-content\\\/uploads\\\/2023\\\/07\\\/0-IMG_20181129_121514.jpg\",\"contentUrl\":\"https:\\\/\\\/sergiowalkingtours.com\\\/wp-content\\\/uploads\\\/2023\\\/07\\\/0-IMG_20181129_121514.jpg\",\"width\":1024,\"height\":768},{\"@type\":\"BreadcrumbList\",\"@id\":\"https:\\\/\\\/sergiowalkingtours.com\\\/fr\\\/producto\\\/ancienne-route-du-phare\\\/#breadcrumb\",\"itemListElement\":[{\"@type\":\"ListItem\",\"position\":1,\"name\":\"Home\",\"item\":\"https:\\\/\\\/sergiowalkingtours.com\\\/fr\\\/\"},{\"@type\":\"ListItem\",\"position\":2,\"name\":\"Boutique\",\"item\":\"https:\\\/\\\/sergiowalkingtours.com\\\/fr\\\/boutique\\\/\"},{\"@type\":\"ListItem\",\"position\":3,\"name\":\"L&#8217;ancienne route du phare\"}]},{\"@type\":\"WebSite\",\"@id\":\"https:\\\/\\\/sergiowalkingtours.com\\\/fr\\\/#website\",\"url\":\"https:\\\/\\\/sergiowalkingtours.com\\\/fr\\\/\",\"name\":\"Sergio Walking Tours - Tu gu\u00eda profesional\",\"description\":\"See Tenerife through the eyes of a local\",\"potentialAction\":[{\"@type\":\"SearchAction\",\"target\":{\"@type\":\"EntryPoint\",\"urlTemplate\":\"https:\\\/\\\/sergiowalkingtours.com\\\/fr\\\/?s={search_term_string}\"},\"query-input\":{\"@type\":\"PropertyValueSpecification\",\"valueRequired\":true,\"valueName\":\"search_term_string\"}}],\"inLanguage\":\"fr-FR\"}]}<\/script>\n<!-- \/ Yoast SEO plugin. -->","yoast_head_json":{"title":"L'ancienne route du phare - Sergio Walking Tours - Tu gu\u00eda profesional","robots":{"index":"index","follow":"follow","max-snippet":"max-snippet:-1","max-image-preview":"max-image-preview:large","max-video-preview":"max-video-preview:-1"},"canonical":"https:\/\/sergiowalkingtours.com\/fr\/producto\/ancienne-route-du-phare\/","og_locale":"fr_FR","og_type":"article","og_title":"L'ancienne route du phare - Sergio Walking Tours - Tu gu\u00eda profesional","og_description":"Une ascension et une descente sportives vers le point g\u00e9ographique le plus au nord-ouest de Tenerife, sur des sentiers utilis\u00e9s depuis des temps imm\u00e9moriaux par les anciens Guanches, les premiers habitants de l&rsquo;\u00eele. Vous d\u00e9couvrirez une v\u00e9g\u00e9tation end\u00e9mique vari\u00e9e, des hameaux isol\u00e9s, des ravins impressionnants, des falaises et des vues spectaculaires. Sur le chemin, nous [&hellip;]","og_url":"https:\/\/sergiowalkingtours.com\/fr\/producto\/ancienne-route-du-phare\/","og_site_name":"Sergio Walking Tours - Tu gu\u00eda profesional","article_modified_time":"2025-03-03T17:20:22+00:00","og_image":[{"width":1024,"height":768,"url":"https:\/\/sergiowalkingtours.com\/wp-content\/uploads\/2023\/07\/0-IMG_20181129_121514.jpg","type":"image\/jpeg"}],"twitter_card":"summary_large_image","twitter_misc":{"Dur\u00e9e de lecture estim\u00e9e":"2 minutes"},"schema":{"@context":"https:\/\/schema.org","@graph":[{"@type":"WebPage","@id":"https:\/\/sergiowalkingtours.com\/fr\/producto\/ancienne-route-du-phare\/","url":"https:\/\/sergiowalkingtours.com\/fr\/producto\/ancienne-route-du-phare\/","name":"L'ancienne route du phare - Sergio Walking Tours - Tu gu\u00eda profesional","isPartOf":{"@id":"https:\/\/sergiowalkingtours.com\/fr\/#website"},"primaryImageOfPage":{"@id":"https:\/\/sergiowalkingtours.com\/fr\/producto\/ancienne-route-du-phare\/#primaryimage"},"image":{"@id":"https:\/\/sergiowalkingtours.com\/fr\/producto\/ancienne-route-du-phare\/#primaryimage"},"thumbnailUrl":"https:\/\/sergiowalkingtours.com\/wp-content\/uploads\/2023\/07\/0-IMG_20181129_121514.jpg","datePublished":"2023-07-19T13:00:45+00:00","dateModified":"2025-03-03T17:20:22+00:00","breadcrumb":{"@id":"https:\/\/sergiowalkingtours.com\/fr\/producto\/ancienne-route-du-phare\/#breadcrumb"},"inLanguage":"fr-FR","potentialAction":[{"@type":"ReadAction","target":["https:\/\/sergiowalkingtours.com\/fr\/producto\/ancienne-route-du-phare\/"]}]},{"@type":"ImageObject","inLanguage":"fr-FR","@id":"https:\/\/sergiowalkingtours.com\/fr\/producto\/ancienne-route-du-phare\/#primaryimage","url":"https:\/\/sergiowalkingtours.com\/wp-content\/uploads\/2023\/07\/0-IMG_20181129_121514.jpg","contentUrl":"https:\/\/sergiowalkingtours.com\/wp-content\/uploads\/2023\/07\/0-IMG_20181129_121514.jpg","width":1024,"height":768},{"@type":"BreadcrumbList","@id":"https:\/\/sergiowalkingtours.com\/fr\/producto\/ancienne-route-du-phare\/#breadcrumb","itemListElement":[{"@type":"ListItem","position":1,"name":"Home","item":"https:\/\/sergiowalkingtours.com\/fr\/"},{"@type":"ListItem","position":2,"name":"Boutique","item":"https:\/\/sergiowalkingtours.com\/fr\/boutique\/"},{"@type":"ListItem","position":3,"name":"L&#8217;ancienne route du phare"}]},{"@type":"WebSite","@id":"https:\/\/sergiowalkingtours.com\/fr\/#website","url":"https:\/\/sergiowalkingtours.com\/fr\/","name":"Sergio Walking Tours - Tu gu\u00eda profesional","description":"See Tenerife through the eyes of a local","potentialAction":[{"@type":"SearchAction","target":{"@type":"EntryPoint","urlTemplate":"https:\/\/sergiowalkingtours.com\/fr\/?s={search_term_string}"},"query-input":{"@type":"PropertyValueSpecification","valueRequired":true,"valueName":"search_term_string"}}],"inLanguage":"fr-FR"}]}},"_links":{"self":[{"href":"https:\/\/sergiowalkingtours.com\/fr\/wp-json\/wp\/v2\/product\/2299","targetHints":{"allow":["GET"]}}],"collection":[{"href":"https:\/\/sergiowalkingtours.com\/fr\/wp-json\/wp\/v2\/product"}],"about":[{"href":"https:\/\/sergiowalkingtours.com\/fr\/wp-json\/wp\/v2\/types\/product"}],"wp:featuredmedia":[{"embeddable":true,"href":"https:\/\/sergiowalkingtours.com\/fr\/wp-json\/wp\/v2\/media\/1740"}],"wp:attachment":[{"href":"https:\/\/sergiowalkingtours.com\/fr\/wp-json\/wp\/v2\/media?parent=2299"}],"wp:term":[{"taxonomy":"product_brand","embeddable":true,"href":"https:\/\/sergiowalkingtours.com\/fr\/wp-json\/wp\/v2\/product_brand?post=2299"},{"taxonomy":"product_cat","embeddable":true,"href":"https:\/\/sergiowalkingtours.com\/fr\/wp-json\/wp\/v2\/product_cat?post=2299"},{"taxonomy":"product_tag","embeddable":true,"href":"https:\/\/sergiowalkingtours.com\/fr\/wp-json\/wp\/v2\/product_tag?post=2299"}],"curies":[{"name":"wp","href":"https:\/\/api.w.org\/{rel}","templated":true}]}}