{"id":2297,"date":"2023-07-21T11:12:02","date_gmt":"2023-07-21T11:12:02","guid":{"rendered":"https:\/\/walkingtours.e2w.es\/producto\/la-fascinante-vallee-de-palmar\/"},"modified":"2025-03-03T17:17:06","modified_gmt":"2025-03-03T17:17:06","slug":"fascinante-vallee-de-palmar","status":"publish","type":"product","link":"https:\/\/sergiowalkingtours.com\/fr\/producto\/fascinante-vallee-de-palmar\/","title":{"rendered":"La fascinante vall\u00e9e de Palmar"},"content":{"rendered":"<p>La mont\u00e9e est facile \u00e0 travers des champs en terrasses, des vignobles et des plantations d&rsquo;avocatiers. En chemin, nous traverserons des villages typiques et dispers\u00e9s o\u00f9 vivent les habitants. Reconnaissez-vous le visage de King Kong dans l\u2019ancienne chemin\u00e9e volcanique form\u00e9e par l\u2019\u00e9rosion ? Nous continuerons ensuite \u00e0 monter le long d\u2019un ancien sentier de berger jusqu\u2019\u00e0 un point de vue d\u2019o\u00f9 nous aurons une superbe vue panoramique de la c\u00f4te nord de l\u2019\u00eele, des ravins proches, des flancs de montagne verdoyants et de la belle vall\u00e9e d\u2019El Palmar. Apr\u00e8s le pique-nique, nous continuerons sur un sentier qui nous m\u00e8nera \u00e0 travers une magnifique for\u00eat subtropicale de lauriers. Nous descendrons du haut de la vall\u00e9e en contemplant un fabuleux paysage rural, tr\u00e8s pittoresque, et l&rsquo;un des plus beaux vergers des \u00eeles Canaries. \u00c0 la fin de la randonn\u00e9e, nous retournerons dans la vall\u00e9e en passant par de petits villages color\u00e9s et des champs o\u00f9 poussent des cultures et des arbres fruitiers. Dans un restaurant typique, nous pourrons nous arr\u00eater pour d\u00e9guster un caf\u00e9 traditionnel \u00ab\u00a0barraquito\u00a0\u00bb, des tapas ou un bon vin local (non compris dans le prix). R\u00e9servez cette exp\u00e9rience de randonn\u00e9e dans l&rsquo;une des r\u00e9gions les plus rurales de T\u00e9n\u00e9rife, sp\u00e9cialement con\u00e7ue pour les familles avec enfants !  <strong>Portez des chaussures de randonn\u00e9e ou de sport avec de bonnes semelles et emportez un imperm\u00e9able, une protection solaire et suffisamment d&rsquo;eau.<\/strong><\/p>\n<p><strong>Cette promenade est adapt\u00e9e aux enfants \u00e0 partir de 8 ans. Les mineurs doivent \u00eatre accompagn\u00e9s d&rsquo;un adulte.<\/strong><\/p>\n<p><strong>L&rsquo;activit\u00e9 se d\u00e9roule en pr\u00e9sence d&rsquo;un minimum de 3 personnes. Si le nombre minimum de participants n&rsquo;est pas r\u00e9uni, les personnes qui ont r\u00e9serv\u00e9 peuvent payer le montant restant pour que le tour ait lieu, sinon le tour sera annul\u00e9 et les frais de r\u00e9servation seront rembours\u00e9s.<\/strong><\/p>\n","protected":false},"excerpt":{"rendered":"<p>La mont\u00e9e est facile \u00e0 travers des champs en terrasses, des vignobles et des plantations d&rsquo;avocatiers. En chemin, nous traverserons des villages typiques et dispers\u00e9s o\u00f9 vivent les habitants. Reconnaissez-vous le visage de King Kong dans l\u2019ancienne chemin\u00e9e volcanique form\u00e9e par l\u2019\u00e9rosion ? Nous continuerons ensuite \u00e0 monter le long d\u2019un ancien sentier de berger [&hellip;]<\/p>\n","protected":false},"featured_media":2899,"template":"","meta":{"_acf_changed":false,"_et_pb_use_builder":"","_et_pb_old_content":"","_et_gb_content_width":""},"product_brand":[],"product_cat":[74],"product_tag":[],"class_list":{"0":"post-2297","1":"product","2":"type-product","3":"status-publish","4":"has-post-thumbnail","6":"product_cat-excursions-en-groupe","8":"first","9":"instock","10":"shipping-taxable","11":"purchasable","12":"product-type-phive_booking"},"acf":[],"yoast_head":"<!-- This site is optimized with the Yoast SEO plugin v27.3 - https:\/\/yoast.com\/product\/yoast-seo-wordpress\/ -->\n<title>La fascinante vall\u00e9e de Palmar - Sergio Walking Tours - Tu gu\u00eda profesional<\/title>\n<meta name=\"robots\" content=\"index, follow, max-snippet:-1, max-image-preview:large, max-video-preview:-1\" \/>\n<link rel=\"canonical\" href=\"https:\/\/sergiowalkingtours.com\/fr\/producto\/fascinante-vallee-de-palmar\/\" \/>\n<meta property=\"og:locale\" content=\"fr_FR\" \/>\n<meta property=\"og:type\" content=\"article\" \/>\n<meta property=\"og:title\" content=\"La fascinante vall\u00e9e de Palmar - Sergio Walking Tours - Tu gu\u00eda profesional\" \/>\n<meta property=\"og:description\" content=\"La mont\u00e9e est facile \u00e0 travers des champs en terrasses, des vignobles et des plantations d&rsquo;avocatiers. En chemin, nous traverserons des villages typiques et dispers\u00e9s o\u00f9 vivent les habitants. Reconnaissez-vous le visage de King Kong dans l\u2019ancienne chemin\u00e9e volcanique form\u00e9e par l\u2019\u00e9rosion ? Nous continuerons ensuite \u00e0 monter le long d\u2019un ancien sentier de berger [&hellip;]\" \/>\n<meta property=\"og:url\" content=\"https:\/\/sergiowalkingtours.com\/fr\/producto\/fascinante-vallee-de-palmar\/\" \/>\n<meta property=\"og:site_name\" content=\"Sergio Walking Tours - Tu gu\u00eda profesional\" \/>\n<meta property=\"article:modified_time\" content=\"2025-03-03T17:17:06+00:00\" \/>\n<meta property=\"og:image\" content=\"https:\/\/sergiowalkingtours.com\/wp-content\/uploads\/2023\/07\/00_Foto_Portada_Exc.-en-Grupo-El-fascinante-Valle-del-Palmar.jpg\" \/>\n\t<meta property=\"og:image:width\" content=\"1920\" \/>\n\t<meta property=\"og:image:height\" content=\"1440\" \/>\n\t<meta property=\"og:image:type\" content=\"image\/jpeg\" \/>\n<meta name=\"twitter:card\" content=\"summary_large_image\" \/>\n<meta name=\"twitter:label1\" content=\"Dur\u00e9e de lecture estim\u00e9e\" \/>\n\t<meta name=\"twitter:data1\" content=\"2 minutes\" \/>\n<script type=\"application\/ld+json\" class=\"yoast-schema-graph\">{\"@context\":\"https:\\\/\\\/schema.org\",\"@graph\":[{\"@type\":\"WebPage\",\"@id\":\"https:\\\/\\\/sergiowalkingtours.com\\\/fr\\\/producto\\\/fascinante-vallee-de-palmar\\\/\",\"url\":\"https:\\\/\\\/sergiowalkingtours.com\\\/fr\\\/producto\\\/fascinante-vallee-de-palmar\\\/\",\"name\":\"La fascinante vall\u00e9e de Palmar - Sergio Walking Tours - Tu gu\u00eda profesional\",\"isPartOf\":{\"@id\":\"https:\\\/\\\/sergiowalkingtours.com\\\/fr\\\/#website\"},\"primaryImageOfPage\":{\"@id\":\"https:\\\/\\\/sergiowalkingtours.com\\\/fr\\\/producto\\\/fascinante-vallee-de-palmar\\\/#primaryimage\"},\"image\":{\"@id\":\"https:\\\/\\\/sergiowalkingtours.com\\\/fr\\\/producto\\\/fascinante-vallee-de-palmar\\\/#primaryimage\"},\"thumbnailUrl\":\"https:\\\/\\\/sergiowalkingtours.com\\\/wp-content\\\/uploads\\\/2023\\\/07\\\/00_Foto_Portada_Exc.-en-Grupo-El-fascinante-Valle-del-Palmar.jpg\",\"datePublished\":\"2023-07-21T11:12:02+00:00\",\"dateModified\":\"2025-03-03T17:17:06+00:00\",\"breadcrumb\":{\"@id\":\"https:\\\/\\\/sergiowalkingtours.com\\\/fr\\\/producto\\\/fascinante-vallee-de-palmar\\\/#breadcrumb\"},\"inLanguage\":\"fr-FR\",\"potentialAction\":[{\"@type\":\"ReadAction\",\"target\":[\"https:\\\/\\\/sergiowalkingtours.com\\\/fr\\\/producto\\\/fascinante-vallee-de-palmar\\\/\"]}]},{\"@type\":\"ImageObject\",\"inLanguage\":\"fr-FR\",\"@id\":\"https:\\\/\\\/sergiowalkingtours.com\\\/fr\\\/producto\\\/fascinante-vallee-de-palmar\\\/#primaryimage\",\"url\":\"https:\\\/\\\/sergiowalkingtours.com\\\/wp-content\\\/uploads\\\/2023\\\/07\\\/00_Foto_Portada_Exc.-en-Grupo-El-fascinante-Valle-del-Palmar.jpg\",\"contentUrl\":\"https:\\\/\\\/sergiowalkingtours.com\\\/wp-content\\\/uploads\\\/2023\\\/07\\\/00_Foto_Portada_Exc.-en-Grupo-El-fascinante-Valle-del-Palmar.jpg\",\"width\":1920,\"height\":1440},{\"@type\":\"BreadcrumbList\",\"@id\":\"https:\\\/\\\/sergiowalkingtours.com\\\/fr\\\/producto\\\/fascinante-vallee-de-palmar\\\/#breadcrumb\",\"itemListElement\":[{\"@type\":\"ListItem\",\"position\":1,\"name\":\"Home\",\"item\":\"https:\\\/\\\/sergiowalkingtours.com\\\/fr\\\/\"},{\"@type\":\"ListItem\",\"position\":2,\"name\":\"Boutique\",\"item\":\"https:\\\/\\\/sergiowalkingtours.com\\\/fr\\\/boutique\\\/\"},{\"@type\":\"ListItem\",\"position\":3,\"name\":\"La fascinante vall\u00e9e de Palmar\"}]},{\"@type\":\"WebSite\",\"@id\":\"https:\\\/\\\/sergiowalkingtours.com\\\/fr\\\/#website\",\"url\":\"https:\\\/\\\/sergiowalkingtours.com\\\/fr\\\/\",\"name\":\"Sergio Walking Tours - Tu gu\u00eda profesional\",\"description\":\"See Tenerife through the eyes of a local\",\"potentialAction\":[{\"@type\":\"SearchAction\",\"target\":{\"@type\":\"EntryPoint\",\"urlTemplate\":\"https:\\\/\\\/sergiowalkingtours.com\\\/fr\\\/?s={search_term_string}\"},\"query-input\":{\"@type\":\"PropertyValueSpecification\",\"valueRequired\":true,\"valueName\":\"search_term_string\"}}],\"inLanguage\":\"fr-FR\"}]}<\/script>\n<!-- \/ Yoast SEO plugin. -->","yoast_head_json":{"title":"La fascinante vall\u00e9e de Palmar - Sergio Walking Tours - Tu gu\u00eda profesional","robots":{"index":"index","follow":"follow","max-snippet":"max-snippet:-1","max-image-preview":"max-image-preview:large","max-video-preview":"max-video-preview:-1"},"canonical":"https:\/\/sergiowalkingtours.com\/fr\/producto\/fascinante-vallee-de-palmar\/","og_locale":"fr_FR","og_type":"article","og_title":"La fascinante vall\u00e9e de Palmar - Sergio Walking Tours - Tu gu\u00eda profesional","og_description":"La mont\u00e9e est facile \u00e0 travers des champs en terrasses, des vignobles et des plantations d&rsquo;avocatiers. En chemin, nous traverserons des villages typiques et dispers\u00e9s o\u00f9 vivent les habitants. Reconnaissez-vous le visage de King Kong dans l\u2019ancienne chemin\u00e9e volcanique form\u00e9e par l\u2019\u00e9rosion ? Nous continuerons ensuite \u00e0 monter le long d\u2019un ancien sentier de berger [&hellip;]","og_url":"https:\/\/sergiowalkingtours.com\/fr\/producto\/fascinante-vallee-de-palmar\/","og_site_name":"Sergio Walking Tours - Tu gu\u00eda profesional","article_modified_time":"2025-03-03T17:17:06+00:00","og_image":[{"width":1920,"height":1440,"url":"https:\/\/sergiowalkingtours.com\/wp-content\/uploads\/2023\/07\/00_Foto_Portada_Exc.-en-Grupo-El-fascinante-Valle-del-Palmar.jpg","type":"image\/jpeg"}],"twitter_card":"summary_large_image","twitter_misc":{"Dur\u00e9e de lecture estim\u00e9e":"2 minutes"},"schema":{"@context":"https:\/\/schema.org","@graph":[{"@type":"WebPage","@id":"https:\/\/sergiowalkingtours.com\/fr\/producto\/fascinante-vallee-de-palmar\/","url":"https:\/\/sergiowalkingtours.com\/fr\/producto\/fascinante-vallee-de-palmar\/","name":"La fascinante vall\u00e9e de Palmar - Sergio Walking Tours - Tu gu\u00eda profesional","isPartOf":{"@id":"https:\/\/sergiowalkingtours.com\/fr\/#website"},"primaryImageOfPage":{"@id":"https:\/\/sergiowalkingtours.com\/fr\/producto\/fascinante-vallee-de-palmar\/#primaryimage"},"image":{"@id":"https:\/\/sergiowalkingtours.com\/fr\/producto\/fascinante-vallee-de-palmar\/#primaryimage"},"thumbnailUrl":"https:\/\/sergiowalkingtours.com\/wp-content\/uploads\/2023\/07\/00_Foto_Portada_Exc.-en-Grupo-El-fascinante-Valle-del-Palmar.jpg","datePublished":"2023-07-21T11:12:02+00:00","dateModified":"2025-03-03T17:17:06+00:00","breadcrumb":{"@id":"https:\/\/sergiowalkingtours.com\/fr\/producto\/fascinante-vallee-de-palmar\/#breadcrumb"},"inLanguage":"fr-FR","potentialAction":[{"@type":"ReadAction","target":["https:\/\/sergiowalkingtours.com\/fr\/producto\/fascinante-vallee-de-palmar\/"]}]},{"@type":"ImageObject","inLanguage":"fr-FR","@id":"https:\/\/sergiowalkingtours.com\/fr\/producto\/fascinante-vallee-de-palmar\/#primaryimage","url":"https:\/\/sergiowalkingtours.com\/wp-content\/uploads\/2023\/07\/00_Foto_Portada_Exc.-en-Grupo-El-fascinante-Valle-del-Palmar.jpg","contentUrl":"https:\/\/sergiowalkingtours.com\/wp-content\/uploads\/2023\/07\/00_Foto_Portada_Exc.-en-Grupo-El-fascinante-Valle-del-Palmar.jpg","width":1920,"height":1440},{"@type":"BreadcrumbList","@id":"https:\/\/sergiowalkingtours.com\/fr\/producto\/fascinante-vallee-de-palmar\/#breadcrumb","itemListElement":[{"@type":"ListItem","position":1,"name":"Home","item":"https:\/\/sergiowalkingtours.com\/fr\/"},{"@type":"ListItem","position":2,"name":"Boutique","item":"https:\/\/sergiowalkingtours.com\/fr\/boutique\/"},{"@type":"ListItem","position":3,"name":"La fascinante vall\u00e9e de Palmar"}]},{"@type":"WebSite","@id":"https:\/\/sergiowalkingtours.com\/fr\/#website","url":"https:\/\/sergiowalkingtours.com\/fr\/","name":"Sergio Walking Tours - Tu gu\u00eda profesional","description":"See Tenerife through the eyes of a local","potentialAction":[{"@type":"SearchAction","target":{"@type":"EntryPoint","urlTemplate":"https:\/\/sergiowalkingtours.com\/fr\/?s={search_term_string}"},"query-input":{"@type":"PropertyValueSpecification","valueRequired":true,"valueName":"search_term_string"}}],"inLanguage":"fr-FR"}]}},"_links":{"self":[{"href":"https:\/\/sergiowalkingtours.com\/fr\/wp-json\/wp\/v2\/product\/2297","targetHints":{"allow":["GET"]}}],"collection":[{"href":"https:\/\/sergiowalkingtours.com\/fr\/wp-json\/wp\/v2\/product"}],"about":[{"href":"https:\/\/sergiowalkingtours.com\/fr\/wp-json\/wp\/v2\/types\/product"}],"wp:featuredmedia":[{"embeddable":true,"href":"https:\/\/sergiowalkingtours.com\/fr\/wp-json\/wp\/v2\/media\/2899"}],"wp:attachment":[{"href":"https:\/\/sergiowalkingtours.com\/fr\/wp-json\/wp\/v2\/media?parent=2297"}],"wp:term":[{"taxonomy":"product_brand","embeddable":true,"href":"https:\/\/sergiowalkingtours.com\/fr\/wp-json\/wp\/v2\/product_brand?post=2297"},{"taxonomy":"product_cat","embeddable":true,"href":"https:\/\/sergiowalkingtours.com\/fr\/wp-json\/wp\/v2\/product_cat?post=2297"},{"taxonomy":"product_tag","embeddable":true,"href":"https:\/\/sergiowalkingtours.com\/fr\/wp-json\/wp\/v2\/product_tag?post=2297"}],"curies":[{"name":"wp","href":"https:\/\/api.w.org\/{rel}","templated":true}]}}