{"id":2296,"date":"2023-07-21T11:19:43","date_gmt":"2023-07-21T11:19:43","guid":{"rendered":"https:\/\/walkingtours.e2w.es\/producto\/la-merveilleuse-foret-magique\/"},"modified":"2024-10-07T15:29:30","modified_gmt":"2024-10-07T15:29:30","slug":"merveilleuse-foret-magique","status":"publish","type":"product","link":"https:\/\/sergiowalkingtours.com\/fr\/producto\/merveilleuse-foret-magique\/","title":{"rendered":"La for\u00eat enchant\u00e9e"},"content":{"rendered":"<p>Un sentier botanique agr\u00e9able et tr\u00e8s int\u00e9ressant \u00e0 travers une for\u00eat mill\u00e9naire de lauriers et de bruy\u00e8res g\u00e9antes. Un \u00ab fossile vivant \u00bb de l\u2019\u00e8re tertiaire abritant une biodiversit\u00e9 riche en flore, en faune et en esp\u00e8ces end\u00e9miques des \u00eeles Canaries. En nous dirigeant vers une for\u00eat tropicale exub\u00e9rante, nous passerons par d\u2019anciennes mines d\u2019argile et d\u00e9couvrirons les contrastes surprenants qu\u2019offre cette r\u00e9gion. Nous apprendrons \u00e0 reconna\u00eetre les diff\u00e9rentes plantes, fleurs et arbres, et nous serons \u00e9tonn\u00e9s par leurs utilisations et leurs propri\u00e9t\u00e9s m\u00e9dicinales. Tout en profitant de la vue panoramique impressionnante sur les gorges profondes, les volcans jeunes et vieux et la c\u00f4te nord, nous \u00e9couterons le chant des oiseaux locaux. Cette magnifique for\u00eat et ses environs sont situ\u00e9s dans le parc rural de Teno, l&rsquo;une des zones g\u00e9ologiques les plus anciennes de Tenerife. Nous monterons \u00e0 une altitude de 1 250 m et franchirons un col de montagne surplombant un paysage naturel \u00e0 couper le souffle. Nous continuerons notre randonn\u00e9e \u00e0 travers une belle for\u00eat de pins canariens qui borde les pentes d\u2019un ancien volcan. L&rsquo;itin\u00e9raire se termine dans un petit village o\u00f9 vous pourrez d\u00e9guster des tapas, du vin et du caf\u00e9 local (non inclus dans le prix). D\u00e9couvrez, avec tous vos sens, quelques-uns des tr\u00e9sors naturels de l&rsquo;\u00eele en vous promenant accompagn\u00e9 de votre guide expert avec lequel vous vivrez une exp\u00e9rience unique !  <strong>Portez des chaussures de randonn\u00e9e ou de sport avec de bonnes semelles et emportez un imperm\u00e9able, une protection solaire et suffisamment d\u2019eau. <\/strong><\/p>\n<p><strong>Cette randonn\u00e9e convient aux enfants \u00e0 partir de 12 ans. Les mineurs doivent \u00eatre accompagn\u00e9s d&rsquo;un adulte.<\/strong><\/p>\n<p><strong>L&rsquo;activit\u00e9 se d\u00e9roule en pr\u00e9sence d&rsquo;un minimum de 3 personnes. Si le nombre minimum de participants n&rsquo;est pas r\u00e9uni, les personnes qui ont r\u00e9serv\u00e9 peuvent payer le montant restant pour que le tour ait lieu, sinon le tour sera annul\u00e9 et les frais de r\u00e9servation seront rembours\u00e9s.<\/strong><\/p>\n","protected":false},"excerpt":{"rendered":"<p>Un sentier botanique agr\u00e9able et tr\u00e8s int\u00e9ressant \u00e0 travers une for\u00eat mill\u00e9naire de lauriers et de bruy\u00e8res g\u00e9antes. Un \u00ab fossile vivant \u00bb de l\u2019\u00e8re tertiaire abritant une biodiversit\u00e9 riche en flore, en faune et en esp\u00e8ces end\u00e9miques des \u00eeles Canaries. En nous dirigeant vers une for\u00eat tropicale exub\u00e9rante, nous passerons par d\u2019anciennes mines d\u2019argile [&hellip;]<\/p>\n","protected":false},"featured_media":2823,"template":"","meta":{"_acf_changed":false,"_et_pb_use_builder":"","_et_pb_old_content":"","_et_gb_content_width":""},"product_brand":[],"product_cat":[74],"product_tag":[],"class_list":{"0":"post-2296","1":"product","2":"type-product","3":"status-publish","4":"has-post-thumbnail","6":"product_cat-excursions-en-groupe","8":"first","9":"instock","10":"virtual","11":"purchasable","12":"product-type-phive_booking"},"acf":[],"yoast_head":"<!-- This site is optimized with the Yoast SEO plugin v27.4 - https:\/\/yoast.com\/product\/yoast-seo-wordpress\/ -->\n<title>La for\u00eat enchant\u00e9e - Sergio Walking Tours - Tu gu\u00eda profesional<\/title>\n<meta name=\"robots\" content=\"index, follow, max-snippet:-1, max-image-preview:large, max-video-preview:-1\" \/>\n<link rel=\"canonical\" href=\"https:\/\/sergiowalkingtours.com\/fr\/producto\/merveilleuse-foret-magique\/\" \/>\n<meta property=\"og:locale\" content=\"fr_FR\" \/>\n<meta property=\"og:type\" content=\"article\" \/>\n<meta property=\"og:title\" content=\"La for\u00eat enchant\u00e9e - Sergio Walking Tours - Tu gu\u00eda profesional\" \/>\n<meta property=\"og:description\" content=\"Un sentier botanique agr\u00e9able et tr\u00e8s int\u00e9ressant \u00e0 travers une for\u00eat mill\u00e9naire de lauriers et de bruy\u00e8res g\u00e9antes. Un \u00ab fossile vivant \u00bb de l\u2019\u00e8re tertiaire abritant une biodiversit\u00e9 riche en flore, en faune et en esp\u00e8ces end\u00e9miques des \u00eeles Canaries. En nous dirigeant vers une for\u00eat tropicale exub\u00e9rante, nous passerons par d\u2019anciennes mines d\u2019argile [&hellip;]\" \/>\n<meta property=\"og:url\" content=\"https:\/\/sergiowalkingtours.com\/fr\/producto\/merveilleuse-foret-magique\/\" \/>\n<meta property=\"og:site_name\" content=\"Sergio Walking Tours - Tu gu\u00eda profesional\" \/>\n<meta property=\"article:modified_time\" content=\"2024-10-07T15:29:30+00:00\" \/>\n<meta property=\"og:image\" content=\"https:\/\/sergiowalkingtours.com\/wp-content\/uploads\/2023\/07\/00_Foto_Portada_Exc.-en-Grupo-El-maravilloso-bosque-magico.jpg\" \/>\n\t<meta property=\"og:image:width\" content=\"1920\" \/>\n\t<meta property=\"og:image:height\" content=\"1440\" \/>\n\t<meta property=\"og:image:type\" content=\"image\/jpeg\" \/>\n<meta name=\"twitter:card\" content=\"summary_large_image\" \/>\n<meta name=\"twitter:label1\" content=\"Dur\u00e9e de lecture estim\u00e9e\" \/>\n\t<meta name=\"twitter:data1\" content=\"2 minutes\" \/>\n<script type=\"application\/ld+json\" class=\"yoast-schema-graph\">{\"@context\":\"https:\\\/\\\/schema.org\",\"@graph\":[{\"@type\":\"WebPage\",\"@id\":\"https:\\\/\\\/sergiowalkingtours.com\\\/fr\\\/producto\\\/merveilleuse-foret-magique\\\/\",\"url\":\"https:\\\/\\\/sergiowalkingtours.com\\\/fr\\\/producto\\\/merveilleuse-foret-magique\\\/\",\"name\":\"La for\u00eat enchant\u00e9e - Sergio Walking Tours - Tu gu\u00eda profesional\",\"isPartOf\":{\"@id\":\"https:\\\/\\\/sergiowalkingtours.com\\\/fr\\\/#website\"},\"primaryImageOfPage\":{\"@id\":\"https:\\\/\\\/sergiowalkingtours.com\\\/fr\\\/producto\\\/merveilleuse-foret-magique\\\/#primaryimage\"},\"image\":{\"@id\":\"https:\\\/\\\/sergiowalkingtours.com\\\/fr\\\/producto\\\/merveilleuse-foret-magique\\\/#primaryimage\"},\"thumbnailUrl\":\"https:\\\/\\\/sergiowalkingtours.com\\\/wp-content\\\/uploads\\\/2023\\\/07\\\/00_Foto_Portada_Exc.-en-Grupo-El-maravilloso-bosque-magico.jpg\",\"datePublished\":\"2023-07-21T11:19:43+00:00\",\"dateModified\":\"2024-10-07T15:29:30+00:00\",\"breadcrumb\":{\"@id\":\"https:\\\/\\\/sergiowalkingtours.com\\\/fr\\\/producto\\\/merveilleuse-foret-magique\\\/#breadcrumb\"},\"inLanguage\":\"fr-FR\",\"potentialAction\":[{\"@type\":\"ReadAction\",\"target\":[\"https:\\\/\\\/sergiowalkingtours.com\\\/fr\\\/producto\\\/merveilleuse-foret-magique\\\/\"]}]},{\"@type\":\"ImageObject\",\"inLanguage\":\"fr-FR\",\"@id\":\"https:\\\/\\\/sergiowalkingtours.com\\\/fr\\\/producto\\\/merveilleuse-foret-magique\\\/#primaryimage\",\"url\":\"https:\\\/\\\/sergiowalkingtours.com\\\/wp-content\\\/uploads\\\/2023\\\/07\\\/00_Foto_Portada_Exc.-en-Grupo-El-maravilloso-bosque-magico.jpg\",\"contentUrl\":\"https:\\\/\\\/sergiowalkingtours.com\\\/wp-content\\\/uploads\\\/2023\\\/07\\\/00_Foto_Portada_Exc.-en-Grupo-El-maravilloso-bosque-magico.jpg\",\"width\":1920,\"height\":1440},{\"@type\":\"BreadcrumbList\",\"@id\":\"https:\\\/\\\/sergiowalkingtours.com\\\/fr\\\/producto\\\/merveilleuse-foret-magique\\\/#breadcrumb\",\"itemListElement\":[{\"@type\":\"ListItem\",\"position\":1,\"name\":\"Home\",\"item\":\"https:\\\/\\\/sergiowalkingtours.com\\\/fr\\\/\"},{\"@type\":\"ListItem\",\"position\":2,\"name\":\"Boutique\",\"item\":\"https:\\\/\\\/sergiowalkingtours.com\\\/fr\\\/boutique\\\/\"},{\"@type\":\"ListItem\",\"position\":3,\"name\":\"La for\u00eat enchant\u00e9e\"}]},{\"@type\":\"WebSite\",\"@id\":\"https:\\\/\\\/sergiowalkingtours.com\\\/fr\\\/#website\",\"url\":\"https:\\\/\\\/sergiowalkingtours.com\\\/fr\\\/\",\"name\":\"Sergio Walking Tours - Tu gu\u00eda profesional\",\"description\":\"See Tenerife through the eyes of a local\",\"potentialAction\":[{\"@type\":\"SearchAction\",\"target\":{\"@type\":\"EntryPoint\",\"urlTemplate\":\"https:\\\/\\\/sergiowalkingtours.com\\\/fr\\\/?s={search_term_string}\"},\"query-input\":{\"@type\":\"PropertyValueSpecification\",\"valueRequired\":true,\"valueName\":\"search_term_string\"}}],\"inLanguage\":\"fr-FR\"}]}<\/script>\n<!-- \/ Yoast SEO plugin. -->","yoast_head_json":{"title":"La for\u00eat enchant\u00e9e - Sergio Walking Tours - Tu gu\u00eda profesional","robots":{"index":"index","follow":"follow","max-snippet":"max-snippet:-1","max-image-preview":"max-image-preview:large","max-video-preview":"max-video-preview:-1"},"canonical":"https:\/\/sergiowalkingtours.com\/fr\/producto\/merveilleuse-foret-magique\/","og_locale":"fr_FR","og_type":"article","og_title":"La for\u00eat enchant\u00e9e - Sergio Walking Tours - Tu gu\u00eda profesional","og_description":"Un sentier botanique agr\u00e9able et tr\u00e8s int\u00e9ressant \u00e0 travers une for\u00eat mill\u00e9naire de lauriers et de bruy\u00e8res g\u00e9antes. Un \u00ab fossile vivant \u00bb de l\u2019\u00e8re tertiaire abritant une biodiversit\u00e9 riche en flore, en faune et en esp\u00e8ces end\u00e9miques des \u00eeles Canaries. En nous dirigeant vers une for\u00eat tropicale exub\u00e9rante, nous passerons par d\u2019anciennes mines d\u2019argile [&hellip;]","og_url":"https:\/\/sergiowalkingtours.com\/fr\/producto\/merveilleuse-foret-magique\/","og_site_name":"Sergio Walking Tours - Tu gu\u00eda profesional","article_modified_time":"2024-10-07T15:29:30+00:00","og_image":[{"width":1920,"height":1440,"url":"https:\/\/sergiowalkingtours.com\/wp-content\/uploads\/2023\/07\/00_Foto_Portada_Exc.-en-Grupo-El-maravilloso-bosque-magico.jpg","type":"image\/jpeg"}],"twitter_card":"summary_large_image","twitter_misc":{"Dur\u00e9e de lecture estim\u00e9e":"2 minutes"},"schema":{"@context":"https:\/\/schema.org","@graph":[{"@type":"WebPage","@id":"https:\/\/sergiowalkingtours.com\/fr\/producto\/merveilleuse-foret-magique\/","url":"https:\/\/sergiowalkingtours.com\/fr\/producto\/merveilleuse-foret-magique\/","name":"La for\u00eat enchant\u00e9e - Sergio Walking Tours - Tu gu\u00eda profesional","isPartOf":{"@id":"https:\/\/sergiowalkingtours.com\/fr\/#website"},"primaryImageOfPage":{"@id":"https:\/\/sergiowalkingtours.com\/fr\/producto\/merveilleuse-foret-magique\/#primaryimage"},"image":{"@id":"https:\/\/sergiowalkingtours.com\/fr\/producto\/merveilleuse-foret-magique\/#primaryimage"},"thumbnailUrl":"https:\/\/sergiowalkingtours.com\/wp-content\/uploads\/2023\/07\/00_Foto_Portada_Exc.-en-Grupo-El-maravilloso-bosque-magico.jpg","datePublished":"2023-07-21T11:19:43+00:00","dateModified":"2024-10-07T15:29:30+00:00","breadcrumb":{"@id":"https:\/\/sergiowalkingtours.com\/fr\/producto\/merveilleuse-foret-magique\/#breadcrumb"},"inLanguage":"fr-FR","potentialAction":[{"@type":"ReadAction","target":["https:\/\/sergiowalkingtours.com\/fr\/producto\/merveilleuse-foret-magique\/"]}]},{"@type":"ImageObject","inLanguage":"fr-FR","@id":"https:\/\/sergiowalkingtours.com\/fr\/producto\/merveilleuse-foret-magique\/#primaryimage","url":"https:\/\/sergiowalkingtours.com\/wp-content\/uploads\/2023\/07\/00_Foto_Portada_Exc.-en-Grupo-El-maravilloso-bosque-magico.jpg","contentUrl":"https:\/\/sergiowalkingtours.com\/wp-content\/uploads\/2023\/07\/00_Foto_Portada_Exc.-en-Grupo-El-maravilloso-bosque-magico.jpg","width":1920,"height":1440},{"@type":"BreadcrumbList","@id":"https:\/\/sergiowalkingtours.com\/fr\/producto\/merveilleuse-foret-magique\/#breadcrumb","itemListElement":[{"@type":"ListItem","position":1,"name":"Home","item":"https:\/\/sergiowalkingtours.com\/fr\/"},{"@type":"ListItem","position":2,"name":"Boutique","item":"https:\/\/sergiowalkingtours.com\/fr\/boutique\/"},{"@type":"ListItem","position":3,"name":"La for\u00eat enchant\u00e9e"}]},{"@type":"WebSite","@id":"https:\/\/sergiowalkingtours.com\/fr\/#website","url":"https:\/\/sergiowalkingtours.com\/fr\/","name":"Sergio Walking Tours - Tu gu\u00eda profesional","description":"See Tenerife through the eyes of a local","potentialAction":[{"@type":"SearchAction","target":{"@type":"EntryPoint","urlTemplate":"https:\/\/sergiowalkingtours.com\/fr\/?s={search_term_string}"},"query-input":{"@type":"PropertyValueSpecification","valueRequired":true,"valueName":"search_term_string"}}],"inLanguage":"fr-FR"}]}},"_links":{"self":[{"href":"https:\/\/sergiowalkingtours.com\/fr\/wp-json\/wp\/v2\/product\/2296","targetHints":{"allow":["GET"]}}],"collection":[{"href":"https:\/\/sergiowalkingtours.com\/fr\/wp-json\/wp\/v2\/product"}],"about":[{"href":"https:\/\/sergiowalkingtours.com\/fr\/wp-json\/wp\/v2\/types\/product"}],"wp:featuredmedia":[{"embeddable":true,"href":"https:\/\/sergiowalkingtours.com\/fr\/wp-json\/wp\/v2\/media\/2823"}],"wp:attachment":[{"href":"https:\/\/sergiowalkingtours.com\/fr\/wp-json\/wp\/v2\/media?parent=2296"}],"wp:term":[{"taxonomy":"product_brand","embeddable":true,"href":"https:\/\/sergiowalkingtours.com\/fr\/wp-json\/wp\/v2\/product_brand?post=2296"},{"taxonomy":"product_cat","embeddable":true,"href":"https:\/\/sergiowalkingtours.com\/fr\/wp-json\/wp\/v2\/product_cat?post=2296"},{"taxonomy":"product_tag","embeddable":true,"href":"https:\/\/sergiowalkingtours.com\/fr\/wp-json\/wp\/v2\/product_tag?post=2296"}],"curies":[{"name":"wp","href":"https:\/\/api.w.org\/{rel}","templated":true}]}}