{"id":2290,"date":"2023-07-19T07:50:41","date_gmt":"2023-07-19T07:50:41","guid":{"rendered":"https:\/\/walkingtours.e2w.es\/producto\/voyage-dans-le-temps-parmi-les-volcans\/"},"modified":"2025-02-22T01:24:26","modified_gmt":"2025-02-22T01:24:26","slug":"voyage-dans-le-temps-parmi-les-volcans","status":"publish","type":"product","link":"https:\/\/sergiowalkingtours.com\/fr\/producto\/voyage-dans-le-temps-parmi-les-volcans\/","title":{"rendered":"Voyage dans le temps parmi les volcans"},"content":{"rendered":"<p>L&rsquo;itin\u00e9raire commence par une romantique chapelle foresti\u00e8re. Nous monterons ensuite par un sentier recouvert d\u2019un tapis d\u2019aiguilles de pin, serpentant entre les fayas, les bruy\u00e8res g\u00e9antes, les lauriers et les pins des Canaries. Au cours de la randonn\u00e9e, nous d\u00e9couvrirons l&rsquo;histoire g\u00e9ologique volcanique de Tenerife, qui est encore bien perceptible aujourd&rsquo;hui. Nous explorerons le terrain le plus jeune de l\u2019\u00eele, qui remonte \u00e0 deux des derni\u00e8res \u00e9ruptions volcaniques : les volcans Trevejo (en 1706) et Chinyero (en 1909). Nous d\u00e9couvrirons un mus\u00e9e g\u00e9ologique en plein air compos\u00e9 de pyroclastes, de c\u00f4nes, de tunnels, de colonnes et de coul\u00e9es de lave qui impressionnent par leurs formes capricieuses. Le jeu fascinant des couleurs de la nature nous accompagnera, avec des vues panoramiques spectaculaires. Nous pique-niquerons \u00e0 c\u00f4t\u00e9 d&rsquo;un grand volcan \u00e9teint et boirons de l&rsquo;eau fra\u00eeche provenant du plus long canal d&rsquo;eau de l&rsquo;\u00eele. Lors de la derni\u00e8re \u00e9tape, nous traverserons une for\u00eat mixte dense qui nous m\u00e8nera \u00e0 un beau village rural dans le nord, o\u00f9 nous partagerons des photos autour d&rsquo;un caf\u00e9 traditionnel ou d&rsquo;un verre de vin local (non inclus dans le prix). Sans doute cet endroit restera-t-il grav\u00e9 dans votre m\u00e9moire lorsque vous marcherez sur des sentiers sur lesquels, il n\u2019y a pas si longtemps, des coul\u00e9es de lave br\u00fblaient encore. <strong>Portez des chaussures de randonn\u00e9e ou de sport avec de bonnes semelles et emportez un imperm\u00e9able, une protection solaire et suffisamment d\u2019eau. <\/strong><\/p>\n<p><strong>Cette randonn\u00e9e convient aux enfants \u00e0 partir de 12 ans. Les mineurs doivent \u00eatre accompagn\u00e9s d&rsquo;un adulte.<\/strong><\/p>\n<p><strong>L&rsquo;activit\u00e9 se d\u00e9roule en pr\u00e9sence d&rsquo;un minimum de 3 personnes. Si le nombre minimum de participants n&rsquo;est pas r\u00e9uni, les personnes qui ont r\u00e9serv\u00e9 peuvent payer le montant restant pour que le tour ait lieu, sinon le tour sera annul\u00e9 et les frais de r\u00e9servation seront rembours\u00e9s.<\/strong><\/p>\n","protected":false},"excerpt":{"rendered":"<p>L&rsquo;itin\u00e9raire commence par une romantique chapelle foresti\u00e8re. Nous monterons ensuite par un sentier recouvert d\u2019un tapis d\u2019aiguilles de pin, serpentant entre les fayas, les bruy\u00e8res g\u00e9antes, les lauriers et les pins des Canaries. Au cours de la randonn\u00e9e, nous d\u00e9couvrirons l&rsquo;histoire g\u00e9ologique volcanique de Tenerife, qui est encore bien perceptible aujourd&rsquo;hui. Nous explorerons le terrain [&hellip;]<\/p>\n","protected":false},"featured_media":1638,"template":"","meta":{"_acf_changed":false,"_et_pb_use_builder":"","_et_pb_old_content":"","_et_gb_content_width":""},"product_brand":[],"product_cat":[74],"product_tag":[],"class_list":{"0":"post-2290","1":"product","2":"type-product","3":"status-publish","4":"has-post-thumbnail","6":"product_cat-excursions-en-groupe","8":"first","9":"instock","10":"shipping-taxable","11":"purchasable","12":"product-type-phive_booking"},"acf":[],"yoast_head":"<!-- This site is optimized with the Yoast SEO plugin v27.3 - https:\/\/yoast.com\/product\/yoast-seo-wordpress\/ -->\n<title>Voyage dans le temps parmi les volcans - Sergio Walking Tours - Tu gu\u00eda profesional<\/title>\n<meta name=\"robots\" content=\"index, follow, max-snippet:-1, max-image-preview:large, max-video-preview:-1\" \/>\n<link rel=\"canonical\" href=\"https:\/\/sergiowalkingtours.com\/fr\/producto\/voyage-dans-le-temps-parmi-les-volcans\/\" \/>\n<meta property=\"og:locale\" content=\"fr_FR\" \/>\n<meta property=\"og:type\" content=\"article\" \/>\n<meta property=\"og:title\" content=\"Voyage dans le temps parmi les volcans - Sergio Walking Tours - Tu gu\u00eda profesional\" \/>\n<meta property=\"og:description\" content=\"L&rsquo;itin\u00e9raire commence par une romantique chapelle foresti\u00e8re. Nous monterons ensuite par un sentier recouvert d\u2019un tapis d\u2019aiguilles de pin, serpentant entre les fayas, les bruy\u00e8res g\u00e9antes, les lauriers et les pins des Canaries. Au cours de la randonn\u00e9e, nous d\u00e9couvrirons l&rsquo;histoire g\u00e9ologique volcanique de Tenerife, qui est encore bien perceptible aujourd&rsquo;hui. Nous explorerons le terrain [&hellip;]\" \/>\n<meta property=\"og:url\" content=\"https:\/\/sergiowalkingtours.com\/fr\/producto\/voyage-dans-le-temps-parmi-les-volcans\/\" \/>\n<meta property=\"og:site_name\" content=\"Sergio Walking Tours - Tu gu\u00eda profesional\" \/>\n<meta property=\"article:modified_time\" content=\"2025-02-22T01:24:26+00:00\" \/>\n<meta property=\"og:image\" content=\"https:\/\/sergiowalkingtours.com\/wp-content\/uploads\/2023\/07\/volcanes.jpg\" \/>\n\t<meta property=\"og:image:width\" content=\"1300\" \/>\n\t<meta property=\"og:image:height\" content=\"975\" \/>\n\t<meta property=\"og:image:type\" content=\"image\/jpeg\" \/>\n<meta name=\"twitter:card\" content=\"summary_large_image\" \/>\n<meta name=\"twitter:label1\" content=\"Dur\u00e9e de lecture estim\u00e9e\" \/>\n\t<meta name=\"twitter:data1\" content=\"2 minutes\" \/>\n<script type=\"application\/ld+json\" class=\"yoast-schema-graph\">{\"@context\":\"https:\\\/\\\/schema.org\",\"@graph\":[{\"@type\":\"WebPage\",\"@id\":\"https:\\\/\\\/sergiowalkingtours.com\\\/fr\\\/producto\\\/voyage-dans-le-temps-parmi-les-volcans\\\/\",\"url\":\"https:\\\/\\\/sergiowalkingtours.com\\\/fr\\\/producto\\\/voyage-dans-le-temps-parmi-les-volcans\\\/\",\"name\":\"Voyage dans le temps parmi les volcans - Sergio Walking Tours - Tu gu\u00eda profesional\",\"isPartOf\":{\"@id\":\"https:\\\/\\\/sergiowalkingtours.com\\\/fr\\\/#website\"},\"primaryImageOfPage\":{\"@id\":\"https:\\\/\\\/sergiowalkingtours.com\\\/fr\\\/producto\\\/voyage-dans-le-temps-parmi-les-volcans\\\/#primaryimage\"},\"image\":{\"@id\":\"https:\\\/\\\/sergiowalkingtours.com\\\/fr\\\/producto\\\/voyage-dans-le-temps-parmi-les-volcans\\\/#primaryimage\"},\"thumbnailUrl\":\"https:\\\/\\\/sergiowalkingtours.com\\\/wp-content\\\/uploads\\\/2023\\\/07\\\/volcanes.jpg\",\"datePublished\":\"2023-07-19T07:50:41+00:00\",\"dateModified\":\"2025-02-22T01:24:26+00:00\",\"breadcrumb\":{\"@id\":\"https:\\\/\\\/sergiowalkingtours.com\\\/fr\\\/producto\\\/voyage-dans-le-temps-parmi-les-volcans\\\/#breadcrumb\"},\"inLanguage\":\"fr-FR\",\"potentialAction\":[{\"@type\":\"ReadAction\",\"target\":[\"https:\\\/\\\/sergiowalkingtours.com\\\/fr\\\/producto\\\/voyage-dans-le-temps-parmi-les-volcans\\\/\"]}]},{\"@type\":\"ImageObject\",\"inLanguage\":\"fr-FR\",\"@id\":\"https:\\\/\\\/sergiowalkingtours.com\\\/fr\\\/producto\\\/voyage-dans-le-temps-parmi-les-volcans\\\/#primaryimage\",\"url\":\"https:\\\/\\\/sergiowalkingtours.com\\\/wp-content\\\/uploads\\\/2023\\\/07\\\/volcanes.jpg\",\"contentUrl\":\"https:\\\/\\\/sergiowalkingtours.com\\\/wp-content\\\/uploads\\\/2023\\\/07\\\/volcanes.jpg\",\"width\":1300,\"height\":975},{\"@type\":\"BreadcrumbList\",\"@id\":\"https:\\\/\\\/sergiowalkingtours.com\\\/fr\\\/producto\\\/voyage-dans-le-temps-parmi-les-volcans\\\/#breadcrumb\",\"itemListElement\":[{\"@type\":\"ListItem\",\"position\":1,\"name\":\"Home\",\"item\":\"https:\\\/\\\/sergiowalkingtours.com\\\/fr\\\/\"},{\"@type\":\"ListItem\",\"position\":2,\"name\":\"Boutique\",\"item\":\"https:\\\/\\\/sergiowalkingtours.com\\\/fr\\\/boutique\\\/\"},{\"@type\":\"ListItem\",\"position\":3,\"name\":\"Voyage dans le temps parmi les volcans\"}]},{\"@type\":\"WebSite\",\"@id\":\"https:\\\/\\\/sergiowalkingtours.com\\\/fr\\\/#website\",\"url\":\"https:\\\/\\\/sergiowalkingtours.com\\\/fr\\\/\",\"name\":\"Sergio Walking Tours - Tu gu\u00eda profesional\",\"description\":\"See Tenerife through the eyes of a local\",\"potentialAction\":[{\"@type\":\"SearchAction\",\"target\":{\"@type\":\"EntryPoint\",\"urlTemplate\":\"https:\\\/\\\/sergiowalkingtours.com\\\/fr\\\/?s={search_term_string}\"},\"query-input\":{\"@type\":\"PropertyValueSpecification\",\"valueRequired\":true,\"valueName\":\"search_term_string\"}}],\"inLanguage\":\"fr-FR\"}]}<\/script>\n<!-- \/ Yoast SEO plugin. -->","yoast_head_json":{"title":"Voyage dans le temps parmi les volcans - Sergio Walking Tours - Tu gu\u00eda profesional","robots":{"index":"index","follow":"follow","max-snippet":"max-snippet:-1","max-image-preview":"max-image-preview:large","max-video-preview":"max-video-preview:-1"},"canonical":"https:\/\/sergiowalkingtours.com\/fr\/producto\/voyage-dans-le-temps-parmi-les-volcans\/","og_locale":"fr_FR","og_type":"article","og_title":"Voyage dans le temps parmi les volcans - Sergio Walking Tours - Tu gu\u00eda profesional","og_description":"L&rsquo;itin\u00e9raire commence par une romantique chapelle foresti\u00e8re. Nous monterons ensuite par un sentier recouvert d\u2019un tapis d\u2019aiguilles de pin, serpentant entre les fayas, les bruy\u00e8res g\u00e9antes, les lauriers et les pins des Canaries. Au cours de la randonn\u00e9e, nous d\u00e9couvrirons l&rsquo;histoire g\u00e9ologique volcanique de Tenerife, qui est encore bien perceptible aujourd&rsquo;hui. Nous explorerons le terrain [&hellip;]","og_url":"https:\/\/sergiowalkingtours.com\/fr\/producto\/voyage-dans-le-temps-parmi-les-volcans\/","og_site_name":"Sergio Walking Tours - Tu gu\u00eda profesional","article_modified_time":"2025-02-22T01:24:26+00:00","og_image":[{"width":1300,"height":975,"url":"https:\/\/sergiowalkingtours.com\/wp-content\/uploads\/2023\/07\/volcanes.jpg","type":"image\/jpeg"}],"twitter_card":"summary_large_image","twitter_misc":{"Dur\u00e9e de lecture estim\u00e9e":"2 minutes"},"schema":{"@context":"https:\/\/schema.org","@graph":[{"@type":"WebPage","@id":"https:\/\/sergiowalkingtours.com\/fr\/producto\/voyage-dans-le-temps-parmi-les-volcans\/","url":"https:\/\/sergiowalkingtours.com\/fr\/producto\/voyage-dans-le-temps-parmi-les-volcans\/","name":"Voyage dans le temps parmi les volcans - Sergio Walking Tours - Tu gu\u00eda profesional","isPartOf":{"@id":"https:\/\/sergiowalkingtours.com\/fr\/#website"},"primaryImageOfPage":{"@id":"https:\/\/sergiowalkingtours.com\/fr\/producto\/voyage-dans-le-temps-parmi-les-volcans\/#primaryimage"},"image":{"@id":"https:\/\/sergiowalkingtours.com\/fr\/producto\/voyage-dans-le-temps-parmi-les-volcans\/#primaryimage"},"thumbnailUrl":"https:\/\/sergiowalkingtours.com\/wp-content\/uploads\/2023\/07\/volcanes.jpg","datePublished":"2023-07-19T07:50:41+00:00","dateModified":"2025-02-22T01:24:26+00:00","breadcrumb":{"@id":"https:\/\/sergiowalkingtours.com\/fr\/producto\/voyage-dans-le-temps-parmi-les-volcans\/#breadcrumb"},"inLanguage":"fr-FR","potentialAction":[{"@type":"ReadAction","target":["https:\/\/sergiowalkingtours.com\/fr\/producto\/voyage-dans-le-temps-parmi-les-volcans\/"]}]},{"@type":"ImageObject","inLanguage":"fr-FR","@id":"https:\/\/sergiowalkingtours.com\/fr\/producto\/voyage-dans-le-temps-parmi-les-volcans\/#primaryimage","url":"https:\/\/sergiowalkingtours.com\/wp-content\/uploads\/2023\/07\/volcanes.jpg","contentUrl":"https:\/\/sergiowalkingtours.com\/wp-content\/uploads\/2023\/07\/volcanes.jpg","width":1300,"height":975},{"@type":"BreadcrumbList","@id":"https:\/\/sergiowalkingtours.com\/fr\/producto\/voyage-dans-le-temps-parmi-les-volcans\/#breadcrumb","itemListElement":[{"@type":"ListItem","position":1,"name":"Home","item":"https:\/\/sergiowalkingtours.com\/fr\/"},{"@type":"ListItem","position":2,"name":"Boutique","item":"https:\/\/sergiowalkingtours.com\/fr\/boutique\/"},{"@type":"ListItem","position":3,"name":"Voyage dans le temps parmi les volcans"}]},{"@type":"WebSite","@id":"https:\/\/sergiowalkingtours.com\/fr\/#website","url":"https:\/\/sergiowalkingtours.com\/fr\/","name":"Sergio Walking Tours - Tu gu\u00eda profesional","description":"See Tenerife through the eyes of a local","potentialAction":[{"@type":"SearchAction","target":{"@type":"EntryPoint","urlTemplate":"https:\/\/sergiowalkingtours.com\/fr\/?s={search_term_string}"},"query-input":{"@type":"PropertyValueSpecification","valueRequired":true,"valueName":"search_term_string"}}],"inLanguage":"fr-FR"}]}},"_links":{"self":[{"href":"https:\/\/sergiowalkingtours.com\/fr\/wp-json\/wp\/v2\/product\/2290","targetHints":{"allow":["GET"]}}],"collection":[{"href":"https:\/\/sergiowalkingtours.com\/fr\/wp-json\/wp\/v2\/product"}],"about":[{"href":"https:\/\/sergiowalkingtours.com\/fr\/wp-json\/wp\/v2\/types\/product"}],"wp:featuredmedia":[{"embeddable":true,"href":"https:\/\/sergiowalkingtours.com\/fr\/wp-json\/wp\/v2\/media\/1638"}],"wp:attachment":[{"href":"https:\/\/sergiowalkingtours.com\/fr\/wp-json\/wp\/v2\/media?parent=2290"}],"wp:term":[{"taxonomy":"product_brand","embeddable":true,"href":"https:\/\/sergiowalkingtours.com\/fr\/wp-json\/wp\/v2\/product_brand?post=2290"},{"taxonomy":"product_cat","embeddable":true,"href":"https:\/\/sergiowalkingtours.com\/fr\/wp-json\/wp\/v2\/product_cat?post=2290"},{"taxonomy":"product_tag","embeddable":true,"href":"https:\/\/sergiowalkingtours.com\/fr\/wp-json\/wp\/v2\/product_tag?post=2290"}],"curies":[{"name":"wp","href":"https:\/\/api.w.org\/{rel}","templated":true}]}}