{"id":2287,"date":"2023-07-24T07:19:59","date_gmt":"2023-07-24T07:19:59","guid":{"rendered":"https:\/\/walkingtours.e2w.es\/producto\/sur-les-chemins-des-bergers-a-teno-alto\/"},"modified":"2025-03-18T14:13:49","modified_gmt":"2025-03-18T14:13:49","slug":"chemins-des-bergers-teno-alto","status":"publish","type":"product","link":"https:\/\/sergiowalkingtours.com\/fr\/producto\/chemins-des-bergers-teno-alto\/","title":{"rendered":"Les chemins des bergers \u00e0 Teno Alto"},"content":{"rendered":"<p>Notre randonn\u00e9e commence \u00e0 Teno Alto, au c\u0153ur du parc rural de Teno. Le long isolement subi par sa population pendant des centaines d\u2019ann\u00e9es a permis la survie d\u2019un riche h\u00e9ritage ethnographique : fours \u00e0 tuiles, anciennes aires de battage en pierre, champs en terrasses, \u00ab tagoras \u00bb, citernes, maisons troglodytes, \u00e9tables, apiculture et pastoralisme. Teno Alto est une authentique redoute des coutumes rurales traditionnelles h\u00e9rit\u00e9es de la culture guanche, le peuple qui habitait les \u00eeles Canaries \u00e0 l&rsquo;\u00e9poque de leur conqu\u00eate. Au fil de notre parcours, nous avons l&rsquo;impression que le temps s&rsquo;arr\u00eate un instant et qu&rsquo;un sentiment de calme et de paix nous accompagne le long de ces chemins. De ce haut plateau strat\u00e9gique, \u00e0 770 m\u00e8tres d\u2019altitude, on profite d&rsquo;une vue magnifique sur les \u00eeles voisines de La Gomera et de La Palma. Nous terminerons notre itin\u00e9raire par la visite d&rsquo;un restaurant typique situ\u00e9 dans une ancienne ferme, o\u00f9 nous d\u00e9gusterons l&rsquo;exquis fromage de ch\u00e8vre local accompagn\u00e9 d&rsquo;un bon vin r\u00e9gional. <strong>Portez des chaussures de randonn\u00e9e ou de sport avec de bonnes semelles et emportez un imperm\u00e9able, une protection solaire et suffisamment d&rsquo;eau.<\/strong><\/p>\n<p><strong>Cette randonn\u00e9e convient aux enfants \u00e0 partir de 12 ans. Les mineurs doivent \u00eatre accompagn\u00e9s d&rsquo;un adulte.<\/strong><\/p>\n<p><b>Le prix est pour un groupe priv\u00e9 de 1 \u00e0 4 personnes. Prix par personne suppl\u00e9mentaire 45\u20ac. Maximum 8 personnes.<\/b><\/p>\n","protected":false},"excerpt":{"rendered":"<p>Notre randonn\u00e9e commence \u00e0 Teno Alto, au c\u0153ur du parc rural de Teno. Le long isolement subi par sa population pendant des centaines d\u2019ann\u00e9es a permis la survie d\u2019un riche h\u00e9ritage ethnographique : fours \u00e0 tuiles, anciennes aires de battage en pierre, champs en terrasses, \u00ab tagoras \u00bb, citernes, maisons troglodytes, \u00e9tables, apiculture et pastoralisme. [&hellip;]<\/p>\n","protected":false},"featured_media":1692,"template":"","meta":{"_acf_changed":false,"_et_pb_use_builder":"","_et_pb_old_content":"","_et_gb_content_width":""},"product_brand":[],"product_cat":[68],"product_tag":[],"class_list":{"0":"post-2287","1":"product","2":"type-product","3":"status-publish","4":"has-post-thumbnail","6":"product_cat-excursions-vip","8":"first","9":"instock","10":"shipping-taxable","11":"purchasable","12":"product-type-phive_booking"},"acf":[],"yoast_head":"<!-- This site is optimized with the Yoast SEO plugin v27.4 - https:\/\/yoast.com\/product\/yoast-seo-wordpress\/ -->\n<title>Les chemins des bergers \u00e0 Teno Alto - Sergio Walking Tours - Tu gu\u00eda profesional<\/title>\n<meta name=\"robots\" content=\"index, follow, max-snippet:-1, max-image-preview:large, max-video-preview:-1\" \/>\n<link rel=\"canonical\" href=\"https:\/\/sergiowalkingtours.com\/fr\/producto\/chemins-des-bergers-teno-alto\/\" \/>\n<meta property=\"og:locale\" content=\"fr_FR\" \/>\n<meta property=\"og:type\" content=\"article\" \/>\n<meta property=\"og:title\" content=\"Les chemins des bergers \u00e0 Teno Alto - Sergio Walking Tours - Tu gu\u00eda profesional\" \/>\n<meta property=\"og:description\" content=\"Notre randonn\u00e9e commence \u00e0 Teno Alto, au c\u0153ur du parc rural de Teno. Le long isolement subi par sa population pendant des centaines d\u2019ann\u00e9es a permis la survie d\u2019un riche h\u00e9ritage ethnographique : fours \u00e0 tuiles, anciennes aires de battage en pierre, champs en terrasses, \u00ab tagoras \u00bb, citernes, maisons troglodytes, \u00e9tables, apiculture et pastoralisme. [&hellip;]\" \/>\n<meta property=\"og:url\" content=\"https:\/\/sergiowalkingtours.com\/fr\/producto\/chemins-des-bergers-teno-alto\/\" \/>\n<meta property=\"og:site_name\" content=\"Sergio Walking Tours - Tu gu\u00eda profesional\" \/>\n<meta property=\"article:modified_time\" content=\"2025-03-18T14:13:49+00:00\" \/>\n<meta property=\"og:image\" content=\"https:\/\/sergiowalkingtours.com\/wp-content\/uploads\/2023\/07\/0-0-Foto_Teno_Alto_4.jpg\" \/>\n\t<meta property=\"og:image:width\" content=\"1024\" \/>\n\t<meta property=\"og:image:height\" content=\"768\" \/>\n\t<meta property=\"og:image:type\" content=\"image\/jpeg\" \/>\n<meta name=\"twitter:card\" content=\"summary_large_image\" \/>\n<meta name=\"twitter:label1\" content=\"Dur\u00e9e de lecture estim\u00e9e\" \/>\n\t<meta name=\"twitter:data1\" content=\"1 minute\" \/>\n<script type=\"application\/ld+json\" class=\"yoast-schema-graph\">{\"@context\":\"https:\\\/\\\/schema.org\",\"@graph\":[{\"@type\":\"WebPage\",\"@id\":\"https:\\\/\\\/sergiowalkingtours.com\\\/fr\\\/producto\\\/chemins-des-bergers-teno-alto\\\/\",\"url\":\"https:\\\/\\\/sergiowalkingtours.com\\\/fr\\\/producto\\\/chemins-des-bergers-teno-alto\\\/\",\"name\":\"Les chemins des bergers \u00e0 Teno Alto - Sergio Walking Tours - Tu gu\u00eda profesional\",\"isPartOf\":{\"@id\":\"https:\\\/\\\/sergiowalkingtours.com\\\/fr\\\/#website\"},\"primaryImageOfPage\":{\"@id\":\"https:\\\/\\\/sergiowalkingtours.com\\\/fr\\\/producto\\\/chemins-des-bergers-teno-alto\\\/#primaryimage\"},\"image\":{\"@id\":\"https:\\\/\\\/sergiowalkingtours.com\\\/fr\\\/producto\\\/chemins-des-bergers-teno-alto\\\/#primaryimage\"},\"thumbnailUrl\":\"https:\\\/\\\/sergiowalkingtours.com\\\/wp-content\\\/uploads\\\/2023\\\/07\\\/0-0-Foto_Teno_Alto_4.jpg\",\"datePublished\":\"2023-07-24T07:19:59+00:00\",\"dateModified\":\"2025-03-18T14:13:49+00:00\",\"breadcrumb\":{\"@id\":\"https:\\\/\\\/sergiowalkingtours.com\\\/fr\\\/producto\\\/chemins-des-bergers-teno-alto\\\/#breadcrumb\"},\"inLanguage\":\"fr-FR\",\"potentialAction\":[{\"@type\":\"ReadAction\",\"target\":[\"https:\\\/\\\/sergiowalkingtours.com\\\/fr\\\/producto\\\/chemins-des-bergers-teno-alto\\\/\"]}]},{\"@type\":\"ImageObject\",\"inLanguage\":\"fr-FR\",\"@id\":\"https:\\\/\\\/sergiowalkingtours.com\\\/fr\\\/producto\\\/chemins-des-bergers-teno-alto\\\/#primaryimage\",\"url\":\"https:\\\/\\\/sergiowalkingtours.com\\\/wp-content\\\/uploads\\\/2023\\\/07\\\/0-0-Foto_Teno_Alto_4.jpg\",\"contentUrl\":\"https:\\\/\\\/sergiowalkingtours.com\\\/wp-content\\\/uploads\\\/2023\\\/07\\\/0-0-Foto_Teno_Alto_4.jpg\",\"width\":1024,\"height\":768},{\"@type\":\"BreadcrumbList\",\"@id\":\"https:\\\/\\\/sergiowalkingtours.com\\\/fr\\\/producto\\\/chemins-des-bergers-teno-alto\\\/#breadcrumb\",\"itemListElement\":[{\"@type\":\"ListItem\",\"position\":1,\"name\":\"Home\",\"item\":\"https:\\\/\\\/sergiowalkingtours.com\\\/fr\\\/\"},{\"@type\":\"ListItem\",\"position\":2,\"name\":\"Boutique\",\"item\":\"https:\\\/\\\/sergiowalkingtours.com\\\/fr\\\/boutique\\\/\"},{\"@type\":\"ListItem\",\"position\":3,\"name\":\"Les chemins des bergers \u00e0 Teno Alto\"}]},{\"@type\":\"WebSite\",\"@id\":\"https:\\\/\\\/sergiowalkingtours.com\\\/fr\\\/#website\",\"url\":\"https:\\\/\\\/sergiowalkingtours.com\\\/fr\\\/\",\"name\":\"Sergio Walking Tours - Tu gu\u00eda profesional\",\"description\":\"See Tenerife through the eyes of a local\",\"potentialAction\":[{\"@type\":\"SearchAction\",\"target\":{\"@type\":\"EntryPoint\",\"urlTemplate\":\"https:\\\/\\\/sergiowalkingtours.com\\\/fr\\\/?s={search_term_string}\"},\"query-input\":{\"@type\":\"PropertyValueSpecification\",\"valueRequired\":true,\"valueName\":\"search_term_string\"}}],\"inLanguage\":\"fr-FR\"}]}<\/script>\n<!-- \/ Yoast SEO plugin. -->","yoast_head_json":{"title":"Les chemins des bergers \u00e0 Teno Alto - Sergio Walking Tours - Tu gu\u00eda profesional","robots":{"index":"index","follow":"follow","max-snippet":"max-snippet:-1","max-image-preview":"max-image-preview:large","max-video-preview":"max-video-preview:-1"},"canonical":"https:\/\/sergiowalkingtours.com\/fr\/producto\/chemins-des-bergers-teno-alto\/","og_locale":"fr_FR","og_type":"article","og_title":"Les chemins des bergers \u00e0 Teno Alto - Sergio Walking Tours - Tu gu\u00eda profesional","og_description":"Notre randonn\u00e9e commence \u00e0 Teno Alto, au c\u0153ur du parc rural de Teno. Le long isolement subi par sa population pendant des centaines d\u2019ann\u00e9es a permis la survie d\u2019un riche h\u00e9ritage ethnographique : fours \u00e0 tuiles, anciennes aires de battage en pierre, champs en terrasses, \u00ab tagoras \u00bb, citernes, maisons troglodytes, \u00e9tables, apiculture et pastoralisme. [&hellip;]","og_url":"https:\/\/sergiowalkingtours.com\/fr\/producto\/chemins-des-bergers-teno-alto\/","og_site_name":"Sergio Walking Tours - Tu gu\u00eda profesional","article_modified_time":"2025-03-18T14:13:49+00:00","og_image":[{"width":1024,"height":768,"url":"https:\/\/sergiowalkingtours.com\/wp-content\/uploads\/2023\/07\/0-0-Foto_Teno_Alto_4.jpg","type":"image\/jpeg"}],"twitter_card":"summary_large_image","twitter_misc":{"Dur\u00e9e de lecture estim\u00e9e":"1 minute"},"schema":{"@context":"https:\/\/schema.org","@graph":[{"@type":"WebPage","@id":"https:\/\/sergiowalkingtours.com\/fr\/producto\/chemins-des-bergers-teno-alto\/","url":"https:\/\/sergiowalkingtours.com\/fr\/producto\/chemins-des-bergers-teno-alto\/","name":"Les chemins des bergers \u00e0 Teno Alto - Sergio Walking Tours - Tu gu\u00eda profesional","isPartOf":{"@id":"https:\/\/sergiowalkingtours.com\/fr\/#website"},"primaryImageOfPage":{"@id":"https:\/\/sergiowalkingtours.com\/fr\/producto\/chemins-des-bergers-teno-alto\/#primaryimage"},"image":{"@id":"https:\/\/sergiowalkingtours.com\/fr\/producto\/chemins-des-bergers-teno-alto\/#primaryimage"},"thumbnailUrl":"https:\/\/sergiowalkingtours.com\/wp-content\/uploads\/2023\/07\/0-0-Foto_Teno_Alto_4.jpg","datePublished":"2023-07-24T07:19:59+00:00","dateModified":"2025-03-18T14:13:49+00:00","breadcrumb":{"@id":"https:\/\/sergiowalkingtours.com\/fr\/producto\/chemins-des-bergers-teno-alto\/#breadcrumb"},"inLanguage":"fr-FR","potentialAction":[{"@type":"ReadAction","target":["https:\/\/sergiowalkingtours.com\/fr\/producto\/chemins-des-bergers-teno-alto\/"]}]},{"@type":"ImageObject","inLanguage":"fr-FR","@id":"https:\/\/sergiowalkingtours.com\/fr\/producto\/chemins-des-bergers-teno-alto\/#primaryimage","url":"https:\/\/sergiowalkingtours.com\/wp-content\/uploads\/2023\/07\/0-0-Foto_Teno_Alto_4.jpg","contentUrl":"https:\/\/sergiowalkingtours.com\/wp-content\/uploads\/2023\/07\/0-0-Foto_Teno_Alto_4.jpg","width":1024,"height":768},{"@type":"BreadcrumbList","@id":"https:\/\/sergiowalkingtours.com\/fr\/producto\/chemins-des-bergers-teno-alto\/#breadcrumb","itemListElement":[{"@type":"ListItem","position":1,"name":"Home","item":"https:\/\/sergiowalkingtours.com\/fr\/"},{"@type":"ListItem","position":2,"name":"Boutique","item":"https:\/\/sergiowalkingtours.com\/fr\/boutique\/"},{"@type":"ListItem","position":3,"name":"Les chemins des bergers \u00e0 Teno Alto"}]},{"@type":"WebSite","@id":"https:\/\/sergiowalkingtours.com\/fr\/#website","url":"https:\/\/sergiowalkingtours.com\/fr\/","name":"Sergio Walking Tours - Tu gu\u00eda profesional","description":"See Tenerife through the eyes of a local","potentialAction":[{"@type":"SearchAction","target":{"@type":"EntryPoint","urlTemplate":"https:\/\/sergiowalkingtours.com\/fr\/?s={search_term_string}"},"query-input":{"@type":"PropertyValueSpecification","valueRequired":true,"valueName":"search_term_string"}}],"inLanguage":"fr-FR"}]}},"_links":{"self":[{"href":"https:\/\/sergiowalkingtours.com\/fr\/wp-json\/wp\/v2\/product\/2287","targetHints":{"allow":["GET"]}}],"collection":[{"href":"https:\/\/sergiowalkingtours.com\/fr\/wp-json\/wp\/v2\/product"}],"about":[{"href":"https:\/\/sergiowalkingtours.com\/fr\/wp-json\/wp\/v2\/types\/product"}],"wp:featuredmedia":[{"embeddable":true,"href":"https:\/\/sergiowalkingtours.com\/fr\/wp-json\/wp\/v2\/media\/1692"}],"wp:attachment":[{"href":"https:\/\/sergiowalkingtours.com\/fr\/wp-json\/wp\/v2\/media?parent=2287"}],"wp:term":[{"taxonomy":"product_brand","embeddable":true,"href":"https:\/\/sergiowalkingtours.com\/fr\/wp-json\/wp\/v2\/product_brand?post=2287"},{"taxonomy":"product_cat","embeddable":true,"href":"https:\/\/sergiowalkingtours.com\/fr\/wp-json\/wp\/v2\/product_cat?post=2287"},{"taxonomy":"product_tag","embeddable":true,"href":"https:\/\/sergiowalkingtours.com\/fr\/wp-json\/wp\/v2\/product_tag?post=2287"}],"curies":[{"name":"wp","href":"https:\/\/api.w.org\/{rel}","templated":true}]}}