{"id":2282,"date":"2023-08-03T10:26:32","date_gmt":"2023-08-03T10:26:32","guid":{"rendered":"https:\/\/walkingtours.e2w.es\/producto\/a-travers-les-cumbres-de-teno\/"},"modified":"2025-03-03T17:26:45","modified_gmt":"2025-03-03T17:26:45","slug":"sur-les-sommets-de-teno","status":"publish","type":"product","link":"https:\/\/sergiowalkingtours.com\/fr\/producto\/sur-les-sommets-de-teno\/","title":{"rendered":"Sur les sommets de Teno"},"content":{"rendered":"<p>L\u2019excursion commencera par une belle ascension depuis le village le plus \u00e9lev\u00e9 de la vall\u00e9e, tandis que nous contemplerons un fabuleux paysage rural tr\u00e8s pittoresque. Nous verrons les hameaux ruraux o\u00f9 vivent les habitants et nous d\u00e9couvrirons l\u2019un des plus beaux vergers des \u00eeles Canaries. Nous continuerons ensuite \u00e0 monter le long d\u2019un ancien chemin de berger jusqu\u2019\u00e0 une coupe, d&rsquo;o\u00f9 nous apercevrons une ancienne aire de battage. En prenant de l\u2019altitude, nous observerons la v\u00e9g\u00e9tation changer de couleur et d\u2019aspect, et nous profiterons d\u2019un panorama idyllique avec les impressionnants sommets du parc rural de Teno, Cruz de Gala (1 347 m) et Pico Verde (1 318 m). Apr\u00e8s avoir repris des forces dans un endroit magnifique, nous profiterons d\u2019une vue panoramique inoubliable sur Masca et son c\u00e9l\u00e8bre ravin. En arri\u00e8re-plan, l&rsquo;oc\u00e9an Atlantique et les \u00eeles de La Gomera et de La Palma ornent de leur silhouette ce paysage de r\u00eave. Sur le chemin du retour vers la vall\u00e9e, nous pourrons prendre un caf\u00e9 ou trinquer avec un verre de vin local sur une terrasse avec une vue fantastique. <strong>Portez des chaussures de randonn\u00e9e ou de sport avec de bonnes semelles et emportez un imperm\u00e9able, une protection solaire et suffisamment d&rsquo;eau.<\/strong><\/p>\n<p><strong>Cette randonn\u00e9e convient aux enfants \u00e0 partir de 12 ans. Les mineurs doivent \u00eatre accompagn\u00e9s d&rsquo;un adulte.<\/strong><\/p>\n<p><b>Le prix est pour un groupe priv\u00e9 de 1 \u00e0 4 personnes. Prix par personne suppl\u00e9mentaire 45\u20ac. Maximum 8 personnes.<\/b><\/p>\n","protected":false},"excerpt":{"rendered":"<p>L\u2019excursion commencera par une belle ascension depuis le village le plus \u00e9lev\u00e9 de la vall\u00e9e, tandis que nous contemplerons un fabuleux paysage rural tr\u00e8s pittoresque. Nous verrons les hameaux ruraux o\u00f9 vivent les habitants et nous d\u00e9couvrirons l\u2019un des plus beaux vergers des \u00eeles Canaries. Nous continuerons ensuite \u00e0 monter le long d\u2019un ancien chemin [&hellip;]<\/p>\n","protected":false},"featured_media":2799,"template":"","meta":{"_acf_changed":false,"_et_pb_use_builder":"","_et_pb_old_content":"","_et_gb_content_width":""},"product_brand":[],"product_cat":[68],"product_tag":[],"class_list":{"0":"post-2282","1":"product","2":"type-product","3":"status-publish","4":"has-post-thumbnail","6":"product_cat-excursions-vip","8":"first","9":"instock","10":"shipping-taxable","11":"purchasable","12":"product-type-phive_booking"},"acf":[],"yoast_head":"<!-- This site is optimized with the Yoast SEO plugin v27.5 - https:\/\/yoast.com\/product\/yoast-seo-wordpress\/ -->\n<title>Sur les sommets de Teno - Sergio Walking Tours - Tu gu\u00eda profesional<\/title>\n<meta name=\"robots\" content=\"index, follow, max-snippet:-1, max-image-preview:large, max-video-preview:-1\" \/>\n<link rel=\"canonical\" href=\"https:\/\/sergiowalkingtours.com\/fr\/producto\/sur-les-sommets-de-teno\/\" \/>\n<meta property=\"og:locale\" content=\"fr_FR\" \/>\n<meta property=\"og:type\" content=\"article\" \/>\n<meta property=\"og:title\" content=\"Sur les sommets de Teno - Sergio Walking Tours - Tu gu\u00eda profesional\" \/>\n<meta property=\"og:description\" content=\"L\u2019excursion commencera par une belle ascension depuis le village le plus \u00e9lev\u00e9 de la vall\u00e9e, tandis que nous contemplerons un fabuleux paysage rural tr\u00e8s pittoresque. Nous verrons les hameaux ruraux o\u00f9 vivent les habitants et nous d\u00e9couvrirons l\u2019un des plus beaux vergers des \u00eeles Canaries. Nous continuerons ensuite \u00e0 monter le long d\u2019un ancien chemin [&hellip;]\" \/>\n<meta property=\"og:url\" content=\"https:\/\/sergiowalkingtours.com\/fr\/producto\/sur-les-sommets-de-teno\/\" \/>\n<meta property=\"og:site_name\" content=\"Sergio Walking Tours - Tu gu\u00eda profesional\" \/>\n<meta property=\"article:modified_time\" content=\"2025-03-03T17:26:45+00:00\" \/>\n<meta property=\"og:image\" content=\"https:\/\/sergiowalkingtours.com\/wp-content\/uploads\/2023\/08\/00_Foto_Portada_-Por_Las_Cumbr_de_Teno_1.jpg\" \/>\n\t<meta property=\"og:image:width\" content=\"2560\" \/>\n\t<meta property=\"og:image:height\" content=\"1920\" \/>\n\t<meta property=\"og:image:type\" content=\"image\/jpeg\" \/>\n<meta name=\"twitter:card\" content=\"summary_large_image\" \/>\n<meta name=\"twitter:label1\" content=\"Dur\u00e9e de lecture estim\u00e9e\" \/>\n\t<meta name=\"twitter:data1\" content=\"2 minutes\" \/>\n<script type=\"application\/ld+json\" class=\"yoast-schema-graph\">{\"@context\":\"https:\\\/\\\/schema.org\",\"@graph\":[{\"@type\":\"WebPage\",\"@id\":\"https:\\\/\\\/sergiowalkingtours.com\\\/fr\\\/producto\\\/sur-les-sommets-de-teno\\\/\",\"url\":\"https:\\\/\\\/sergiowalkingtours.com\\\/fr\\\/producto\\\/sur-les-sommets-de-teno\\\/\",\"name\":\"Sur les sommets de Teno - Sergio Walking Tours - Tu gu\u00eda profesional\",\"isPartOf\":{\"@id\":\"https:\\\/\\\/sergiowalkingtours.com\\\/fr\\\/#website\"},\"primaryImageOfPage\":{\"@id\":\"https:\\\/\\\/sergiowalkingtours.com\\\/fr\\\/producto\\\/sur-les-sommets-de-teno\\\/#primaryimage\"},\"image\":{\"@id\":\"https:\\\/\\\/sergiowalkingtours.com\\\/fr\\\/producto\\\/sur-les-sommets-de-teno\\\/#primaryimage\"},\"thumbnailUrl\":\"https:\\\/\\\/sergiowalkingtours.com\\\/wp-content\\\/uploads\\\/2023\\\/08\\\/00_Foto_Portada_-Por_Las_Cumbr_de_Teno_1.jpg\",\"datePublished\":\"2023-08-03T10:26:32+00:00\",\"dateModified\":\"2025-03-03T17:26:45+00:00\",\"breadcrumb\":{\"@id\":\"https:\\\/\\\/sergiowalkingtours.com\\\/fr\\\/producto\\\/sur-les-sommets-de-teno\\\/#breadcrumb\"},\"inLanguage\":\"fr-FR\",\"potentialAction\":[{\"@type\":\"ReadAction\",\"target\":[\"https:\\\/\\\/sergiowalkingtours.com\\\/fr\\\/producto\\\/sur-les-sommets-de-teno\\\/\"]}]},{\"@type\":\"ImageObject\",\"inLanguage\":\"fr-FR\",\"@id\":\"https:\\\/\\\/sergiowalkingtours.com\\\/fr\\\/producto\\\/sur-les-sommets-de-teno\\\/#primaryimage\",\"url\":\"https:\\\/\\\/sergiowalkingtours.com\\\/wp-content\\\/uploads\\\/2023\\\/08\\\/00_Foto_Portada_-Por_Las_Cumbr_de_Teno_1.jpg\",\"contentUrl\":\"https:\\\/\\\/sergiowalkingtours.com\\\/wp-content\\\/uploads\\\/2023\\\/08\\\/00_Foto_Portada_-Por_Las_Cumbr_de_Teno_1.jpg\",\"width\":2560,\"height\":1920},{\"@type\":\"BreadcrumbList\",\"@id\":\"https:\\\/\\\/sergiowalkingtours.com\\\/fr\\\/producto\\\/sur-les-sommets-de-teno\\\/#breadcrumb\",\"itemListElement\":[{\"@type\":\"ListItem\",\"position\":1,\"name\":\"Home\",\"item\":\"https:\\\/\\\/sergiowalkingtours.com\\\/fr\\\/\"},{\"@type\":\"ListItem\",\"position\":2,\"name\":\"Boutique\",\"item\":\"https:\\\/\\\/sergiowalkingtours.com\\\/fr\\\/boutique\\\/\"},{\"@type\":\"ListItem\",\"position\":3,\"name\":\"Sur les sommets de Teno\"}]},{\"@type\":\"WebSite\",\"@id\":\"https:\\\/\\\/sergiowalkingtours.com\\\/fr\\\/#website\",\"url\":\"https:\\\/\\\/sergiowalkingtours.com\\\/fr\\\/\",\"name\":\"Sergio Walking Tours - Tu gu\u00eda profesional\",\"description\":\"See Tenerife through the eyes of a local\",\"potentialAction\":[{\"@type\":\"SearchAction\",\"target\":{\"@type\":\"EntryPoint\",\"urlTemplate\":\"https:\\\/\\\/sergiowalkingtours.com\\\/fr\\\/?s={search_term_string}\"},\"query-input\":{\"@type\":\"PropertyValueSpecification\",\"valueRequired\":true,\"valueName\":\"search_term_string\"}}],\"inLanguage\":\"fr-FR\"}]}<\/script>\n<!-- \/ Yoast SEO plugin. -->","yoast_head_json":{"title":"Sur les sommets de Teno - Sergio Walking Tours - Tu gu\u00eda profesional","robots":{"index":"index","follow":"follow","max-snippet":"max-snippet:-1","max-image-preview":"max-image-preview:large","max-video-preview":"max-video-preview:-1"},"canonical":"https:\/\/sergiowalkingtours.com\/fr\/producto\/sur-les-sommets-de-teno\/","og_locale":"fr_FR","og_type":"article","og_title":"Sur les sommets de Teno - Sergio Walking Tours - Tu gu\u00eda profesional","og_description":"L\u2019excursion commencera par une belle ascension depuis le village le plus \u00e9lev\u00e9 de la vall\u00e9e, tandis que nous contemplerons un fabuleux paysage rural tr\u00e8s pittoresque. Nous verrons les hameaux ruraux o\u00f9 vivent les habitants et nous d\u00e9couvrirons l\u2019un des plus beaux vergers des \u00eeles Canaries. Nous continuerons ensuite \u00e0 monter le long d\u2019un ancien chemin [&hellip;]","og_url":"https:\/\/sergiowalkingtours.com\/fr\/producto\/sur-les-sommets-de-teno\/","og_site_name":"Sergio Walking Tours - Tu gu\u00eda profesional","article_modified_time":"2025-03-03T17:26:45+00:00","og_image":[{"width":2560,"height":1920,"url":"https:\/\/sergiowalkingtours.com\/wp-content\/uploads\/2023\/08\/00_Foto_Portada_-Por_Las_Cumbr_de_Teno_1.jpg","type":"image\/jpeg"}],"twitter_card":"summary_large_image","twitter_misc":{"Dur\u00e9e de lecture estim\u00e9e":"2 minutes"},"schema":{"@context":"https:\/\/schema.org","@graph":[{"@type":"WebPage","@id":"https:\/\/sergiowalkingtours.com\/fr\/producto\/sur-les-sommets-de-teno\/","url":"https:\/\/sergiowalkingtours.com\/fr\/producto\/sur-les-sommets-de-teno\/","name":"Sur les sommets de Teno - Sergio Walking Tours - Tu gu\u00eda profesional","isPartOf":{"@id":"https:\/\/sergiowalkingtours.com\/fr\/#website"},"primaryImageOfPage":{"@id":"https:\/\/sergiowalkingtours.com\/fr\/producto\/sur-les-sommets-de-teno\/#primaryimage"},"image":{"@id":"https:\/\/sergiowalkingtours.com\/fr\/producto\/sur-les-sommets-de-teno\/#primaryimage"},"thumbnailUrl":"https:\/\/sergiowalkingtours.com\/wp-content\/uploads\/2023\/08\/00_Foto_Portada_-Por_Las_Cumbr_de_Teno_1.jpg","datePublished":"2023-08-03T10:26:32+00:00","dateModified":"2025-03-03T17:26:45+00:00","breadcrumb":{"@id":"https:\/\/sergiowalkingtours.com\/fr\/producto\/sur-les-sommets-de-teno\/#breadcrumb"},"inLanguage":"fr-FR","potentialAction":[{"@type":"ReadAction","target":["https:\/\/sergiowalkingtours.com\/fr\/producto\/sur-les-sommets-de-teno\/"]}]},{"@type":"ImageObject","inLanguage":"fr-FR","@id":"https:\/\/sergiowalkingtours.com\/fr\/producto\/sur-les-sommets-de-teno\/#primaryimage","url":"https:\/\/sergiowalkingtours.com\/wp-content\/uploads\/2023\/08\/00_Foto_Portada_-Por_Las_Cumbr_de_Teno_1.jpg","contentUrl":"https:\/\/sergiowalkingtours.com\/wp-content\/uploads\/2023\/08\/00_Foto_Portada_-Por_Las_Cumbr_de_Teno_1.jpg","width":2560,"height":1920},{"@type":"BreadcrumbList","@id":"https:\/\/sergiowalkingtours.com\/fr\/producto\/sur-les-sommets-de-teno\/#breadcrumb","itemListElement":[{"@type":"ListItem","position":1,"name":"Home","item":"https:\/\/sergiowalkingtours.com\/fr\/"},{"@type":"ListItem","position":2,"name":"Boutique","item":"https:\/\/sergiowalkingtours.com\/fr\/boutique\/"},{"@type":"ListItem","position":3,"name":"Sur les sommets de Teno"}]},{"@type":"WebSite","@id":"https:\/\/sergiowalkingtours.com\/fr\/#website","url":"https:\/\/sergiowalkingtours.com\/fr\/","name":"Sergio Walking Tours - Tu gu\u00eda profesional","description":"See Tenerife through the eyes of a local","potentialAction":[{"@type":"SearchAction","target":{"@type":"EntryPoint","urlTemplate":"https:\/\/sergiowalkingtours.com\/fr\/?s={search_term_string}"},"query-input":{"@type":"PropertyValueSpecification","valueRequired":true,"valueName":"search_term_string"}}],"inLanguage":"fr-FR"}]}},"_links":{"self":[{"href":"https:\/\/sergiowalkingtours.com\/fr\/wp-json\/wp\/v2\/product\/2282","targetHints":{"allow":["GET"]}}],"collection":[{"href":"https:\/\/sergiowalkingtours.com\/fr\/wp-json\/wp\/v2\/product"}],"about":[{"href":"https:\/\/sergiowalkingtours.com\/fr\/wp-json\/wp\/v2\/types\/product"}],"wp:featuredmedia":[{"embeddable":true,"href":"https:\/\/sergiowalkingtours.com\/fr\/wp-json\/wp\/v2\/media\/2799"}],"wp:attachment":[{"href":"https:\/\/sergiowalkingtours.com\/fr\/wp-json\/wp\/v2\/media?parent=2282"}],"wp:term":[{"taxonomy":"product_brand","embeddable":true,"href":"https:\/\/sergiowalkingtours.com\/fr\/wp-json\/wp\/v2\/product_brand?post=2282"},{"taxonomy":"product_cat","embeddable":true,"href":"https:\/\/sergiowalkingtours.com\/fr\/wp-json\/wp\/v2\/product_cat?post=2282"},{"taxonomy":"product_tag","embeddable":true,"href":"https:\/\/sergiowalkingtours.com\/fr\/wp-json\/wp\/v2\/product_tag?post=2282"}],"curies":[{"name":"wp","href":"https:\/\/api.w.org\/{rel}","templated":true}]}}