{"id":2278,"date":"2023-07-24T10:21:14","date_gmt":"2023-07-24T10:21:14","guid":{"rendered":"https:\/\/walkingtours.e2w.es\/producto\/la-reserve-de-biosphere-danaga\/"},"modified":"2025-12-25T09:17:36","modified_gmt":"2025-12-25T09:17:36","slug":"reserve-de-biosphere-anaga","status":"publish","type":"product","link":"https:\/\/sergiowalkingtours.com\/fr\/producto\/reserve-de-biosphere-anaga\/","title":{"rendered":"R\u00e9serve de biosph\u00e8re d\u2019Anaga"},"content":{"rendered":"<p>Apr\u00e8s un agr\u00e9able transfert en bus local de La Laguna au c\u0153ur du parc rural d\u2019Anaga, nous commencerons notre randonn\u00e9e depuis un point de vue offrant des vues spectaculaires sur toute la ville universitaire et l\u2019imposant Teide en arri\u00e8re-plan. Nous nous immergerons dans cette magnifique r\u00e9serve de biosph\u00e8re, l\u2019un des plus importants t\u00e9moignages du patrimoine naturel de l\u2019\u00eele de Tenerife. Les paysages d&rsquo;une telle harmonie et d&rsquo;une telle beaut\u00e9 submergent chaque visiteur. Nous percevrons avec tous nos sens la magie et le charme naturel de la for\u00eat de lauriers des Canaries, l&rsquo;une des plus importantes et des plus anciennes de l&rsquo;\u00eele. Nous apprendrons \u00e0 conna\u00eetre sa flore et sa faune end\u00e9miques luxuriantes, nous observerons ses vestiges g\u00e9ologiques et nous nous r\u00e9jouirons de ses merveilleux paysages parsem\u00e9s de villages ruraux. Dans un hameau typique situ\u00e9 entre deux ravins, nous nous reposerons et d\u00e9gusterons de d\u00e9licieux tapas et vins r\u00e9gionaux (non inclus dans le prix) en attendant le bus qui nous ram\u00e8nera \u00e0 La Laguna. D\u00e9couvrez cet \u00e9tonnant paradis naturel riche en biodiversit\u00e9 avec votre guide local. <strong>Portez des chaussures de randonn\u00e9e ou de sport avec de bonnes semelles et emportez un imperm\u00e9able, une protection solaire et suffisamment d&rsquo;eau.<\/strong><\/p>\n<p><strong>Cette randonn\u00e9e convient aux enfants \u00e0 partir de 12 ans. Les mineurs doivent \u00eatre accompagn\u00e9s d&rsquo;un adulte.<\/strong><\/p>\n<p><strong>L&rsquo;activit\u00e9 se d\u00e9roule en pr\u00e9sence d&rsquo;un minimum de 3 personnes. Si le nombre minimum de participants n&rsquo;est pas r\u00e9uni, les personnes qui ont r\u00e9serv\u00e9 peuvent payer le montant restant pour que le tour ait lieu, sinon le tour sera annul\u00e9 et les frais de r\u00e9servation seront rembours\u00e9s.<\/strong><\/p>\n","protected":false},"excerpt":{"rendered":"<p>Apr\u00e8s un agr\u00e9able transfert en bus local de La Laguna au c\u0153ur du parc rural d\u2019Anaga, nous commencerons notre randonn\u00e9e depuis un point de vue offrant des vues spectaculaires sur toute la ville universitaire et l\u2019imposant Teide en arri\u00e8re-plan. Nous nous immergerons dans cette magnifique r\u00e9serve de biosph\u00e8re, l\u2019un des plus importants t\u00e9moignages du patrimoine [&hellip;]<\/p>\n","protected":false},"featured_media":1716,"template":"","meta":{"_acf_changed":false,"_et_pb_use_builder":"","_et_pb_old_content":"","_et_gb_content_width":""},"product_brand":[],"product_cat":[74],"product_tag":[],"class_list":{"0":"post-2278","1":"product","2":"type-product","3":"status-publish","4":"has-post-thumbnail","6":"product_cat-excursions-en-groupe","8":"first","9":"instock","10":"shipping-taxable","11":"purchasable","12":"product-type-phive_booking"},"acf":[],"yoast_head":"<!-- This site is optimized with the Yoast SEO plugin v27.3 - https:\/\/yoast.com\/product\/yoast-seo-wordpress\/ -->\n<title>R\u00e9serve de biosph\u00e8re d\u2019Anaga - Sergio Walking Tours - Tu gu\u00eda profesional<\/title>\n<meta name=\"robots\" content=\"index, follow, max-snippet:-1, max-image-preview:large, max-video-preview:-1\" \/>\n<link rel=\"canonical\" href=\"https:\/\/sergiowalkingtours.com\/fr\/producto\/reserve-de-biosphere-anaga\/\" \/>\n<meta property=\"og:locale\" content=\"fr_FR\" \/>\n<meta property=\"og:type\" content=\"article\" \/>\n<meta property=\"og:title\" content=\"R\u00e9serve de biosph\u00e8re d\u2019Anaga - Sergio Walking Tours - Tu gu\u00eda profesional\" \/>\n<meta property=\"og:description\" content=\"Apr\u00e8s un agr\u00e9able transfert en bus local de La Laguna au c\u0153ur du parc rural d\u2019Anaga, nous commencerons notre randonn\u00e9e depuis un point de vue offrant des vues spectaculaires sur toute la ville universitaire et l\u2019imposant Teide en arri\u00e8re-plan. Nous nous immergerons dans cette magnifique r\u00e9serve de biosph\u00e8re, l\u2019un des plus importants t\u00e9moignages du patrimoine [&hellip;]\" \/>\n<meta property=\"og:url\" content=\"https:\/\/sergiowalkingtours.com\/fr\/producto\/reserve-de-biosphere-anaga\/\" \/>\n<meta property=\"og:site_name\" content=\"Sergio Walking Tours - Tu gu\u00eda profesional\" \/>\n<meta property=\"article:modified_time\" content=\"2025-12-25T09:17:36+00:00\" \/>\n<meta property=\"og:image\" content=\"https:\/\/sergiowalkingtours.com\/wp-content\/uploads\/2023\/08\/0-IMG_20191221_130543.jpg\" \/>\n\t<meta property=\"og:image:width\" content=\"1024\" \/>\n\t<meta property=\"og:image:height\" content=\"768\" \/>\n\t<meta property=\"og:image:type\" content=\"image\/jpeg\" \/>\n<meta name=\"twitter:card\" content=\"summary_large_image\" \/>\n<meta name=\"twitter:label1\" content=\"Dur\u00e9e de lecture estim\u00e9e\" \/>\n\t<meta name=\"twitter:data1\" content=\"1 minute\" \/>\n<script type=\"application\/ld+json\" class=\"yoast-schema-graph\">{\"@context\":\"https:\\\/\\\/schema.org\",\"@graph\":[{\"@type\":\"WebPage\",\"@id\":\"https:\\\/\\\/sergiowalkingtours.com\\\/fr\\\/producto\\\/reserve-de-biosphere-anaga\\\/\",\"url\":\"https:\\\/\\\/sergiowalkingtours.com\\\/fr\\\/producto\\\/reserve-de-biosphere-anaga\\\/\",\"name\":\"R\u00e9serve de biosph\u00e8re d\u2019Anaga - Sergio Walking Tours - Tu gu\u00eda profesional\",\"isPartOf\":{\"@id\":\"https:\\\/\\\/sergiowalkingtours.com\\\/fr\\\/#website\"},\"primaryImageOfPage\":{\"@id\":\"https:\\\/\\\/sergiowalkingtours.com\\\/fr\\\/producto\\\/reserve-de-biosphere-anaga\\\/#primaryimage\"},\"image\":{\"@id\":\"https:\\\/\\\/sergiowalkingtours.com\\\/fr\\\/producto\\\/reserve-de-biosphere-anaga\\\/#primaryimage\"},\"thumbnailUrl\":\"https:\\\/\\\/sergiowalkingtours.com\\\/wp-content\\\/uploads\\\/2023\\\/08\\\/0-IMG_20191221_130543.jpg\",\"datePublished\":\"2023-07-24T10:21:14+00:00\",\"dateModified\":\"2025-12-25T09:17:36+00:00\",\"breadcrumb\":{\"@id\":\"https:\\\/\\\/sergiowalkingtours.com\\\/fr\\\/producto\\\/reserve-de-biosphere-anaga\\\/#breadcrumb\"},\"inLanguage\":\"fr-FR\",\"potentialAction\":[{\"@type\":\"ReadAction\",\"target\":[\"https:\\\/\\\/sergiowalkingtours.com\\\/fr\\\/producto\\\/reserve-de-biosphere-anaga\\\/\"]}]},{\"@type\":\"ImageObject\",\"inLanguage\":\"fr-FR\",\"@id\":\"https:\\\/\\\/sergiowalkingtours.com\\\/fr\\\/producto\\\/reserve-de-biosphere-anaga\\\/#primaryimage\",\"url\":\"https:\\\/\\\/sergiowalkingtours.com\\\/wp-content\\\/uploads\\\/2023\\\/08\\\/0-IMG_20191221_130543.jpg\",\"contentUrl\":\"https:\\\/\\\/sergiowalkingtours.com\\\/wp-content\\\/uploads\\\/2023\\\/08\\\/0-IMG_20191221_130543.jpg\",\"width\":1024,\"height\":768,\"caption\":\"Foto del Roque de Taborno; Reserva de La Biosfera de Anaga\"},{\"@type\":\"BreadcrumbList\",\"@id\":\"https:\\\/\\\/sergiowalkingtours.com\\\/fr\\\/producto\\\/reserve-de-biosphere-anaga\\\/#breadcrumb\",\"itemListElement\":[{\"@type\":\"ListItem\",\"position\":1,\"name\":\"Home\",\"item\":\"https:\\\/\\\/sergiowalkingtours.com\\\/fr\\\/\"},{\"@type\":\"ListItem\",\"position\":2,\"name\":\"Boutique\",\"item\":\"https:\\\/\\\/sergiowalkingtours.com\\\/fr\\\/boutique\\\/\"},{\"@type\":\"ListItem\",\"position\":3,\"name\":\"R\u00e9serve de biosph\u00e8re d\u2019Anaga\"}]},{\"@type\":\"WebSite\",\"@id\":\"https:\\\/\\\/sergiowalkingtours.com\\\/fr\\\/#website\",\"url\":\"https:\\\/\\\/sergiowalkingtours.com\\\/fr\\\/\",\"name\":\"Sergio Walking Tours - Tu gu\u00eda profesional\",\"description\":\"See Tenerife through the eyes of a local\",\"potentialAction\":[{\"@type\":\"SearchAction\",\"target\":{\"@type\":\"EntryPoint\",\"urlTemplate\":\"https:\\\/\\\/sergiowalkingtours.com\\\/fr\\\/?s={search_term_string}\"},\"query-input\":{\"@type\":\"PropertyValueSpecification\",\"valueRequired\":true,\"valueName\":\"search_term_string\"}}],\"inLanguage\":\"fr-FR\"}]}<\/script>\n<!-- \/ Yoast SEO plugin. -->","yoast_head_json":{"title":"R\u00e9serve de biosph\u00e8re d\u2019Anaga - Sergio Walking Tours - Tu gu\u00eda profesional","robots":{"index":"index","follow":"follow","max-snippet":"max-snippet:-1","max-image-preview":"max-image-preview:large","max-video-preview":"max-video-preview:-1"},"canonical":"https:\/\/sergiowalkingtours.com\/fr\/producto\/reserve-de-biosphere-anaga\/","og_locale":"fr_FR","og_type":"article","og_title":"R\u00e9serve de biosph\u00e8re d\u2019Anaga - Sergio Walking Tours - Tu gu\u00eda profesional","og_description":"Apr\u00e8s un agr\u00e9able transfert en bus local de La Laguna au c\u0153ur du parc rural d\u2019Anaga, nous commencerons notre randonn\u00e9e depuis un point de vue offrant des vues spectaculaires sur toute la ville universitaire et l\u2019imposant Teide en arri\u00e8re-plan. Nous nous immergerons dans cette magnifique r\u00e9serve de biosph\u00e8re, l\u2019un des plus importants t\u00e9moignages du patrimoine [&hellip;]","og_url":"https:\/\/sergiowalkingtours.com\/fr\/producto\/reserve-de-biosphere-anaga\/","og_site_name":"Sergio Walking Tours - Tu gu\u00eda profesional","article_modified_time":"2025-12-25T09:17:36+00:00","og_image":[{"width":1024,"height":768,"url":"https:\/\/sergiowalkingtours.com\/wp-content\/uploads\/2023\/08\/0-IMG_20191221_130543.jpg","type":"image\/jpeg"}],"twitter_card":"summary_large_image","twitter_misc":{"Dur\u00e9e de lecture estim\u00e9e":"1 minute"},"schema":{"@context":"https:\/\/schema.org","@graph":[{"@type":"WebPage","@id":"https:\/\/sergiowalkingtours.com\/fr\/producto\/reserve-de-biosphere-anaga\/","url":"https:\/\/sergiowalkingtours.com\/fr\/producto\/reserve-de-biosphere-anaga\/","name":"R\u00e9serve de biosph\u00e8re d\u2019Anaga - Sergio Walking Tours - Tu gu\u00eda profesional","isPartOf":{"@id":"https:\/\/sergiowalkingtours.com\/fr\/#website"},"primaryImageOfPage":{"@id":"https:\/\/sergiowalkingtours.com\/fr\/producto\/reserve-de-biosphere-anaga\/#primaryimage"},"image":{"@id":"https:\/\/sergiowalkingtours.com\/fr\/producto\/reserve-de-biosphere-anaga\/#primaryimage"},"thumbnailUrl":"https:\/\/sergiowalkingtours.com\/wp-content\/uploads\/2023\/08\/0-IMG_20191221_130543.jpg","datePublished":"2023-07-24T10:21:14+00:00","dateModified":"2025-12-25T09:17:36+00:00","breadcrumb":{"@id":"https:\/\/sergiowalkingtours.com\/fr\/producto\/reserve-de-biosphere-anaga\/#breadcrumb"},"inLanguage":"fr-FR","potentialAction":[{"@type":"ReadAction","target":["https:\/\/sergiowalkingtours.com\/fr\/producto\/reserve-de-biosphere-anaga\/"]}]},{"@type":"ImageObject","inLanguage":"fr-FR","@id":"https:\/\/sergiowalkingtours.com\/fr\/producto\/reserve-de-biosphere-anaga\/#primaryimage","url":"https:\/\/sergiowalkingtours.com\/wp-content\/uploads\/2023\/08\/0-IMG_20191221_130543.jpg","contentUrl":"https:\/\/sergiowalkingtours.com\/wp-content\/uploads\/2023\/08\/0-IMG_20191221_130543.jpg","width":1024,"height":768,"caption":"Foto del Roque de Taborno; Reserva de La Biosfera de Anaga"},{"@type":"BreadcrumbList","@id":"https:\/\/sergiowalkingtours.com\/fr\/producto\/reserve-de-biosphere-anaga\/#breadcrumb","itemListElement":[{"@type":"ListItem","position":1,"name":"Home","item":"https:\/\/sergiowalkingtours.com\/fr\/"},{"@type":"ListItem","position":2,"name":"Boutique","item":"https:\/\/sergiowalkingtours.com\/fr\/boutique\/"},{"@type":"ListItem","position":3,"name":"R\u00e9serve de biosph\u00e8re d\u2019Anaga"}]},{"@type":"WebSite","@id":"https:\/\/sergiowalkingtours.com\/fr\/#website","url":"https:\/\/sergiowalkingtours.com\/fr\/","name":"Sergio Walking Tours - Tu gu\u00eda profesional","description":"See Tenerife through the eyes of a local","potentialAction":[{"@type":"SearchAction","target":{"@type":"EntryPoint","urlTemplate":"https:\/\/sergiowalkingtours.com\/fr\/?s={search_term_string}"},"query-input":{"@type":"PropertyValueSpecification","valueRequired":true,"valueName":"search_term_string"}}],"inLanguage":"fr-FR"}]}},"_links":{"self":[{"href":"https:\/\/sergiowalkingtours.com\/fr\/wp-json\/wp\/v2\/product\/2278","targetHints":{"allow":["GET"]}}],"collection":[{"href":"https:\/\/sergiowalkingtours.com\/fr\/wp-json\/wp\/v2\/product"}],"about":[{"href":"https:\/\/sergiowalkingtours.com\/fr\/wp-json\/wp\/v2\/types\/product"}],"wp:featuredmedia":[{"embeddable":true,"href":"https:\/\/sergiowalkingtours.com\/fr\/wp-json\/wp\/v2\/media\/1716"}],"wp:attachment":[{"href":"https:\/\/sergiowalkingtours.com\/fr\/wp-json\/wp\/v2\/media?parent=2278"}],"wp:term":[{"taxonomy":"product_brand","embeddable":true,"href":"https:\/\/sergiowalkingtours.com\/fr\/wp-json\/wp\/v2\/product_brand?post=2278"},{"taxonomy":"product_cat","embeddable":true,"href":"https:\/\/sergiowalkingtours.com\/fr\/wp-json\/wp\/v2\/product_cat?post=2278"},{"taxonomy":"product_tag","embeddable":true,"href":"https:\/\/sergiowalkingtours.com\/fr\/wp-json\/wp\/v2\/product_tag?post=2278"}],"curies":[{"name":"wp","href":"https:\/\/api.w.org\/{rel}","templated":true}]}}