{"id":2274,"date":"2023-07-24T10:18:37","date_gmt":"2023-07-24T10:18:37","guid":{"rendered":"https:\/\/walkingtours.e2w.es\/producto\/aventure-de-randonnee-dans-les-montagnes-de-teno\/"},"modified":"2025-03-03T17:15:07","modified_gmt":"2025-03-03T17:15:07","slug":"route-panoramique-dans-le-parc-de-teno","status":"publish","type":"product","link":"https:\/\/sergiowalkingtours.com\/fr\/producto\/route-panoramique-dans-le-parc-de-teno\/","title":{"rendered":"Route panoramique dans le parc de Teno"},"content":{"rendered":"<p>\u00c0 plus de 1 000 m\u00e8tres d&rsquo;altitude, en suivant un sentier spectaculaire qui longe certains des sommets du parc, vous pourrez profiter de magnifiques vues panoramiques sur les vall\u00e9es de Masca et d&rsquo;El Palmar. Par bonne visibilit\u00e9, on peut voir les sommets des volcans Teide et Pico Viejo, ainsi que les \u00eeles voisines de La Palma et de La Gomera. L&rsquo;itin\u00e9raire traverse une v\u00e9g\u00e9tation luxuriante de for\u00eat subtropicale de lauriers, un refuge pour les oiseaux indig\u00e8nes. Il est m\u00eame possible de d\u00e9couvrir le travail pastoral et le mode de vie des habitants de ces pittoresques montagnes volcaniques. Nous d\u00e9couvrirons ce panorama naturel \u00e0 couper le souffle, avec ses ravins, ses d\u00f4mes volcaniques et ses diverses formations rocheuses, avec l&rsquo;oc\u00e9an Atlantique \u00e0 l&rsquo;horizon. Apr\u00e8s la pause pique-nique, nous continuerons \u00e0 travers une for\u00eat de bruy\u00e8res anciennes jusqu&rsquo;\u00e0 un hameau typique o\u00f9 nous aurons \u00e9galement la possibilit\u00e9 de prendre une tasse de caf\u00e9 ou un verre de vin local (non inclus dans le prix). Dans ce lieu, vous ressentirez l&rsquo;atmosph\u00e8re chaleureuse du peuple canarien, qui a su pr\u00e9server ses anciennes traditions culturelles. Nous reprendrons ensuite le sentier qui m\u00e8ne \u00e0 travers des gorges luxuriantes o\u00f9 le chant des oiseaux et une abondance de fleurs tropicales nous accompagneront \u00e0 chaque tournant. Une descente pittoresque nous m\u00e8nera ensuite \u00e0 la vall\u00e9e verdoyante o\u00f9 nous terminerons cette aventure inoubliable dans l&rsquo;un des plus beaux parcs ruraux des \u00eeles Canaries. <strong>Portez des chaussures de randonn\u00e9e ou de sport avec de bonnes semelles et emportez un imperm\u00e9able, une protection solaire et suffisamment d&rsquo;eau.<\/strong><\/p>\n<p><strong>Cette randonn\u00e9e convient aux enfants \u00e0 partir de 12 ans. Les mineurs doivent \u00eatre accompagn\u00e9s d&rsquo;un adulte.<\/strong><\/p>\n<p><strong>L&rsquo;activit\u00e9 se d\u00e9roule en pr\u00e9sence d&rsquo;un minimum de 3 personnes. Si le nombre minimum de participants n&rsquo;est pas r\u00e9uni, les personnes qui ont r\u00e9serv\u00e9 peuvent payer le montant restant pour que le tour ait lieu, sinon le tour sera annul\u00e9 et les frais de r\u00e9servation seront rembours\u00e9s.<\/strong><\/p>\n","protected":false},"excerpt":{"rendered":"<p>\u00c0 plus de 1 000 m\u00e8tres d&rsquo;altitude, en suivant un sentier spectaculaire qui longe certains des sommets du parc, vous pourrez profiter de magnifiques vues panoramiques sur les vall\u00e9es de Masca et d&rsquo;El Palmar. Par bonne visibilit\u00e9, on peut voir les sommets des volcans Teide et Pico Viejo, ainsi que les \u00eeles voisines de La [&hellip;]<\/p>\n","protected":false},"featured_media":2839,"template":"","meta":{"_acf_changed":false,"_et_pb_use_builder":"","_et_pb_old_content":"","_et_gb_content_width":""},"product_brand":[],"product_cat":[74],"product_tag":[],"class_list":{"0":"post-2274","1":"product","2":"type-product","3":"status-publish","4":"has-post-thumbnail","6":"product_cat-excursions-en-groupe","8":"first","9":"instock","10":"shipping-taxable","11":"purchasable","12":"product-type-phive_booking"},"acf":[],"yoast_head":"<!-- This site is optimized with the Yoast SEO plugin v27.3 - https:\/\/yoast.com\/product\/yoast-seo-wordpress\/ -->\n<title>Route panoramique dans le parc de Teno - Sergio Walking Tours - Tu gu\u00eda profesional<\/title>\n<meta name=\"robots\" content=\"index, follow, max-snippet:-1, max-image-preview:large, max-video-preview:-1\" \/>\n<link rel=\"canonical\" href=\"https:\/\/sergiowalkingtours.com\/fr\/producto\/route-panoramique-dans-le-parc-de-teno\/\" \/>\n<meta property=\"og:locale\" content=\"fr_FR\" \/>\n<meta property=\"og:type\" content=\"article\" \/>\n<meta property=\"og:title\" content=\"Route panoramique dans le parc de Teno - Sergio Walking Tours - Tu gu\u00eda profesional\" \/>\n<meta property=\"og:description\" content=\"\u00c0 plus de 1 000 m\u00e8tres d&rsquo;altitude, en suivant un sentier spectaculaire qui longe certains des sommets du parc, vous pourrez profiter de magnifiques vues panoramiques sur les vall\u00e9es de Masca et d&rsquo;El Palmar. Par bonne visibilit\u00e9, on peut voir les sommets des volcans Teide et Pico Viejo, ainsi que les \u00eeles voisines de La [&hellip;]\" \/>\n<meta property=\"og:url\" content=\"https:\/\/sergiowalkingtours.com\/fr\/producto\/route-panoramique-dans-le-parc-de-teno\/\" \/>\n<meta property=\"og:site_name\" content=\"Sergio Walking Tours - Tu gu\u00eda profesional\" \/>\n<meta property=\"article:modified_time\" content=\"2025-03-03T17:15:07+00:00\" \/>\n<meta property=\"og:image\" content=\"https:\/\/sergiowalkingtours.com\/wp-content\/uploads\/2023\/07\/00_Foto_Portada_Exc.-en_Grupo-Ruta-panoramica_en_-el_-Parque_de_Teno.jpeg\" \/>\n\t<meta property=\"og:image:width\" content=\"1024\" \/>\n\t<meta property=\"og:image:height\" content=\"768\" \/>\n\t<meta property=\"og:image:type\" content=\"image\/jpeg\" \/>\n<meta name=\"twitter:card\" content=\"summary_large_image\" \/>\n<meta name=\"twitter:label1\" content=\"Dur\u00e9e de lecture estim\u00e9e\" \/>\n\t<meta name=\"twitter:data1\" content=\"2 minutes\" \/>\n<script type=\"application\/ld+json\" class=\"yoast-schema-graph\">{\"@context\":\"https:\\\/\\\/schema.org\",\"@graph\":[{\"@type\":\"WebPage\",\"@id\":\"https:\\\/\\\/sergiowalkingtours.com\\\/fr\\\/producto\\\/route-panoramique-dans-le-parc-de-teno\\\/\",\"url\":\"https:\\\/\\\/sergiowalkingtours.com\\\/fr\\\/producto\\\/route-panoramique-dans-le-parc-de-teno\\\/\",\"name\":\"Route panoramique dans le parc de Teno - Sergio Walking Tours - Tu gu\u00eda profesional\",\"isPartOf\":{\"@id\":\"https:\\\/\\\/sergiowalkingtours.com\\\/fr\\\/#website\"},\"primaryImageOfPage\":{\"@id\":\"https:\\\/\\\/sergiowalkingtours.com\\\/fr\\\/producto\\\/route-panoramique-dans-le-parc-de-teno\\\/#primaryimage\"},\"image\":{\"@id\":\"https:\\\/\\\/sergiowalkingtours.com\\\/fr\\\/producto\\\/route-panoramique-dans-le-parc-de-teno\\\/#primaryimage\"},\"thumbnailUrl\":\"https:\\\/\\\/sergiowalkingtours.com\\\/wp-content\\\/uploads\\\/2023\\\/07\\\/00_Foto_Portada_Exc.-en_Grupo-Ruta-panoramica_en_-el_-Parque_de_Teno.jpeg\",\"datePublished\":\"2023-07-24T10:18:37+00:00\",\"dateModified\":\"2025-03-03T17:15:07+00:00\",\"breadcrumb\":{\"@id\":\"https:\\\/\\\/sergiowalkingtours.com\\\/fr\\\/producto\\\/route-panoramique-dans-le-parc-de-teno\\\/#breadcrumb\"},\"inLanguage\":\"fr-FR\",\"potentialAction\":[{\"@type\":\"ReadAction\",\"target\":[\"https:\\\/\\\/sergiowalkingtours.com\\\/fr\\\/producto\\\/route-panoramique-dans-le-parc-de-teno\\\/\"]}]},{\"@type\":\"ImageObject\",\"inLanguage\":\"fr-FR\",\"@id\":\"https:\\\/\\\/sergiowalkingtours.com\\\/fr\\\/producto\\\/route-panoramique-dans-le-parc-de-teno\\\/#primaryimage\",\"url\":\"https:\\\/\\\/sergiowalkingtours.com\\\/wp-content\\\/uploads\\\/2023\\\/07\\\/00_Foto_Portada_Exc.-en_Grupo-Ruta-panoramica_en_-el_-Parque_de_Teno.jpeg\",\"contentUrl\":\"https:\\\/\\\/sergiowalkingtours.com\\\/wp-content\\\/uploads\\\/2023\\\/07\\\/00_Foto_Portada_Exc.-en_Grupo-Ruta-panoramica_en_-el_-Parque_de_Teno.jpeg\",\"width\":1024,\"height\":768},{\"@type\":\"BreadcrumbList\",\"@id\":\"https:\\\/\\\/sergiowalkingtours.com\\\/fr\\\/producto\\\/route-panoramique-dans-le-parc-de-teno\\\/#breadcrumb\",\"itemListElement\":[{\"@type\":\"ListItem\",\"position\":1,\"name\":\"Home\",\"item\":\"https:\\\/\\\/sergiowalkingtours.com\\\/fr\\\/\"},{\"@type\":\"ListItem\",\"position\":2,\"name\":\"Boutique\",\"item\":\"https:\\\/\\\/sergiowalkingtours.com\\\/fr\\\/boutique\\\/\"},{\"@type\":\"ListItem\",\"position\":3,\"name\":\"Route panoramique dans le parc de Teno\"}]},{\"@type\":\"WebSite\",\"@id\":\"https:\\\/\\\/sergiowalkingtours.com\\\/fr\\\/#website\",\"url\":\"https:\\\/\\\/sergiowalkingtours.com\\\/fr\\\/\",\"name\":\"Sergio Walking Tours - Tu gu\u00eda profesional\",\"description\":\"See Tenerife through the eyes of a local\",\"potentialAction\":[{\"@type\":\"SearchAction\",\"target\":{\"@type\":\"EntryPoint\",\"urlTemplate\":\"https:\\\/\\\/sergiowalkingtours.com\\\/fr\\\/?s={search_term_string}\"},\"query-input\":{\"@type\":\"PropertyValueSpecification\",\"valueRequired\":true,\"valueName\":\"search_term_string\"}}],\"inLanguage\":\"fr-FR\"}]}<\/script>\n<!-- \/ Yoast SEO plugin. -->","yoast_head_json":{"title":"Route panoramique dans le parc de Teno - Sergio Walking Tours - Tu gu\u00eda profesional","robots":{"index":"index","follow":"follow","max-snippet":"max-snippet:-1","max-image-preview":"max-image-preview:large","max-video-preview":"max-video-preview:-1"},"canonical":"https:\/\/sergiowalkingtours.com\/fr\/producto\/route-panoramique-dans-le-parc-de-teno\/","og_locale":"fr_FR","og_type":"article","og_title":"Route panoramique dans le parc de Teno - Sergio Walking Tours - Tu gu\u00eda profesional","og_description":"\u00c0 plus de 1 000 m\u00e8tres d&rsquo;altitude, en suivant un sentier spectaculaire qui longe certains des sommets du parc, vous pourrez profiter de magnifiques vues panoramiques sur les vall\u00e9es de Masca et d&rsquo;El Palmar. Par bonne visibilit\u00e9, on peut voir les sommets des volcans Teide et Pico Viejo, ainsi que les \u00eeles voisines de La [&hellip;]","og_url":"https:\/\/sergiowalkingtours.com\/fr\/producto\/route-panoramique-dans-le-parc-de-teno\/","og_site_name":"Sergio Walking Tours - Tu gu\u00eda profesional","article_modified_time":"2025-03-03T17:15:07+00:00","og_image":[{"width":1024,"height":768,"url":"https:\/\/sergiowalkingtours.com\/wp-content\/uploads\/2023\/07\/00_Foto_Portada_Exc.-en_Grupo-Ruta-panoramica_en_-el_-Parque_de_Teno.jpeg","type":"image\/jpeg"}],"twitter_card":"summary_large_image","twitter_misc":{"Dur\u00e9e de lecture estim\u00e9e":"2 minutes"},"schema":{"@context":"https:\/\/schema.org","@graph":[{"@type":"WebPage","@id":"https:\/\/sergiowalkingtours.com\/fr\/producto\/route-panoramique-dans-le-parc-de-teno\/","url":"https:\/\/sergiowalkingtours.com\/fr\/producto\/route-panoramique-dans-le-parc-de-teno\/","name":"Route panoramique dans le parc de Teno - Sergio Walking Tours - Tu gu\u00eda profesional","isPartOf":{"@id":"https:\/\/sergiowalkingtours.com\/fr\/#website"},"primaryImageOfPage":{"@id":"https:\/\/sergiowalkingtours.com\/fr\/producto\/route-panoramique-dans-le-parc-de-teno\/#primaryimage"},"image":{"@id":"https:\/\/sergiowalkingtours.com\/fr\/producto\/route-panoramique-dans-le-parc-de-teno\/#primaryimage"},"thumbnailUrl":"https:\/\/sergiowalkingtours.com\/wp-content\/uploads\/2023\/07\/00_Foto_Portada_Exc.-en_Grupo-Ruta-panoramica_en_-el_-Parque_de_Teno.jpeg","datePublished":"2023-07-24T10:18:37+00:00","dateModified":"2025-03-03T17:15:07+00:00","breadcrumb":{"@id":"https:\/\/sergiowalkingtours.com\/fr\/producto\/route-panoramique-dans-le-parc-de-teno\/#breadcrumb"},"inLanguage":"fr-FR","potentialAction":[{"@type":"ReadAction","target":["https:\/\/sergiowalkingtours.com\/fr\/producto\/route-panoramique-dans-le-parc-de-teno\/"]}]},{"@type":"ImageObject","inLanguage":"fr-FR","@id":"https:\/\/sergiowalkingtours.com\/fr\/producto\/route-panoramique-dans-le-parc-de-teno\/#primaryimage","url":"https:\/\/sergiowalkingtours.com\/wp-content\/uploads\/2023\/07\/00_Foto_Portada_Exc.-en_Grupo-Ruta-panoramica_en_-el_-Parque_de_Teno.jpeg","contentUrl":"https:\/\/sergiowalkingtours.com\/wp-content\/uploads\/2023\/07\/00_Foto_Portada_Exc.-en_Grupo-Ruta-panoramica_en_-el_-Parque_de_Teno.jpeg","width":1024,"height":768},{"@type":"BreadcrumbList","@id":"https:\/\/sergiowalkingtours.com\/fr\/producto\/route-panoramique-dans-le-parc-de-teno\/#breadcrumb","itemListElement":[{"@type":"ListItem","position":1,"name":"Home","item":"https:\/\/sergiowalkingtours.com\/fr\/"},{"@type":"ListItem","position":2,"name":"Boutique","item":"https:\/\/sergiowalkingtours.com\/fr\/boutique\/"},{"@type":"ListItem","position":3,"name":"Route panoramique dans le parc de Teno"}]},{"@type":"WebSite","@id":"https:\/\/sergiowalkingtours.com\/fr\/#website","url":"https:\/\/sergiowalkingtours.com\/fr\/","name":"Sergio Walking Tours - Tu gu\u00eda profesional","description":"See Tenerife through the eyes of a local","potentialAction":[{"@type":"SearchAction","target":{"@type":"EntryPoint","urlTemplate":"https:\/\/sergiowalkingtours.com\/fr\/?s={search_term_string}"},"query-input":{"@type":"PropertyValueSpecification","valueRequired":true,"valueName":"search_term_string"}}],"inLanguage":"fr-FR"}]}},"_links":{"self":[{"href":"https:\/\/sergiowalkingtours.com\/fr\/wp-json\/wp\/v2\/product\/2274","targetHints":{"allow":["GET"]}}],"collection":[{"href":"https:\/\/sergiowalkingtours.com\/fr\/wp-json\/wp\/v2\/product"}],"about":[{"href":"https:\/\/sergiowalkingtours.com\/fr\/wp-json\/wp\/v2\/types\/product"}],"wp:featuredmedia":[{"embeddable":true,"href":"https:\/\/sergiowalkingtours.com\/fr\/wp-json\/wp\/v2\/media\/2839"}],"wp:attachment":[{"href":"https:\/\/sergiowalkingtours.com\/fr\/wp-json\/wp\/v2\/media?parent=2274"}],"wp:term":[{"taxonomy":"product_brand","embeddable":true,"href":"https:\/\/sergiowalkingtours.com\/fr\/wp-json\/wp\/v2\/product_brand?post=2274"},{"taxonomy":"product_cat","embeddable":true,"href":"https:\/\/sergiowalkingtours.com\/fr\/wp-json\/wp\/v2\/product_cat?post=2274"},{"taxonomy":"product_tag","embeddable":true,"href":"https:\/\/sergiowalkingtours.com\/fr\/wp-json\/wp\/v2\/product_tag?post=2274"}],"curies":[{"name":"wp","href":"https:\/\/api.w.org\/{rel}","templated":true}]}}