{"id":2269,"date":"2023-08-03T10:03:42","date_gmt":"2023-08-03T10:03:42","guid":{"rendered":"https:\/\/walkingtours.e2w.es\/producto\/montagne-deau\/"},"modified":"2025-02-17T22:10:31","modified_gmt":"2025-02-17T22:10:31","slug":"foret-enchante-monte-del-agua","status":"publish","type":"product","link":"https:\/\/sergiowalkingtours.com\/fr\/producto\/foret-enchante-monte-del-agua\/","title":{"rendered":"Monte del Agua"},"content":{"rendered":"<p>Nous nous prom\u00e8nerons dans l&rsquo;un des paysages les plus beaux et les plus embl\u00e9matiques de Tenerife. Le Monte del Agua, \u00e9galement connu sous le nom de Monteverde, comprend une vaste for\u00eat tropicale de lauriers canariens travers\u00e9e par de profonds ravins et galeries dans lesquels l&rsquo;eau jaillit des profondeurs de l&rsquo;\u00eele. Cette immense masse foresti\u00e8re abrite des animaux et des plantes uniques au monde. Nous y d\u00e9couvrirons des sp\u00e9cimens end\u00e9miques de bruy\u00e8res et de lauriers g\u00e9ants ainsi qu\u2019une multitude de plantes et de fleurs subtropicales. En traversant la for\u00eat, le chant des merles, des canaris et des rouges-gorges se m\u00eale au vol des pigeons de laurier. Nous verrons des fermes abandonn\u00e9es et des chemins ruraux utilis\u00e9s il n&rsquo;y a pas si longtemps par les habitants pour se rendre de la c\u00f4te au sommet et vice-versa. Tout cela forme un monde v\u00e9g\u00e9tal vert si plein de vie que vous serez agr\u00e9ablement \u00e9tonn\u00e9. En fin de parcours, une agr\u00e9able surprise sc\u00e9nique nous attend avec un restaurant typique o\u00f9 nous porterons un toast pour avoir partag\u00e9 une journ\u00e9e extraordinaire dans la nature. <strong>Portez des chaussures de randonn\u00e9e ou de sport avec de bonnes semelles et emportez un imperm\u00e9able, une protection solaire et suffisamment d&rsquo;eau.<\/strong><\/p>\n<p><strong>Cette randonn\u00e9e convient aux enfants \u00e0 partir de 12 ans. Les mineurs doivent \u00eatre accompagn\u00e9s d&rsquo;un adulte.<\/strong><\/p>\n<p><b>Le prix est pour un groupe priv\u00e9 de 1 \u00e0 4 personnes. Prix par personne suppl\u00e9mentaire 45\u20ac. Maximum 8 personnes.<\/b><\/p>\n","protected":false},"excerpt":{"rendered":"<p>Nous nous prom\u00e8nerons dans l&rsquo;un des paysages les plus beaux et les plus embl\u00e9matiques de Tenerife. Le Monte del Agua, \u00e9galement connu sous le nom de Monteverde, comprend une vaste for\u00eat tropicale de lauriers canariens travers\u00e9e par de profonds ravins et galeries dans lesquels l&rsquo;eau jaillit des profondeurs de l&rsquo;\u00eele. Cette immense masse foresti\u00e8re abrite [&hellip;]<\/p>\n","protected":false},"featured_media":2779,"template":"","meta":{"_acf_changed":false,"_et_pb_use_builder":"","_et_pb_old_content":"","_et_gb_content_width":""},"product_brand":[],"product_cat":[68],"product_tag":[],"class_list":{"0":"post-2269","1":"product","2":"type-product","3":"status-publish","4":"has-post-thumbnail","6":"product_cat-excursions-vip","8":"first","9":"instock","10":"shipping-taxable","11":"purchasable","12":"product-type-phive_booking"},"acf":[],"yoast_head":"<!-- This site is optimized with the Yoast SEO plugin v27.3 - https:\/\/yoast.com\/product\/yoast-seo-wordpress\/ -->\n<title>Monte del Agua - Sergio Walking Tours - Tu gu\u00eda profesional<\/title>\n<meta name=\"robots\" content=\"index, follow, max-snippet:-1, max-image-preview:large, max-video-preview:-1\" \/>\n<link rel=\"canonical\" href=\"https:\/\/sergiowalkingtours.com\/fr\/producto\/foret-enchante-monte-del-agua\/\" \/>\n<meta property=\"og:locale\" content=\"fr_FR\" \/>\n<meta property=\"og:type\" content=\"article\" \/>\n<meta property=\"og:title\" content=\"Monte del Agua - Sergio Walking Tours - Tu gu\u00eda profesional\" \/>\n<meta property=\"og:description\" content=\"Nous nous prom\u00e8nerons dans l&rsquo;un des paysages les plus beaux et les plus embl\u00e9matiques de Tenerife. Le Monte del Agua, \u00e9galement connu sous le nom de Monteverde, comprend une vaste for\u00eat tropicale de lauriers canariens travers\u00e9e par de profonds ravins et galeries dans lesquels l&rsquo;eau jaillit des profondeurs de l&rsquo;\u00eele. Cette immense masse foresti\u00e8re abrite [&hellip;]\" \/>\n<meta property=\"og:url\" content=\"https:\/\/sergiowalkingtours.com\/fr\/producto\/foret-enchante-monte-del-agua\/\" \/>\n<meta property=\"og:site_name\" content=\"Sergio Walking Tours - Tu gu\u00eda profesional\" \/>\n<meta property=\"article:modified_time\" content=\"2025-02-17T22:10:31+00:00\" \/>\n<meta property=\"og:image\" content=\"https:\/\/sergiowalkingtours.com\/wp-content\/uploads\/2023\/08\/00_Foto_Portada_no1_El_Monte_del_Agua.jpg\" \/>\n\t<meta property=\"og:image:width\" content=\"1920\" \/>\n\t<meta property=\"og:image:height\" content=\"1440\" \/>\n\t<meta property=\"og:image:type\" content=\"image\/jpeg\" \/>\n<meta name=\"twitter:card\" content=\"summary_large_image\" \/>\n<meta name=\"twitter:label1\" content=\"Dur\u00e9e de lecture estim\u00e9e\" \/>\n\t<meta name=\"twitter:data1\" content=\"2 minutes\" \/>\n<script type=\"application\/ld+json\" class=\"yoast-schema-graph\">{\"@context\":\"https:\\\/\\\/schema.org\",\"@graph\":[{\"@type\":\"WebPage\",\"@id\":\"https:\\\/\\\/sergiowalkingtours.com\\\/fr\\\/producto\\\/foret-enchante-monte-del-agua\\\/\",\"url\":\"https:\\\/\\\/sergiowalkingtours.com\\\/fr\\\/producto\\\/foret-enchante-monte-del-agua\\\/\",\"name\":\"Monte del Agua - Sergio Walking Tours - Tu gu\u00eda profesional\",\"isPartOf\":{\"@id\":\"https:\\\/\\\/sergiowalkingtours.com\\\/fr\\\/#website\"},\"primaryImageOfPage\":{\"@id\":\"https:\\\/\\\/sergiowalkingtours.com\\\/fr\\\/producto\\\/foret-enchante-monte-del-agua\\\/#primaryimage\"},\"image\":{\"@id\":\"https:\\\/\\\/sergiowalkingtours.com\\\/fr\\\/producto\\\/foret-enchante-monte-del-agua\\\/#primaryimage\"},\"thumbnailUrl\":\"https:\\\/\\\/sergiowalkingtours.com\\\/wp-content\\\/uploads\\\/2023\\\/08\\\/00_Foto_Portada_no1_El_Monte_del_Agua.jpg\",\"datePublished\":\"2023-08-03T10:03:42+00:00\",\"dateModified\":\"2025-02-17T22:10:31+00:00\",\"breadcrumb\":{\"@id\":\"https:\\\/\\\/sergiowalkingtours.com\\\/fr\\\/producto\\\/foret-enchante-monte-del-agua\\\/#breadcrumb\"},\"inLanguage\":\"fr-FR\",\"potentialAction\":[{\"@type\":\"ReadAction\",\"target\":[\"https:\\\/\\\/sergiowalkingtours.com\\\/fr\\\/producto\\\/foret-enchante-monte-del-agua\\\/\"]}]},{\"@type\":\"ImageObject\",\"inLanguage\":\"fr-FR\",\"@id\":\"https:\\\/\\\/sergiowalkingtours.com\\\/fr\\\/producto\\\/foret-enchante-monte-del-agua\\\/#primaryimage\",\"url\":\"https:\\\/\\\/sergiowalkingtours.com\\\/wp-content\\\/uploads\\\/2023\\\/08\\\/00_Foto_Portada_no1_El_Monte_del_Agua.jpg\",\"contentUrl\":\"https:\\\/\\\/sergiowalkingtours.com\\\/wp-content\\\/uploads\\\/2023\\\/08\\\/00_Foto_Portada_no1_El_Monte_del_Agua.jpg\",\"width\":1920,\"height\":1440},{\"@type\":\"BreadcrumbList\",\"@id\":\"https:\\\/\\\/sergiowalkingtours.com\\\/fr\\\/producto\\\/foret-enchante-monte-del-agua\\\/#breadcrumb\",\"itemListElement\":[{\"@type\":\"ListItem\",\"position\":1,\"name\":\"Home\",\"item\":\"https:\\\/\\\/sergiowalkingtours.com\\\/fr\\\/\"},{\"@type\":\"ListItem\",\"position\":2,\"name\":\"Boutique\",\"item\":\"https:\\\/\\\/sergiowalkingtours.com\\\/fr\\\/boutique\\\/\"},{\"@type\":\"ListItem\",\"position\":3,\"name\":\"Monte del Agua\"}]},{\"@type\":\"WebSite\",\"@id\":\"https:\\\/\\\/sergiowalkingtours.com\\\/fr\\\/#website\",\"url\":\"https:\\\/\\\/sergiowalkingtours.com\\\/fr\\\/\",\"name\":\"Sergio Walking Tours - Tu gu\u00eda profesional\",\"description\":\"See Tenerife through the eyes of a local\",\"potentialAction\":[{\"@type\":\"SearchAction\",\"target\":{\"@type\":\"EntryPoint\",\"urlTemplate\":\"https:\\\/\\\/sergiowalkingtours.com\\\/fr\\\/?s={search_term_string}\"},\"query-input\":{\"@type\":\"PropertyValueSpecification\",\"valueRequired\":true,\"valueName\":\"search_term_string\"}}],\"inLanguage\":\"fr-FR\"}]}<\/script>\n<!-- \/ Yoast SEO plugin. -->","yoast_head_json":{"title":"Monte del Agua - Sergio Walking Tours - Tu gu\u00eda profesional","robots":{"index":"index","follow":"follow","max-snippet":"max-snippet:-1","max-image-preview":"max-image-preview:large","max-video-preview":"max-video-preview:-1"},"canonical":"https:\/\/sergiowalkingtours.com\/fr\/producto\/foret-enchante-monte-del-agua\/","og_locale":"fr_FR","og_type":"article","og_title":"Monte del Agua - Sergio Walking Tours - Tu gu\u00eda profesional","og_description":"Nous nous prom\u00e8nerons dans l&rsquo;un des paysages les plus beaux et les plus embl\u00e9matiques de Tenerife. Le Monte del Agua, \u00e9galement connu sous le nom de Monteverde, comprend une vaste for\u00eat tropicale de lauriers canariens travers\u00e9e par de profonds ravins et galeries dans lesquels l&rsquo;eau jaillit des profondeurs de l&rsquo;\u00eele. Cette immense masse foresti\u00e8re abrite [&hellip;]","og_url":"https:\/\/sergiowalkingtours.com\/fr\/producto\/foret-enchante-monte-del-agua\/","og_site_name":"Sergio Walking Tours - Tu gu\u00eda profesional","article_modified_time":"2025-02-17T22:10:31+00:00","og_image":[{"width":1920,"height":1440,"url":"https:\/\/sergiowalkingtours.com\/wp-content\/uploads\/2023\/08\/00_Foto_Portada_no1_El_Monte_del_Agua.jpg","type":"image\/jpeg"}],"twitter_card":"summary_large_image","twitter_misc":{"Dur\u00e9e de lecture estim\u00e9e":"2 minutes"},"schema":{"@context":"https:\/\/schema.org","@graph":[{"@type":"WebPage","@id":"https:\/\/sergiowalkingtours.com\/fr\/producto\/foret-enchante-monte-del-agua\/","url":"https:\/\/sergiowalkingtours.com\/fr\/producto\/foret-enchante-monte-del-agua\/","name":"Monte del Agua - Sergio Walking Tours - Tu gu\u00eda profesional","isPartOf":{"@id":"https:\/\/sergiowalkingtours.com\/fr\/#website"},"primaryImageOfPage":{"@id":"https:\/\/sergiowalkingtours.com\/fr\/producto\/foret-enchante-monte-del-agua\/#primaryimage"},"image":{"@id":"https:\/\/sergiowalkingtours.com\/fr\/producto\/foret-enchante-monte-del-agua\/#primaryimage"},"thumbnailUrl":"https:\/\/sergiowalkingtours.com\/wp-content\/uploads\/2023\/08\/00_Foto_Portada_no1_El_Monte_del_Agua.jpg","datePublished":"2023-08-03T10:03:42+00:00","dateModified":"2025-02-17T22:10:31+00:00","breadcrumb":{"@id":"https:\/\/sergiowalkingtours.com\/fr\/producto\/foret-enchante-monte-del-agua\/#breadcrumb"},"inLanguage":"fr-FR","potentialAction":[{"@type":"ReadAction","target":["https:\/\/sergiowalkingtours.com\/fr\/producto\/foret-enchante-monte-del-agua\/"]}]},{"@type":"ImageObject","inLanguage":"fr-FR","@id":"https:\/\/sergiowalkingtours.com\/fr\/producto\/foret-enchante-monte-del-agua\/#primaryimage","url":"https:\/\/sergiowalkingtours.com\/wp-content\/uploads\/2023\/08\/00_Foto_Portada_no1_El_Monte_del_Agua.jpg","contentUrl":"https:\/\/sergiowalkingtours.com\/wp-content\/uploads\/2023\/08\/00_Foto_Portada_no1_El_Monte_del_Agua.jpg","width":1920,"height":1440},{"@type":"BreadcrumbList","@id":"https:\/\/sergiowalkingtours.com\/fr\/producto\/foret-enchante-monte-del-agua\/#breadcrumb","itemListElement":[{"@type":"ListItem","position":1,"name":"Home","item":"https:\/\/sergiowalkingtours.com\/fr\/"},{"@type":"ListItem","position":2,"name":"Boutique","item":"https:\/\/sergiowalkingtours.com\/fr\/boutique\/"},{"@type":"ListItem","position":3,"name":"Monte del Agua"}]},{"@type":"WebSite","@id":"https:\/\/sergiowalkingtours.com\/fr\/#website","url":"https:\/\/sergiowalkingtours.com\/fr\/","name":"Sergio Walking Tours - Tu gu\u00eda profesional","description":"See Tenerife through the eyes of a local","potentialAction":[{"@type":"SearchAction","target":{"@type":"EntryPoint","urlTemplate":"https:\/\/sergiowalkingtours.com\/fr\/?s={search_term_string}"},"query-input":{"@type":"PropertyValueSpecification","valueRequired":true,"valueName":"search_term_string"}}],"inLanguage":"fr-FR"}]}},"_links":{"self":[{"href":"https:\/\/sergiowalkingtours.com\/fr\/wp-json\/wp\/v2\/product\/2269","targetHints":{"allow":["GET"]}}],"collection":[{"href":"https:\/\/sergiowalkingtours.com\/fr\/wp-json\/wp\/v2\/product"}],"about":[{"href":"https:\/\/sergiowalkingtours.com\/fr\/wp-json\/wp\/v2\/types\/product"}],"wp:featuredmedia":[{"embeddable":true,"href":"https:\/\/sergiowalkingtours.com\/fr\/wp-json\/wp\/v2\/media\/2779"}],"wp:attachment":[{"href":"https:\/\/sergiowalkingtours.com\/fr\/wp-json\/wp\/v2\/media?parent=2269"}],"wp:term":[{"taxonomy":"product_brand","embeddable":true,"href":"https:\/\/sergiowalkingtours.com\/fr\/wp-json\/wp\/v2\/product_brand?post=2269"},{"taxonomy":"product_cat","embeddable":true,"href":"https:\/\/sergiowalkingtours.com\/fr\/wp-json\/wp\/v2\/product_cat?post=2269"},{"taxonomy":"product_tag","embeddable":true,"href":"https:\/\/sergiowalkingtours.com\/fr\/wp-json\/wp\/v2\/product_tag?post=2269"}],"curies":[{"name":"wp","href":"https:\/\/api.w.org\/{rel}","templated":true}]}}