{"id":2265,"date":"2023-08-03T10:34:58","date_gmt":"2023-08-03T10:34:58","guid":{"rendered":"https:\/\/walkingtours.e2w.es\/producto\/route-panoramique-dans-le-teide-n-p-teide\/"},"modified":"2025-11-30T19:50:16","modified_gmt":"2025-11-30T19:50:16","slug":"route-scenique-parc-national-du-teide","status":"publish","type":"product","link":"https:\/\/sergiowalkingtours.com\/fr\/producto\/route-scenique-parc-national-du-teide\/","title":{"rendered":"Route sc\u00e9nique dans le Parc National du Teide"},"content":{"rendered":"<p>Nous marcherons \u00e0 travers une magnifique for\u00eat de pins canariens qui a colonis\u00e9 un paysage volcanique constitu\u00e9 de pyroclastes provenant d&rsquo;\u00e9ruptions r\u00e9centes. L\u2019itin\u00e9raire suit un chemin de cendres noires, bord\u00e9 de pins verts et sous un ciel bleu, jusqu\u2019\u00e0 l\u2019endroit o\u00f9 la mer de nuages mystique peut nous surprendre. Nous continuerons ensuite notre route en montant les pentes du volcan Monta\u00f1a La Botija, jusqu\u2019\u00e0 un point de vue d\u2019o\u00f9 nous pourrons admirer le fantastique d\u00e9cor naturel offert par les volcans Monta\u00f1a Reventada (2.230 m\u00e8tres), Pico Viejo (3.135 m\u00e8tres) et Teide (3.715 m\u00e8tres). Dans ce paysage surr\u00e9aliste, vous aurez l&rsquo;impression d&rsquo;\u00eatre sur une autre plan\u00e8te. Outre les pins, sa flore regorge de gen\u00eats, de cytises et de rosiers. C\u00f4t\u00e9 faune, il est possible d&rsquo;observer plusieurs oiseaux end\u00e9miques qui habitent ces lieux o\u00f9 la for\u00eat de pins et les bois de gen\u00eats se rencontrent. Cette zone naturelle a \u00e9t\u00e9 inscrite au patrimoine mondial de l\u2019UNESCO en 2007 et a servi de d\u00e9cor \u00e0 de c\u00e9l\u00e8bres films de science-fiction. Nous profiterons d&rsquo;une ascension jusqu&rsquo;au sommet du volcan de Samara (1.937 m\u00e8tres), d&rsquo;o\u00f9 l&rsquo;on peut admirer de vastes panoramas spectaculaires sur plusieurs c\u00f4nes volcaniques voisins, l&rsquo;\u00eele de La Gomera et les sommets du parc rural de Teno. Pour terminer la randonn\u00e9e, nous trinquerons dans un restaurant local en \u00e9changeant nos impressions sur ce lieu merveilleux que nous garderons en m\u00e9moire. <strong>Portez des chaussures de randonn\u00e9e ou de sport avec de bonnes semelles et emportez un imperm\u00e9able, des v\u00eatements chauds, une protection solaire et suffisamment d&rsquo;eau.<\/strong><\/p>\n<p><strong>Cette randonn\u00e9e convient aux enfants \u00e0 partir de 12 ans. Les mineurs doivent \u00eatre accompagn\u00e9s d&rsquo;un adulte.<\/strong><\/p>\n<p><b>Le prix est pour un groupe priv\u00e9 de 1 \u00e0 4 personnes. Prix par personne suppl\u00e9mentaire 45\u20ac. Maximum 8 personnes.<\/b><\/p>\n","protected":false},"excerpt":{"rendered":"<p>Nous marcherons \u00e0 travers une magnifique for\u00eat de pins canariens qui a colonis\u00e9 un paysage volcanique constitu\u00e9 de pyroclastes provenant d&rsquo;\u00e9ruptions r\u00e9centes. L\u2019itin\u00e9raire suit un chemin de cendres noires, bord\u00e9 de pins verts et sous un ciel bleu, jusqu\u2019\u00e0 l\u2019endroit o\u00f9 la mer de nuages mystique peut nous surprendre. Nous continuerons ensuite notre route en [&hellip;]<\/p>\n","protected":false},"featured_media":2738,"template":"","meta":{"_acf_changed":false,"_et_pb_use_builder":"","_et_pb_old_content":"","_et_gb_content_width":""},"product_brand":[],"product_cat":[68],"product_tag":[],"class_list":{"0":"post-2265","1":"product","2":"type-product","3":"status-publish","4":"has-post-thumbnail","6":"product_cat-excursions-vip","8":"first","9":"instock","10":"virtual","11":"purchasable","12":"product-type-phive_booking"},"acf":[],"yoast_head":"<!-- This site is optimized with the Yoast SEO plugin v27.3 - https:\/\/yoast.com\/product\/yoast-seo-wordpress\/ -->\n<title>Route sc\u00e9nique dans le Parc National du Teide - Sergio Walking Tours - Tu gu\u00eda profesional<\/title>\n<meta name=\"robots\" content=\"index, follow, max-snippet:-1, max-image-preview:large, max-video-preview:-1\" \/>\n<link rel=\"canonical\" href=\"https:\/\/sergiowalkingtours.com\/fr\/producto\/route-scenique-parc-national-du-teide\/\" \/>\n<meta property=\"og:locale\" content=\"fr_FR\" \/>\n<meta property=\"og:type\" content=\"article\" \/>\n<meta property=\"og:title\" content=\"Route sc\u00e9nique dans le Parc National du Teide - Sergio Walking Tours - Tu gu\u00eda profesional\" \/>\n<meta property=\"og:description\" content=\"Nous marcherons \u00e0 travers une magnifique for\u00eat de pins canariens qui a colonis\u00e9 un paysage volcanique constitu\u00e9 de pyroclastes provenant d&rsquo;\u00e9ruptions r\u00e9centes. L\u2019itin\u00e9raire suit un chemin de cendres noires, bord\u00e9 de pins verts et sous un ciel bleu, jusqu\u2019\u00e0 l\u2019endroit o\u00f9 la mer de nuages mystique peut nous surprendre. Nous continuerons ensuite notre route en [&hellip;]\" \/>\n<meta property=\"og:url\" content=\"https:\/\/sergiowalkingtours.com\/fr\/producto\/route-scenique-parc-national-du-teide\/\" \/>\n<meta property=\"og:site_name\" content=\"Sergio Walking Tours - Tu gu\u00eda profesional\" \/>\n<meta property=\"article:modified_time\" content=\"2025-11-30T19:50:16+00:00\" \/>\n<meta property=\"og:image\" content=\"https:\/\/sergiowalkingtours.com\/wp-content\/uploads\/2023\/08\/Foto_Portada_Exc_Ruta-panoramica-en-el-P.-N.-Teide_2.jpg\" \/>\n\t<meta property=\"og:image:width\" content=\"1280\" \/>\n\t<meta property=\"og:image:height\" content=\"960\" \/>\n\t<meta property=\"og:image:type\" content=\"image\/jpeg\" \/>\n<meta name=\"twitter:card\" content=\"summary_large_image\" \/>\n<meta name=\"twitter:label1\" content=\"Dur\u00e9e de lecture estim\u00e9e\" \/>\n\t<meta name=\"twitter:data1\" content=\"2 minutes\" \/>\n<script type=\"application\/ld+json\" class=\"yoast-schema-graph\">{\"@context\":\"https:\\\/\\\/schema.org\",\"@graph\":[{\"@type\":\"WebPage\",\"@id\":\"https:\\\/\\\/sergiowalkingtours.com\\\/fr\\\/producto\\\/route-scenique-parc-national-du-teide\\\/\",\"url\":\"https:\\\/\\\/sergiowalkingtours.com\\\/fr\\\/producto\\\/route-scenique-parc-national-du-teide\\\/\",\"name\":\"Route sc\u00e9nique dans le Parc National du Teide - Sergio Walking Tours - Tu gu\u00eda profesional\",\"isPartOf\":{\"@id\":\"https:\\\/\\\/sergiowalkingtours.com\\\/fr\\\/#website\"},\"primaryImageOfPage\":{\"@id\":\"https:\\\/\\\/sergiowalkingtours.com\\\/fr\\\/producto\\\/route-scenique-parc-national-du-teide\\\/#primaryimage\"},\"image\":{\"@id\":\"https:\\\/\\\/sergiowalkingtours.com\\\/fr\\\/producto\\\/route-scenique-parc-national-du-teide\\\/#primaryimage\"},\"thumbnailUrl\":\"https:\\\/\\\/sergiowalkingtours.com\\\/wp-content\\\/uploads\\\/2023\\\/08\\\/Foto_Portada_Exc_Ruta-panoramica-en-el-P.-N.-Teide_2.jpg\",\"datePublished\":\"2023-08-03T10:34:58+00:00\",\"dateModified\":\"2025-11-30T19:50:16+00:00\",\"breadcrumb\":{\"@id\":\"https:\\\/\\\/sergiowalkingtours.com\\\/fr\\\/producto\\\/route-scenique-parc-national-du-teide\\\/#breadcrumb\"},\"inLanguage\":\"fr-FR\",\"potentialAction\":[{\"@type\":\"ReadAction\",\"target\":[\"https:\\\/\\\/sergiowalkingtours.com\\\/fr\\\/producto\\\/route-scenique-parc-national-du-teide\\\/\"]}]},{\"@type\":\"ImageObject\",\"inLanguage\":\"fr-FR\",\"@id\":\"https:\\\/\\\/sergiowalkingtours.com\\\/fr\\\/producto\\\/route-scenique-parc-national-du-teide\\\/#primaryimage\",\"url\":\"https:\\\/\\\/sergiowalkingtours.com\\\/wp-content\\\/uploads\\\/2023\\\/08\\\/Foto_Portada_Exc_Ruta-panoramica-en-el-P.-N.-Teide_2.jpg\",\"contentUrl\":\"https:\\\/\\\/sergiowalkingtours.com\\\/wp-content\\\/uploads\\\/2023\\\/08\\\/Foto_Portada_Exc_Ruta-panoramica-en-el-P.-N.-Teide_2.jpg\",\"width\":1280,\"height\":960,\"caption\":\"Foto_Excursi\u00f3n_VIP_Ruta_panora\u0301mica_en_el_P._N._Teide - volcanes Monta\u00f1a Reventada - Pico Viejo _ Teide\"},{\"@type\":\"BreadcrumbList\",\"@id\":\"https:\\\/\\\/sergiowalkingtours.com\\\/fr\\\/producto\\\/route-scenique-parc-national-du-teide\\\/#breadcrumb\",\"itemListElement\":[{\"@type\":\"ListItem\",\"position\":1,\"name\":\"Home\",\"item\":\"https:\\\/\\\/sergiowalkingtours.com\\\/fr\\\/\"},{\"@type\":\"ListItem\",\"position\":2,\"name\":\"Boutique\",\"item\":\"https:\\\/\\\/sergiowalkingtours.com\\\/fr\\\/boutique\\\/\"},{\"@type\":\"ListItem\",\"position\":3,\"name\":\"Route sc\u00e9nique dans le Parc National du Teide\"}]},{\"@type\":\"WebSite\",\"@id\":\"https:\\\/\\\/sergiowalkingtours.com\\\/fr\\\/#website\",\"url\":\"https:\\\/\\\/sergiowalkingtours.com\\\/fr\\\/\",\"name\":\"Sergio Walking Tours - Tu gu\u00eda profesional\",\"description\":\"See Tenerife through the eyes of a local\",\"potentialAction\":[{\"@type\":\"SearchAction\",\"target\":{\"@type\":\"EntryPoint\",\"urlTemplate\":\"https:\\\/\\\/sergiowalkingtours.com\\\/fr\\\/?s={search_term_string}\"},\"query-input\":{\"@type\":\"PropertyValueSpecification\",\"valueRequired\":true,\"valueName\":\"search_term_string\"}}],\"inLanguage\":\"fr-FR\"}]}<\/script>\n<!-- \/ Yoast SEO plugin. -->","yoast_head_json":{"title":"Route sc\u00e9nique dans le Parc National du Teide - Sergio Walking Tours - Tu gu\u00eda profesional","robots":{"index":"index","follow":"follow","max-snippet":"max-snippet:-1","max-image-preview":"max-image-preview:large","max-video-preview":"max-video-preview:-1"},"canonical":"https:\/\/sergiowalkingtours.com\/fr\/producto\/route-scenique-parc-national-du-teide\/","og_locale":"fr_FR","og_type":"article","og_title":"Route sc\u00e9nique dans le Parc National du Teide - Sergio Walking Tours - Tu gu\u00eda profesional","og_description":"Nous marcherons \u00e0 travers une magnifique for\u00eat de pins canariens qui a colonis\u00e9 un paysage volcanique constitu\u00e9 de pyroclastes provenant d&rsquo;\u00e9ruptions r\u00e9centes. L\u2019itin\u00e9raire suit un chemin de cendres noires, bord\u00e9 de pins verts et sous un ciel bleu, jusqu\u2019\u00e0 l\u2019endroit o\u00f9 la mer de nuages mystique peut nous surprendre. Nous continuerons ensuite notre route en [&hellip;]","og_url":"https:\/\/sergiowalkingtours.com\/fr\/producto\/route-scenique-parc-national-du-teide\/","og_site_name":"Sergio Walking Tours - Tu gu\u00eda profesional","article_modified_time":"2025-11-30T19:50:16+00:00","og_image":[{"width":1280,"height":960,"url":"https:\/\/sergiowalkingtours.com\/wp-content\/uploads\/2023\/08\/Foto_Portada_Exc_Ruta-panoramica-en-el-P.-N.-Teide_2.jpg","type":"image\/jpeg"}],"twitter_card":"summary_large_image","twitter_misc":{"Dur\u00e9e de lecture estim\u00e9e":"2 minutes"},"schema":{"@context":"https:\/\/schema.org","@graph":[{"@type":"WebPage","@id":"https:\/\/sergiowalkingtours.com\/fr\/producto\/route-scenique-parc-national-du-teide\/","url":"https:\/\/sergiowalkingtours.com\/fr\/producto\/route-scenique-parc-national-du-teide\/","name":"Route sc\u00e9nique dans le Parc National du Teide - Sergio Walking Tours - Tu gu\u00eda profesional","isPartOf":{"@id":"https:\/\/sergiowalkingtours.com\/fr\/#website"},"primaryImageOfPage":{"@id":"https:\/\/sergiowalkingtours.com\/fr\/producto\/route-scenique-parc-national-du-teide\/#primaryimage"},"image":{"@id":"https:\/\/sergiowalkingtours.com\/fr\/producto\/route-scenique-parc-national-du-teide\/#primaryimage"},"thumbnailUrl":"https:\/\/sergiowalkingtours.com\/wp-content\/uploads\/2023\/08\/Foto_Portada_Exc_Ruta-panoramica-en-el-P.-N.-Teide_2.jpg","datePublished":"2023-08-03T10:34:58+00:00","dateModified":"2025-11-30T19:50:16+00:00","breadcrumb":{"@id":"https:\/\/sergiowalkingtours.com\/fr\/producto\/route-scenique-parc-national-du-teide\/#breadcrumb"},"inLanguage":"fr-FR","potentialAction":[{"@type":"ReadAction","target":["https:\/\/sergiowalkingtours.com\/fr\/producto\/route-scenique-parc-national-du-teide\/"]}]},{"@type":"ImageObject","inLanguage":"fr-FR","@id":"https:\/\/sergiowalkingtours.com\/fr\/producto\/route-scenique-parc-national-du-teide\/#primaryimage","url":"https:\/\/sergiowalkingtours.com\/wp-content\/uploads\/2023\/08\/Foto_Portada_Exc_Ruta-panoramica-en-el-P.-N.-Teide_2.jpg","contentUrl":"https:\/\/sergiowalkingtours.com\/wp-content\/uploads\/2023\/08\/Foto_Portada_Exc_Ruta-panoramica-en-el-P.-N.-Teide_2.jpg","width":1280,"height":960,"caption":"Foto_Excursi\u00f3n_VIP_Ruta_panora\u0301mica_en_el_P._N._Teide - volcanes Monta\u00f1a Reventada - Pico Viejo _ Teide"},{"@type":"BreadcrumbList","@id":"https:\/\/sergiowalkingtours.com\/fr\/producto\/route-scenique-parc-national-du-teide\/#breadcrumb","itemListElement":[{"@type":"ListItem","position":1,"name":"Home","item":"https:\/\/sergiowalkingtours.com\/fr\/"},{"@type":"ListItem","position":2,"name":"Boutique","item":"https:\/\/sergiowalkingtours.com\/fr\/boutique\/"},{"@type":"ListItem","position":3,"name":"Route sc\u00e9nique dans le Parc National du Teide"}]},{"@type":"WebSite","@id":"https:\/\/sergiowalkingtours.com\/fr\/#website","url":"https:\/\/sergiowalkingtours.com\/fr\/","name":"Sergio Walking Tours - Tu gu\u00eda profesional","description":"See Tenerife through the eyes of a local","potentialAction":[{"@type":"SearchAction","target":{"@type":"EntryPoint","urlTemplate":"https:\/\/sergiowalkingtours.com\/fr\/?s={search_term_string}"},"query-input":{"@type":"PropertyValueSpecification","valueRequired":true,"valueName":"search_term_string"}}],"inLanguage":"fr-FR"}]}},"_links":{"self":[{"href":"https:\/\/sergiowalkingtours.com\/fr\/wp-json\/wp\/v2\/product\/2265","targetHints":{"allow":["GET"]}}],"collection":[{"href":"https:\/\/sergiowalkingtours.com\/fr\/wp-json\/wp\/v2\/product"}],"about":[{"href":"https:\/\/sergiowalkingtours.com\/fr\/wp-json\/wp\/v2\/types\/product"}],"wp:featuredmedia":[{"embeddable":true,"href":"https:\/\/sergiowalkingtours.com\/fr\/wp-json\/wp\/v2\/media\/2738"}],"wp:attachment":[{"href":"https:\/\/sergiowalkingtours.com\/fr\/wp-json\/wp\/v2\/media?parent=2265"}],"wp:term":[{"taxonomy":"product_brand","embeddable":true,"href":"https:\/\/sergiowalkingtours.com\/fr\/wp-json\/wp\/v2\/product_brand?post=2265"},{"taxonomy":"product_cat","embeddable":true,"href":"https:\/\/sergiowalkingtours.com\/fr\/wp-json\/wp\/v2\/product_cat?post=2265"},{"taxonomy":"product_tag","embeddable":true,"href":"https:\/\/sergiowalkingtours.com\/fr\/wp-json\/wp\/v2\/product_tag?post=2265"}],"curies":[{"name":"wp","href":"https:\/\/api.w.org\/{rel}","templated":true}]}}