{"id":2037,"date":"2023-07-24T09:53:06","date_gmt":"2023-07-24T09:53:06","guid":{"rendered":"https:\/\/walkingtours.e2w.es\/politique-de-confidentialite\/"},"modified":"2023-08-22T08:12:55","modified_gmt":"2023-08-22T08:12:55","slug":"politique-de-confidentialite","status":"publish","type":"page","link":"https:\/\/sergiowalkingtours.com\/fr\/politique-de-confidentialite\/","title":{"rendered":"Politique de confidentialit\u00e9"},"content":{"rendered":"<p>[et_pb_section fb_built=\u00a0\u00bb1&Prime; _builder_version=\u00a0\u00bb4.21.0&Prime; _module_preset=\u00a0\u00bbdefault\u00a0\u00bb global_colors_info=\u00a0\u00bb{}\u00a0\u00bb theme_builder_area=\u00a0\u00bbpost_content\u00a0\u00bb][et_pb_row _builder_version=\u00a0\u00bb4.21.0&Prime; _module_preset=\u00a0\u00bbdefault\u00a0\u00bb global_colors_info=\u00a0\u00bb{}\u00a0\u00bb theme_builder_area=\u00a0\u00bbpost_content\u00a0\u00bb][et_pb_column type=\u00a0\u00bb4_4&Prime; _builder_version=\u00a0\u00bb4.21.0&Prime; _module_preset=\u00a0\u00bbdefault\u00a0\u00bb global_colors_info=\u00a0\u00bb{}\u00a0\u00bb theme_builder_area=\u00a0\u00bbpost_content\u00a0\u00bb][et_pb_post_title meta=\u00a0\u00bboff\u00a0\u00bb featured_image=\u00a0\u00bboff\u00a0\u00bb _builder_version=\u00a0\u00bb4.21.0&Prime; _module_preset=\u00a0\u00bbdefault\u00a0\u00bb global_colors_info=\u00a0\u00bb{}\u00a0\u00bb theme_builder_area=\u00a0\u00bbpost_content\u00a0\u00bb][\/et_pb_post_title][et_pb_text _builder_version=\u00a0\u00bb4.21.0&Prime; _module_preset=\u00a0\u00bbdefault\u00a0\u00bb text_font=\u00a0\u00bb|300|||||||\u00a0\u00bb global_colors_info=\u00a0\u00bb{}\u00a0\u00bb theme_builder_area=\u00a0\u00bbpost_content\u00a0\u00bb]<\/p>\n<div class=\"et_pb_module et_pb_text et_pb_text_0 et_pb_text_align_left et_pb_bg_layout_light\">\n<p>Informations de base sur la protection des donn\u00e9es<\/p>\n<table style=\"height: 186px;\">\n<tbody>\n<tr style=\"height: 23px;\">\n<td style=\"height: 23px; width: 162.797px;\"><b>Responsable<\/b><\/td>\n<td style=\"height: 23px; width: 663.203px;\">\n<div>\n<div><b>Sergio Flores Menendez<\/b><\/div>\n<\/div>\n<\/td>\n<\/tr>\n<tr style=\"height: 23px;\">\n<td style=\"height: 23px; width: 162.797px;\"><b>Objectif<\/b><\/td>\n<td style=\"height: 23px; width: 663.203px;\">Pour traiter les demandes faites par l&rsquo;interm\u00e9diaire du site web, pour g\u00e9rer l&rsquo;envoi d&rsquo;informations<\/td>\n<\/tr>\n<tr style=\"height: 23px;\">\n<td style=\"height: 23px; width: 162.797px;\"><b>L\u00e9gitimation<\/b><\/td>\n<td style=\"height: 23px; width: 663.203px;\">Consentement de la personne concern\u00e9e et ex\u00e9cution d&rsquo;un pr\u00e9-contrat\/contrat<\/td>\n<\/tr>\n<tr style=\"height: 47px;\">\n<td style=\"height: 47px; width: 162.797px;\"><b>Destinataires<\/b><\/td>\n<td style=\"height: 47px; width: 663.203px;\">Aucune donn\u00e9e ne sera transmise \u00e0 des tiers, sauf si la loi l&rsquo;exige ou si cela est n\u00e9cessaire pour traiter votre demande.<\/td>\n<\/tr>\n<tr style=\"height: 47px;\">\n<td style=\"height: 47px; width: 162.797px;\"><b>Droits de l&rsquo;homme<\/b><\/td>\n<td style=\"height: 47px; width: 663.203px;\">Vous pouvez exercer vos droits d&rsquo;acc\u00e8s, de rectification, d&rsquo;effacement et d&rsquo;opposition, de limitation du traitement, de portabilit\u00e9 des donn\u00e9es et le droit de ne pas faire l&rsquo;objet de d\u00e9cisions individualis\u00e9es automatis\u00e9es.<\/td>\n<\/tr>\n<tr style=\"height: 23px;\">\n<td style=\"height: 23px; width: 162.797px;\"><b>Informations compl\u00e9mentaires<\/b><\/td>\n<td style=\"height: 23px; width: 663.203px;\">Des informations suppl\u00e9mentaires sur la protection des donn\u00e9es sont disponibles sur notre site web.<\/td>\n<\/tr>\n<\/tbody>\n<\/table>\n<p class=\"et_pb_text_inner\"><b>Sergio Flores Menendez<\/b>ci-apr\u00e8s, s&rsquo;engage \u00e0 respecter \u00e0 tout moment la l\u00e9gislation en vigueur en mati\u00e8re de traitement des donn\u00e9es \u00e0 caract\u00e8re personnel. Au moyen de la politique de confidentialit\u00e9 suivante  <b>Sergio Flores Menendez<\/b>conform\u00e9ment aux exigences du GDPR informe les utilisateurs :<\/p>\n<h2>1. qui est le responsable du traitement des donn\u00e9es ?<\/h2>\n<p>Le responsable du traitement de vos donn\u00e9es est  <b>Sergio Flores Menendez<\/b><\/p>\n<table style=\"width: 100%;\">\n<tbody>\n<tr>\n<td style=\"width: 73px;\"><b>Identit\u00e9<\/b><\/td>\n<td style=\"width: 292px;\"><b>Sergio Flores Menendez<\/b>  &#8211;  <strong>51377086P<\/strong><\/td>\n<\/tr>\n<tr>\n<td style=\"width: 73px;\"><b>Adresse<\/b><\/td>\n<td style=\"width: 292px;\"><strong>Calle los Molinos 15, 38480 Buenavista del Norte<\/strong><\/td>\n<\/tr>\n<tr>\n<td style=\"width: 73px;\"><b>T\u00e9l\u00e9phone<\/b><\/td>\n<td style=\"width: 292px;\"><strong>+34 608 630 552<\/strong><\/td>\n<\/tr>\n<tr>\n<td style=\"width: 73px;\"><b>Web<\/b><\/td>\n<td style=\"width: 292px;\"><strong>sergiowalkingtours.com<\/strong><\/td>\n<\/tr>\n<tr>\n<td style=\"width: 73px;\"><b>Courrier \u00e9lectronique<\/b><\/td>\n<td style=\"width: 292px;\"><strong>info@sergiowalkingtours.com<\/strong><\/td>\n<\/tr>\n<\/tbody>\n<\/table>\n<p><b>sergiowalkingtours.com<\/b>  informe l&rsquo;utilisateur que les donn\u00e9es fournies en naviguant sur notre site web, en utilisant le formulaire de contact ou en envoyant des courriers \u00e9lectroniques, seront trait\u00e9es par  <b>sergiowalkingtours.com<\/b>  et que ce traitement est inclus dans le registre des activit\u00e9s de traitement g\u00e9r\u00e9 par  <b>sergiowalkingtours.com<\/b>  conform\u00e9ment aux dispositions du GDPR.<\/p>\n<h2>2. \u00e0 quoi servent vos donn\u00e9es personnelles ?<\/h2>\n<p>Au  <b>sergiowalkingtours.com<\/b>  lorsque vous acceptez notre politique de confidentialite, vous consentez a ce que nous utilisions et traitions les donnees personnelles qui nous sont fournies pour :<\/p>\n<p>Pour vous envoyer les informations et vous fournir le service que vous demandez par le biais des diff\u00e9rents formulaires disponibles sur notre site web (contact, travailler avec nous&#8230;).<\/p>\n<p>Pour vous fournir des informations sur les offres, les produits et les services demand\u00e9s.<\/p>\n<p>Occasionnellement,  <b>sergiowalkingtours.com<\/b>  peut utiliser vos donn\u00e9es personnelles pour vous envoyer des notifications par courrier \u00e9lectronique. Ces notifications seront faites pour vous informer des changements apport\u00e9s \u00e0 nos services ou produits ou \u00e0 nos politiques ou conditions l\u00e9gales.<\/p>\n<p>Pour vous envoyer des communications commerciales sur les offres, les activit\u00e9s et les promotions de  <b>sergiowalkingtours.com<\/b>  et des informations sectorielles susceptibles de vous int\u00e9resser par voie conventionnelle ou \u00e9lectronique lorsque vous avez coch\u00e9 la case indiquant que vous souhaitez recevoir des informations.<\/p>\n<h2>3. quelle est la l\u00e9gitimit\u00e9 du traitement de vos donn\u00e9es ?<\/h2>\n<p>L\u00e9gitimation du traitement de vos donn\u00e9es par  <b>sergiowalkingtours.com<\/b>  est bas\u00e9 sur :<\/p>\n<p>Le consentement de l&rsquo;utilisateur \u00e0 recevoir des communications commerciales sur les offres, les activit\u00e9s et les promotions de  <b>sergiowalkingtours.com<\/b>  et le secteur qui peuvent vous int\u00e9resser. L&rsquo;utilisateur peut r\u00e9voquer le consentement donn\u00e9 \u00e0 tout moment.<\/p>\n<h2>4. combien de temps conservons-nous vos donn\u00e9es ?<\/h2>\n<p>Les donn\u00e9es permettant de vous envoyer les informations ou de vous fournir le service que vous demandez par le biais des diff\u00e9rents formulaires disponibles sur notre site web seront conserv\u00e9es pendant toute la dur\u00e9e de la relation contractuelle et, une fois celle-ci termin\u00e9e, pendant le d\u00e9lai de prescription l\u00e9gal.<\/p>\n<p>En ce qui concerne la dur\u00e9e de conservation des cookies, vous pouvez obtenir plus d&rsquo;informations sur notre site web dans la section &lsquo;Politique en mati\u00e8re de cookies&rsquo;.<\/p>\n<h2>5. quel type de donn\u00e9es traitons-nous avec nos utilisateurs ?<\/h2>\n<p><b>sergiowalkingtours.com<\/b>  traite les cat\u00e9gories de donn\u00e9es suivantes :<\/p>\n<p>Donn\u00e9es des utilisateurs qui remplissent l&rsquo;un des formulaires disponibles : Les donn\u00e9es personnelles fournies par les utilisateurs qui remplissent l&rsquo;un des formulaires disponibles : Les donn\u00e9es personnelles fournies par les utilisateurs qui remplissent l&rsquo;un des formulaires disponibles : Les donn\u00e9es personnelles qui  <b>sergiowalkingtours.com<\/b>  comprennent :<br \/>\nDonn\u00e9es d&rsquo;identification : nom et pr\u00e9nom, num\u00e9ro de t\u00e9l\u00e9phone, adresse postale et \u00e9lectronique.<\/p>\n<p>Seules les personnes \u00e2g\u00e9es de plus de 16 ans peuvent fournir des donn\u00e9es sur notre site web. Si vous n&rsquo;avez pas atteint cet \u00e2ge, vous devez obtenir le consentement de vos parents ou tuteurs l\u00e9gaux.<\/p>\n<p>L&rsquo;utilisateur garantit l&rsquo;authenticit\u00e9 et l&rsquo;actualit\u00e9 de toutes les donn\u00e9es qu&rsquo;il fournit \u00e0  <b>sergiowalkingtours.com<\/b>  et d\u00e9clare avoir plus de 16 ans et \u00eatre seul responsable de toute d\u00e9claration fausse ou inexacte qu&rsquo;il pourrait faire.<\/p>\n<p>Les donn\u00e9es personnelles trait\u00e9es par  <b>sergiowalkingtours.com<\/b>  peut \u00eatre obligatoire ou volontaire.<\/p>\n<p>Les informations volontaires sont des informations que l&rsquo;utilisateur n&rsquo;est pas oblig\u00e9 de fournir pour nous contacter.<\/p>\n<p>Les champs marqu\u00e9s d&rsquo;un ast\u00e9risque (*) ou de la mention (obligatoire) dans nos formulaires sont obligatoires, le refus de les fournir entra\u00eenera l&rsquo;impossibilit\u00e9 de vous fournir le service ou de traiter votre demande.<\/p>\n<p>Dans le cas o\u00f9 vous nous fournissez des donn\u00e9es de tiers, vous d\u00e9clarez avoir leur consentement et vous vous engagez \u00e0 leur transf\u00e9rer les informations fournies dans la pr\u00e9sente clause, \u00e0 l&rsquo;exception de  <b>sergiowalkingtours.com<\/b>  de tout type d&rsquo;obligation. N\u00e9anmoins  <b>sergiowalkingtours.com<\/b>  peut effectuer des contr\u00f4les pour v\u00e9rifier que le tiers a \u00e9t\u00e9 inform\u00e9 en adoptant les mesures de diligence raisonnable pr\u00e9vues par la r\u00e9glementation relative \u00e0 la protection des donn\u00e9es.<\/p>\n<h2>6. \u00e0 quels destinataires vos donn\u00e9es seront-elles communiqu\u00e9es ?<\/h2>\n<p>Aucune donn\u00e9e ne sera transmise \u00e0 des tiers, sauf en cas d&rsquo;obligation l\u00e9gale ou si cela est n\u00e9cessaire pour traiter votre demande.<\/p>\n<h2>7) Quels sont vos droits et comment pouvez-vous les exercer ?<\/h2>\n<p>L&rsquo;utilisateur peut exercer les droits suivants avant  <b>sergiowalkingtours.com<\/b>:<\/p>\n<ol>\n<li>Acc\u00e8s \u00e0 vos donn\u00e9es personnelles<\/li>\n<li>les rectifier lorsqu&rsquo;elles sont inexactes ou incompl\u00e8tes<\/li>\n<li>Demander la suppression ou l&rsquo;annulation des donn\u00e9es lorsque, entre autres raisons, elles ne sont plus n\u00e9cessaires aux fins pour lesquelles elles ont \u00e9t\u00e9 collect\u00e9es.<\/li>\n<li>S&rsquo;opposer \u00e0 votre traitement<\/li>\n<li>demander la limitation du traitement de leurs donn\u00e9es lorsque l&rsquo;une des conditions pr\u00e9vues par le r\u00e8glement est remplie<\/li>\n<li>Demander la portabilit\u00e9 de vos donn\u00e9es dans les cas pr\u00e9vus par la r\u00e9glementation.<\/li>\n<li>Emp\u00eacher les d\u00e9cisions automatis\u00e9es<\/li>\n<li>R\u00e9voquer les consentements donn\u00e9s<\/li>\n<\/ol>\n<p>Pour exercer leurs droits, les utilisateurs doivent envoyer une lettre dans laquelle ils indiquent le droit qu&rsquo;ils souhaitent exercer et joignent un document attestant leur identit\u00e9 ainsi qu&rsquo;une adresse postale ou \u00e9lectronique aux fins de notification. Cette demande peut \u00eatre faite soit par :<\/p>\n<p>Envoi par courrier \u00e0  <b>Sergio Flores Menendez<\/b>  &#8211;  <b>Calle los Molinos 15, 38480 Buenavista del Norte<\/b>.<br \/>\nEnvoi \u00e0 l&rsquo;adresse \u00e9lectronique suivante :  <b>info@sergiowalkingtours.com<\/b>.<\/p>\n<p><b>sergiowalkingtours.com<\/b>  r\u00e9pond \u00e0 la demande d&rsquo;exercice des droits dans un d\u00e9lai d&rsquo;un mois \u00e0 compter de la r\u00e9ception de la demande. Cette p\u00e9riode peut \u00eatre prolong\u00e9e de deux mois suppl\u00e9mentaires si n\u00e9cessaire, en tenant compte de la complexit\u00e9 et du nombre de demandes. Nous vous informerons de toute prolongation dans un d\u00e9lai d&rsquo;un mois \u00e0 compter de la r\u00e9ception de la demande, en pr\u00e9cisant les raisons du retard.<\/p>\n<p>De m\u00eame, les personnes concern\u00e9es ont le droit de se plaindre aupr\u00e8s de l&rsquo;autorit\u00e9 de contr\u00f4le comp\u00e9tente (Agence espagnole de protection des donn\u00e9es) lorsqu&rsquo;elles estiment que  <b>sergiowalkingtours.com<\/b>  a viol\u00e9 ses droits en vertu de la loi sur la protection des donn\u00e9es \u00e0 l&rsquo;adresse www.agpd.es.<\/p>\n<h2>8. mes donn\u00e9es sont-elles en s\u00e9curit\u00e9 ?<\/h2>\n<p><b>sergiowalkingtours.com<\/b>  a un contrat en vigueur avec l&rsquo;h\u00e9bergeur IONOS Cloud, S.L.U. pour l&rsquo;h\u00e9bergement de son site web. Il s&rsquo;agit d&rsquo;une entreprise europ\u00e9enne qui dispose des syst\u00e8mes les plus r\u00e9cents en mati\u00e8re de mesures de s\u00e9curit\u00e9.<\/p>\n<p><b>sergiowalkingtours.com<\/b>  garantit que des mesures appropri\u00e9es seront prises pour assurer le traitement confidentiel de vos donn\u00e9es compte tenu de leur caract\u00e8re confidentiel.<\/p>\n<p><b>sergiowalkingtours.com<\/b>  s&rsquo;engage \u00e0 garder ces donn\u00e9es secr\u00e8tes, en les traitant avec la plus grande confidentialit\u00e9, et d\u00e9clare avoir mis en \u0153uvre dans son syst\u00e8me d&rsquo;information, les politiques de s\u00e9curit\u00e9 correspondant au type de donn\u00e9es trait\u00e9es conform\u00e9ment aux dispositions du R\u00c8GLEMENT (UE) 2016\/679 DU PARLEMENT EUROP\u00c9EN ET DU CONSEIL du 27 avril 2016 relatif \u00e0 la protection des personnes physiques \u00e0 l&rsquo;\u00e9gard du traitement des donn\u00e9es \u00e0 caract\u00e8re personnel et \u00e0 la libre circulation de ces donn\u00e9es (GDPR).<\/p>\n<p>Toutes les donn\u00e9es fournies par l&rsquo;interm\u00e9diaire de notre plateforme le sont via un protocole s\u00e9curis\u00e9. Notre site web dispose d&rsquo;un certificat SSL qui permet d&rsquo;\u00e9tablir une connexion crypt\u00e9e lorsqu&rsquo;un utilisateur visite notre site web et \u00e9change des informations avec nous.<\/p>\n<h2>9. Liens vers d&rsquo;autres sites web<\/h2>\n<p>Si vous choisissez de quitter notre site web par des liens vers d&rsquo;autres sites web qui ne nous appartiennent pas,  <b>sergiowalkingtours.com<\/b>  ne peut \u00eatre tenu responsable des politiques de confidentialit\u00e9 de ces sites web ou des cookies qu&rsquo;ils peuvent stocker sur l&rsquo;ordinateur de l&rsquo;utilisateur.<\/p>\n<\/div>\n<p>[\/et_pb_text][\/et_pb_column][\/et_pb_row][\/et_pb_section]<\/p>\n","protected":false},"excerpt":{"rendered":"<p>Informations de base sur la protection des donn\u00e9es Responsable Sergio Flores Menendez Objectif Pour traiter les demandes faites par l&rsquo;interm\u00e9diaire du site web, pour g\u00e9rer l&rsquo;envoi d&rsquo;informations L\u00e9gitimation Consentement de la personne concern\u00e9e et ex\u00e9cution d&rsquo;un pr\u00e9-contrat\/contrat Destinataires Aucune donn\u00e9e ne sera transmise \u00e0 des tiers, sauf si la loi l&rsquo;exige ou si cela est n\u00e9cessaire pour [&hellip;]<\/p>\n","protected":false},"author":1,"featured_media":0,"parent":0,"menu_order":0,"comment_status":"closed","ping_status":"closed","template":"","meta":{"_acf_changed":false,"_et_pb_use_builder":"on","_et_pb_old_content":"","_et_gb_content_width":"","footnotes":""},"difl_page_category":[],"class_list":["post-2037","page","type-page","status-publish","hentry"],"acf":[],"yoast_head":"<!-- This site is optimized with the Yoast SEO plugin v27.3 - https:\/\/yoast.com\/product\/yoast-seo-wordpress\/ -->\n<title>Politique de confidentialit\u00e9 - Sergio Walking Tours - Tu gu\u00eda profesional<\/title>\n<meta name=\"description\" content=\"See Tenerife through the eyes of a local\" \/>\n<meta name=\"robots\" content=\"index, follow, max-snippet:-1, max-image-preview:large, max-video-preview:-1\" \/>\n<link rel=\"canonical\" href=\"https:\/\/sergiowalkingtours.com\/fr\/politique-de-confidentialite\/\" \/>\n<meta property=\"og:locale\" content=\"fr_FR\" \/>\n<meta property=\"og:type\" content=\"article\" \/>\n<meta property=\"og:title\" content=\"Politique de confidentialit\u00e9 - Sergio Walking Tours - Tu gu\u00eda profesional\" \/>\n<meta property=\"og:description\" content=\"See Tenerife through the eyes of a local\" \/>\n<meta property=\"og:url\" content=\"https:\/\/sergiowalkingtours.com\/fr\/politique-de-confidentialite\/\" \/>\n<meta property=\"og:site_name\" content=\"Sergio Walking Tours - Tu gu\u00eda profesional\" \/>\n<meta property=\"article:modified_time\" content=\"2023-08-22T08:12:55+00:00\" \/>\n<meta property=\"og:image\" content=\"https:\/\/sergiowalkingtours.com\/wp-content\/uploads\/2023\/09\/portada.jpg\" \/>\n\t<meta property=\"og:image:width\" content=\"1200\" \/>\n\t<meta property=\"og:image:height\" content=\"675\" \/>\n\t<meta property=\"og:image:type\" content=\"image\/jpeg\" \/>\n<meta name=\"twitter:card\" content=\"summary_large_image\" \/>\n<meta name=\"twitter:label1\" content=\"Dur\u00e9e de lecture estim\u00e9e\" \/>\n\t<meta name=\"twitter:data1\" content=\"8 minutes\" \/>\n<script type=\"application\/ld+json\" class=\"yoast-schema-graph\">{\"@context\":\"https:\\\/\\\/schema.org\",\"@graph\":[{\"@type\":\"WebPage\",\"@id\":\"https:\\\/\\\/sergiowalkingtours.com\\\/fr\\\/politique-de-confidentialite\\\/\",\"url\":\"https:\\\/\\\/sergiowalkingtours.com\\\/fr\\\/politique-de-confidentialite\\\/\",\"name\":\"Politique de confidentialit\u00e9 - Sergio Walking Tours - Tu gu\u00eda profesional\",\"isPartOf\":{\"@id\":\"https:\\\/\\\/sergiowalkingtours.com\\\/fr\\\/#website\"},\"datePublished\":\"2023-07-24T09:53:06+00:00\",\"dateModified\":\"2023-08-22T08:12:55+00:00\",\"description\":\"See Tenerife through the eyes of a local\",\"breadcrumb\":{\"@id\":\"https:\\\/\\\/sergiowalkingtours.com\\\/fr\\\/politique-de-confidentialite\\\/#breadcrumb\"},\"inLanguage\":\"fr-FR\",\"potentialAction\":[{\"@type\":\"ReadAction\",\"target\":[\"https:\\\/\\\/sergiowalkingtours.com\\\/fr\\\/politique-de-confidentialite\\\/\"]}]},{\"@type\":\"BreadcrumbList\",\"@id\":\"https:\\\/\\\/sergiowalkingtours.com\\\/fr\\\/politique-de-confidentialite\\\/#breadcrumb\",\"itemListElement\":[{\"@type\":\"ListItem\",\"position\":1,\"name\":\"Home\",\"item\":\"https:\\\/\\\/sergiowalkingtours.com\\\/fr\\\/\"},{\"@type\":\"ListItem\",\"position\":2,\"name\":\"Politique de confidentialit\u00e9\"}]},{\"@type\":\"WebSite\",\"@id\":\"https:\\\/\\\/sergiowalkingtours.com\\\/fr\\\/#website\",\"url\":\"https:\\\/\\\/sergiowalkingtours.com\\\/fr\\\/\",\"name\":\"Sergio Walking Tours - Tu gu\u00eda profesional\",\"description\":\"See Tenerife through the eyes of a local\",\"potentialAction\":[{\"@type\":\"SearchAction\",\"target\":{\"@type\":\"EntryPoint\",\"urlTemplate\":\"https:\\\/\\\/sergiowalkingtours.com\\\/fr\\\/?s={search_term_string}\"},\"query-input\":{\"@type\":\"PropertyValueSpecification\",\"valueRequired\":true,\"valueName\":\"search_term_string\"}}],\"inLanguage\":\"fr-FR\"}]}<\/script>\n<!-- \/ Yoast SEO plugin. -->","yoast_head_json":{"title":"Politique de confidentialit\u00e9 - Sergio Walking Tours - Tu gu\u00eda profesional","description":"See Tenerife through the eyes of a local","robots":{"index":"index","follow":"follow","max-snippet":"max-snippet:-1","max-image-preview":"max-image-preview:large","max-video-preview":"max-video-preview:-1"},"canonical":"https:\/\/sergiowalkingtours.com\/fr\/politique-de-confidentialite\/","og_locale":"fr_FR","og_type":"article","og_title":"Politique de confidentialit\u00e9 - Sergio Walking Tours - Tu gu\u00eda profesional","og_description":"See Tenerife through the eyes of a local","og_url":"https:\/\/sergiowalkingtours.com\/fr\/politique-de-confidentialite\/","og_site_name":"Sergio Walking Tours - Tu gu\u00eda profesional","article_modified_time":"2023-08-22T08:12:55+00:00","og_image":[{"width":1200,"height":675,"url":"https:\/\/sergiowalkingtours.com\/wp-content\/uploads\/2023\/09\/portada.jpg","type":"image\/jpeg"}],"twitter_card":"summary_large_image","twitter_misc":{"Dur\u00e9e de lecture estim\u00e9e":"8 minutes"},"schema":{"@context":"https:\/\/schema.org","@graph":[{"@type":"WebPage","@id":"https:\/\/sergiowalkingtours.com\/fr\/politique-de-confidentialite\/","url":"https:\/\/sergiowalkingtours.com\/fr\/politique-de-confidentialite\/","name":"Politique de confidentialit\u00e9 - Sergio Walking Tours - Tu gu\u00eda profesional","isPartOf":{"@id":"https:\/\/sergiowalkingtours.com\/fr\/#website"},"datePublished":"2023-07-24T09:53:06+00:00","dateModified":"2023-08-22T08:12:55+00:00","description":"See Tenerife through the eyes of a local","breadcrumb":{"@id":"https:\/\/sergiowalkingtours.com\/fr\/politique-de-confidentialite\/#breadcrumb"},"inLanguage":"fr-FR","potentialAction":[{"@type":"ReadAction","target":["https:\/\/sergiowalkingtours.com\/fr\/politique-de-confidentialite\/"]}]},{"@type":"BreadcrumbList","@id":"https:\/\/sergiowalkingtours.com\/fr\/politique-de-confidentialite\/#breadcrumb","itemListElement":[{"@type":"ListItem","position":1,"name":"Home","item":"https:\/\/sergiowalkingtours.com\/fr\/"},{"@type":"ListItem","position":2,"name":"Politique de confidentialit\u00e9"}]},{"@type":"WebSite","@id":"https:\/\/sergiowalkingtours.com\/fr\/#website","url":"https:\/\/sergiowalkingtours.com\/fr\/","name":"Sergio Walking Tours - Tu gu\u00eda profesional","description":"See Tenerife through the eyes of a local","potentialAction":[{"@type":"SearchAction","target":{"@type":"EntryPoint","urlTemplate":"https:\/\/sergiowalkingtours.com\/fr\/?s={search_term_string}"},"query-input":{"@type":"PropertyValueSpecification","valueRequired":true,"valueName":"search_term_string"}}],"inLanguage":"fr-FR"}]}},"_links":{"self":[{"href":"https:\/\/sergiowalkingtours.com\/fr\/wp-json\/wp\/v2\/pages\/2037","targetHints":{"allow":["GET"]}}],"collection":[{"href":"https:\/\/sergiowalkingtours.com\/fr\/wp-json\/wp\/v2\/pages"}],"about":[{"href":"https:\/\/sergiowalkingtours.com\/fr\/wp-json\/wp\/v2\/types\/page"}],"author":[{"embeddable":true,"href":"https:\/\/sergiowalkingtours.com\/fr\/wp-json\/wp\/v2\/users\/1"}],"replies":[{"embeddable":true,"href":"https:\/\/sergiowalkingtours.com\/fr\/wp-json\/wp\/v2\/comments?post=2037"}],"version-history":[{"count":3,"href":"https:\/\/sergiowalkingtours.com\/fr\/wp-json\/wp\/v2\/pages\/2037\/revisions"}],"predecessor-version":[{"id":2047,"href":"https:\/\/sergiowalkingtours.com\/fr\/wp-json\/wp\/v2\/pages\/2037\/revisions\/2047"}],"wp:attachment":[{"href":"https:\/\/sergiowalkingtours.com\/fr\/wp-json\/wp\/v2\/media?parent=2037"}],"wp:term":[{"taxonomy":"difl_page_category","embeddable":true,"href":"https:\/\/sergiowalkingtours.com\/fr\/wp-json\/wp\/v2\/difl_page_category?post=2037"}],"curies":[{"name":"wp","href":"https:\/\/api.w.org\/{rel}","templated":true}]}}