{"id":2008,"date":"2023-07-24T09:55:34","date_gmt":"2023-07-24T09:55:34","guid":{"rendered":"https:\/\/walkingtours.e2w.es\/avis-juridique\/"},"modified":"2023-08-22T08:12:47","modified_gmt":"2023-08-22T08:12:47","slug":"avis-juridique","status":"publish","type":"page","link":"https:\/\/sergiowalkingtours.com\/fr\/avis-juridique\/","title":{"rendered":"Avis juridique"},"content":{"rendered":"<p>[et_pb_section fb_built=\u00a0\u00bb1&Prime; _builder_version=\u00a0\u00bb4.21.0&Prime; _module_preset=\u00a0\u00bbdefault\u00a0\u00bb global_colors_info=\u00a0\u00bb{}\u00a0\u00bb][et_pb_row _builder_version=\u00a0\u00bb4.21.0&Prime; _module_preset=\u00a0\u00bbdefault\u00a0\u00bb global_colors_info=\u00a0\u00bb{}\u00a0\u00bb][et_pb_column type=\u00a0\u00bb4_4&Prime; _builder_version=\u00a0\u00bb4.21.0&Prime; _module_preset=\u00a0\u00bbdefault\u00a0\u00bb global_colors_info=\u00a0\u00bb{}\u00a0\u00bb][et_pb_post_title meta=\u00a0\u00bboff\u00a0\u00bb featured_image=\u00a0\u00bboff\u00a0\u00bb _builder_version=\u00a0\u00bb4.21.0&Prime; _module_preset=\u00a0\u00bbdefault\u00a0\u00bb global_colors_info=\u00a0\u00bb{}\u00a0\u00bb][\/et_pb_post_title][et_pb_text _builder_version=\u00a0\u00bb4.21.0&Prime; _module_preset=\u00a0\u00bbdefault\u00a0\u00bb global_colors_info=\u00a0\u00bb{}\u00a0\u00bb]<\/p>\n<h3>Objectif et acceptation<\/h3>\n<p>Le pr\u00e9sent avis juridique r\u00e9git l&rsquo;utilisation du site web :  <b>sergiowalkingtours.com<\/b><\/p>\n<p>Le site web <b><br \/>\n  sergiowalkingtours.com<br \/>\n<\/b> fournit des services dont l&rsquo;objectif principal est de permettre le contact entre les utilisateurs et l&rsquo;entreprise, que ce soit pour prendre contact avec nous ou pour demander des devis.<\/p>\n<p>La navigation sur le site web <b><br \/>\n  sergiowalkingtours.com<br \/>\n<\/b> attribue la condition d&rsquo;utilisateur de ce dernier et implique l&rsquo;acceptation totale et sans r\u00e9serve de toutes et chacune des dispositions incluses dans les pr\u00e9sentes mentions l\u00e9gales, qui peuvent faire l&rsquo;objet de modifications.<\/p>\n<p>L&rsquo;utilisateur s&rsquo;engage \u00e0 faire un usage correct du site web conform\u00e9ment \u00e0 la loi, \u00e0 la bonne foi, \u00e0 l&rsquo;ordre public, aux usages de la circulation et au pr\u00e9sent avis juridique. L&rsquo;utilisateur est responsable  <b>sergiowalkingtours.com<\/b>  et contre les tiers, pour tous les dommages qui pourraient r\u00e9sulter du non-respect de cette obligation.<\/p>\n<p>&nbsp;<\/p>\n<hr>\n<h3> <\/h3>\n<h3>2. la propri\u00e9t\u00e9 du site web et l&rsquo;identification du fournisseur de services de la soci\u00e9t\u00e9 de l&rsquo;information<\/h3>\n<p>Afin de respecter le principe d&rsquo;information g\u00e9n\u00e9rale requis par l&rsquo;article 10 de la loi 34\/2002, du 11 juillet, sur les services de la soci\u00e9t\u00e9 de l&rsquo;information et le commerce \u00e9lectronique, nous informons nos utilisateurs que ce site web appartient \u00e0 <strong><br \/>\n  Sergio Flores Menendez<br \/>\n<\/strong> avec DNI\/CIF : <strong>51377086P.<\/strong><\/p>\n<ul>\n<li><b>Adresse :<\/b> <b>Calle los Molinos 15, 38480 Buenavista del Norte<\/b><\/li>\n<li><b>E-mail :<\/b> <b>info@sergiowalkingtours.com<\/b><\/li>\n<li><b>T\u00e9l\u00e9phone :<\/b> <b>+34 608 630 552<\/b><\/li>\n<li><b>Site h\u00e9berg\u00e9 par :<\/b> <b>IONOS Cloud S.L.U.<\/b><\/li>\n<\/ul>\n<p>&nbsp;<\/p>\n<hr>\n<h3> <\/h3>\n<h3>3. Conditions g\u00e9n\u00e9rales d&rsquo;acc\u00e8s et d&rsquo;utilisation<\/h3>\n<p>L&rsquo;acc\u00e8s au site web et \u00e0 ses services est gratuit, bien que l&rsquo;utilisation de certaines zones ou de certains services soit subordonn\u00e9e au remplissage de formulaires de collecte de donn\u00e9es. Seules les personnes \u00e2g\u00e9es de plus de 18 ans peuvent fournir des donn\u00e9es par l&rsquo;interm\u00e9diaire de notre site web, et les enfants de moins de 16 ans ne peuvent pas fournir de donn\u00e9es sans le consentement d&rsquo;un parent ou d&rsquo;un tuteur.<\/p>\n<p>L&rsquo;utilisateur garantit l&rsquo;authenticit\u00e9 et l&rsquo;actualit\u00e9 de toutes les donn\u00e9es fournies \u00e0 <b><br \/>\n  sergiowalkingtours.com<br \/>\n<\/b> et est seul responsable de toute d\u00e9claration fausse ou inexacte.<\/p>\n<p><b>sergiowalkingtours.com<\/b>  a les types d&rsquo;utilisateurs suivants :<\/p>\n<p>Utilisateurs qui fournissent des donn\u00e9es dans l&rsquo;un des formulaires disponibles : Les donn\u00e9es personnelles demand\u00e9es comprennent le nom et l&rsquo;adresse \u00e9lectronique ainsi que ceux fournis par l&rsquo;utilisateur lorsqu&rsquo;il remplit les formulaires. <b><br \/>\n  sergiowalkingtours.com<br \/>\n<\/b> Les donn\u00e9es personnelles demand\u00e9es comprennent le nom et l&rsquo;adresse \u00e9lectronique ainsi que ceux fournis par l&rsquo;utilisateur lorsqu&rsquo;il remplit les formulaires.<\/p>\n<p>Utilisateurs qui n&rsquo;ont pas pris contact <b><br \/>\n  sergiowalkingtours.com<br \/>\n<\/b> mais dont les donn\u00e9es sont collect\u00e9es : Donn\u00e9es fournies par les cookies<\/p>\n<p>Les utilisateurs qui nous envoient leur curriculum vitae par le biais de la section pr\u00e9vue \u00e0 cet effet sur notre site web.<\/p>\n<p>&nbsp;<\/p>\n<hr>\n<h4> <\/h4>\n<h4>3.1. R\u00e8gles et interdictions d&rsquo;utilisation pour les utilisateurs de nos services<\/h4>\n<p>L&rsquo;utilisateur s&rsquo;engage express\u00e9ment \u00e0 faire un usage appropri\u00e9 des contenus et services propos\u00e9s et \u00e0 ne pas les utiliser pour :<\/p>\n<ul>\n<li>Diffuser des contenus criminels, violents, pornographiques, racistes, x\u00e9nophobes, injurieux, terroristes ou, en g\u00e9n\u00e9ral, contraires \u00e0 la loi ou \u00e0 l&rsquo;ordre public.<\/li>\n<li>Introduire des virus informatiques dans le r\u00e9seau ou r\u00e9aliser des actions susceptibles d&rsquo;alt\u00e9rer, de d\u00e9t\u00e9riorer, d&rsquo;interrompre ou de g\u00e9n\u00e9rer des erreurs ou des dommages aux documents \u00e9lectroniques, aux donn\u00e9es ou aux syst\u00e8mes physiques et logiques de &lt;&gt;sergiowalkingtours.com ou de tiers ; ainsi que d&rsquo;entraver l&rsquo;acc\u00e8s d&rsquo;autres utilisateurs au site web et \u00e0 ses services.<\/li>\n<li>Tenter d&rsquo;acc\u00e9der \u00e0 des zones restreintes des syst\u00e8mes informatiques de tiers et, le cas \u00e9ch\u00e9ant, extraire des informations. <b><br \/>\n  sergiowalkingtours.com<br \/>\n<\/b> Tenter d&rsquo;acc\u00e9der \u00e0 des zones restreintes des syst\u00e8mes informatiques de tiers et, le cas \u00e9ch\u00e9ant, extraire des informations.<\/li>\n<li>porter atteinte aux droits de propri\u00e9t\u00e9 intellectuelle ou industrielle, ainsi qu&rsquo;\u00e0 la confidentialit\u00e9 des informations appartenant \u00e0 des tiers. <b><br \/>\n  sergiowalkingtours.com<br \/>\n<\/b> de tiers.<\/li>\n<li>Usurper l&rsquo;identit\u00e9 d&rsquo;un autre utilisateur, des autorit\u00e9s publiques ou d&rsquo;un tiers.<\/li>\n<li>Reproduire, copier, distribuer, mettre \u00e0 disposition ou de toute autre mani\u00e8re communiquer publiquement, transformer ou modifier le contenu, \u00e0 moins d&rsquo;y \u00eatre autoris\u00e9 par le titulaire des droits correspondants ou d&rsquo;y \u00eatre l\u00e9galement autoris\u00e9.<\/li>\n<li>collecter des donn\u00e9es \u00e0 des fins publicitaires et envoyer de la publicit\u00e9 de toute nature et des communications \u00e0 des fins de vente ou \u00e0 d&rsquo;autres fins commerciales sans demande ou consentement pr\u00e9alable.<\/li>\n<\/ul>\n<p>&nbsp;<\/p>\n<hr>\n<h4> <\/h4>\n<h4>3.2. Proc\u00e9dure en cas d&rsquo;activit\u00e9s ill\u00e9gales<\/h4>\n<p>Si un utilisateur ou un tiers consid\u00e8re qu&rsquo;il existe des faits ou des circonstances qui r\u00e9v\u00e8lent le caract\u00e8re illicite de l&rsquo;utilisation de tout contenu et\/ou de la r\u00e9alisation de toute activit\u00e9 sur les pages web incluses ou accessibles par le site web, il doit envoyer une notification \u00e0 l&rsquo;adresse suivante  <b>sergiowalkingtours.com<\/b>  en s&rsquo;identifiant d\u00fbment, en pr\u00e9cisant les infractions all\u00e9gu\u00e9es et en d\u00e9clarant express\u00e9ment, sous sa propre responsabilit\u00e9, que les informations fournies dans la notification sont exactes.<\/p>\n<p>&nbsp;<\/p>\n<hr>\n<h3> <\/h3>\n<h3>4. Politique de protection de la vie priv\u00e9e<\/h3>\n<p>L&rsquo;utilisateur peut consulter la mani\u00e8re dont <b><br \/>\n  sergiowalkingtours.com<br \/>\n<\/b> utilise vos donn\u00e9es et les mesures de s\u00e9curit\u00e9 mises en \u0153uvre dans le lien suivant : \u00ab\u00a0Politique de confidentialit\u00e9\u00a0\u00bb.<\/p>\n<p>&nbsp;<\/p>\n<hr>\n<h3> <\/h3>\n<h3>5. Politique en mati\u00e8re de cookies<\/h3>\n<p><b>sergiowalkingtours.com<\/b>  installe des cookies sur l&rsquo;ordinateur de l&rsquo;utilisateur. Pour en savoir plus sur les cookies pr\u00e9sents sur notre site web, cliquez sur le lien suivant : \u00ab\u00a0Politique en mati\u00e8re de cookies\u00a0\u00bb.<\/p>\n<p>&nbsp;<\/p>\n<hr>\n<h3> <\/h3>\n<h3>6. Notifications<\/h3>\n<p>Toutes les notifications et communications entre les utilisateurs et  <b>sergiowalkingtours.com<\/b>  est r\u00e9put\u00e9e effective \u00e0 toutes fins lorsqu&rsquo;elle est effectu\u00e9e par courrier postal ou \u00e9lectronique ou par communication t\u00e9l\u00e9phonique. Les utilisateurs doivent contacter  <b>sergiowalkingtours.com<\/b>  au moyen de :<\/p>\n<ul>\n<li>Envoi par courrier \u00e0 l&rsquo;adresse suivante <b><br \/>\n  sergiowalkingtours.com<br \/>\n<\/b> &#8211;  Calle los Molinos 15, 38480 Buenavista del Norte<\/li>\n<li>Envoyer un courriel \u00e0 l&rsquo;adresse suivante :  info@sergiowalkingtours.com<\/li>\n<\/ul>\n<p>&nbsp;<\/p>\n<hr>\n<h3> <\/h3>\n<h3>7. Propri\u00e9t\u00e9 industrielle et propri\u00e9t\u00e9 intellectuelle<\/h3>\n<p>L&rsquo;ensemble du contenu du site, tel que les textes, photographies, graphiques, images, ic\u00f4nes, technologies, logiciels, ainsi que sa conception graphique et ses codes sources, constitue une \u0153uvre dont la propri\u00e9t\u00e9 appartient \u00e0  <b>sergiowalkingtours.com<\/b>L&rsquo;utilisateur n&rsquo;est pas r\u00e9put\u00e9 avoir re\u00e7u de droits d&rsquo;exploitation sur les m\u00eames \u00e9l\u00e9ments au-del\u00e0 de ce qui est strictement n\u00e9cessaire \u00e0 l&rsquo;utilisation correcte du site Web.<\/p>\n<p>En r\u00e9sum\u00e9, les utilisateurs qui acc\u00e8dent \u00e0 ce site web peuvent visualiser les contenus et r\u00e9aliser, le cas \u00e9ch\u00e9ant, des copies priv\u00e9es autoris\u00e9es, \u00e0 condition que les \u00e9l\u00e9ments reproduits ne soient pas c\u00e9d\u00e9s ult\u00e9rieurement \u00e0 des tiers, ni install\u00e9s sur des serveurs connect\u00e9s \u00e0 des r\u00e9seaux, ni soumis \u00e0 un quelconque type d&rsquo;exploitation et uniquement et exclusivement pendant la dur\u00e9e de validit\u00e9 du service.<\/p>\n<p>De m\u00eame, toutes les marques, noms commerciaux ou signes distinctifs de quelque nature que ce soit qui apparaissent sur le site Web sont la propri\u00e9t\u00e9 de la Commission europ\u00e9enne. <b><br \/>\n  sergiowalkingtours.com<br \/>\n<\/b>L&rsquo;utilisation ou l&rsquo;acc\u00e8s \u00e0 ces marques ne doit pas \u00eatre interpr\u00e9t\u00e9 comme conf\u00e9rant \u00e0 l&rsquo;utilisateur un droit quelconque sur celles-ci.<\/p>\n<p>La distribution, la modification, le transfert ou la communication publique du contenu ou tout autre acte qui n&rsquo;a pas \u00e9t\u00e9 express\u00e9ment autoris\u00e9 par l&rsquo;autorit\u00e9 comp\u00e9tente. <b><br \/>\n  sergiowalkingtours.com<br \/>\n<\/b> En cas de non-respect <b><br \/>\n  sergiowalkingtours.com<br \/>\n<\/b> prendra les mesures l\u00e9gales appropri\u00e9es.<\/p>\n<p>&nbsp;<\/p>\n<hr>\n<h3> <\/h3>\n<h3>8. Clause de non-responsabilit\u00e9 et modification du pr\u00e9sent avis juridique<\/h3>\n<p>Les informations diffus\u00e9es sur ce site web ont un caract\u00e8re exclusivement informatif et sont r\u00e9serv\u00e9es \u00e0 l&rsquo;usage exclusif de  <b>sergiowalkingtours.com<\/b>  le droit de supprimer ou de suspendre sa diffusion, en tout ou en partie, et de modifier la structure et le contenu de ce site web sans pr\u00e9avis, voire de limiter ou de refuser l&rsquo;acc\u00e8s \u00e0 ces informations.  <b>sergiowalkingtours.com<\/b>  s&rsquo;efforce de maintenir la qualit\u00e9 et l&rsquo;actualit\u00e9 de ces informations et d&rsquo;\u00e9viter et de minimiser les erreurs \u00e9ventuelles, mais  <b>sergiowalkingtours.com<\/b>  n&rsquo;est pas responsable des dommages ou pertes caus\u00e9s par des d\u00e9cisions prises sur la base des informations diffus\u00e9es, ni des inexactitudes, omissions ou erreurs qu&rsquo;elles contiennent, ni des probl\u00e8mes d\u00e9coulant de l&rsquo;utilisation de ce site web ou de toute autre connexion externe, ni des dommages et\/ou pertes caus\u00e9s au logiciel ou au mat\u00e9riel de l&rsquo;utilisateur suite \u00e0 l&rsquo;acc\u00e8s \u00e0 ce site web.<\/p>\n<p>Les utilisateurs acceptent express\u00e9ment que <b><br \/>\n  sergiowalkingtours.com<br \/>\n<\/b> ne soit pas responsable de l&rsquo;acc\u00e8s non autoris\u00e9 ou de l&rsquo;alt\u00e9ration de vos transmissions ou donn\u00e9es, de tout mat\u00e9riel ou donn\u00e9es envoy\u00e9s ou re\u00e7us ou non envoy\u00e9s ou re\u00e7us, ou de toute transaction effectu\u00e9e par l&rsquo;interm\u00e9diaire de votre site.<\/p>\n<p><b>sergiowalkingtours.com<\/b>  se r\u00e9serve le droit de modifier unilat\u00e9ralement et sans pr\u00e9avis le pr\u00e9sent avis juridique dans les termes et conditions qu&rsquo;il juge appropri\u00e9s, avec la seule obligation d&rsquo;informer l&rsquo;utilisateur des modifications apport\u00e9es par l&rsquo;interm\u00e9diaire de  <b>sergiowalkingtours.com<\/b><\/p>\n<p>&nbsp;<\/p>\n<hr>\n<h3> <\/h3>\n<h3>9. Nullit\u00e9 partielle<\/h3>\n<p>Si l&rsquo;une de ces clauses est d\u00e9clar\u00e9e nulle et non avenue par une d\u00e9cision d\u00e9finitive d&rsquo;une autorit\u00e9 comp\u00e9tente, les autres conditions resteront en vigueur et ne seront pas affect\u00e9es par cette d\u00e9claration de nullit\u00e9.<\/p>\n<p>&nbsp;<\/p>\n<hr>\n<h3>10. Droit applicable et juridictions comp\u00e9tentes<\/h3>\n<p>Ce site web est soumis aux dispositions de la l\u00e9gislation espagnole et des r\u00e8glements europ\u00e9ens applicables.<\/p>\n<p>Tout litige d\u00e9coulant de ou li\u00e9 \u00e0 l&rsquo;utilisation du site web ou de ces produits sera soumis \u00e0 la juridiction non exclusive des cours et tribunaux espagnols de la Communaut\u00e9 de Madrid.<\/p>\n<p>Si vous \u00eates un consommateur final, aucune disposition de la pr\u00e9sente clause n&rsquo;affecte vos droits en tant que consommateur en vertu de la l\u00e9gislation applicable, et vous pouvez choisir d&rsquo;introduire une r\u00e9clamation pour faire valoir vos droits en relation avec les pr\u00e9sentes conditions g\u00e9n\u00e9rales devant le tribunal ou les tribunaux de votre domicile.<\/p>\n<p>[\/et_pb_text][\/et_pb_column][\/et_pb_row][\/et_pb_section]<\/p>\n","protected":false},"excerpt":{"rendered":"<p>Objectif et acceptation Le pr\u00e9sent avis juridique r\u00e9git l&rsquo;utilisation du site web : sergiowalkingtours.com Le site web sergiowalkingtours.com fournit des services dont l&rsquo;objectif principal est de permettre le contact entre les utilisateurs et l&rsquo;entreprise, que ce soit pour prendre contact avec nous ou pour demander des devis. La navigation sur le site web sergiowalkingtours.com attribue [&hellip;]<\/p>\n","protected":false},"author":1,"featured_media":0,"parent":0,"menu_order":9,"comment_status":"closed","ping_status":"closed","template":"","meta":{"_acf_changed":false,"_et_pb_use_builder":"on","_et_pb_old_content":"","_et_gb_content_width":"","footnotes":""},"difl_page_category":[],"class_list":["post-2008","page","type-page","status-publish","hentry"],"acf":[],"yoast_head":"<!-- This site is optimized with the Yoast SEO plugin v27.5 - https:\/\/yoast.com\/product\/yoast-seo-wordpress\/ -->\n<title>Avis juridique - Sergio Walking Tours - Tu gu\u00eda profesional<\/title>\n<meta name=\"description\" content=\"See Tenerife through the eyes of a local\" \/>\n<meta name=\"robots\" content=\"index, follow, max-snippet:-1, max-image-preview:large, max-video-preview:-1\" \/>\n<link rel=\"canonical\" href=\"https:\/\/sergiowalkingtours.com\/fr\/avis-juridique\/\" \/>\n<meta property=\"og:locale\" content=\"fr_FR\" \/>\n<meta property=\"og:type\" content=\"article\" \/>\n<meta property=\"og:title\" content=\"Avis juridique - Sergio Walking Tours - Tu gu\u00eda profesional\" \/>\n<meta property=\"og:description\" content=\"See Tenerife through the eyes of a local\" \/>\n<meta property=\"og:url\" content=\"https:\/\/sergiowalkingtours.com\/fr\/avis-juridique\/\" \/>\n<meta property=\"og:site_name\" content=\"Sergio Walking Tours - Tu gu\u00eda profesional\" \/>\n<meta property=\"article:modified_time\" content=\"2023-08-22T08:12:47+00:00\" \/>\n<meta property=\"og:image\" content=\"https:\/\/sergiowalkingtours.com\/wp-content\/uploads\/2023\/09\/portada.jpg\" \/>\n\t<meta property=\"og:image:width\" content=\"1200\" \/>\n\t<meta property=\"og:image:height\" content=\"675\" \/>\n\t<meta property=\"og:image:type\" content=\"image\/jpeg\" \/>\n<meta name=\"twitter:card\" content=\"summary_large_image\" \/>\n<meta name=\"twitter:label1\" content=\"Dur\u00e9e de lecture estim\u00e9e\" \/>\n\t<meta name=\"twitter:data1\" content=\"8 minutes\" \/>\n<script type=\"application\/ld+json\" class=\"yoast-schema-graph\">{\"@context\":\"https:\\\/\\\/schema.org\",\"@graph\":[{\"@type\":\"WebPage\",\"@id\":\"https:\\\/\\\/sergiowalkingtours.com\\\/fr\\\/avis-juridique\\\/\",\"url\":\"https:\\\/\\\/sergiowalkingtours.com\\\/fr\\\/avis-juridique\\\/\",\"name\":\"Avis juridique - Sergio Walking Tours - Tu gu\u00eda profesional\",\"isPartOf\":{\"@id\":\"https:\\\/\\\/sergiowalkingtours.com\\\/fr\\\/#website\"},\"datePublished\":\"2023-07-24T09:55:34+00:00\",\"dateModified\":\"2023-08-22T08:12:47+00:00\",\"description\":\"See Tenerife through the eyes of a local\",\"breadcrumb\":{\"@id\":\"https:\\\/\\\/sergiowalkingtours.com\\\/fr\\\/avis-juridique\\\/#breadcrumb\"},\"inLanguage\":\"fr-FR\",\"potentialAction\":[{\"@type\":\"ReadAction\",\"target\":[\"https:\\\/\\\/sergiowalkingtours.com\\\/fr\\\/avis-juridique\\\/\"]}]},{\"@type\":\"BreadcrumbList\",\"@id\":\"https:\\\/\\\/sergiowalkingtours.com\\\/fr\\\/avis-juridique\\\/#breadcrumb\",\"itemListElement\":[{\"@type\":\"ListItem\",\"position\":1,\"name\":\"Home\",\"item\":\"https:\\\/\\\/sergiowalkingtours.com\\\/fr\\\/\"},{\"@type\":\"ListItem\",\"position\":2,\"name\":\"Avis juridique\"}]},{\"@type\":\"WebSite\",\"@id\":\"https:\\\/\\\/sergiowalkingtours.com\\\/fr\\\/#website\",\"url\":\"https:\\\/\\\/sergiowalkingtours.com\\\/fr\\\/\",\"name\":\"Sergio Walking Tours - Tu gu\u00eda profesional\",\"description\":\"See Tenerife through the eyes of a local\",\"potentialAction\":[{\"@type\":\"SearchAction\",\"target\":{\"@type\":\"EntryPoint\",\"urlTemplate\":\"https:\\\/\\\/sergiowalkingtours.com\\\/fr\\\/?s={search_term_string}\"},\"query-input\":{\"@type\":\"PropertyValueSpecification\",\"valueRequired\":true,\"valueName\":\"search_term_string\"}}],\"inLanguage\":\"fr-FR\"}]}<\/script>\n<!-- \/ Yoast SEO plugin. -->","yoast_head_json":{"title":"Avis juridique - Sergio Walking Tours - Tu gu\u00eda profesional","description":"See Tenerife through the eyes of a local","robots":{"index":"index","follow":"follow","max-snippet":"max-snippet:-1","max-image-preview":"max-image-preview:large","max-video-preview":"max-video-preview:-1"},"canonical":"https:\/\/sergiowalkingtours.com\/fr\/avis-juridique\/","og_locale":"fr_FR","og_type":"article","og_title":"Avis juridique - Sergio Walking Tours - Tu gu\u00eda profesional","og_description":"See Tenerife through the eyes of a local","og_url":"https:\/\/sergiowalkingtours.com\/fr\/avis-juridique\/","og_site_name":"Sergio Walking Tours - Tu gu\u00eda profesional","article_modified_time":"2023-08-22T08:12:47+00:00","og_image":[{"width":1200,"height":675,"url":"https:\/\/sergiowalkingtours.com\/wp-content\/uploads\/2023\/09\/portada.jpg","type":"image\/jpeg"}],"twitter_card":"summary_large_image","twitter_misc":{"Dur\u00e9e de lecture estim\u00e9e":"8 minutes"},"schema":{"@context":"https:\/\/schema.org","@graph":[{"@type":"WebPage","@id":"https:\/\/sergiowalkingtours.com\/fr\/avis-juridique\/","url":"https:\/\/sergiowalkingtours.com\/fr\/avis-juridique\/","name":"Avis juridique - Sergio Walking Tours - Tu gu\u00eda profesional","isPartOf":{"@id":"https:\/\/sergiowalkingtours.com\/fr\/#website"},"datePublished":"2023-07-24T09:55:34+00:00","dateModified":"2023-08-22T08:12:47+00:00","description":"See Tenerife through the eyes of a local","breadcrumb":{"@id":"https:\/\/sergiowalkingtours.com\/fr\/avis-juridique\/#breadcrumb"},"inLanguage":"fr-FR","potentialAction":[{"@type":"ReadAction","target":["https:\/\/sergiowalkingtours.com\/fr\/avis-juridique\/"]}]},{"@type":"BreadcrumbList","@id":"https:\/\/sergiowalkingtours.com\/fr\/avis-juridique\/#breadcrumb","itemListElement":[{"@type":"ListItem","position":1,"name":"Home","item":"https:\/\/sergiowalkingtours.com\/fr\/"},{"@type":"ListItem","position":2,"name":"Avis juridique"}]},{"@type":"WebSite","@id":"https:\/\/sergiowalkingtours.com\/fr\/#website","url":"https:\/\/sergiowalkingtours.com\/fr\/","name":"Sergio Walking Tours - Tu gu\u00eda profesional","description":"See Tenerife through the eyes of a local","potentialAction":[{"@type":"SearchAction","target":{"@type":"EntryPoint","urlTemplate":"https:\/\/sergiowalkingtours.com\/fr\/?s={search_term_string}"},"query-input":{"@type":"PropertyValueSpecification","valueRequired":true,"valueName":"search_term_string"}}],"inLanguage":"fr-FR"}]}},"_links":{"self":[{"href":"https:\/\/sergiowalkingtours.com\/fr\/wp-json\/wp\/v2\/pages\/2008","targetHints":{"allow":["GET"]}}],"collection":[{"href":"https:\/\/sergiowalkingtours.com\/fr\/wp-json\/wp\/v2\/pages"}],"about":[{"href":"https:\/\/sergiowalkingtours.com\/fr\/wp-json\/wp\/v2\/types\/page"}],"author":[{"embeddable":true,"href":"https:\/\/sergiowalkingtours.com\/fr\/wp-json\/wp\/v2\/users\/1"}],"replies":[{"embeddable":true,"href":"https:\/\/sergiowalkingtours.com\/fr\/wp-json\/wp\/v2\/comments?post=2008"}],"version-history":[{"count":3,"href":"https:\/\/sergiowalkingtours.com\/fr\/wp-json\/wp\/v2\/pages\/2008\/revisions"}],"predecessor-version":[{"id":2012,"href":"https:\/\/sergiowalkingtours.com\/fr\/wp-json\/wp\/v2\/pages\/2008\/revisions\/2012"}],"wp:attachment":[{"href":"https:\/\/sergiowalkingtours.com\/fr\/wp-json\/wp\/v2\/media?parent=2008"}],"wp:term":[{"taxonomy":"difl_page_category","embeddable":true,"href":"https:\/\/sergiowalkingtours.com\/fr\/wp-json\/wp\/v2\/difl_page_category?post=2008"}],"curies":[{"name":"wp","href":"https:\/\/api.w.org\/{rel}","templated":true}]}}