{"id":1994,"date":"2023-07-24T09:54:08","date_gmt":"2023-07-24T09:54:08","guid":{"rendered":"https:\/\/walkingtours.e2w.es\/accessibilite\/"},"modified":"2023-08-22T08:12:43","modified_gmt":"2023-08-22T08:12:43","slug":"accessibilite","status":"publish","type":"page","link":"https:\/\/sergiowalkingtours.com\/fr\/accessibilite\/","title":{"rendered":"Accessibilit\u00e9"},"content":{"rendered":"<p>[et_pb_section fb_built=\u00a0\u00bb1&Prime; _builder_version=\u00a0\u00bb4.16&Prime; global_colors_info=\u00a0\u00bb{}\u00a0\u00bb theme_builder_area=\u00a0\u00bbpost_content\u00a0\u00bb][et_pb_row _builder_version=\u00a0\u00bb4.16&Prime; background_size=\u00a0\u00bbinitial\u00a0\u00bb background_position=\u00a0\u00bbtop_left\u00a0\u00bb background_repeat=\u00a0\u00bbrepeat\u00a0\u00bb custom_padding=\u00a0\u00bb||27px|||\u00a0\u00bb global_colors_info=\u00a0\u00bb{}\u00a0\u00bb theme_builder_area=\u00a0\u00bbpost_content\u00a0\u00bb][et_pb_column type=\u00a0\u00bb4_4&Prime; _builder_version=\u00a0\u00bb4.16&Prime; custom_padding=\u00a0\u00bb|||\u00a0\u00bb global_colors_info=\u00a0\u00bb{}\u00a0\u00bb custom_padding__hover=\u00a0\u00bb|||\u00a0\u00bb theme_builder_area=\u00a0\u00bbpost_content\u00a0\u00bb][et_pb_post_title meta=\u00a0\u00bboff\u00a0\u00bb featured_image=\u00a0\u00bboff\u00a0\u00bb admin_label=\u00a0\u00bbT\u00edtulo de publicaci\u00f3n\u00a0\u00bb _builder_version=\u00a0\u00bb4.21.0&Prime; _module_preset=\u00a0\u00bbdefault\u00a0\u00bb global_colors_info=\u00a0\u00bb{}\u00a0\u00bb theme_builder_area=\u00a0\u00bbpost_content\u00a0\u00bb][\/et_pb_post_title][et_pb_text _builder_version=\u00a0\u00bb4.21.0&Prime; text_font=\u00a0\u00bb|300|||||||\u00a0\u00bb background_size=\u00a0\u00bbinitial\u00a0\u00bb background_position=\u00a0\u00bbtop_left\u00a0\u00bb background_repeat=\u00a0\u00bbrepeat\u00a0\u00bb global_colors_info=\u00a0\u00bb{}\u00a0\u00bb theme_builder_area=\u00a0\u00bbpost_content\u00a0\u00bb]<\/p>\n<h2>Qu&rsquo;est-ce que l&rsquo;accessibilit\u00e9 du Web ?<\/h2>\n<p>Il s&rsquo;agit de la capacit\u00e9 d&rsquo;acc\u00e9der au contenu ind\u00e9pendamment de la personne ou du contexte.<\/p>\n<h2>Raccourcis clavier<\/h2>\n<p>Les cl\u00e9s d&rsquo;acc\u00e8s suivantes sont disponibles pour faciliter la navigation sur ce site :<\/p>\n<p><strong>0 &#8211; Accueil 1 &#8211; Notre entreprise 2 &#8211; Projets 3 &#8211; Contrats 4 &#8211; Contact<\/strong><\/p>\n<h3>L&rsquo;utilisation des cl\u00e9s d&rsquo;acc\u00e8s est conditionn\u00e9e par le navigateur :<\/h3>\n<p>Internet Explorer : ALT + raccourci. ENTR\u00c9E<br \/>Firefox : ALT + Shift + raccourci<br \/>Google Chrome : ALT + raccourci<br \/>Opera : Shift + ESC + raccourci<br \/>Safari : CTRL + raccourci<br \/>Niveau d&rsquo;accessibilit\u00e9<br \/>Ce site web a \u00e9t\u00e9 con\u00e7u en tenant compte des crit\u00e8res du guide d&rsquo;accessibilit\u00e9 WCAG 2.0. Nous nous effor\u00e7ons actuellement de r\u00e9pondre aux crit\u00e8res d&rsquo;accessibilit\u00e9 WCAG 2.2, avec un niveau AA.<\/p>\n<p>Il est con\u00e7u pour s&rsquo;afficher correctement sur les ordinateurs de bureau, les tablettes et les appareils mobiles (Responsive).<\/p>\n<p>Date de la derni\u00e8re v\u00e9rification du niveau WCAG du site web : Mars 2023, \u00e0 l&rsquo;aide de l&rsquo;outil fourni par Tawdis.net<\/p>\n<h2>Documents non accessibles<\/h2>\n<p>Certains documents, tels que les fichiers PDF ou les documents .DOC, peuvent ne pas \u00eatre accessibles. Si vous avez des difficult\u00e9s \u00e0 t\u00e9l\u00e9charger ou \u00e0 lire les documents publi\u00e9s sur notre site web, vous pouvez demander une copie dans le format de votre choix, dans la mesure du possible, en envoyant votre demande \u00e0 l&rsquo;adresse \u00e9lectronique de contact.<\/p>\n<h2>Taille du texte<\/h2>\n<p>Des tailles de police relatives ont \u00e9t\u00e9 utilis\u00e9es afin que l&rsquo;utilisateur qui pr\u00e9f\u00e8re une police plus grande puisse la s\u00e9lectionner via les options de taille de texte de son navigateur, g\u00e9n\u00e9ralement Ctrl+ (contr\u00f4le plus) pour agrandir, Ctrl- (contr\u00f4le moins) pour r\u00e9duire.<\/p>\n<h2>Structure de la page<\/h2>\n<p>Ce portail est con\u00e7u avec un format commun pour toutes les pages afin de faciliter la familiarisation avec le contenu des pages et d&rsquo;am\u00e9liorer la navigation pour tous les utilisateurs.<\/p>\n<p>Les pages se composent globalement des domaines suivants :<\/p>\n<ul>\n<li>En-t\u00eate, avec acc\u00e8s \u00e0 la page d&rsquo;accueil, formulaire de contact, acc\u00e8s aux versions co-officielle et anglaise et moteur de recherche avanc\u00e9.<\/li>\n<li>Menu de navigation principal, avec les principales options du site web.<\/li>\n<li>Zone centrale de contenu qui varie selon qu&rsquo;il s&rsquo;agit de la page principale du site, d&rsquo;un sous-accueil, d&rsquo;un r\u00e9sum\u00e9, d&rsquo;un document ou d&rsquo;un moteur de recherche avanc\u00e9.<\/li>\n<li>Le pied de page, qui comprend les informations juridiques de l&rsquo;entreprise.<\/li>\n<\/ul>\n<h2>Sites externes<\/h2>\n<p>Certains liens peuvent vous conduire \u00e0 des sites ext\u00e9rieurs \u00e0 ce site, tels que Google Maps, Google Transit, Facebook, etc., qui NE SONT PAS ACCESSIBLES ou PEUVENT NE PAS \u00caTRE ACCESSIBLES, mais qui sont importants pour certains utilisateurs. Dans ces cas, AGG Consulting n&rsquo;est pas au courant de leur niveau d&rsquo;accessibilit\u00e9 et pr\u00e9vient les utilisateurs handicap\u00e9s qu&rsquo;ils peuvent rencontrer des probl\u00e8mes en suivant ces liens.<\/p>\n<h2>Aidez-nous \u00e0 nous am\u00e9liorer<\/h2>\n<p>Conscients que des am\u00e9liorations sont possibles, nous travaillons chaque jour pour atteindre cet objectif. Si vous rencontrez des difficult\u00e9s pour acc\u00e9der au site, ou si vous avez des questions ou des contributions, vous pouvez les envoyer \u00e0 l&rsquo;adresse \u00e9lectronique de contact<\/p>\n<p>[\/et_pb_text][\/et_pb_column][\/et_pb_row][\/et_pb_section]<\/p>\n","protected":false},"excerpt":{"rendered":"<p>Qu&rsquo;est-ce que l&rsquo;accessibilit\u00e9 du Web ? Il s&rsquo;agit de la capacit\u00e9 d&rsquo;acc\u00e9der au contenu ind\u00e9pendamment de la personne ou du contexte. Raccourcis clavier Les cl\u00e9s d&rsquo;acc\u00e8s suivantes sont disponibles pour faciliter la navigation sur ce site : 0 &#8211; Accueil 1 &#8211; Notre entreprise 2 &#8211; Projets 3 &#8211; Contrats 4 &#8211; Contact L&rsquo;utilisation des [&hellip;]<\/p>\n","protected":false},"author":1,"featured_media":0,"parent":0,"menu_order":10,"comment_status":"closed","ping_status":"closed","template":"","meta":{"_acf_changed":false,"_et_pb_use_builder":"on","_et_pb_old_content":"","_et_gb_content_width":"","footnotes":""},"difl_page_category":[],"class_list":["post-1994","page","type-page","status-publish","hentry"],"acf":[],"yoast_head":"<!-- This site is optimized with the Yoast SEO plugin v27.3 - https:\/\/yoast.com\/product\/yoast-seo-wordpress\/ -->\n<title>Accessibilit\u00e9 - Sergio Walking Tours - Tu gu\u00eda profesional<\/title>\n<meta name=\"description\" content=\"See Tenerife through the eyes of a local\" \/>\n<meta name=\"robots\" content=\"index, follow, max-snippet:-1, max-image-preview:large, max-video-preview:-1\" \/>\n<link rel=\"canonical\" href=\"https:\/\/sergiowalkingtours.com\/fr\/accessibilite\/\" \/>\n<meta property=\"og:locale\" content=\"fr_FR\" \/>\n<meta property=\"og:type\" content=\"article\" \/>\n<meta property=\"og:title\" content=\"Accessibilit\u00e9 - Sergio Walking Tours - Tu gu\u00eda profesional\" \/>\n<meta property=\"og:description\" content=\"See Tenerife through the eyes of a local\" \/>\n<meta property=\"og:url\" content=\"https:\/\/sergiowalkingtours.com\/fr\/accessibilite\/\" \/>\n<meta property=\"og:site_name\" content=\"Sergio Walking Tours - Tu gu\u00eda profesional\" \/>\n<meta property=\"article:modified_time\" content=\"2023-08-22T08:12:43+00:00\" \/>\n<meta property=\"og:image\" content=\"https:\/\/sergiowalkingtours.com\/wp-content\/uploads\/2023\/09\/portada.jpg\" \/>\n\t<meta property=\"og:image:width\" content=\"1200\" \/>\n\t<meta property=\"og:image:height\" content=\"675\" \/>\n\t<meta property=\"og:image:type\" content=\"image\/jpeg\" \/>\n<meta name=\"twitter:card\" content=\"summary_large_image\" \/>\n<meta name=\"twitter:label1\" content=\"Dur\u00e9e de lecture estim\u00e9e\" \/>\n\t<meta name=\"twitter:data1\" content=\"3 minutes\" \/>\n<script type=\"application\/ld+json\" class=\"yoast-schema-graph\">{\"@context\":\"https:\\\/\\\/schema.org\",\"@graph\":[{\"@type\":\"WebPage\",\"@id\":\"https:\\\/\\\/sergiowalkingtours.com\\\/fr\\\/accessibilite\\\/\",\"url\":\"https:\\\/\\\/sergiowalkingtours.com\\\/fr\\\/accessibilite\\\/\",\"name\":\"Accessibilit\u00e9 - Sergio Walking Tours - Tu gu\u00eda profesional\",\"isPartOf\":{\"@id\":\"https:\\\/\\\/sergiowalkingtours.com\\\/fr\\\/#website\"},\"datePublished\":\"2023-07-24T09:54:08+00:00\",\"dateModified\":\"2023-08-22T08:12:43+00:00\",\"description\":\"See Tenerife through the eyes of a local\",\"breadcrumb\":{\"@id\":\"https:\\\/\\\/sergiowalkingtours.com\\\/fr\\\/accessibilite\\\/#breadcrumb\"},\"inLanguage\":\"fr-FR\",\"potentialAction\":[{\"@type\":\"ReadAction\",\"target\":[\"https:\\\/\\\/sergiowalkingtours.com\\\/fr\\\/accessibilite\\\/\"]}]},{\"@type\":\"BreadcrumbList\",\"@id\":\"https:\\\/\\\/sergiowalkingtours.com\\\/fr\\\/accessibilite\\\/#breadcrumb\",\"itemListElement\":[{\"@type\":\"ListItem\",\"position\":1,\"name\":\"Home\",\"item\":\"https:\\\/\\\/sergiowalkingtours.com\\\/fr\\\/\"},{\"@type\":\"ListItem\",\"position\":2,\"name\":\"Accessibilit\u00e9\"}]},{\"@type\":\"WebSite\",\"@id\":\"https:\\\/\\\/sergiowalkingtours.com\\\/fr\\\/#website\",\"url\":\"https:\\\/\\\/sergiowalkingtours.com\\\/fr\\\/\",\"name\":\"Sergio Walking Tours - Tu gu\u00eda profesional\",\"description\":\"See Tenerife through the eyes of a local\",\"potentialAction\":[{\"@type\":\"SearchAction\",\"target\":{\"@type\":\"EntryPoint\",\"urlTemplate\":\"https:\\\/\\\/sergiowalkingtours.com\\\/fr\\\/?s={search_term_string}\"},\"query-input\":{\"@type\":\"PropertyValueSpecification\",\"valueRequired\":true,\"valueName\":\"search_term_string\"}}],\"inLanguage\":\"fr-FR\"}]}<\/script>\n<!-- \/ Yoast SEO plugin. -->","yoast_head_json":{"title":"Accessibilit\u00e9 - Sergio Walking Tours - Tu gu\u00eda profesional","description":"See Tenerife through the eyes of a local","robots":{"index":"index","follow":"follow","max-snippet":"max-snippet:-1","max-image-preview":"max-image-preview:large","max-video-preview":"max-video-preview:-1"},"canonical":"https:\/\/sergiowalkingtours.com\/fr\/accessibilite\/","og_locale":"fr_FR","og_type":"article","og_title":"Accessibilit\u00e9 - Sergio Walking Tours - Tu gu\u00eda profesional","og_description":"See Tenerife through the eyes of a local","og_url":"https:\/\/sergiowalkingtours.com\/fr\/accessibilite\/","og_site_name":"Sergio Walking Tours - Tu gu\u00eda profesional","article_modified_time":"2023-08-22T08:12:43+00:00","og_image":[{"width":1200,"height":675,"url":"https:\/\/sergiowalkingtours.com\/wp-content\/uploads\/2023\/09\/portada.jpg","type":"image\/jpeg"}],"twitter_card":"summary_large_image","twitter_misc":{"Dur\u00e9e de lecture estim\u00e9e":"3 minutes"},"schema":{"@context":"https:\/\/schema.org","@graph":[{"@type":"WebPage","@id":"https:\/\/sergiowalkingtours.com\/fr\/accessibilite\/","url":"https:\/\/sergiowalkingtours.com\/fr\/accessibilite\/","name":"Accessibilit\u00e9 - Sergio Walking Tours - Tu gu\u00eda profesional","isPartOf":{"@id":"https:\/\/sergiowalkingtours.com\/fr\/#website"},"datePublished":"2023-07-24T09:54:08+00:00","dateModified":"2023-08-22T08:12:43+00:00","description":"See Tenerife through the eyes of a local","breadcrumb":{"@id":"https:\/\/sergiowalkingtours.com\/fr\/accessibilite\/#breadcrumb"},"inLanguage":"fr-FR","potentialAction":[{"@type":"ReadAction","target":["https:\/\/sergiowalkingtours.com\/fr\/accessibilite\/"]}]},{"@type":"BreadcrumbList","@id":"https:\/\/sergiowalkingtours.com\/fr\/accessibilite\/#breadcrumb","itemListElement":[{"@type":"ListItem","position":1,"name":"Home","item":"https:\/\/sergiowalkingtours.com\/fr\/"},{"@type":"ListItem","position":2,"name":"Accessibilit\u00e9"}]},{"@type":"WebSite","@id":"https:\/\/sergiowalkingtours.com\/fr\/#website","url":"https:\/\/sergiowalkingtours.com\/fr\/","name":"Sergio Walking Tours - Tu gu\u00eda profesional","description":"See Tenerife through the eyes of a local","potentialAction":[{"@type":"SearchAction","target":{"@type":"EntryPoint","urlTemplate":"https:\/\/sergiowalkingtours.com\/fr\/?s={search_term_string}"},"query-input":{"@type":"PropertyValueSpecification","valueRequired":true,"valueName":"search_term_string"}}],"inLanguage":"fr-FR"}]}},"_links":{"self":[{"href":"https:\/\/sergiowalkingtours.com\/fr\/wp-json\/wp\/v2\/pages\/1994","targetHints":{"allow":["GET"]}}],"collection":[{"href":"https:\/\/sergiowalkingtours.com\/fr\/wp-json\/wp\/v2\/pages"}],"about":[{"href":"https:\/\/sergiowalkingtours.com\/fr\/wp-json\/wp\/v2\/types\/page"}],"author":[{"embeddable":true,"href":"https:\/\/sergiowalkingtours.com\/fr\/wp-json\/wp\/v2\/users\/1"}],"replies":[{"embeddable":true,"href":"https:\/\/sergiowalkingtours.com\/fr\/wp-json\/wp\/v2\/comments?post=1994"}],"version-history":[{"count":3,"href":"https:\/\/sergiowalkingtours.com\/fr\/wp-json\/wp\/v2\/pages\/1994\/revisions"}],"predecessor-version":[{"id":1999,"href":"https:\/\/sergiowalkingtours.com\/fr\/wp-json\/wp\/v2\/pages\/1994\/revisions\/1999"}],"wp:attachment":[{"href":"https:\/\/sergiowalkingtours.com\/fr\/wp-json\/wp\/v2\/media?parent=1994"}],"wp:term":[{"taxonomy":"difl_page_category","embeddable":true,"href":"https:\/\/sergiowalkingtours.com\/fr\/wp-json\/wp\/v2\/difl_page_category?post=1994"}],"curies":[{"name":"wp","href":"https:\/\/api.w.org\/{rel}","templated":true}]}}