{"id":4962,"date":"2023-08-03T11:15:20","date_gmt":"2023-08-03T11:15:20","guid":{"rendered":"https:\/\/sergiowalkingtours.com\/producto\/cuevas-negras-schlucht-2\/"},"modified":"2025-12-25T09:20:48","modified_gmt":"2025-12-25T09:20:48","slug":"cuevas-negras-schlucht-2","status":"publish","type":"product","link":"https:\/\/sergiowalkingtours.com\/de\/producto\/cuevas-negras-schlucht-2\/","title":{"rendered":"Cuevas Negras Schlucht"},"content":{"rendered":"<p>Diese interessante und eindrucksvolle Wanderung startet in einem kleinen Bergdorf auf \u00fcber 1000 Metern H\u00f6he. Wir wandern durch Obstg\u00e4rten und Felder bis zum Beginn der spektakul\u00e4ren Schlucht. Diese durchqueren wir durch einen \u00fcppigen Wald mit Lorbeerb\u00e4umen und riesigen Heidekr\u00e4utern. Hunderte von Blumen und Vogelgezwitscher begleiten uns auf unserem Weg. Wir gewinnen Einblick in die geologischen \u00dcberreste vergangener Vulkanausbr\u00fcche und erkennen, wie die Natur die Landschaft im Laufe der Zeit geformt hat. Von einer nat\u00fcrlichen Aussichtsplattform aus genie\u00dft du einen atemberaubenden Blick auf die K\u00fcste. Unsere Wanderung f\u00fchrt uns weiter am Rand der Schlucht entlang, vorbei an alten, verlassenen D\u00f6rfern, die von einer vergangenen Zeit zeugen, als Maultiertreiber mit ihren Lasttieren auf diesem Weg unterwegs waren. Das Rauschen des flie\u00dfenden Wassers sowie alte Wasserleitungen lassen auf unterirdische G\u00e4nge schlie\u00dfen. An einer Weggabelung erwartet dich ein beeindruckender, hundertj\u00e4hriger Lorbeerbaum sowie gro\u00dffl\u00e4chige, dunkle Vulkanh\u00f6hlen. Ein wundersch\u00f6ner Ort, der dir die geologischen Geheimnisse der Insel n\u00e4herbringt und ihre Entwicklung im Laufe der Jahrmillionen veranschaulicht. Am Ende der Tour durchqueren wir wieder Obstg\u00e4rten und Bananenplantagen, bis wir ein typisches Dorf erreichen, wo wir bei einem traditionellen Kaffee oder einem guten Wein aus der Region die Eindr\u00fccke dieses fantastischen Erlebnisses Revue passieren lassen k\u00f6nnen. <strong>Bitte festes Schuhwerk, Regenjacke, Kopfbedeckung, Sonnenschutz und ausreichend zu trinken mitbringen.<\/strong><\/p>\n<p><strong>Die Wanderung ist f\u00fcr Kinder ab 12 Jahren geeignet. Minderj\u00e4hrige m\u00fcssen von einem Erwachsenen begleitet werden.<\/strong><\/p>\n<p><b>Der Preis gilt f\u00fcr eine private Gruppe von 1 bis 4 Personen. Jede weitere Person 45\u20ac. Maximal 8 Personen.<\/b><\/p>\n","protected":false},"excerpt":{"rendered":"<p>Diese interessante und eindrucksvolle Wanderung startet in einem kleinen Bergdorf auf \u00fcber 1000 Metern H\u00f6he. Wir wandern durch Obstg\u00e4rten und Felder bis zum Beginn der spektakul\u00e4ren Schlucht. Diese durchqueren wir durch einen \u00fcppigen Wald mit Lorbeerb\u00e4umen und riesigen Heidekr\u00e4utern. Hunderte von Blumen und Vogelgezwitscher begleiten uns auf unserem Weg. Wir gewinnen Einblick in die geologischen [&hellip;]<\/p>\n","protected":false},"featured_media":4203,"template":"","meta":{"_acf_changed":false,"_et_pb_use_builder":"","_et_pb_old_content":"","_et_gb_content_width":""},"product_brand":[],"product_cat":[73],"product_tag":[],"class_list":{"0":"post-4962","1":"product","2":"type-product","3":"status-publish","4":"has-post-thumbnail","6":"product_cat-vip-ausfluge","8":"first","9":"instock","10":"shipping-taxable","11":"purchasable","12":"product-type-phive_booking"},"acf":[],"yoast_head":"<!-- This site is optimized with the Yoast SEO plugin v27.3 - https:\/\/yoast.com\/product\/yoast-seo-wordpress\/ -->\n<title>Cuevas Negras Schlucht - Sergio Walking Tours - Tu gu\u00eda profesional<\/title>\n<meta name=\"robots\" content=\"index, follow, max-snippet:-1, max-image-preview:large, max-video-preview:-1\" \/>\n<link rel=\"canonical\" href=\"https:\/\/sergiowalkingtours.com\/de\/producto\/cuevas-negras-schlucht-2\/\" \/>\n<meta property=\"og:locale\" content=\"de_DE\" \/>\n<meta property=\"og:type\" content=\"article\" \/>\n<meta property=\"og:title\" content=\"Cuevas Negras Schlucht - Sergio Walking Tours - Tu gu\u00eda profesional\" \/>\n<meta property=\"og:description\" content=\"Diese interessante und eindrucksvolle Wanderung startet in einem kleinen Bergdorf auf \u00fcber 1000 Metern H\u00f6he. Wir wandern durch Obstg\u00e4rten und Felder bis zum Beginn der spektakul\u00e4ren Schlucht. Diese durchqueren wir durch einen \u00fcppigen Wald mit Lorbeerb\u00e4umen und riesigen Heidekr\u00e4utern. Hunderte von Blumen und Vogelgezwitscher begleiten uns auf unserem Weg. Wir gewinnen Einblick in die geologischen [&hellip;]\" \/>\n<meta property=\"og:url\" content=\"https:\/\/sergiowalkingtours.com\/de\/producto\/cuevas-negras-schlucht-2\/\" \/>\n<meta property=\"og:site_name\" content=\"Sergio Walking Tours - Tu gu\u00eda profesional\" \/>\n<meta property=\"article:modified_time\" content=\"2025-12-25T09:20:48+00:00\" \/>\n<meta property=\"og:image\" content=\"https:\/\/sergiowalkingtours.com\/wp-content\/uploads\/2023\/11\/Foto_Cuevas_Negras_2.jpg\" \/>\n\t<meta property=\"og:image:width\" content=\"1600\" \/>\n\t<meta property=\"og:image:height\" content=\"1200\" \/>\n\t<meta property=\"og:image:type\" content=\"image\/jpeg\" \/>\n<meta name=\"twitter:card\" content=\"summary_large_image\" \/>\n<meta name=\"twitter:label1\" content=\"Gesch\u00e4tzte Lesezeit\" \/>\n\t<meta name=\"twitter:data1\" content=\"1\u00a0Minute\" \/>\n<script type=\"application\/ld+json\" class=\"yoast-schema-graph\">{\"@context\":\"https:\\\/\\\/schema.org\",\"@graph\":[{\"@type\":\"WebPage\",\"@id\":\"https:\\\/\\\/sergiowalkingtours.com\\\/de\\\/producto\\\/cuevas-negras-schlucht-2\\\/\",\"url\":\"https:\\\/\\\/sergiowalkingtours.com\\\/de\\\/producto\\\/cuevas-negras-schlucht-2\\\/\",\"name\":\"Cuevas Negras Schlucht - Sergio Walking Tours - Tu gu\u00eda profesional\",\"isPartOf\":{\"@id\":\"https:\\\/\\\/sergiowalkingtours.com\\\/de\\\/#website\"},\"primaryImageOfPage\":{\"@id\":\"https:\\\/\\\/sergiowalkingtours.com\\\/de\\\/producto\\\/cuevas-negras-schlucht-2\\\/#primaryimage\"},\"image\":{\"@id\":\"https:\\\/\\\/sergiowalkingtours.com\\\/de\\\/producto\\\/cuevas-negras-schlucht-2\\\/#primaryimage\"},\"thumbnailUrl\":\"https:\\\/\\\/sergiowalkingtours.com\\\/wp-content\\\/uploads\\\/2023\\\/11\\\/Foto_Cuevas_Negras_2.jpg\",\"datePublished\":\"2023-08-03T11:15:20+00:00\",\"dateModified\":\"2025-12-25T09:20:48+00:00\",\"breadcrumb\":{\"@id\":\"https:\\\/\\\/sergiowalkingtours.com\\\/de\\\/producto\\\/cuevas-negras-schlucht-2\\\/#breadcrumb\"},\"inLanguage\":\"de\",\"potentialAction\":[{\"@type\":\"ReadAction\",\"target\":[\"https:\\\/\\\/sergiowalkingtours.com\\\/de\\\/producto\\\/cuevas-negras-schlucht-2\\\/\"]}]},{\"@type\":\"ImageObject\",\"inLanguage\":\"de\",\"@id\":\"https:\\\/\\\/sergiowalkingtours.com\\\/de\\\/producto\\\/cuevas-negras-schlucht-2\\\/#primaryimage\",\"url\":\"https:\\\/\\\/sergiowalkingtours.com\\\/wp-content\\\/uploads\\\/2023\\\/11\\\/Foto_Cuevas_Negras_2.jpg\",\"contentUrl\":\"https:\\\/\\\/sergiowalkingtours.com\\\/wp-content\\\/uploads\\\/2023\\\/11\\\/Foto_Cuevas_Negras_2.jpg\",\"width\":1600,\"height\":1200},{\"@type\":\"BreadcrumbList\",\"@id\":\"https:\\\/\\\/sergiowalkingtours.com\\\/de\\\/producto\\\/cuevas-negras-schlucht-2\\\/#breadcrumb\",\"itemListElement\":[{\"@type\":\"ListItem\",\"position\":1,\"name\":\"Home\",\"item\":\"https:\\\/\\\/sergiowalkingtours.com\\\/de\\\/\"},{\"@type\":\"ListItem\",\"position\":2,\"name\":\"Shop\",\"item\":\"https:\\\/\\\/sergiowalkingtours.com\\\/de\\\/shop\\\/\"},{\"@type\":\"ListItem\",\"position\":3,\"name\":\"Cuevas Negras Schlucht\"}]},{\"@type\":\"WebSite\",\"@id\":\"https:\\\/\\\/sergiowalkingtours.com\\\/de\\\/#website\",\"url\":\"https:\\\/\\\/sergiowalkingtours.com\\\/de\\\/\",\"name\":\"Sergio Walking Tours - Tu gu\u00eda profesional\",\"description\":\"See Tenerife through the eyes of a local\",\"potentialAction\":[{\"@type\":\"SearchAction\",\"target\":{\"@type\":\"EntryPoint\",\"urlTemplate\":\"https:\\\/\\\/sergiowalkingtours.com\\\/de\\\/?s={search_term_string}\"},\"query-input\":{\"@type\":\"PropertyValueSpecification\",\"valueRequired\":true,\"valueName\":\"search_term_string\"}}],\"inLanguage\":\"de\"}]}<\/script>\n<!-- \/ Yoast SEO plugin. -->","yoast_head_json":{"title":"Cuevas Negras Schlucht - Sergio Walking Tours - Tu gu\u00eda profesional","robots":{"index":"index","follow":"follow","max-snippet":"max-snippet:-1","max-image-preview":"max-image-preview:large","max-video-preview":"max-video-preview:-1"},"canonical":"https:\/\/sergiowalkingtours.com\/de\/producto\/cuevas-negras-schlucht-2\/","og_locale":"de_DE","og_type":"article","og_title":"Cuevas Negras Schlucht - Sergio Walking Tours - Tu gu\u00eda profesional","og_description":"Diese interessante und eindrucksvolle Wanderung startet in einem kleinen Bergdorf auf \u00fcber 1000 Metern H\u00f6he. Wir wandern durch Obstg\u00e4rten und Felder bis zum Beginn der spektakul\u00e4ren Schlucht. Diese durchqueren wir durch einen \u00fcppigen Wald mit Lorbeerb\u00e4umen und riesigen Heidekr\u00e4utern. Hunderte von Blumen und Vogelgezwitscher begleiten uns auf unserem Weg. Wir gewinnen Einblick in die geologischen [&hellip;]","og_url":"https:\/\/sergiowalkingtours.com\/de\/producto\/cuevas-negras-schlucht-2\/","og_site_name":"Sergio Walking Tours - Tu gu\u00eda profesional","article_modified_time":"2025-12-25T09:20:48+00:00","og_image":[{"width":1600,"height":1200,"url":"https:\/\/sergiowalkingtours.com\/wp-content\/uploads\/2023\/11\/Foto_Cuevas_Negras_2.jpg","type":"image\/jpeg"}],"twitter_card":"summary_large_image","twitter_misc":{"Gesch\u00e4tzte Lesezeit":"1\u00a0Minute"},"schema":{"@context":"https:\/\/schema.org","@graph":[{"@type":"WebPage","@id":"https:\/\/sergiowalkingtours.com\/de\/producto\/cuevas-negras-schlucht-2\/","url":"https:\/\/sergiowalkingtours.com\/de\/producto\/cuevas-negras-schlucht-2\/","name":"Cuevas Negras Schlucht - Sergio Walking Tours - Tu gu\u00eda profesional","isPartOf":{"@id":"https:\/\/sergiowalkingtours.com\/de\/#website"},"primaryImageOfPage":{"@id":"https:\/\/sergiowalkingtours.com\/de\/producto\/cuevas-negras-schlucht-2\/#primaryimage"},"image":{"@id":"https:\/\/sergiowalkingtours.com\/de\/producto\/cuevas-negras-schlucht-2\/#primaryimage"},"thumbnailUrl":"https:\/\/sergiowalkingtours.com\/wp-content\/uploads\/2023\/11\/Foto_Cuevas_Negras_2.jpg","datePublished":"2023-08-03T11:15:20+00:00","dateModified":"2025-12-25T09:20:48+00:00","breadcrumb":{"@id":"https:\/\/sergiowalkingtours.com\/de\/producto\/cuevas-negras-schlucht-2\/#breadcrumb"},"inLanguage":"de","potentialAction":[{"@type":"ReadAction","target":["https:\/\/sergiowalkingtours.com\/de\/producto\/cuevas-negras-schlucht-2\/"]}]},{"@type":"ImageObject","inLanguage":"de","@id":"https:\/\/sergiowalkingtours.com\/de\/producto\/cuevas-negras-schlucht-2\/#primaryimage","url":"https:\/\/sergiowalkingtours.com\/wp-content\/uploads\/2023\/11\/Foto_Cuevas_Negras_2.jpg","contentUrl":"https:\/\/sergiowalkingtours.com\/wp-content\/uploads\/2023\/11\/Foto_Cuevas_Negras_2.jpg","width":1600,"height":1200},{"@type":"BreadcrumbList","@id":"https:\/\/sergiowalkingtours.com\/de\/producto\/cuevas-negras-schlucht-2\/#breadcrumb","itemListElement":[{"@type":"ListItem","position":1,"name":"Home","item":"https:\/\/sergiowalkingtours.com\/de\/"},{"@type":"ListItem","position":2,"name":"Shop","item":"https:\/\/sergiowalkingtours.com\/de\/shop\/"},{"@type":"ListItem","position":3,"name":"Cuevas Negras Schlucht"}]},{"@type":"WebSite","@id":"https:\/\/sergiowalkingtours.com\/de\/#website","url":"https:\/\/sergiowalkingtours.com\/de\/","name":"Sergio Walking Tours - Tu gu\u00eda profesional","description":"See Tenerife through the eyes of a local","potentialAction":[{"@type":"SearchAction","target":{"@type":"EntryPoint","urlTemplate":"https:\/\/sergiowalkingtours.com\/de\/?s={search_term_string}"},"query-input":{"@type":"PropertyValueSpecification","valueRequired":true,"valueName":"search_term_string"}}],"inLanguage":"de"}]}},"_links":{"self":[{"href":"https:\/\/sergiowalkingtours.com\/de\/wp-json\/wp\/v2\/product\/4962","targetHints":{"allow":["GET"]}}],"collection":[{"href":"https:\/\/sergiowalkingtours.com\/de\/wp-json\/wp\/v2\/product"}],"about":[{"href":"https:\/\/sergiowalkingtours.com\/de\/wp-json\/wp\/v2\/types\/product"}],"wp:featuredmedia":[{"embeddable":true,"href":"https:\/\/sergiowalkingtours.com\/de\/wp-json\/wp\/v2\/media\/4203"}],"wp:attachment":[{"href":"https:\/\/sergiowalkingtours.com\/de\/wp-json\/wp\/v2\/media?parent=4962"}],"wp:term":[{"taxonomy":"product_brand","embeddable":true,"href":"https:\/\/sergiowalkingtours.com\/de\/wp-json\/wp\/v2\/product_brand?post=4962"},{"taxonomy":"product_cat","embeddable":true,"href":"https:\/\/sergiowalkingtours.com\/de\/wp-json\/wp\/v2\/product_cat?post=4962"},{"taxonomy":"product_tag","embeddable":true,"href":"https:\/\/sergiowalkingtours.com\/de\/wp-json\/wp\/v2\/product_tag?post=4962"}],"curies":[{"name":"wp","href":"https:\/\/api.w.org\/{rel}","templated":true}]}}