{"id":2295,"date":"2023-07-19T07:50:41","date_gmt":"2023-07-19T07:50:41","guid":{"rendered":"https:\/\/walkingtours.e2w.es\/producto\/reise-in-die-vergangenheit-unter-vulkanen\/"},"modified":"2025-02-22T01:22:23","modified_gmt":"2025-02-22T01:22:23","slug":"zeitreise-zwischen-vulkanen","status":"publish","type":"product","link":"https:\/\/sergiowalkingtours.com\/de\/producto\/zeitreise-zwischen-vulkanen\/","title":{"rendered":"Zeitreise zwischen Vulkanen"},"content":{"rendered":"<p>Die Wanderung startet bei einer romantischen Waldkapelle. Der weitere Verlauf der Wanderung f\u00fchrt auf einem mit Kiefernnadeln bedeckten Pfad durch Fayal-Belize, Riesenheide, Lorbeerwald und Kanarische Kiefern bergauf. Auf unserer Wanderung erfahren wir viel Interessantes \u00fcber die vulkanische Vergangenheit Teneriffas, die bis heute sp\u00fcrbar ist. Wir erkunden das j\u00fcngste Terrain der Kanareninsel, das von zwei der letzten Vulkanausbr\u00fcche stammt: den Vulkanen Trevejo (im Jahr 1706) und Chinyero (im Jahr 1909). Ein geologisches Freilichtmuseum mit erstarrten Kegeln, Tunneln, S\u00e4ulen und Lavastr\u00f6men, die durch ihre eigenwilligen Formen beeindrucken, erwartet dich. Das faszinierende Farbenspiel der Natur bietet spektakul\u00e4re Panoramablicke. Im Anschluss genie\u00dfen wir unser Picknick neben einem gro\u00dfen erloschenen Vulkan und trinken frisches Wasser aus dem l\u00e4ngsten Wasserkanal der Insel. Der letzte Teil der Wanderung f\u00fchrt uns durch dichten Mischwald zu einem malerischen Dorf im Norden der Insel. Hier besteht die M\u00f6glichkeit, sich bei einem traditionellen Kaffee oder einem Glas Wein (nicht im Preis inbegriffen) \u00fcber das Erlebte auszutauschen. Bei dieser unvergesslichen Wanderung durch ein Gebiet, in dem vor nicht allzu langer Zeit noch gl\u00fchende Lavastr\u00f6me flossen, erlebst du die beeindruckenden Ver\u00e4nderungen der Natur. <strong>Bitte festes Schuhwerk, Regenjacke, Kopfbedeckung, Sonnenschutz und ausreichend zu trinken mitbringen. <\/strong><\/p>\n<p><strong>Die Wanderung ist f\u00fcr Kinder ab 12 Jahren geeignet. Minderj\u00e4hrige m\u00fcssen von einem Erwachsenen begleitet werden.<\/strong><\/p>\n<p><strong>F\u00fcr die Wanderung ist eine Mindestteilnehmerzahl von 3 Personen erforderlich. Sollte die Mindestteilnehmerzahl nicht erreicht werden, k\u00f6nnen die bereits gebuchten Teilnehmer den Restbetrag f\u00fcr die Durchf\u00fchrung der Wanderung bezahlen, andernfalls wird die Wanderung abgesagt und die Buchungsgeb\u00fchr in voller H\u00f6he zur\u00fcckerstattet.<\/strong><\/p>\n","protected":false},"excerpt":{"rendered":"<p>Die Wanderung startet bei einer romantischen Waldkapelle. Der weitere Verlauf der Wanderung f\u00fchrt auf einem mit Kiefernnadeln bedeckten Pfad durch Fayal-Belize, Riesenheide, Lorbeerwald und Kanarische Kiefern bergauf. Auf unserer Wanderung erfahren wir viel Interessantes \u00fcber die vulkanische Vergangenheit Teneriffas, die bis heute sp\u00fcrbar ist. Wir erkunden das j\u00fcngste Terrain der Kanareninsel, das von zwei der [&hellip;]<\/p>\n","protected":false},"featured_media":1639,"template":"","meta":{"_acf_changed":false,"_et_pb_use_builder":"","_et_pb_old_content":"","_et_gb_content_width":""},"product_brand":[],"product_cat":[75],"product_tag":[],"class_list":{"0":"post-2295","1":"product","2":"type-product","3":"status-publish","4":"has-post-thumbnail","6":"product_cat-gruppenausfluge","8":"first","9":"instock","10":"shipping-taxable","11":"purchasable","12":"product-type-phive_booking"},"acf":[],"yoast_head":"<!-- This site is optimized with the Yoast SEO plugin v27.3 - https:\/\/yoast.com\/product\/yoast-seo-wordpress\/ -->\n<title>Zeitreise zwischen Vulkanen - Sergio Walking Tours - Tu gu\u00eda profesional<\/title>\n<meta name=\"robots\" content=\"index, follow, max-snippet:-1, max-image-preview:large, max-video-preview:-1\" \/>\n<link rel=\"canonical\" href=\"https:\/\/sergiowalkingtours.com\/de\/producto\/zeitreise-zwischen-vulkanen\/\" \/>\n<meta property=\"og:locale\" content=\"de_DE\" \/>\n<meta property=\"og:type\" content=\"article\" \/>\n<meta property=\"og:title\" content=\"Zeitreise zwischen Vulkanen - Sergio Walking Tours - Tu gu\u00eda profesional\" \/>\n<meta property=\"og:description\" content=\"Die Wanderung startet bei einer romantischen Waldkapelle. Der weitere Verlauf der Wanderung f\u00fchrt auf einem mit Kiefernnadeln bedeckten Pfad durch Fayal-Belize, Riesenheide, Lorbeerwald und Kanarische Kiefern bergauf. Auf unserer Wanderung erfahren wir viel Interessantes \u00fcber die vulkanische Vergangenheit Teneriffas, die bis heute sp\u00fcrbar ist. Wir erkunden das j\u00fcngste Terrain der Kanareninsel, das von zwei der [&hellip;]\" \/>\n<meta property=\"og:url\" content=\"https:\/\/sergiowalkingtours.com\/de\/producto\/zeitreise-zwischen-vulkanen\/\" \/>\n<meta property=\"og:site_name\" content=\"Sergio Walking Tours - Tu gu\u00eda profesional\" \/>\n<meta property=\"article:modified_time\" content=\"2025-02-22T01:22:23+00:00\" \/>\n<meta property=\"og:image\" content=\"https:\/\/sergiowalkingtours.com\/wp-content\/uploads\/2023\/07\/volcanes.jpg\" \/>\n\t<meta property=\"og:image:width\" content=\"1300\" \/>\n\t<meta property=\"og:image:height\" content=\"975\" \/>\n\t<meta property=\"og:image:type\" content=\"image\/jpeg\" \/>\n<meta name=\"twitter:card\" content=\"summary_large_image\" \/>\n<meta name=\"twitter:label1\" content=\"Gesch\u00e4tzte Lesezeit\" \/>\n\t<meta name=\"twitter:data1\" content=\"2\u00a0Minuten\" \/>\n<script type=\"application\/ld+json\" class=\"yoast-schema-graph\">{\"@context\":\"https:\\\/\\\/schema.org\",\"@graph\":[{\"@type\":\"WebPage\",\"@id\":\"https:\\\/\\\/sergiowalkingtours.com\\\/de\\\/producto\\\/zeitreise-zwischen-vulkanen\\\/\",\"url\":\"https:\\\/\\\/sergiowalkingtours.com\\\/de\\\/producto\\\/zeitreise-zwischen-vulkanen\\\/\",\"name\":\"Zeitreise zwischen Vulkanen - Sergio Walking Tours - Tu gu\u00eda profesional\",\"isPartOf\":{\"@id\":\"https:\\\/\\\/sergiowalkingtours.com\\\/de\\\/#website\"},\"primaryImageOfPage\":{\"@id\":\"https:\\\/\\\/sergiowalkingtours.com\\\/de\\\/producto\\\/zeitreise-zwischen-vulkanen\\\/#primaryimage\"},\"image\":{\"@id\":\"https:\\\/\\\/sergiowalkingtours.com\\\/de\\\/producto\\\/zeitreise-zwischen-vulkanen\\\/#primaryimage\"},\"thumbnailUrl\":\"https:\\\/\\\/sergiowalkingtours.com\\\/wp-content\\\/uploads\\\/2023\\\/07\\\/volcanes.jpg\",\"datePublished\":\"2023-07-19T07:50:41+00:00\",\"dateModified\":\"2025-02-22T01:22:23+00:00\",\"breadcrumb\":{\"@id\":\"https:\\\/\\\/sergiowalkingtours.com\\\/de\\\/producto\\\/zeitreise-zwischen-vulkanen\\\/#breadcrumb\"},\"inLanguage\":\"de\",\"potentialAction\":[{\"@type\":\"ReadAction\",\"target\":[\"https:\\\/\\\/sergiowalkingtours.com\\\/de\\\/producto\\\/zeitreise-zwischen-vulkanen\\\/\"]}]},{\"@type\":\"ImageObject\",\"inLanguage\":\"de\",\"@id\":\"https:\\\/\\\/sergiowalkingtours.com\\\/de\\\/producto\\\/zeitreise-zwischen-vulkanen\\\/#primaryimage\",\"url\":\"https:\\\/\\\/sergiowalkingtours.com\\\/wp-content\\\/uploads\\\/2023\\\/07\\\/volcanes.jpg\",\"contentUrl\":\"https:\\\/\\\/sergiowalkingtours.com\\\/wp-content\\\/uploads\\\/2023\\\/07\\\/volcanes.jpg\",\"width\":1300,\"height\":975},{\"@type\":\"BreadcrumbList\",\"@id\":\"https:\\\/\\\/sergiowalkingtours.com\\\/de\\\/producto\\\/zeitreise-zwischen-vulkanen\\\/#breadcrumb\",\"itemListElement\":[{\"@type\":\"ListItem\",\"position\":1,\"name\":\"Home\",\"item\":\"https:\\\/\\\/sergiowalkingtours.com\\\/de\\\/\"},{\"@type\":\"ListItem\",\"position\":2,\"name\":\"Shop\",\"item\":\"https:\\\/\\\/sergiowalkingtours.com\\\/de\\\/shop\\\/\"},{\"@type\":\"ListItem\",\"position\":3,\"name\":\"Zeitreise zwischen Vulkanen\"}]},{\"@type\":\"WebSite\",\"@id\":\"https:\\\/\\\/sergiowalkingtours.com\\\/de\\\/#website\",\"url\":\"https:\\\/\\\/sergiowalkingtours.com\\\/de\\\/\",\"name\":\"Sergio Walking Tours - Tu gu\u00eda profesional\",\"description\":\"See Tenerife through the eyes of a local\",\"potentialAction\":[{\"@type\":\"SearchAction\",\"target\":{\"@type\":\"EntryPoint\",\"urlTemplate\":\"https:\\\/\\\/sergiowalkingtours.com\\\/de\\\/?s={search_term_string}\"},\"query-input\":{\"@type\":\"PropertyValueSpecification\",\"valueRequired\":true,\"valueName\":\"search_term_string\"}}],\"inLanguage\":\"de\"}]}<\/script>\n<!-- \/ Yoast SEO plugin. -->","yoast_head_json":{"title":"Zeitreise zwischen Vulkanen - Sergio Walking Tours - Tu gu\u00eda profesional","robots":{"index":"index","follow":"follow","max-snippet":"max-snippet:-1","max-image-preview":"max-image-preview:large","max-video-preview":"max-video-preview:-1"},"canonical":"https:\/\/sergiowalkingtours.com\/de\/producto\/zeitreise-zwischen-vulkanen\/","og_locale":"de_DE","og_type":"article","og_title":"Zeitreise zwischen Vulkanen - Sergio Walking Tours - Tu gu\u00eda profesional","og_description":"Die Wanderung startet bei einer romantischen Waldkapelle. Der weitere Verlauf der Wanderung f\u00fchrt auf einem mit Kiefernnadeln bedeckten Pfad durch Fayal-Belize, Riesenheide, Lorbeerwald und Kanarische Kiefern bergauf. Auf unserer Wanderung erfahren wir viel Interessantes \u00fcber die vulkanische Vergangenheit Teneriffas, die bis heute sp\u00fcrbar ist. Wir erkunden das j\u00fcngste Terrain der Kanareninsel, das von zwei der [&hellip;]","og_url":"https:\/\/sergiowalkingtours.com\/de\/producto\/zeitreise-zwischen-vulkanen\/","og_site_name":"Sergio Walking Tours - Tu gu\u00eda profesional","article_modified_time":"2025-02-22T01:22:23+00:00","og_image":[{"width":1300,"height":975,"url":"https:\/\/sergiowalkingtours.com\/wp-content\/uploads\/2023\/07\/volcanes.jpg","type":"image\/jpeg"}],"twitter_card":"summary_large_image","twitter_misc":{"Gesch\u00e4tzte Lesezeit":"2\u00a0Minuten"},"schema":{"@context":"https:\/\/schema.org","@graph":[{"@type":"WebPage","@id":"https:\/\/sergiowalkingtours.com\/de\/producto\/zeitreise-zwischen-vulkanen\/","url":"https:\/\/sergiowalkingtours.com\/de\/producto\/zeitreise-zwischen-vulkanen\/","name":"Zeitreise zwischen Vulkanen - Sergio Walking Tours - Tu gu\u00eda profesional","isPartOf":{"@id":"https:\/\/sergiowalkingtours.com\/de\/#website"},"primaryImageOfPage":{"@id":"https:\/\/sergiowalkingtours.com\/de\/producto\/zeitreise-zwischen-vulkanen\/#primaryimage"},"image":{"@id":"https:\/\/sergiowalkingtours.com\/de\/producto\/zeitreise-zwischen-vulkanen\/#primaryimage"},"thumbnailUrl":"https:\/\/sergiowalkingtours.com\/wp-content\/uploads\/2023\/07\/volcanes.jpg","datePublished":"2023-07-19T07:50:41+00:00","dateModified":"2025-02-22T01:22:23+00:00","breadcrumb":{"@id":"https:\/\/sergiowalkingtours.com\/de\/producto\/zeitreise-zwischen-vulkanen\/#breadcrumb"},"inLanguage":"de","potentialAction":[{"@type":"ReadAction","target":["https:\/\/sergiowalkingtours.com\/de\/producto\/zeitreise-zwischen-vulkanen\/"]}]},{"@type":"ImageObject","inLanguage":"de","@id":"https:\/\/sergiowalkingtours.com\/de\/producto\/zeitreise-zwischen-vulkanen\/#primaryimage","url":"https:\/\/sergiowalkingtours.com\/wp-content\/uploads\/2023\/07\/volcanes.jpg","contentUrl":"https:\/\/sergiowalkingtours.com\/wp-content\/uploads\/2023\/07\/volcanes.jpg","width":1300,"height":975},{"@type":"BreadcrumbList","@id":"https:\/\/sergiowalkingtours.com\/de\/producto\/zeitreise-zwischen-vulkanen\/#breadcrumb","itemListElement":[{"@type":"ListItem","position":1,"name":"Home","item":"https:\/\/sergiowalkingtours.com\/de\/"},{"@type":"ListItem","position":2,"name":"Shop","item":"https:\/\/sergiowalkingtours.com\/de\/shop\/"},{"@type":"ListItem","position":3,"name":"Zeitreise zwischen Vulkanen"}]},{"@type":"WebSite","@id":"https:\/\/sergiowalkingtours.com\/de\/#website","url":"https:\/\/sergiowalkingtours.com\/de\/","name":"Sergio Walking Tours - Tu gu\u00eda profesional","description":"See Tenerife through the eyes of a local","potentialAction":[{"@type":"SearchAction","target":{"@type":"EntryPoint","urlTemplate":"https:\/\/sergiowalkingtours.com\/de\/?s={search_term_string}"},"query-input":{"@type":"PropertyValueSpecification","valueRequired":true,"valueName":"search_term_string"}}],"inLanguage":"de"}]}},"_links":{"self":[{"href":"https:\/\/sergiowalkingtours.com\/de\/wp-json\/wp\/v2\/product\/2295","targetHints":{"allow":["GET"]}}],"collection":[{"href":"https:\/\/sergiowalkingtours.com\/de\/wp-json\/wp\/v2\/product"}],"about":[{"href":"https:\/\/sergiowalkingtours.com\/de\/wp-json\/wp\/v2\/types\/product"}],"wp:featuredmedia":[{"embeddable":true,"href":"https:\/\/sergiowalkingtours.com\/de\/wp-json\/wp\/v2\/media\/1639"}],"wp:attachment":[{"href":"https:\/\/sergiowalkingtours.com\/de\/wp-json\/wp\/v2\/media?parent=2295"}],"wp:term":[{"taxonomy":"product_brand","embeddable":true,"href":"https:\/\/sergiowalkingtours.com\/de\/wp-json\/wp\/v2\/product_brand?post=2295"},{"taxonomy":"product_cat","embeddable":true,"href":"https:\/\/sergiowalkingtours.com\/de\/wp-json\/wp\/v2\/product_cat?post=2295"},{"taxonomy":"product_tag","embeddable":true,"href":"https:\/\/sergiowalkingtours.com\/de\/wp-json\/wp\/v2\/product_tag?post=2295"}],"curies":[{"name":"wp","href":"https:\/\/api.w.org\/{rel}","templated":true}]}}