{"id":2294,"date":"2023-07-19T13:00:45","date_gmt":"2023-07-19T13:00:45","guid":{"rendered":"https:\/\/walkingtours.e2w.es\/producto\/der-alte-leuchtturmweg\/"},"modified":"2025-03-03T17:20:22","modified_gmt":"2025-03-03T17:20:22","slug":"el-antiguo-camino-del-faro","status":"publish","type":"product","link":"https:\/\/sergiowalkingtours.com\/de\/producto\/el-antiguo-camino-del-faro\/","title":{"rendered":"Alter Leuchtturmweg"},"content":{"rendered":"<p>Die Tour f\u00fchrt dich auf sportliche Weise zum nordwestlichsten geographischen Punkt Teneriffas. Dabei folgen wir Wegen, die bereits von den Ureinwohnern der Insel, den Guanchen, genutzt wurden. Die vielf\u00e4ltige, endemische Vegetation, verlassene Weiler, beeindruckende Schluchten, Klippen und spektakul\u00e4ren Ausblicke sind nur einige der H\u00f6hepunkte, die dich erwarten. Auf unserer Route legen wir einen Zwischenstopp in einem traditionellen Bauerndorf ein, wo wir die Gelegenheit haben, mit einem Ziegenhirten zu sprechen und mehr \u00fcber die Arbeitsweisen der Hirten in dieser einzigartigen Gegend zu erfahren. Der Abstieg erfolgt \u00fcber einen alten K\u00f6nigsweg, der dir die schlichte Sch\u00f6nheit der bewirtschafteten Felder, der Bauernh\u00e4user, der Wohnh\u00f6hlen und der Viehst\u00e4lle der Bewohner zeigt. Unsere Wanderung f\u00fchrt uns am Rande einer Schlucht entlang bis zu einem Aussichtspunkt, von dem aus wir einen beeindruckenden Blick auf die majest\u00e4tischen H\u00e4nge des Teno-Gebirges und die K\u00fcste bis zur Punta de Teno genie\u00dfen k\u00f6nnen. Am malerischen Leuchtturm angekommen, besteht die M\u00f6glichkeit, sich bei einem Bad im Meer zu erfrischen. Wir genie\u00dfen eine atemberaubende Aussicht auf die Steilk\u00fcste von Los Gigantes und die Nachbarinseln La Gomera und La Palma. Diese Kulisse ist einfach traumhaft. G\u00f6nne dir dieses Abenteuer an einem der sch\u00f6nsten Orte Teneriffas! <strong>Bitte festes Schuhwerk, Regenjacke, Badebekleidung, Handtuch, Kopfbedeckung, Sonnenschutz und ausreichend zu trinken mitbringen.<\/strong><\/p>\n<p><strong>Die Wanderung ist f\u00fcr Kinder ab 12 Jahren geeignet. Minderj\u00e4hrige m\u00fcssen von einem Erwachsenen begleitet werden.<\/strong><\/p>\n<p><b>Der Preis gilt f\u00fcr eine private Gruppe von 1 bis 4 Personen. Jede weitere Person 45\u20ac. Maximal 8 Personen.<\/b><\/p>\n","protected":false},"excerpt":{"rendered":"<p>Die Tour f\u00fchrt dich auf sportliche Weise zum nordwestlichsten geographischen Punkt Teneriffas. Dabei folgen wir Wegen, die bereits von den Ureinwohnern der Insel, den Guanchen, genutzt wurden. Die vielf\u00e4ltige, endemische Vegetation, verlassene Weiler, beeindruckende Schluchten, Klippen und spektakul\u00e4ren Ausblicke sind nur einige der H\u00f6hepunkte, die dich erwarten. Auf unserer Route legen wir einen Zwischenstopp in [&hellip;]<\/p>\n","protected":false},"featured_media":1741,"template":"","meta":{"_acf_changed":false,"_et_pb_use_builder":"","_et_pb_old_content":"","_et_gb_content_width":""},"product_brand":[],"product_cat":[73],"product_tag":[],"class_list":{"0":"post-2294","1":"product","2":"type-product","3":"status-publish","4":"has-post-thumbnail","6":"product_cat-vip-ausfluge","8":"first","9":"instock","10":"shipping-taxable","11":"purchasable","12":"product-type-phive_booking"},"acf":[],"yoast_head":"<!-- This site is optimized with the Yoast SEO plugin v27.4 - https:\/\/yoast.com\/product\/yoast-seo-wordpress\/ -->\n<title>Alter Leuchtturmweg - Sergio Walking Tours - Tu gu\u00eda profesional<\/title>\n<meta name=\"robots\" content=\"index, follow, max-snippet:-1, max-image-preview:large, max-video-preview:-1\" \/>\n<link rel=\"canonical\" href=\"https:\/\/sergiowalkingtours.com\/de\/producto\/el-antiguo-camino-del-faro\/\" \/>\n<meta property=\"og:locale\" content=\"de_DE\" \/>\n<meta property=\"og:type\" content=\"article\" \/>\n<meta property=\"og:title\" content=\"Alter Leuchtturmweg - Sergio Walking Tours - Tu gu\u00eda profesional\" \/>\n<meta property=\"og:description\" content=\"Die Tour f\u00fchrt dich auf sportliche Weise zum nordwestlichsten geographischen Punkt Teneriffas. Dabei folgen wir Wegen, die bereits von den Ureinwohnern der Insel, den Guanchen, genutzt wurden. Die vielf\u00e4ltige, endemische Vegetation, verlassene Weiler, beeindruckende Schluchten, Klippen und spektakul\u00e4ren Ausblicke sind nur einige der H\u00f6hepunkte, die dich erwarten. Auf unserer Route legen wir einen Zwischenstopp in [&hellip;]\" \/>\n<meta property=\"og:url\" content=\"https:\/\/sergiowalkingtours.com\/de\/producto\/el-antiguo-camino-del-faro\/\" \/>\n<meta property=\"og:site_name\" content=\"Sergio Walking Tours - Tu gu\u00eda profesional\" \/>\n<meta property=\"article:modified_time\" content=\"2025-03-03T17:20:22+00:00\" \/>\n<meta property=\"og:image\" content=\"https:\/\/sergiowalkingtours.com\/wp-content\/uploads\/2023\/07\/0-IMG_20181129_121514.jpg\" \/>\n\t<meta property=\"og:image:width\" content=\"1024\" \/>\n\t<meta property=\"og:image:height\" content=\"768\" \/>\n\t<meta property=\"og:image:type\" content=\"image\/jpeg\" \/>\n<meta name=\"twitter:card\" content=\"summary_large_image\" \/>\n<meta name=\"twitter:label1\" content=\"Gesch\u00e4tzte Lesezeit\" \/>\n\t<meta name=\"twitter:data1\" content=\"1\u00a0Minute\" \/>\n<script type=\"application\/ld+json\" class=\"yoast-schema-graph\">{\"@context\":\"https:\\\/\\\/schema.org\",\"@graph\":[{\"@type\":\"WebPage\",\"@id\":\"https:\\\/\\\/sergiowalkingtours.com\\\/de\\\/producto\\\/el-antiguo-camino-del-faro\\\/\",\"url\":\"https:\\\/\\\/sergiowalkingtours.com\\\/de\\\/producto\\\/el-antiguo-camino-del-faro\\\/\",\"name\":\"Alter Leuchtturmweg - Sergio Walking Tours - Tu gu\u00eda profesional\",\"isPartOf\":{\"@id\":\"https:\\\/\\\/sergiowalkingtours.com\\\/de\\\/#website\"},\"primaryImageOfPage\":{\"@id\":\"https:\\\/\\\/sergiowalkingtours.com\\\/de\\\/producto\\\/el-antiguo-camino-del-faro\\\/#primaryimage\"},\"image\":{\"@id\":\"https:\\\/\\\/sergiowalkingtours.com\\\/de\\\/producto\\\/el-antiguo-camino-del-faro\\\/#primaryimage\"},\"thumbnailUrl\":\"https:\\\/\\\/sergiowalkingtours.com\\\/wp-content\\\/uploads\\\/2023\\\/07\\\/0-IMG_20181129_121514.jpg\",\"datePublished\":\"2023-07-19T13:00:45+00:00\",\"dateModified\":\"2025-03-03T17:20:22+00:00\",\"breadcrumb\":{\"@id\":\"https:\\\/\\\/sergiowalkingtours.com\\\/de\\\/producto\\\/el-antiguo-camino-del-faro\\\/#breadcrumb\"},\"inLanguage\":\"de\",\"potentialAction\":[{\"@type\":\"ReadAction\",\"target\":[\"https:\\\/\\\/sergiowalkingtours.com\\\/de\\\/producto\\\/el-antiguo-camino-del-faro\\\/\"]}]},{\"@type\":\"ImageObject\",\"inLanguage\":\"de\",\"@id\":\"https:\\\/\\\/sergiowalkingtours.com\\\/de\\\/producto\\\/el-antiguo-camino-del-faro\\\/#primaryimage\",\"url\":\"https:\\\/\\\/sergiowalkingtours.com\\\/wp-content\\\/uploads\\\/2023\\\/07\\\/0-IMG_20181129_121514.jpg\",\"contentUrl\":\"https:\\\/\\\/sergiowalkingtours.com\\\/wp-content\\\/uploads\\\/2023\\\/07\\\/0-IMG_20181129_121514.jpg\",\"width\":1024,\"height\":768},{\"@type\":\"BreadcrumbList\",\"@id\":\"https:\\\/\\\/sergiowalkingtours.com\\\/de\\\/producto\\\/el-antiguo-camino-del-faro\\\/#breadcrumb\",\"itemListElement\":[{\"@type\":\"ListItem\",\"position\":1,\"name\":\"Home\",\"item\":\"https:\\\/\\\/sergiowalkingtours.com\\\/de\\\/\"},{\"@type\":\"ListItem\",\"position\":2,\"name\":\"Shop\",\"item\":\"https:\\\/\\\/sergiowalkingtours.com\\\/de\\\/shop\\\/\"},{\"@type\":\"ListItem\",\"position\":3,\"name\":\"Alter Leuchtturmweg\"}]},{\"@type\":\"WebSite\",\"@id\":\"https:\\\/\\\/sergiowalkingtours.com\\\/de\\\/#website\",\"url\":\"https:\\\/\\\/sergiowalkingtours.com\\\/de\\\/\",\"name\":\"Sergio Walking Tours - Tu gu\u00eda profesional\",\"description\":\"See Tenerife through the eyes of a local\",\"potentialAction\":[{\"@type\":\"SearchAction\",\"target\":{\"@type\":\"EntryPoint\",\"urlTemplate\":\"https:\\\/\\\/sergiowalkingtours.com\\\/de\\\/?s={search_term_string}\"},\"query-input\":{\"@type\":\"PropertyValueSpecification\",\"valueRequired\":true,\"valueName\":\"search_term_string\"}}],\"inLanguage\":\"de\"}]}<\/script>\n<!-- \/ Yoast SEO plugin. -->","yoast_head_json":{"title":"Alter Leuchtturmweg - Sergio Walking Tours - Tu gu\u00eda profesional","robots":{"index":"index","follow":"follow","max-snippet":"max-snippet:-1","max-image-preview":"max-image-preview:large","max-video-preview":"max-video-preview:-1"},"canonical":"https:\/\/sergiowalkingtours.com\/de\/producto\/el-antiguo-camino-del-faro\/","og_locale":"de_DE","og_type":"article","og_title":"Alter Leuchtturmweg - Sergio Walking Tours - Tu gu\u00eda profesional","og_description":"Die Tour f\u00fchrt dich auf sportliche Weise zum nordwestlichsten geographischen Punkt Teneriffas. Dabei folgen wir Wegen, die bereits von den Ureinwohnern der Insel, den Guanchen, genutzt wurden. Die vielf\u00e4ltige, endemische Vegetation, verlassene Weiler, beeindruckende Schluchten, Klippen und spektakul\u00e4ren Ausblicke sind nur einige der H\u00f6hepunkte, die dich erwarten. Auf unserer Route legen wir einen Zwischenstopp in [&hellip;]","og_url":"https:\/\/sergiowalkingtours.com\/de\/producto\/el-antiguo-camino-del-faro\/","og_site_name":"Sergio Walking Tours - Tu gu\u00eda profesional","article_modified_time":"2025-03-03T17:20:22+00:00","og_image":[{"width":1024,"height":768,"url":"https:\/\/sergiowalkingtours.com\/wp-content\/uploads\/2023\/07\/0-IMG_20181129_121514.jpg","type":"image\/jpeg"}],"twitter_card":"summary_large_image","twitter_misc":{"Gesch\u00e4tzte Lesezeit":"1\u00a0Minute"},"schema":{"@context":"https:\/\/schema.org","@graph":[{"@type":"WebPage","@id":"https:\/\/sergiowalkingtours.com\/de\/producto\/el-antiguo-camino-del-faro\/","url":"https:\/\/sergiowalkingtours.com\/de\/producto\/el-antiguo-camino-del-faro\/","name":"Alter Leuchtturmweg - Sergio Walking Tours - Tu gu\u00eda profesional","isPartOf":{"@id":"https:\/\/sergiowalkingtours.com\/de\/#website"},"primaryImageOfPage":{"@id":"https:\/\/sergiowalkingtours.com\/de\/producto\/el-antiguo-camino-del-faro\/#primaryimage"},"image":{"@id":"https:\/\/sergiowalkingtours.com\/de\/producto\/el-antiguo-camino-del-faro\/#primaryimage"},"thumbnailUrl":"https:\/\/sergiowalkingtours.com\/wp-content\/uploads\/2023\/07\/0-IMG_20181129_121514.jpg","datePublished":"2023-07-19T13:00:45+00:00","dateModified":"2025-03-03T17:20:22+00:00","breadcrumb":{"@id":"https:\/\/sergiowalkingtours.com\/de\/producto\/el-antiguo-camino-del-faro\/#breadcrumb"},"inLanguage":"de","potentialAction":[{"@type":"ReadAction","target":["https:\/\/sergiowalkingtours.com\/de\/producto\/el-antiguo-camino-del-faro\/"]}]},{"@type":"ImageObject","inLanguage":"de","@id":"https:\/\/sergiowalkingtours.com\/de\/producto\/el-antiguo-camino-del-faro\/#primaryimage","url":"https:\/\/sergiowalkingtours.com\/wp-content\/uploads\/2023\/07\/0-IMG_20181129_121514.jpg","contentUrl":"https:\/\/sergiowalkingtours.com\/wp-content\/uploads\/2023\/07\/0-IMG_20181129_121514.jpg","width":1024,"height":768},{"@type":"BreadcrumbList","@id":"https:\/\/sergiowalkingtours.com\/de\/producto\/el-antiguo-camino-del-faro\/#breadcrumb","itemListElement":[{"@type":"ListItem","position":1,"name":"Home","item":"https:\/\/sergiowalkingtours.com\/de\/"},{"@type":"ListItem","position":2,"name":"Shop","item":"https:\/\/sergiowalkingtours.com\/de\/shop\/"},{"@type":"ListItem","position":3,"name":"Alter Leuchtturmweg"}]},{"@type":"WebSite","@id":"https:\/\/sergiowalkingtours.com\/de\/#website","url":"https:\/\/sergiowalkingtours.com\/de\/","name":"Sergio Walking Tours - Tu gu\u00eda profesional","description":"See Tenerife through the eyes of a local","potentialAction":[{"@type":"SearchAction","target":{"@type":"EntryPoint","urlTemplate":"https:\/\/sergiowalkingtours.com\/de\/?s={search_term_string}"},"query-input":{"@type":"PropertyValueSpecification","valueRequired":true,"valueName":"search_term_string"}}],"inLanguage":"de"}]}},"_links":{"self":[{"href":"https:\/\/sergiowalkingtours.com\/de\/wp-json\/wp\/v2\/product\/2294","targetHints":{"allow":["GET"]}}],"collection":[{"href":"https:\/\/sergiowalkingtours.com\/de\/wp-json\/wp\/v2\/product"}],"about":[{"href":"https:\/\/sergiowalkingtours.com\/de\/wp-json\/wp\/v2\/types\/product"}],"wp:featuredmedia":[{"embeddable":true,"href":"https:\/\/sergiowalkingtours.com\/de\/wp-json\/wp\/v2\/media\/1741"}],"wp:attachment":[{"href":"https:\/\/sergiowalkingtours.com\/de\/wp-json\/wp\/v2\/media?parent=2294"}],"wp:term":[{"taxonomy":"product_brand","embeddable":true,"href":"https:\/\/sergiowalkingtours.com\/de\/wp-json\/wp\/v2\/product_brand?post=2294"},{"taxonomy":"product_cat","embeddable":true,"href":"https:\/\/sergiowalkingtours.com\/de\/wp-json\/wp\/v2\/product_cat?post=2294"},{"taxonomy":"product_tag","embeddable":true,"href":"https:\/\/sergiowalkingtours.com\/de\/wp-json\/wp\/v2\/product_tag?post=2294"}],"curies":[{"name":"wp","href":"https:\/\/api.w.org\/{rel}","templated":true}]}}