{"id":2292,"date":"2023-07-21T11:19:43","date_gmt":"2023-07-21T11:19:43","guid":{"rendered":"https:\/\/walkingtours.e2w.es\/producto\/der-wunderbare-zauberwald\/"},"modified":"2024-10-07T15:28:00","modified_gmt":"2024-10-07T15:28:00","slug":"laurisilva-waldroute","status":"publish","type":"product","link":"https:\/\/sergiowalkingtours.com\/de\/producto\/laurisilva-waldroute\/","title":{"rendered":"Zauberwald-Pfad"},"content":{"rendered":"<p>Der botanische Pfad durch den tausendj\u00e4hrigen Lorbeerwald und die Riesenheide vermittelt auf angenehme und lehrreiche Weise Wissen \u00fcber die Flora. Der kanarische Lorbeerwald ist ein &#8222;lebendes Fossil&#8220; aus dem Terti\u00e4r mit einer bemerkenswerten Artenvielfalt an endemischen B\u00e4umen, Pflanzen und einheimischen V\u00f6geln. Auf dem Weg passieren wir alte Tongruben und erleben eindrucksvolle Kontraste in der Natur. Du erlernst die Bestimmung verschiedener Pflanzen, Blumen und B\u00e4ume sowie deren Verwendung und Heilkraft. W\u00e4hrend der Wanderung genie\u00dft du atemberaubende Panoramablicke auf tiefe Schluchten und die bezaubernde Nordk\u00fcste. Der immergr\u00fcne, subtropische Regenwald befindet sich innerhalb des Naturparks Teno, einem der \u00e4ltesten geologischen Gebiete Teneriffas. Die Wanderung f\u00fchrt uns bis auf eine H\u00f6he von 1.250 Metern, wo wir einen Gebirgspass \u00fcberqueren und eine grandiose Naturkulisse bewundern k\u00f6nnen. Im Anschluss f\u00fchrt die Wanderung durch einen herrlichen kanarischen Kiefernwald an den H\u00e4ngen eines alten Vulkans. Die Tour endet in einem malerischen Dorf, wo du die M\u00f6glichkeit hast, Tapas, regionalen Wein oder Kaffee zu probieren (nicht im Preis inbegriffen). Entdecke mit allen Sinnen einige der Natursch\u00e4tze der Insel, w\u00e4hrend du in Begleitung eines fachkundigen F\u00fchrers wanderst. Unser Angebot erm\u00f6glicht dir eine einzigartige Erfahrung. <strong>Bitte festes Schuhwerk, Regenjacke, Kopfbedeckung, Sonnenschutz und ausreichend zu trinken mitbringen. <\/strong><\/p>\n<p><strong>Die Wanderung ist f\u00fcr Kinder ab 12 Jahren geeignet. Minderj\u00e4hrige m\u00fcssen von einem Erwachsenen begleitet werden.<\/strong><\/p>\n<p><strong>F\u00fcr die Wanderung ist eine Mindestteilnehmerzahl von 3 Personen erforderlich. Sollte die Mindestteilnehmerzahl nicht erreicht werden, k\u00f6nnen die bereits gebuchten Teilnehmer den Restbetrag f\u00fcr die Durchf\u00fchrung der Wanderung bezahlen, andernfalls wird die Wanderung abgesagt und die Buchungsgeb\u00fchr in voller H\u00f6he zur\u00fcckerstattet.<\/strong><\/p>\n","protected":false},"excerpt":{"rendered":"<p>Der botanische Pfad durch den tausendj\u00e4hrigen Lorbeerwald und die Riesenheide vermittelt auf angenehme und lehrreiche Weise Wissen \u00fcber die Flora. Der kanarische Lorbeerwald ist ein &#8222;lebendes Fossil&#8220; aus dem Terti\u00e4r mit einer bemerkenswerten Artenvielfalt an endemischen B\u00e4umen, Pflanzen und einheimischen V\u00f6geln. Auf dem Weg passieren wir alte Tongruben und erleben eindrucksvolle Kontraste in der Natur. [&hellip;]<\/p>\n","protected":false},"featured_media":2824,"template":"","meta":{"_acf_changed":false,"_et_pb_use_builder":"","_et_pb_old_content":"","_et_gb_content_width":""},"product_brand":[],"product_cat":[75],"product_tag":[],"class_list":{"0":"post-2292","1":"product","2":"type-product","3":"status-publish","4":"has-post-thumbnail","6":"product_cat-gruppenausfluge","8":"first","9":"instock","10":"virtual","11":"purchasable","12":"product-type-phive_booking"},"acf":[],"yoast_head":"<!-- This site is optimized with the Yoast SEO plugin v27.4 - https:\/\/yoast.com\/product\/yoast-seo-wordpress\/ -->\n<title>Zauberwald-Pfad - Sergio Walking Tours - Tu gu\u00eda profesional<\/title>\n<meta name=\"robots\" content=\"index, follow, max-snippet:-1, max-image-preview:large, max-video-preview:-1\" \/>\n<link rel=\"canonical\" href=\"https:\/\/sergiowalkingtours.com\/de\/producto\/laurisilva-waldroute\/\" \/>\n<meta property=\"og:locale\" content=\"de_DE\" \/>\n<meta property=\"og:type\" content=\"article\" \/>\n<meta property=\"og:title\" content=\"Zauberwald-Pfad - Sergio Walking Tours - Tu gu\u00eda profesional\" \/>\n<meta property=\"og:description\" content=\"Der botanische Pfad durch den tausendj\u00e4hrigen Lorbeerwald und die Riesenheide vermittelt auf angenehme und lehrreiche Weise Wissen \u00fcber die Flora. Der kanarische Lorbeerwald ist ein &#8222;lebendes Fossil&#8220; aus dem Terti\u00e4r mit einer bemerkenswerten Artenvielfalt an endemischen B\u00e4umen, Pflanzen und einheimischen V\u00f6geln. Auf dem Weg passieren wir alte Tongruben und erleben eindrucksvolle Kontraste in der Natur. [&hellip;]\" \/>\n<meta property=\"og:url\" content=\"https:\/\/sergiowalkingtours.com\/de\/producto\/laurisilva-waldroute\/\" \/>\n<meta property=\"og:site_name\" content=\"Sergio Walking Tours - Tu gu\u00eda profesional\" \/>\n<meta property=\"article:modified_time\" content=\"2024-10-07T15:28:00+00:00\" \/>\n<meta property=\"og:image\" content=\"https:\/\/sergiowalkingtours.com\/wp-content\/uploads\/2023\/07\/00_Foto_Portada_Exc.-en-Grupo-El-maravilloso-bosque-magico.jpg\" \/>\n\t<meta property=\"og:image:width\" content=\"1920\" \/>\n\t<meta property=\"og:image:height\" content=\"1440\" \/>\n\t<meta property=\"og:image:type\" content=\"image\/jpeg\" \/>\n<meta name=\"twitter:card\" content=\"summary_large_image\" \/>\n<meta name=\"twitter:label1\" content=\"Gesch\u00e4tzte Lesezeit\" \/>\n\t<meta name=\"twitter:data1\" content=\"2\u00a0Minuten\" \/>\n<script type=\"application\/ld+json\" class=\"yoast-schema-graph\">{\"@context\":\"https:\\\/\\\/schema.org\",\"@graph\":[{\"@type\":\"WebPage\",\"@id\":\"https:\\\/\\\/sergiowalkingtours.com\\\/de\\\/producto\\\/laurisilva-waldroute\\\/\",\"url\":\"https:\\\/\\\/sergiowalkingtours.com\\\/de\\\/producto\\\/laurisilva-waldroute\\\/\",\"name\":\"Zauberwald-Pfad - Sergio Walking Tours - Tu gu\u00eda profesional\",\"isPartOf\":{\"@id\":\"https:\\\/\\\/sergiowalkingtours.com\\\/de\\\/#website\"},\"primaryImageOfPage\":{\"@id\":\"https:\\\/\\\/sergiowalkingtours.com\\\/de\\\/producto\\\/laurisilva-waldroute\\\/#primaryimage\"},\"image\":{\"@id\":\"https:\\\/\\\/sergiowalkingtours.com\\\/de\\\/producto\\\/laurisilva-waldroute\\\/#primaryimage\"},\"thumbnailUrl\":\"https:\\\/\\\/sergiowalkingtours.com\\\/wp-content\\\/uploads\\\/2023\\\/07\\\/00_Foto_Portada_Exc.-en-Grupo-El-maravilloso-bosque-magico.jpg\",\"datePublished\":\"2023-07-21T11:19:43+00:00\",\"dateModified\":\"2024-10-07T15:28:00+00:00\",\"breadcrumb\":{\"@id\":\"https:\\\/\\\/sergiowalkingtours.com\\\/de\\\/producto\\\/laurisilva-waldroute\\\/#breadcrumb\"},\"inLanguage\":\"de\",\"potentialAction\":[{\"@type\":\"ReadAction\",\"target\":[\"https:\\\/\\\/sergiowalkingtours.com\\\/de\\\/producto\\\/laurisilva-waldroute\\\/\"]}]},{\"@type\":\"ImageObject\",\"inLanguage\":\"de\",\"@id\":\"https:\\\/\\\/sergiowalkingtours.com\\\/de\\\/producto\\\/laurisilva-waldroute\\\/#primaryimage\",\"url\":\"https:\\\/\\\/sergiowalkingtours.com\\\/wp-content\\\/uploads\\\/2023\\\/07\\\/00_Foto_Portada_Exc.-en-Grupo-El-maravilloso-bosque-magico.jpg\",\"contentUrl\":\"https:\\\/\\\/sergiowalkingtours.com\\\/wp-content\\\/uploads\\\/2023\\\/07\\\/00_Foto_Portada_Exc.-en-Grupo-El-maravilloso-bosque-magico.jpg\",\"width\":1920,\"height\":1440},{\"@type\":\"BreadcrumbList\",\"@id\":\"https:\\\/\\\/sergiowalkingtours.com\\\/de\\\/producto\\\/laurisilva-waldroute\\\/#breadcrumb\",\"itemListElement\":[{\"@type\":\"ListItem\",\"position\":1,\"name\":\"Home\",\"item\":\"https:\\\/\\\/sergiowalkingtours.com\\\/de\\\/\"},{\"@type\":\"ListItem\",\"position\":2,\"name\":\"Shop\",\"item\":\"https:\\\/\\\/sergiowalkingtours.com\\\/de\\\/shop\\\/\"},{\"@type\":\"ListItem\",\"position\":3,\"name\":\"Zauberwald-Pfad\"}]},{\"@type\":\"WebSite\",\"@id\":\"https:\\\/\\\/sergiowalkingtours.com\\\/de\\\/#website\",\"url\":\"https:\\\/\\\/sergiowalkingtours.com\\\/de\\\/\",\"name\":\"Sergio Walking Tours - Tu gu\u00eda profesional\",\"description\":\"See Tenerife through the eyes of a local\",\"potentialAction\":[{\"@type\":\"SearchAction\",\"target\":{\"@type\":\"EntryPoint\",\"urlTemplate\":\"https:\\\/\\\/sergiowalkingtours.com\\\/de\\\/?s={search_term_string}\"},\"query-input\":{\"@type\":\"PropertyValueSpecification\",\"valueRequired\":true,\"valueName\":\"search_term_string\"}}],\"inLanguage\":\"de\"}]}<\/script>\n<!-- \/ Yoast SEO plugin. -->","yoast_head_json":{"title":"Zauberwald-Pfad - Sergio Walking Tours - Tu gu\u00eda profesional","robots":{"index":"index","follow":"follow","max-snippet":"max-snippet:-1","max-image-preview":"max-image-preview:large","max-video-preview":"max-video-preview:-1"},"canonical":"https:\/\/sergiowalkingtours.com\/de\/producto\/laurisilva-waldroute\/","og_locale":"de_DE","og_type":"article","og_title":"Zauberwald-Pfad - Sergio Walking Tours - Tu gu\u00eda profesional","og_description":"Der botanische Pfad durch den tausendj\u00e4hrigen Lorbeerwald und die Riesenheide vermittelt auf angenehme und lehrreiche Weise Wissen \u00fcber die Flora. Der kanarische Lorbeerwald ist ein &#8222;lebendes Fossil&#8220; aus dem Terti\u00e4r mit einer bemerkenswerten Artenvielfalt an endemischen B\u00e4umen, Pflanzen und einheimischen V\u00f6geln. Auf dem Weg passieren wir alte Tongruben und erleben eindrucksvolle Kontraste in der Natur. [&hellip;]","og_url":"https:\/\/sergiowalkingtours.com\/de\/producto\/laurisilva-waldroute\/","og_site_name":"Sergio Walking Tours - Tu gu\u00eda profesional","article_modified_time":"2024-10-07T15:28:00+00:00","og_image":[{"width":1920,"height":1440,"url":"https:\/\/sergiowalkingtours.com\/wp-content\/uploads\/2023\/07\/00_Foto_Portada_Exc.-en-Grupo-El-maravilloso-bosque-magico.jpg","type":"image\/jpeg"}],"twitter_card":"summary_large_image","twitter_misc":{"Gesch\u00e4tzte Lesezeit":"2\u00a0Minuten"},"schema":{"@context":"https:\/\/schema.org","@graph":[{"@type":"WebPage","@id":"https:\/\/sergiowalkingtours.com\/de\/producto\/laurisilva-waldroute\/","url":"https:\/\/sergiowalkingtours.com\/de\/producto\/laurisilva-waldroute\/","name":"Zauberwald-Pfad - Sergio Walking Tours - Tu gu\u00eda profesional","isPartOf":{"@id":"https:\/\/sergiowalkingtours.com\/de\/#website"},"primaryImageOfPage":{"@id":"https:\/\/sergiowalkingtours.com\/de\/producto\/laurisilva-waldroute\/#primaryimage"},"image":{"@id":"https:\/\/sergiowalkingtours.com\/de\/producto\/laurisilva-waldroute\/#primaryimage"},"thumbnailUrl":"https:\/\/sergiowalkingtours.com\/wp-content\/uploads\/2023\/07\/00_Foto_Portada_Exc.-en-Grupo-El-maravilloso-bosque-magico.jpg","datePublished":"2023-07-21T11:19:43+00:00","dateModified":"2024-10-07T15:28:00+00:00","breadcrumb":{"@id":"https:\/\/sergiowalkingtours.com\/de\/producto\/laurisilva-waldroute\/#breadcrumb"},"inLanguage":"de","potentialAction":[{"@type":"ReadAction","target":["https:\/\/sergiowalkingtours.com\/de\/producto\/laurisilva-waldroute\/"]}]},{"@type":"ImageObject","inLanguage":"de","@id":"https:\/\/sergiowalkingtours.com\/de\/producto\/laurisilva-waldroute\/#primaryimage","url":"https:\/\/sergiowalkingtours.com\/wp-content\/uploads\/2023\/07\/00_Foto_Portada_Exc.-en-Grupo-El-maravilloso-bosque-magico.jpg","contentUrl":"https:\/\/sergiowalkingtours.com\/wp-content\/uploads\/2023\/07\/00_Foto_Portada_Exc.-en-Grupo-El-maravilloso-bosque-magico.jpg","width":1920,"height":1440},{"@type":"BreadcrumbList","@id":"https:\/\/sergiowalkingtours.com\/de\/producto\/laurisilva-waldroute\/#breadcrumb","itemListElement":[{"@type":"ListItem","position":1,"name":"Home","item":"https:\/\/sergiowalkingtours.com\/de\/"},{"@type":"ListItem","position":2,"name":"Shop","item":"https:\/\/sergiowalkingtours.com\/de\/shop\/"},{"@type":"ListItem","position":3,"name":"Zauberwald-Pfad"}]},{"@type":"WebSite","@id":"https:\/\/sergiowalkingtours.com\/de\/#website","url":"https:\/\/sergiowalkingtours.com\/de\/","name":"Sergio Walking Tours - Tu gu\u00eda profesional","description":"See Tenerife through the eyes of a local","potentialAction":[{"@type":"SearchAction","target":{"@type":"EntryPoint","urlTemplate":"https:\/\/sergiowalkingtours.com\/de\/?s={search_term_string}"},"query-input":{"@type":"PropertyValueSpecification","valueRequired":true,"valueName":"search_term_string"}}],"inLanguage":"de"}]}},"_links":{"self":[{"href":"https:\/\/sergiowalkingtours.com\/de\/wp-json\/wp\/v2\/product\/2292","targetHints":{"allow":["GET"]}}],"collection":[{"href":"https:\/\/sergiowalkingtours.com\/de\/wp-json\/wp\/v2\/product"}],"about":[{"href":"https:\/\/sergiowalkingtours.com\/de\/wp-json\/wp\/v2\/types\/product"}],"wp:featuredmedia":[{"embeddable":true,"href":"https:\/\/sergiowalkingtours.com\/de\/wp-json\/wp\/v2\/media\/2824"}],"wp:attachment":[{"href":"https:\/\/sergiowalkingtours.com\/de\/wp-json\/wp\/v2\/media?parent=2292"}],"wp:term":[{"taxonomy":"product_brand","embeddable":true,"href":"https:\/\/sergiowalkingtours.com\/de\/wp-json\/wp\/v2\/product_brand?post=2292"},{"taxonomy":"product_cat","embeddable":true,"href":"https:\/\/sergiowalkingtours.com\/de\/wp-json\/wp\/v2\/product_cat?post=2292"},{"taxonomy":"product_tag","embeddable":true,"href":"https:\/\/sergiowalkingtours.com\/de\/wp-json\/wp\/v2\/product_tag?post=2292"}],"curies":[{"name":"wp","href":"https:\/\/api.w.org\/{rel}","templated":true}]}}