{"id":2289,"date":"2023-07-24T07:19:59","date_gmt":"2023-07-24T07:19:59","guid":{"rendered":"https:\/\/walkingtours.e2w.es\/producto\/auf-hirtenpfaden-in-teno-alto\/"},"modified":"2025-03-18T14:14:27","modified_gmt":"2025-03-18T14:14:27","slug":"auf-hirtenwegen-in-teno-alto","status":"publish","type":"product","link":"https:\/\/sergiowalkingtours.com\/de\/producto\/auf-hirtenwegen-in-teno-alto\/","title":{"rendered":"Hirtenwege in Teno Alto"},"content":{"rendered":"<p>Unsere Wanderung startet in Teno Alto, im Herzen des gleichnamigen Naturparks. Die lange Isolation, in der die Bev\u00f6lkerung \u00fcber Jahrhunderte lebte, hat ein reiches ethnografisches Erbe hinterlassen. Das kulturelle Erbe umfasst Kachel\u00f6fen, alte Getreidedreschpl\u00e4tze, Terrassen, Zisternen, Wohnh\u00f6hlen, St\u00e4lle, Bienenzucht und Schaf- und Ziegenzucht. Teno Alto ist ein authentisches Zeugnis der traditionellen l\u00e4ndlichen Lebensweise, die von den Guanchen, den Ureinwohnern Teneriffas, \u00fcberliefert wurde. W\u00e4hrend wir unseren Weg fortsetzen, vergeht die Zeit f\u00fcr einen Moment langsamer und wir genie\u00dfen die Ruhe und Gelassenheit, die uns hier oben umgibt. Von dieser Hochebene in 770 Metern H\u00f6he bietet sich ein herrlicher Blick auf die Nachbarinseln La Gomera und La Palma. Im Anschluss besuchen wir ein typisches Restaurant in einem alten Bauernhaus. Auf der Speisekarte steht exquisiter lokaler Ziegenk\u00e4se, der in Begleitung eines guten regionalen Weins verk\u00f6stigt werden kann. <strong>Bitte festes Schuhwerk, Regenjacke, Kopfbedeckung, Sonnenschutz und ausreichend zu trinken mitbringen.<\/strong><\/p>\n<p><strong>Die Wanderung ist f\u00fcr Kinder ab 12 Jahren geeignet. Minderj\u00e4hrige m\u00fcssen von einem Erwachsenen begleitet werden.<\/strong><\/p>\n<p><b>Der Preis gilt f\u00fcr eine private Gruppe von 1 bis 4 Personen. Jede weitere Person 45\u20ac. Maximal 8 Personen.<\/b><\/p>\n","protected":false},"excerpt":{"rendered":"<p>Unsere Wanderung startet in Teno Alto, im Herzen des gleichnamigen Naturparks. Die lange Isolation, in der die Bev\u00f6lkerung \u00fcber Jahrhunderte lebte, hat ein reiches ethnografisches Erbe hinterlassen. Das kulturelle Erbe umfasst Kachel\u00f6fen, alte Getreidedreschpl\u00e4tze, Terrassen, Zisternen, Wohnh\u00f6hlen, St\u00e4lle, Bienenzucht und Schaf- und Ziegenzucht. Teno Alto ist ein authentisches Zeugnis der traditionellen l\u00e4ndlichen Lebensweise, die von [&hellip;]<\/p>\n","protected":false},"featured_media":1693,"template":"","meta":{"_acf_changed":false,"_et_pb_use_builder":"","_et_pb_old_content":"","_et_gb_content_width":""},"product_brand":[],"product_cat":[73],"product_tag":[],"class_list":{"0":"post-2289","1":"product","2":"type-product","3":"status-publish","4":"has-post-thumbnail","6":"product_cat-vip-ausfluge","8":"first","9":"instock","10":"shipping-taxable","11":"purchasable","12":"product-type-phive_booking"},"acf":[],"yoast_head":"<!-- This site is optimized with the Yoast SEO plugin v27.4 - https:\/\/yoast.com\/product\/yoast-seo-wordpress\/ -->\n<title>Hirtenwege in Teno Alto - Sergio Walking Tours - Tu gu\u00eda profesional<\/title>\n<meta name=\"robots\" content=\"index, follow, max-snippet:-1, max-image-preview:large, max-video-preview:-1\" \/>\n<link rel=\"canonical\" href=\"https:\/\/sergiowalkingtours.com\/de\/producto\/auf-hirtenwegen-in-teno-alto\/\" \/>\n<meta property=\"og:locale\" content=\"de_DE\" \/>\n<meta property=\"og:type\" content=\"article\" \/>\n<meta property=\"og:title\" content=\"Hirtenwege in Teno Alto - Sergio Walking Tours - Tu gu\u00eda profesional\" \/>\n<meta property=\"og:description\" content=\"Unsere Wanderung startet in Teno Alto, im Herzen des gleichnamigen Naturparks. Die lange Isolation, in der die Bev\u00f6lkerung \u00fcber Jahrhunderte lebte, hat ein reiches ethnografisches Erbe hinterlassen. Das kulturelle Erbe umfasst Kachel\u00f6fen, alte Getreidedreschpl\u00e4tze, Terrassen, Zisternen, Wohnh\u00f6hlen, St\u00e4lle, Bienenzucht und Schaf- und Ziegenzucht. Teno Alto ist ein authentisches Zeugnis der traditionellen l\u00e4ndlichen Lebensweise, die von [&hellip;]\" \/>\n<meta property=\"og:url\" content=\"https:\/\/sergiowalkingtours.com\/de\/producto\/auf-hirtenwegen-in-teno-alto\/\" \/>\n<meta property=\"og:site_name\" content=\"Sergio Walking Tours - Tu gu\u00eda profesional\" \/>\n<meta property=\"article:modified_time\" content=\"2025-03-18T14:14:27+00:00\" \/>\n<meta property=\"og:image\" content=\"https:\/\/sergiowalkingtours.com\/wp-content\/uploads\/2023\/07\/0-0-Foto_Teno_Alto_4.jpg\" \/>\n\t<meta property=\"og:image:width\" content=\"1024\" \/>\n\t<meta property=\"og:image:height\" content=\"768\" \/>\n\t<meta property=\"og:image:type\" content=\"image\/jpeg\" \/>\n<meta name=\"twitter:card\" content=\"summary_large_image\" \/>\n<meta name=\"twitter:label1\" content=\"Gesch\u00e4tzte Lesezeit\" \/>\n\t<meta name=\"twitter:data1\" content=\"2\u00a0Minuten\" \/>\n<script type=\"application\/ld+json\" class=\"yoast-schema-graph\">{\"@context\":\"https:\\\/\\\/schema.org\",\"@graph\":[{\"@type\":\"WebPage\",\"@id\":\"https:\\\/\\\/sergiowalkingtours.com\\\/de\\\/producto\\\/auf-hirtenwegen-in-teno-alto\\\/\",\"url\":\"https:\\\/\\\/sergiowalkingtours.com\\\/de\\\/producto\\\/auf-hirtenwegen-in-teno-alto\\\/\",\"name\":\"Hirtenwege in Teno Alto - Sergio Walking Tours - Tu gu\u00eda profesional\",\"isPartOf\":{\"@id\":\"https:\\\/\\\/sergiowalkingtours.com\\\/de\\\/#website\"},\"primaryImageOfPage\":{\"@id\":\"https:\\\/\\\/sergiowalkingtours.com\\\/de\\\/producto\\\/auf-hirtenwegen-in-teno-alto\\\/#primaryimage\"},\"image\":{\"@id\":\"https:\\\/\\\/sergiowalkingtours.com\\\/de\\\/producto\\\/auf-hirtenwegen-in-teno-alto\\\/#primaryimage\"},\"thumbnailUrl\":\"https:\\\/\\\/sergiowalkingtours.com\\\/wp-content\\\/uploads\\\/2023\\\/07\\\/0-0-Foto_Teno_Alto_4.jpg\",\"datePublished\":\"2023-07-24T07:19:59+00:00\",\"dateModified\":\"2025-03-18T14:14:27+00:00\",\"breadcrumb\":{\"@id\":\"https:\\\/\\\/sergiowalkingtours.com\\\/de\\\/producto\\\/auf-hirtenwegen-in-teno-alto\\\/#breadcrumb\"},\"inLanguage\":\"de\",\"potentialAction\":[{\"@type\":\"ReadAction\",\"target\":[\"https:\\\/\\\/sergiowalkingtours.com\\\/de\\\/producto\\\/auf-hirtenwegen-in-teno-alto\\\/\"]}]},{\"@type\":\"ImageObject\",\"inLanguage\":\"de\",\"@id\":\"https:\\\/\\\/sergiowalkingtours.com\\\/de\\\/producto\\\/auf-hirtenwegen-in-teno-alto\\\/#primaryimage\",\"url\":\"https:\\\/\\\/sergiowalkingtours.com\\\/wp-content\\\/uploads\\\/2023\\\/07\\\/0-0-Foto_Teno_Alto_4.jpg\",\"contentUrl\":\"https:\\\/\\\/sergiowalkingtours.com\\\/wp-content\\\/uploads\\\/2023\\\/07\\\/0-0-Foto_Teno_Alto_4.jpg\",\"width\":1024,\"height\":768},{\"@type\":\"BreadcrumbList\",\"@id\":\"https:\\\/\\\/sergiowalkingtours.com\\\/de\\\/producto\\\/auf-hirtenwegen-in-teno-alto\\\/#breadcrumb\",\"itemListElement\":[{\"@type\":\"ListItem\",\"position\":1,\"name\":\"Home\",\"item\":\"https:\\\/\\\/sergiowalkingtours.com\\\/de\\\/\"},{\"@type\":\"ListItem\",\"position\":2,\"name\":\"Shop\",\"item\":\"https:\\\/\\\/sergiowalkingtours.com\\\/de\\\/shop\\\/\"},{\"@type\":\"ListItem\",\"position\":3,\"name\":\"Hirtenwege in Teno Alto\"}]},{\"@type\":\"WebSite\",\"@id\":\"https:\\\/\\\/sergiowalkingtours.com\\\/de\\\/#website\",\"url\":\"https:\\\/\\\/sergiowalkingtours.com\\\/de\\\/\",\"name\":\"Sergio Walking Tours - Tu gu\u00eda profesional\",\"description\":\"See Tenerife through the eyes of a local\",\"potentialAction\":[{\"@type\":\"SearchAction\",\"target\":{\"@type\":\"EntryPoint\",\"urlTemplate\":\"https:\\\/\\\/sergiowalkingtours.com\\\/de\\\/?s={search_term_string}\"},\"query-input\":{\"@type\":\"PropertyValueSpecification\",\"valueRequired\":true,\"valueName\":\"search_term_string\"}}],\"inLanguage\":\"de\"}]}<\/script>\n<!-- \/ Yoast SEO plugin. -->","yoast_head_json":{"title":"Hirtenwege in Teno Alto - Sergio Walking Tours - Tu gu\u00eda profesional","robots":{"index":"index","follow":"follow","max-snippet":"max-snippet:-1","max-image-preview":"max-image-preview:large","max-video-preview":"max-video-preview:-1"},"canonical":"https:\/\/sergiowalkingtours.com\/de\/producto\/auf-hirtenwegen-in-teno-alto\/","og_locale":"de_DE","og_type":"article","og_title":"Hirtenwege in Teno Alto - Sergio Walking Tours - Tu gu\u00eda profesional","og_description":"Unsere Wanderung startet in Teno Alto, im Herzen des gleichnamigen Naturparks. Die lange Isolation, in der die Bev\u00f6lkerung \u00fcber Jahrhunderte lebte, hat ein reiches ethnografisches Erbe hinterlassen. Das kulturelle Erbe umfasst Kachel\u00f6fen, alte Getreidedreschpl\u00e4tze, Terrassen, Zisternen, Wohnh\u00f6hlen, St\u00e4lle, Bienenzucht und Schaf- und Ziegenzucht. Teno Alto ist ein authentisches Zeugnis der traditionellen l\u00e4ndlichen Lebensweise, die von [&hellip;]","og_url":"https:\/\/sergiowalkingtours.com\/de\/producto\/auf-hirtenwegen-in-teno-alto\/","og_site_name":"Sergio Walking Tours - Tu gu\u00eda profesional","article_modified_time":"2025-03-18T14:14:27+00:00","og_image":[{"width":1024,"height":768,"url":"https:\/\/sergiowalkingtours.com\/wp-content\/uploads\/2023\/07\/0-0-Foto_Teno_Alto_4.jpg","type":"image\/jpeg"}],"twitter_card":"summary_large_image","twitter_misc":{"Gesch\u00e4tzte Lesezeit":"2\u00a0Minuten"},"schema":{"@context":"https:\/\/schema.org","@graph":[{"@type":"WebPage","@id":"https:\/\/sergiowalkingtours.com\/de\/producto\/auf-hirtenwegen-in-teno-alto\/","url":"https:\/\/sergiowalkingtours.com\/de\/producto\/auf-hirtenwegen-in-teno-alto\/","name":"Hirtenwege in Teno Alto - Sergio Walking Tours - Tu gu\u00eda profesional","isPartOf":{"@id":"https:\/\/sergiowalkingtours.com\/de\/#website"},"primaryImageOfPage":{"@id":"https:\/\/sergiowalkingtours.com\/de\/producto\/auf-hirtenwegen-in-teno-alto\/#primaryimage"},"image":{"@id":"https:\/\/sergiowalkingtours.com\/de\/producto\/auf-hirtenwegen-in-teno-alto\/#primaryimage"},"thumbnailUrl":"https:\/\/sergiowalkingtours.com\/wp-content\/uploads\/2023\/07\/0-0-Foto_Teno_Alto_4.jpg","datePublished":"2023-07-24T07:19:59+00:00","dateModified":"2025-03-18T14:14:27+00:00","breadcrumb":{"@id":"https:\/\/sergiowalkingtours.com\/de\/producto\/auf-hirtenwegen-in-teno-alto\/#breadcrumb"},"inLanguage":"de","potentialAction":[{"@type":"ReadAction","target":["https:\/\/sergiowalkingtours.com\/de\/producto\/auf-hirtenwegen-in-teno-alto\/"]}]},{"@type":"ImageObject","inLanguage":"de","@id":"https:\/\/sergiowalkingtours.com\/de\/producto\/auf-hirtenwegen-in-teno-alto\/#primaryimage","url":"https:\/\/sergiowalkingtours.com\/wp-content\/uploads\/2023\/07\/0-0-Foto_Teno_Alto_4.jpg","contentUrl":"https:\/\/sergiowalkingtours.com\/wp-content\/uploads\/2023\/07\/0-0-Foto_Teno_Alto_4.jpg","width":1024,"height":768},{"@type":"BreadcrumbList","@id":"https:\/\/sergiowalkingtours.com\/de\/producto\/auf-hirtenwegen-in-teno-alto\/#breadcrumb","itemListElement":[{"@type":"ListItem","position":1,"name":"Home","item":"https:\/\/sergiowalkingtours.com\/de\/"},{"@type":"ListItem","position":2,"name":"Shop","item":"https:\/\/sergiowalkingtours.com\/de\/shop\/"},{"@type":"ListItem","position":3,"name":"Hirtenwege in Teno Alto"}]},{"@type":"WebSite","@id":"https:\/\/sergiowalkingtours.com\/de\/#website","url":"https:\/\/sergiowalkingtours.com\/de\/","name":"Sergio Walking Tours - Tu gu\u00eda profesional","description":"See Tenerife through the eyes of a local","potentialAction":[{"@type":"SearchAction","target":{"@type":"EntryPoint","urlTemplate":"https:\/\/sergiowalkingtours.com\/de\/?s={search_term_string}"},"query-input":{"@type":"PropertyValueSpecification","valueRequired":true,"valueName":"search_term_string"}}],"inLanguage":"de"}]}},"_links":{"self":[{"href":"https:\/\/sergiowalkingtours.com\/de\/wp-json\/wp\/v2\/product\/2289","targetHints":{"allow":["GET"]}}],"collection":[{"href":"https:\/\/sergiowalkingtours.com\/de\/wp-json\/wp\/v2\/product"}],"about":[{"href":"https:\/\/sergiowalkingtours.com\/de\/wp-json\/wp\/v2\/types\/product"}],"wp:featuredmedia":[{"embeddable":true,"href":"https:\/\/sergiowalkingtours.com\/de\/wp-json\/wp\/v2\/media\/1693"}],"wp:attachment":[{"href":"https:\/\/sergiowalkingtours.com\/de\/wp-json\/wp\/v2\/media?parent=2289"}],"wp:term":[{"taxonomy":"product_brand","embeddable":true,"href":"https:\/\/sergiowalkingtours.com\/de\/wp-json\/wp\/v2\/product_brand?post=2289"},{"taxonomy":"product_cat","embeddable":true,"href":"https:\/\/sergiowalkingtours.com\/de\/wp-json\/wp\/v2\/product_cat?post=2289"},{"taxonomy":"product_tag","embeddable":true,"href":"https:\/\/sergiowalkingtours.com\/de\/wp-json\/wp\/v2\/product_tag?post=2289"}],"curies":[{"name":"wp","href":"https:\/\/api.w.org\/{rel}","templated":true}]}}