{"id":2286,"date":"2023-07-21T11:12:02","date_gmt":"2023-07-21T11:12:02","guid":{"rendered":"https:\/\/walkingtours.e2w.es\/producto\/das-faszinierende-palmar-tal\/"},"modified":"2025-03-03T17:17:07","modified_gmt":"2025-03-03T17:17:07","slug":"farbenfrohes-palmar-tal","status":"publish","type":"product","link":"https:\/\/sergiowalkingtours.com\/de\/producto\/farbenfrohes-palmar-tal\/","title":{"rendered":"Farbenfrohes Palmar-Tal"},"content":{"rendered":"<p>Der Aufstieg erfolgt auf terrassiertem Ackerland sowie durch Weinberge und Avocado-Plantagen. Im weiteren Verlauf passieren wir typische, verstreut liegende D\u00f6rfer, in denen die einheimische Bev\u00f6lkerung lebt. Erkennst du das Gesicht von King Kong in dem alten Vulkanschlot, den die Erosion geformt hat? Der weitere Verlauf f\u00fchrt uns auf einem alten Hirtenpfad bergauf bis zu einem Aussichtspunkt, von dem aus du einen herrlichen Panoramablick auf die Nordk\u00fcste, die angrenzenden Schluchten, den Monteverde und das sch\u00f6ne Tal von El Palmar genie\u00dfen kannst. Nach einer kurzen Picknickpause f\u00fchrt die Route weiter auf einem Laubweg durch einen mystischen Lorbeerwald. Von der Talsohle aus f\u00fchrt die Wanderung bergab mit Blick auf eine der sch\u00f6nsten Naturlandschaften Teneriffas. Die Wanderung endet schlie\u00dflich im Tal, vorbei an bunten D\u00f6rfern und Feldern mit Feldfr\u00fcchten und Obstb\u00e4umen. In einem typischen Bodeg\u00f3n besteht die M\u00f6glichkeit, eine Kaffeespezialit\u00e4t wie einen &#8222;barraquito&#8220; oder einen lokalen Wein zu probieren (nicht im Preis inbegriffen). Dieses Wandererlebnis in einer der l\u00e4ndlichsten Gegenden Teneriffas ist speziell f\u00fcr Familien mit Kindern konzipiert. <strong>Bitte festes Schuhwerk, Regenjacke, Kopfbedeckung, Sonnenschutz und ausreichend zu trinken mitbringen.<\/strong><\/p>\n<p><strong>Die Wanderung ist f\u00fcr Kinder ab 8 Jahren geeignet. Minderj\u00e4hrige m\u00fcssen von einem Erwachsenen begleitet werden.<\/strong><\/p>\n<p><strong>F\u00fcr die Wanderung ist eine Mindestteilnehmerzahl von 3 Personen erforderlich. Sollte die Mindestteilnehmerzahl nicht erreicht werden, k\u00f6nnen die bereits gebuchten Teilnehmer den Restbetrag f\u00fcr die Durchf\u00fchrung der Wanderung bezahlen, andernfalls wird die Wanderung abgesagt und die Buchungsgeb\u00fchr in voller H\u00f6he zur\u00fcckerstattet.<\/strong><\/p>\n","protected":false},"excerpt":{"rendered":"<p>Der Aufstieg erfolgt auf terrassiertem Ackerland sowie durch Weinberge und Avocado-Plantagen. Im weiteren Verlauf passieren wir typische, verstreut liegende D\u00f6rfer, in denen die einheimische Bev\u00f6lkerung lebt. Erkennst du das Gesicht von King Kong in dem alten Vulkanschlot, den die Erosion geformt hat? Der weitere Verlauf f\u00fchrt uns auf einem alten Hirtenpfad bergauf bis zu einem [&hellip;]<\/p>\n","protected":false},"featured_media":2900,"template":"","meta":{"_acf_changed":false,"_et_pb_use_builder":"","_et_pb_old_content":"","_et_gb_content_width":""},"product_brand":[],"product_cat":[75],"product_tag":[],"class_list":{"0":"post-2286","1":"product","2":"type-product","3":"status-publish","4":"has-post-thumbnail","6":"product_cat-gruppenausfluge","8":"first","9":"instock","10":"shipping-taxable","11":"purchasable","12":"product-type-phive_booking"},"acf":[],"yoast_head":"<!-- This site is optimized with the Yoast SEO plugin v27.3 - https:\/\/yoast.com\/product\/yoast-seo-wordpress\/ -->\n<title>Farbenfrohes Palmar-Tal - Sergio Walking Tours - Tu gu\u00eda profesional<\/title>\n<meta name=\"robots\" content=\"index, follow, max-snippet:-1, max-image-preview:large, max-video-preview:-1\" \/>\n<link rel=\"canonical\" href=\"https:\/\/sergiowalkingtours.com\/de\/producto\/farbenfrohes-palmar-tal\/\" \/>\n<meta property=\"og:locale\" content=\"de_DE\" \/>\n<meta property=\"og:type\" content=\"article\" \/>\n<meta property=\"og:title\" content=\"Farbenfrohes Palmar-Tal - Sergio Walking Tours - Tu gu\u00eda profesional\" \/>\n<meta property=\"og:description\" content=\"Der Aufstieg erfolgt auf terrassiertem Ackerland sowie durch Weinberge und Avocado-Plantagen. Im weiteren Verlauf passieren wir typische, verstreut liegende D\u00f6rfer, in denen die einheimische Bev\u00f6lkerung lebt. Erkennst du das Gesicht von King Kong in dem alten Vulkanschlot, den die Erosion geformt hat? Der weitere Verlauf f\u00fchrt uns auf einem alten Hirtenpfad bergauf bis zu einem [&hellip;]\" \/>\n<meta property=\"og:url\" content=\"https:\/\/sergiowalkingtours.com\/de\/producto\/farbenfrohes-palmar-tal\/\" \/>\n<meta property=\"og:site_name\" content=\"Sergio Walking Tours - Tu gu\u00eda profesional\" \/>\n<meta property=\"article:modified_time\" content=\"2025-03-03T17:17:07+00:00\" \/>\n<meta property=\"og:image\" content=\"https:\/\/sergiowalkingtours.com\/wp-content\/uploads\/2023\/07\/00_Foto_Portada_Exc.-en-Grupo-El-fascinante-Valle-del-Palmar.jpg\" \/>\n\t<meta property=\"og:image:width\" content=\"1920\" \/>\n\t<meta property=\"og:image:height\" content=\"1440\" \/>\n\t<meta property=\"og:image:type\" content=\"image\/jpeg\" \/>\n<meta name=\"twitter:card\" content=\"summary_large_image\" \/>\n<meta name=\"twitter:label1\" content=\"Gesch\u00e4tzte Lesezeit\" \/>\n\t<meta name=\"twitter:data1\" content=\"2\u00a0Minuten\" \/>\n<script type=\"application\/ld+json\" class=\"yoast-schema-graph\">{\"@context\":\"https:\\\/\\\/schema.org\",\"@graph\":[{\"@type\":\"WebPage\",\"@id\":\"https:\\\/\\\/sergiowalkingtours.com\\\/de\\\/producto\\\/farbenfrohes-palmar-tal\\\/\",\"url\":\"https:\\\/\\\/sergiowalkingtours.com\\\/de\\\/producto\\\/farbenfrohes-palmar-tal\\\/\",\"name\":\"Farbenfrohes Palmar-Tal - Sergio Walking Tours - Tu gu\u00eda profesional\",\"isPartOf\":{\"@id\":\"https:\\\/\\\/sergiowalkingtours.com\\\/de\\\/#website\"},\"primaryImageOfPage\":{\"@id\":\"https:\\\/\\\/sergiowalkingtours.com\\\/de\\\/producto\\\/farbenfrohes-palmar-tal\\\/#primaryimage\"},\"image\":{\"@id\":\"https:\\\/\\\/sergiowalkingtours.com\\\/de\\\/producto\\\/farbenfrohes-palmar-tal\\\/#primaryimage\"},\"thumbnailUrl\":\"https:\\\/\\\/sergiowalkingtours.com\\\/wp-content\\\/uploads\\\/2023\\\/07\\\/00_Foto_Portada_Exc.-en-Grupo-El-fascinante-Valle-del-Palmar.jpg\",\"datePublished\":\"2023-07-21T11:12:02+00:00\",\"dateModified\":\"2025-03-03T17:17:07+00:00\",\"breadcrumb\":{\"@id\":\"https:\\\/\\\/sergiowalkingtours.com\\\/de\\\/producto\\\/farbenfrohes-palmar-tal\\\/#breadcrumb\"},\"inLanguage\":\"de\",\"potentialAction\":[{\"@type\":\"ReadAction\",\"target\":[\"https:\\\/\\\/sergiowalkingtours.com\\\/de\\\/producto\\\/farbenfrohes-palmar-tal\\\/\"]}]},{\"@type\":\"ImageObject\",\"inLanguage\":\"de\",\"@id\":\"https:\\\/\\\/sergiowalkingtours.com\\\/de\\\/producto\\\/farbenfrohes-palmar-tal\\\/#primaryimage\",\"url\":\"https:\\\/\\\/sergiowalkingtours.com\\\/wp-content\\\/uploads\\\/2023\\\/07\\\/00_Foto_Portada_Exc.-en-Grupo-El-fascinante-Valle-del-Palmar.jpg\",\"contentUrl\":\"https:\\\/\\\/sergiowalkingtours.com\\\/wp-content\\\/uploads\\\/2023\\\/07\\\/00_Foto_Portada_Exc.-en-Grupo-El-fascinante-Valle-del-Palmar.jpg\",\"width\":1920,\"height\":1440},{\"@type\":\"BreadcrumbList\",\"@id\":\"https:\\\/\\\/sergiowalkingtours.com\\\/de\\\/producto\\\/farbenfrohes-palmar-tal\\\/#breadcrumb\",\"itemListElement\":[{\"@type\":\"ListItem\",\"position\":1,\"name\":\"Home\",\"item\":\"https:\\\/\\\/sergiowalkingtours.com\\\/de\\\/\"},{\"@type\":\"ListItem\",\"position\":2,\"name\":\"Shop\",\"item\":\"https:\\\/\\\/sergiowalkingtours.com\\\/de\\\/shop\\\/\"},{\"@type\":\"ListItem\",\"position\":3,\"name\":\"Farbenfrohes Palmar-Tal\"}]},{\"@type\":\"WebSite\",\"@id\":\"https:\\\/\\\/sergiowalkingtours.com\\\/de\\\/#website\",\"url\":\"https:\\\/\\\/sergiowalkingtours.com\\\/de\\\/\",\"name\":\"Sergio Walking Tours - Tu gu\u00eda profesional\",\"description\":\"See Tenerife through the eyes of a local\",\"potentialAction\":[{\"@type\":\"SearchAction\",\"target\":{\"@type\":\"EntryPoint\",\"urlTemplate\":\"https:\\\/\\\/sergiowalkingtours.com\\\/de\\\/?s={search_term_string}\"},\"query-input\":{\"@type\":\"PropertyValueSpecification\",\"valueRequired\":true,\"valueName\":\"search_term_string\"}}],\"inLanguage\":\"de\"}]}<\/script>\n<!-- \/ Yoast SEO plugin. -->","yoast_head_json":{"title":"Farbenfrohes Palmar-Tal - Sergio Walking Tours - Tu gu\u00eda profesional","robots":{"index":"index","follow":"follow","max-snippet":"max-snippet:-1","max-image-preview":"max-image-preview:large","max-video-preview":"max-video-preview:-1"},"canonical":"https:\/\/sergiowalkingtours.com\/de\/producto\/farbenfrohes-palmar-tal\/","og_locale":"de_DE","og_type":"article","og_title":"Farbenfrohes Palmar-Tal - Sergio Walking Tours - Tu gu\u00eda profesional","og_description":"Der Aufstieg erfolgt auf terrassiertem Ackerland sowie durch Weinberge und Avocado-Plantagen. Im weiteren Verlauf passieren wir typische, verstreut liegende D\u00f6rfer, in denen die einheimische Bev\u00f6lkerung lebt. Erkennst du das Gesicht von King Kong in dem alten Vulkanschlot, den die Erosion geformt hat? Der weitere Verlauf f\u00fchrt uns auf einem alten Hirtenpfad bergauf bis zu einem [&hellip;]","og_url":"https:\/\/sergiowalkingtours.com\/de\/producto\/farbenfrohes-palmar-tal\/","og_site_name":"Sergio Walking Tours - Tu gu\u00eda profesional","article_modified_time":"2025-03-03T17:17:07+00:00","og_image":[{"width":1920,"height":1440,"url":"https:\/\/sergiowalkingtours.com\/wp-content\/uploads\/2023\/07\/00_Foto_Portada_Exc.-en-Grupo-El-fascinante-Valle-del-Palmar.jpg","type":"image\/jpeg"}],"twitter_card":"summary_large_image","twitter_misc":{"Gesch\u00e4tzte Lesezeit":"2\u00a0Minuten"},"schema":{"@context":"https:\/\/schema.org","@graph":[{"@type":"WebPage","@id":"https:\/\/sergiowalkingtours.com\/de\/producto\/farbenfrohes-palmar-tal\/","url":"https:\/\/sergiowalkingtours.com\/de\/producto\/farbenfrohes-palmar-tal\/","name":"Farbenfrohes Palmar-Tal - Sergio Walking Tours - Tu gu\u00eda profesional","isPartOf":{"@id":"https:\/\/sergiowalkingtours.com\/de\/#website"},"primaryImageOfPage":{"@id":"https:\/\/sergiowalkingtours.com\/de\/producto\/farbenfrohes-palmar-tal\/#primaryimage"},"image":{"@id":"https:\/\/sergiowalkingtours.com\/de\/producto\/farbenfrohes-palmar-tal\/#primaryimage"},"thumbnailUrl":"https:\/\/sergiowalkingtours.com\/wp-content\/uploads\/2023\/07\/00_Foto_Portada_Exc.-en-Grupo-El-fascinante-Valle-del-Palmar.jpg","datePublished":"2023-07-21T11:12:02+00:00","dateModified":"2025-03-03T17:17:07+00:00","breadcrumb":{"@id":"https:\/\/sergiowalkingtours.com\/de\/producto\/farbenfrohes-palmar-tal\/#breadcrumb"},"inLanguage":"de","potentialAction":[{"@type":"ReadAction","target":["https:\/\/sergiowalkingtours.com\/de\/producto\/farbenfrohes-palmar-tal\/"]}]},{"@type":"ImageObject","inLanguage":"de","@id":"https:\/\/sergiowalkingtours.com\/de\/producto\/farbenfrohes-palmar-tal\/#primaryimage","url":"https:\/\/sergiowalkingtours.com\/wp-content\/uploads\/2023\/07\/00_Foto_Portada_Exc.-en-Grupo-El-fascinante-Valle-del-Palmar.jpg","contentUrl":"https:\/\/sergiowalkingtours.com\/wp-content\/uploads\/2023\/07\/00_Foto_Portada_Exc.-en-Grupo-El-fascinante-Valle-del-Palmar.jpg","width":1920,"height":1440},{"@type":"BreadcrumbList","@id":"https:\/\/sergiowalkingtours.com\/de\/producto\/farbenfrohes-palmar-tal\/#breadcrumb","itemListElement":[{"@type":"ListItem","position":1,"name":"Home","item":"https:\/\/sergiowalkingtours.com\/de\/"},{"@type":"ListItem","position":2,"name":"Shop","item":"https:\/\/sergiowalkingtours.com\/de\/shop\/"},{"@type":"ListItem","position":3,"name":"Farbenfrohes Palmar-Tal"}]},{"@type":"WebSite","@id":"https:\/\/sergiowalkingtours.com\/de\/#website","url":"https:\/\/sergiowalkingtours.com\/de\/","name":"Sergio Walking Tours - Tu gu\u00eda profesional","description":"See Tenerife through the eyes of a local","potentialAction":[{"@type":"SearchAction","target":{"@type":"EntryPoint","urlTemplate":"https:\/\/sergiowalkingtours.com\/de\/?s={search_term_string}"},"query-input":{"@type":"PropertyValueSpecification","valueRequired":true,"valueName":"search_term_string"}}],"inLanguage":"de"}]}},"_links":{"self":[{"href":"https:\/\/sergiowalkingtours.com\/de\/wp-json\/wp\/v2\/product\/2286","targetHints":{"allow":["GET"]}}],"collection":[{"href":"https:\/\/sergiowalkingtours.com\/de\/wp-json\/wp\/v2\/product"}],"about":[{"href":"https:\/\/sergiowalkingtours.com\/de\/wp-json\/wp\/v2\/types\/product"}],"wp:featuredmedia":[{"embeddable":true,"href":"https:\/\/sergiowalkingtours.com\/de\/wp-json\/wp\/v2\/media\/2900"}],"wp:attachment":[{"href":"https:\/\/sergiowalkingtours.com\/de\/wp-json\/wp\/v2\/media?parent=2286"}],"wp:term":[{"taxonomy":"product_brand","embeddable":true,"href":"https:\/\/sergiowalkingtours.com\/de\/wp-json\/wp\/v2\/product_brand?post=2286"},{"taxonomy":"product_cat","embeddable":true,"href":"https:\/\/sergiowalkingtours.com\/de\/wp-json\/wp\/v2\/product_cat?post=2286"},{"taxonomy":"product_tag","embeddable":true,"href":"https:\/\/sergiowalkingtours.com\/de\/wp-json\/wp\/v2\/product_tag?post=2286"}],"curies":[{"name":"wp","href":"https:\/\/api.w.org\/{rel}","templated":true}]}}