{"id":2283,"date":"2023-08-03T10:38:23","date_gmt":"2023-08-03T10:38:23","guid":{"rendered":"https:\/\/walkingtours.e2w.es\/producto\/landschaftlich-reizvolle-route-durch-anaga\/"},"modified":"2025-01-01T22:25:16","modified_gmt":"2025-01-01T22:25:16","slug":"malerische-route-durch-anaga","status":"publish","type":"product","link":"https:\/\/sergiowalkingtours.com\/de\/producto\/malerische-route-durch-anaga\/","title":{"rendered":"Malerische Route Anaga"},"content":{"rendered":"<p>Die Wanderung durch den Naturpark Anaga besticht durch ihre botanischen und landschaftlichen Reize. Die Wanderung f\u00fchrt uns von einem der Gipfel des Anaga-Gebirges zu einem seiner emblematischsten und typischsten Bergd\u00f6rfer. Unsere Wanderung startet am Pico del Ingl\u00e9s, der mit einer H\u00f6he von 979 Metern das Dach des Anaga-Gebirges bildet. Das Anaga-Gebirge ist ein Naturschutzgebiet und wurde von der UNESCO zum Biosph\u00e4renreservat erkl\u00e4rt. Aufgrund der H\u00f6henunterschiede und des besonderen Klimas beherbergt das Gebiet eine gro\u00dfe Artenvielfalt auf engstem Raum. Ein besonderes Highlight ist der endemische Kanarische Lorbeer, der zahlreichen Pflanzen und Tieren einen Lebensraum bietet. Das Anaga-Gebirge ist ein altes Vulkangebirge mit tiefen Schluchten und einer beeindruckenden Steilk\u00fcste. Hier kannst du den Zauber und Charme der Natur mit allen Sinnen erleben. Im Rahmen der Wanderung besuchen wir verlassene Weiler, in denen noch Ackerbau und Viehzucht betrieben wird. Den Abschluss der Aktivit\u00e4t bildet ein Umtrunk in einem typischen Restaurant der Gegend, bei dem wir auf diesen unvergesslichen Wandertag ansto\u00dfen. <strong>Bitte festes Schuhwerk, Regenjacke, Kopfbedeckung, Sonnenschutz und ausreichend zu trinken mitbringen.<\/strong><\/p>\n<p><strong>Die Wanderung ist f\u00fcr Kinder ab 12 Jahren geeignet. Minderj\u00e4hrige m\u00fcssen von einem Erwachsenen begleitet werden.<\/strong><\/p>\n<p><b>Der Preis gilt f\u00fcr eine private Gruppe von 1 bis 4 Personen. Preis pro zus\u00e4tzlicher Person 40\u20ac. Maximal 8 Personen.<\/b><\/p>\n","protected":false},"excerpt":{"rendered":"<p>Die Wanderung durch den Naturpark Anaga besticht durch ihre botanischen und landschaftlichen Reize. Die Wanderung f\u00fchrt uns von einem der Gipfel des Anaga-Gebirges zu einem seiner emblematischsten und typischsten Bergd\u00f6rfer. Unsere Wanderung startet am Pico del Ingl\u00e9s, der mit einer H\u00f6he von 979 Metern das Dach des Anaga-Gebirges bildet. Das Anaga-Gebirge ist ein Naturschutzgebiet und [&hellip;]<\/p>\n","protected":false},"featured_media":2896,"template":"","meta":{"_acf_changed":false,"_et_pb_use_builder":"","_et_pb_old_content":"","_et_gb_content_width":""},"product_brand":[],"product_cat":[73],"product_tag":[],"class_list":{"0":"post-2283","1":"product","2":"type-product","3":"status-publish","4":"has-post-thumbnail","6":"product_cat-vip-ausfluge","8":"first","9":"instock","10":"shipping-taxable","11":"purchasable","12":"product-type-phive_booking"},"acf":[],"yoast_head":"<!-- This site is optimized with the Yoast SEO plugin v27.3 - https:\/\/yoast.com\/product\/yoast-seo-wordpress\/ -->\n<title>Malerische Route Anaga - Sergio Walking Tours - Tu gu\u00eda profesional<\/title>\n<meta name=\"robots\" content=\"index, follow, max-snippet:-1, max-image-preview:large, max-video-preview:-1\" \/>\n<link rel=\"canonical\" href=\"https:\/\/sergiowalkingtours.com\/de\/producto\/malerische-route-durch-anaga\/\" \/>\n<meta property=\"og:locale\" content=\"de_DE\" \/>\n<meta property=\"og:type\" content=\"article\" \/>\n<meta property=\"og:title\" content=\"Malerische Route Anaga - Sergio Walking Tours - Tu gu\u00eda profesional\" \/>\n<meta property=\"og:description\" content=\"Die Wanderung durch den Naturpark Anaga besticht durch ihre botanischen und landschaftlichen Reize. Die Wanderung f\u00fchrt uns von einem der Gipfel des Anaga-Gebirges zu einem seiner emblematischsten und typischsten Bergd\u00f6rfer. Unsere Wanderung startet am Pico del Ingl\u00e9s, der mit einer H\u00f6he von 979 Metern das Dach des Anaga-Gebirges bildet. Das Anaga-Gebirge ist ein Naturschutzgebiet und [&hellip;]\" \/>\n<meta property=\"og:url\" content=\"https:\/\/sergiowalkingtours.com\/de\/producto\/malerische-route-durch-anaga\/\" \/>\n<meta property=\"og:site_name\" content=\"Sergio Walking Tours - Tu gu\u00eda profesional\" \/>\n<meta property=\"article:modified_time\" content=\"2025-01-01T22:25:16+00:00\" \/>\n<meta property=\"og:image\" content=\"https:\/\/sergiowalkingtours.com\/wp-content\/uploads\/2023\/07\/portada.jpg\" \/>\n\t<meta property=\"og:image:width\" content=\"1024\" \/>\n\t<meta property=\"og:image:height\" content=\"768\" \/>\n\t<meta property=\"og:image:type\" content=\"image\/jpeg\" \/>\n<meta name=\"twitter:card\" content=\"summary_large_image\" \/>\n<meta name=\"twitter:label1\" content=\"Gesch\u00e4tzte Lesezeit\" \/>\n\t<meta name=\"twitter:data1\" content=\"2\u00a0Minuten\" \/>\n<script type=\"application\/ld+json\" class=\"yoast-schema-graph\">{\"@context\":\"https:\\\/\\\/schema.org\",\"@graph\":[{\"@type\":\"WebPage\",\"@id\":\"https:\\\/\\\/sergiowalkingtours.com\\\/de\\\/producto\\\/malerische-route-durch-anaga\\\/\",\"url\":\"https:\\\/\\\/sergiowalkingtours.com\\\/de\\\/producto\\\/malerische-route-durch-anaga\\\/\",\"name\":\"Malerische Route Anaga - Sergio Walking Tours - Tu gu\u00eda profesional\",\"isPartOf\":{\"@id\":\"https:\\\/\\\/sergiowalkingtours.com\\\/de\\\/#website\"},\"primaryImageOfPage\":{\"@id\":\"https:\\\/\\\/sergiowalkingtours.com\\\/de\\\/producto\\\/malerische-route-durch-anaga\\\/#primaryimage\"},\"image\":{\"@id\":\"https:\\\/\\\/sergiowalkingtours.com\\\/de\\\/producto\\\/malerische-route-durch-anaga\\\/#primaryimage\"},\"thumbnailUrl\":\"https:\\\/\\\/sergiowalkingtours.com\\\/wp-content\\\/uploads\\\/2023\\\/07\\\/portada.jpg\",\"datePublished\":\"2023-08-03T10:38:23+00:00\",\"dateModified\":\"2025-01-01T22:25:16+00:00\",\"breadcrumb\":{\"@id\":\"https:\\\/\\\/sergiowalkingtours.com\\\/de\\\/producto\\\/malerische-route-durch-anaga\\\/#breadcrumb\"},\"inLanguage\":\"de\",\"potentialAction\":[{\"@type\":\"ReadAction\",\"target\":[\"https:\\\/\\\/sergiowalkingtours.com\\\/de\\\/producto\\\/malerische-route-durch-anaga\\\/\"]}]},{\"@type\":\"ImageObject\",\"inLanguage\":\"de\",\"@id\":\"https:\\\/\\\/sergiowalkingtours.com\\\/de\\\/producto\\\/malerische-route-durch-anaga\\\/#primaryimage\",\"url\":\"https:\\\/\\\/sergiowalkingtours.com\\\/wp-content\\\/uploads\\\/2023\\\/07\\\/portada.jpg\",\"contentUrl\":\"https:\\\/\\\/sergiowalkingtours.com\\\/wp-content\\\/uploads\\\/2023\\\/07\\\/portada.jpg\",\"width\":1024,\"height\":768,\"caption\":\"Portada Excursi\u00f3n_en_Grupo_Reserva_de_La_Biosfera_de_Anaga\"},{\"@type\":\"BreadcrumbList\",\"@id\":\"https:\\\/\\\/sergiowalkingtours.com\\\/de\\\/producto\\\/malerische-route-durch-anaga\\\/#breadcrumb\",\"itemListElement\":[{\"@type\":\"ListItem\",\"position\":1,\"name\":\"Home\",\"item\":\"https:\\\/\\\/sergiowalkingtours.com\\\/de\\\/\"},{\"@type\":\"ListItem\",\"position\":2,\"name\":\"Shop\",\"item\":\"https:\\\/\\\/sergiowalkingtours.com\\\/de\\\/shop\\\/\"},{\"@type\":\"ListItem\",\"position\":3,\"name\":\"Malerische Route Anaga\"}]},{\"@type\":\"WebSite\",\"@id\":\"https:\\\/\\\/sergiowalkingtours.com\\\/de\\\/#website\",\"url\":\"https:\\\/\\\/sergiowalkingtours.com\\\/de\\\/\",\"name\":\"Sergio Walking Tours - Tu gu\u00eda profesional\",\"description\":\"See Tenerife through the eyes of a local\",\"potentialAction\":[{\"@type\":\"SearchAction\",\"target\":{\"@type\":\"EntryPoint\",\"urlTemplate\":\"https:\\\/\\\/sergiowalkingtours.com\\\/de\\\/?s={search_term_string}\"},\"query-input\":{\"@type\":\"PropertyValueSpecification\",\"valueRequired\":true,\"valueName\":\"search_term_string\"}}],\"inLanguage\":\"de\"}]}<\/script>\n<!-- \/ Yoast SEO plugin. -->","yoast_head_json":{"title":"Malerische Route Anaga - Sergio Walking Tours - Tu gu\u00eda profesional","robots":{"index":"index","follow":"follow","max-snippet":"max-snippet:-1","max-image-preview":"max-image-preview:large","max-video-preview":"max-video-preview:-1"},"canonical":"https:\/\/sergiowalkingtours.com\/de\/producto\/malerische-route-durch-anaga\/","og_locale":"de_DE","og_type":"article","og_title":"Malerische Route Anaga - Sergio Walking Tours - Tu gu\u00eda profesional","og_description":"Die Wanderung durch den Naturpark Anaga besticht durch ihre botanischen und landschaftlichen Reize. Die Wanderung f\u00fchrt uns von einem der Gipfel des Anaga-Gebirges zu einem seiner emblematischsten und typischsten Bergd\u00f6rfer. Unsere Wanderung startet am Pico del Ingl\u00e9s, der mit einer H\u00f6he von 979 Metern das Dach des Anaga-Gebirges bildet. Das Anaga-Gebirge ist ein Naturschutzgebiet und [&hellip;]","og_url":"https:\/\/sergiowalkingtours.com\/de\/producto\/malerische-route-durch-anaga\/","og_site_name":"Sergio Walking Tours - Tu gu\u00eda profesional","article_modified_time":"2025-01-01T22:25:16+00:00","og_image":[{"width":1024,"height":768,"url":"https:\/\/sergiowalkingtours.com\/wp-content\/uploads\/2023\/07\/portada.jpg","type":"image\/jpeg"}],"twitter_card":"summary_large_image","twitter_misc":{"Gesch\u00e4tzte Lesezeit":"2\u00a0Minuten"},"schema":{"@context":"https:\/\/schema.org","@graph":[{"@type":"WebPage","@id":"https:\/\/sergiowalkingtours.com\/de\/producto\/malerische-route-durch-anaga\/","url":"https:\/\/sergiowalkingtours.com\/de\/producto\/malerische-route-durch-anaga\/","name":"Malerische Route Anaga - Sergio Walking Tours - Tu gu\u00eda profesional","isPartOf":{"@id":"https:\/\/sergiowalkingtours.com\/de\/#website"},"primaryImageOfPage":{"@id":"https:\/\/sergiowalkingtours.com\/de\/producto\/malerische-route-durch-anaga\/#primaryimage"},"image":{"@id":"https:\/\/sergiowalkingtours.com\/de\/producto\/malerische-route-durch-anaga\/#primaryimage"},"thumbnailUrl":"https:\/\/sergiowalkingtours.com\/wp-content\/uploads\/2023\/07\/portada.jpg","datePublished":"2023-08-03T10:38:23+00:00","dateModified":"2025-01-01T22:25:16+00:00","breadcrumb":{"@id":"https:\/\/sergiowalkingtours.com\/de\/producto\/malerische-route-durch-anaga\/#breadcrumb"},"inLanguage":"de","potentialAction":[{"@type":"ReadAction","target":["https:\/\/sergiowalkingtours.com\/de\/producto\/malerische-route-durch-anaga\/"]}]},{"@type":"ImageObject","inLanguage":"de","@id":"https:\/\/sergiowalkingtours.com\/de\/producto\/malerische-route-durch-anaga\/#primaryimage","url":"https:\/\/sergiowalkingtours.com\/wp-content\/uploads\/2023\/07\/portada.jpg","contentUrl":"https:\/\/sergiowalkingtours.com\/wp-content\/uploads\/2023\/07\/portada.jpg","width":1024,"height":768,"caption":"Portada Excursi\u00f3n_en_Grupo_Reserva_de_La_Biosfera_de_Anaga"},{"@type":"BreadcrumbList","@id":"https:\/\/sergiowalkingtours.com\/de\/producto\/malerische-route-durch-anaga\/#breadcrumb","itemListElement":[{"@type":"ListItem","position":1,"name":"Home","item":"https:\/\/sergiowalkingtours.com\/de\/"},{"@type":"ListItem","position":2,"name":"Shop","item":"https:\/\/sergiowalkingtours.com\/de\/shop\/"},{"@type":"ListItem","position":3,"name":"Malerische Route Anaga"}]},{"@type":"WebSite","@id":"https:\/\/sergiowalkingtours.com\/de\/#website","url":"https:\/\/sergiowalkingtours.com\/de\/","name":"Sergio Walking Tours - Tu gu\u00eda profesional","description":"See Tenerife through the eyes of a local","potentialAction":[{"@type":"SearchAction","target":{"@type":"EntryPoint","urlTemplate":"https:\/\/sergiowalkingtours.com\/de\/?s={search_term_string}"},"query-input":{"@type":"PropertyValueSpecification","valueRequired":true,"valueName":"search_term_string"}}],"inLanguage":"de"}]}},"_links":{"self":[{"href":"https:\/\/sergiowalkingtours.com\/de\/wp-json\/wp\/v2\/product\/2283","targetHints":{"allow":["GET"]}}],"collection":[{"href":"https:\/\/sergiowalkingtours.com\/de\/wp-json\/wp\/v2\/product"}],"about":[{"href":"https:\/\/sergiowalkingtours.com\/de\/wp-json\/wp\/v2\/types\/product"}],"wp:featuredmedia":[{"embeddable":true,"href":"https:\/\/sergiowalkingtours.com\/de\/wp-json\/wp\/v2\/media\/2896"}],"wp:attachment":[{"href":"https:\/\/sergiowalkingtours.com\/de\/wp-json\/wp\/v2\/media?parent=2283"}],"wp:term":[{"taxonomy":"product_brand","embeddable":true,"href":"https:\/\/sergiowalkingtours.com\/de\/wp-json\/wp\/v2\/product_brand?post=2283"},{"taxonomy":"product_cat","embeddable":true,"href":"https:\/\/sergiowalkingtours.com\/de\/wp-json\/wp\/v2\/product_cat?post=2283"},{"taxonomy":"product_tag","embeddable":true,"href":"https:\/\/sergiowalkingtours.com\/de\/wp-json\/wp\/v2\/product_tag?post=2283"}],"curies":[{"name":"wp","href":"https:\/\/api.w.org\/{rel}","templated":true}]}}