{"id":2281,"date":"2023-07-24T10:21:14","date_gmt":"2023-07-24T10:21:14","guid":{"rendered":"https:\/\/walkingtours.e2w.es\/producto\/das-biosphaerenreservat-anaga\/"},"modified":"2025-12-25T09:19:38","modified_gmt":"2025-12-25T09:19:38","slug":"anaga-biosphaerenreservat","status":"publish","type":"product","link":"https:\/\/sergiowalkingtours.com\/de\/producto\/anaga-biosphaerenreservat\/","title":{"rendered":"Anaga Biosph\u00e4renreservat"},"content":{"rendered":"<p>Die Anfahrt zum Anaga-Naturpark erfolgt mit dem \u00f6ffentlichen Bus ab La Laguna. Unsere Wanderung startet an einem Aussichtspunkt mit spektakul\u00e4rem Blick auf die historische Kolonialstadt und den imposanten Teide im Hintergrund. Vor uns erstreckt sich das beeindruckende Biosph\u00e4renreservat, das von der UNESCO zum Weltnaturerbe erkl\u00e4rt wurde. Die Landschaft ist gepr\u00e4gt von schroffen Felsklippen, tiefen Schluchten und einsamen Weilern. Wir erleben den Zauber und den nat\u00fcrlichen Charme der kanarischen Lorbeerw\u00e4lder, ein &#8222;lebendes Fossil&#8220; aus dem Terti\u00e4r, mit allen Sinnen. Im Rahmen der Wanderung er\u00f6ffnen sich interessante Einblicke in die \u00fcppige, endemische Flora und Fauna sowie die geologische Vergangenheit dieses alten Teils von Teneriffa. In einem typischen Bergdorf zwischen zwei Schluchten besteht die M\u00f6glichkeit, leckere Tapas und Wein aus der Region zu probieren (nicht im Preis inbegriffen), w\u00e4hrend wir auf den Bus warten, der uns zur\u00fcck nach La Laguna bringt. Entdecke dieses erstaunliche Naturparadies mit seiner gro\u00dfen Artenvielfalt zusammen mit deinem ortskundigen F\u00fchrer. <strong>Bitte festes Schuhwerk, Regenjacke, Kopfbedeckung, Sonnenschutz und ausreichend zu trinken mitbringen.<\/strong><\/p>\n<p><strong>Die Wanderung ist f\u00fcr Kinder ab 12 Jahren geeignet. Minderj\u00e4hrige m\u00fcssen von einem Erwachsenen begleitet werden.<\/strong><\/p>\n<p><strong>F\u00fcr die Wanderung ist eine Mindestteilnehmerzahl von 3 Personen erforderlich. Sollte die Mindestteilnehmerzahl nicht erreicht werden, k\u00f6nnen die bereits gebuchten Teilnehmer den Restbetrag f\u00fcr die Durchf\u00fchrung der Wanderung bezahlen, andernfalls wird die Wanderung abgesagt und die Buchungsgeb\u00fchr in voller H\u00f6he zur\u00fcckerstattet.<\/strong><\/p>\n","protected":false},"excerpt":{"rendered":"<p>Die Anfahrt zum Anaga-Naturpark erfolgt mit dem \u00f6ffentlichen Bus ab La Laguna. Unsere Wanderung startet an einem Aussichtspunkt mit spektakul\u00e4rem Blick auf die historische Kolonialstadt und den imposanten Teide im Hintergrund. Vor uns erstreckt sich das beeindruckende Biosph\u00e4renreservat, das von der UNESCO zum Weltnaturerbe erkl\u00e4rt wurde. Die Landschaft ist gepr\u00e4gt von schroffen Felsklippen, tiefen Schluchten [&hellip;]<\/p>\n","protected":false},"featured_media":1717,"template":"","meta":{"_acf_changed":false,"_et_pb_use_builder":"","_et_pb_old_content":"","_et_gb_content_width":""},"product_brand":[],"product_cat":[75],"product_tag":[],"class_list":{"0":"post-2281","1":"product","2":"type-product","3":"status-publish","4":"has-post-thumbnail","6":"product_cat-gruppenausfluge","8":"first","9":"instock","10":"shipping-taxable","11":"purchasable","12":"product-type-phive_booking"},"acf":[],"yoast_head":"<!-- This site is optimized with the Yoast SEO plugin v27.5 - https:\/\/yoast.com\/product\/yoast-seo-wordpress\/ -->\n<title>Anaga Biosph\u00e4renreservat - Sergio Walking Tours - Tu gu\u00eda profesional<\/title>\n<meta name=\"robots\" content=\"index, follow, max-snippet:-1, max-image-preview:large, max-video-preview:-1\" \/>\n<link rel=\"canonical\" href=\"https:\/\/sergiowalkingtours.com\/de\/producto\/anaga-biosphaerenreservat\/\" \/>\n<meta property=\"og:locale\" content=\"de_DE\" \/>\n<meta property=\"og:type\" content=\"article\" \/>\n<meta property=\"og:title\" content=\"Anaga Biosph\u00e4renreservat - Sergio Walking Tours - Tu gu\u00eda profesional\" \/>\n<meta property=\"og:description\" content=\"Die Anfahrt zum Anaga-Naturpark erfolgt mit dem \u00f6ffentlichen Bus ab La Laguna. Unsere Wanderung startet an einem Aussichtspunkt mit spektakul\u00e4rem Blick auf die historische Kolonialstadt und den imposanten Teide im Hintergrund. Vor uns erstreckt sich das beeindruckende Biosph\u00e4renreservat, das von der UNESCO zum Weltnaturerbe erkl\u00e4rt wurde. Die Landschaft ist gepr\u00e4gt von schroffen Felsklippen, tiefen Schluchten [&hellip;]\" \/>\n<meta property=\"og:url\" content=\"https:\/\/sergiowalkingtours.com\/de\/producto\/anaga-biosphaerenreservat\/\" \/>\n<meta property=\"og:site_name\" content=\"Sergio Walking Tours - Tu gu\u00eda profesional\" \/>\n<meta property=\"article:modified_time\" content=\"2025-12-25T09:19:38+00:00\" \/>\n<meta property=\"og:image\" content=\"https:\/\/sergiowalkingtours.com\/wp-content\/uploads\/2023\/08\/0-IMG_20191221_130543.jpg\" \/>\n\t<meta property=\"og:image:width\" content=\"1024\" \/>\n\t<meta property=\"og:image:height\" content=\"768\" \/>\n\t<meta property=\"og:image:type\" content=\"image\/jpeg\" \/>\n<meta name=\"twitter:card\" content=\"summary_large_image\" \/>\n<meta name=\"twitter:label1\" content=\"Gesch\u00e4tzte Lesezeit\" \/>\n\t<meta name=\"twitter:data1\" content=\"2\u00a0Minuten\" \/>\n<script type=\"application\/ld+json\" class=\"yoast-schema-graph\">{\"@context\":\"https:\\\/\\\/schema.org\",\"@graph\":[{\"@type\":\"WebPage\",\"@id\":\"https:\\\/\\\/sergiowalkingtours.com\\\/de\\\/producto\\\/anaga-biosphaerenreservat\\\/\",\"url\":\"https:\\\/\\\/sergiowalkingtours.com\\\/de\\\/producto\\\/anaga-biosphaerenreservat\\\/\",\"name\":\"Anaga Biosph\u00e4renreservat - Sergio Walking Tours - Tu gu\u00eda profesional\",\"isPartOf\":{\"@id\":\"https:\\\/\\\/sergiowalkingtours.com\\\/de\\\/#website\"},\"primaryImageOfPage\":{\"@id\":\"https:\\\/\\\/sergiowalkingtours.com\\\/de\\\/producto\\\/anaga-biosphaerenreservat\\\/#primaryimage\"},\"image\":{\"@id\":\"https:\\\/\\\/sergiowalkingtours.com\\\/de\\\/producto\\\/anaga-biosphaerenreservat\\\/#primaryimage\"},\"thumbnailUrl\":\"https:\\\/\\\/sergiowalkingtours.com\\\/wp-content\\\/uploads\\\/2023\\\/08\\\/0-IMG_20191221_130543.jpg\",\"datePublished\":\"2023-07-24T10:21:14+00:00\",\"dateModified\":\"2025-12-25T09:19:38+00:00\",\"breadcrumb\":{\"@id\":\"https:\\\/\\\/sergiowalkingtours.com\\\/de\\\/producto\\\/anaga-biosphaerenreservat\\\/#breadcrumb\"},\"inLanguage\":\"de\",\"potentialAction\":[{\"@type\":\"ReadAction\",\"target\":[\"https:\\\/\\\/sergiowalkingtours.com\\\/de\\\/producto\\\/anaga-biosphaerenreservat\\\/\"]}]},{\"@type\":\"ImageObject\",\"inLanguage\":\"de\",\"@id\":\"https:\\\/\\\/sergiowalkingtours.com\\\/de\\\/producto\\\/anaga-biosphaerenreservat\\\/#primaryimage\",\"url\":\"https:\\\/\\\/sergiowalkingtours.com\\\/wp-content\\\/uploads\\\/2023\\\/08\\\/0-IMG_20191221_130543.jpg\",\"contentUrl\":\"https:\\\/\\\/sergiowalkingtours.com\\\/wp-content\\\/uploads\\\/2023\\\/08\\\/0-IMG_20191221_130543.jpg\",\"width\":1024,\"height\":768,\"caption\":\"Foto del Roque de Taborno; Reserva de La Biosfera de Anaga\"},{\"@type\":\"BreadcrumbList\",\"@id\":\"https:\\\/\\\/sergiowalkingtours.com\\\/de\\\/producto\\\/anaga-biosphaerenreservat\\\/#breadcrumb\",\"itemListElement\":[{\"@type\":\"ListItem\",\"position\":1,\"name\":\"Home\",\"item\":\"https:\\\/\\\/sergiowalkingtours.com\\\/de\\\/\"},{\"@type\":\"ListItem\",\"position\":2,\"name\":\"Shop\",\"item\":\"https:\\\/\\\/sergiowalkingtours.com\\\/de\\\/shop\\\/\"},{\"@type\":\"ListItem\",\"position\":3,\"name\":\"Anaga Biosph\u00e4renreservat\"}]},{\"@type\":\"WebSite\",\"@id\":\"https:\\\/\\\/sergiowalkingtours.com\\\/de\\\/#website\",\"url\":\"https:\\\/\\\/sergiowalkingtours.com\\\/de\\\/\",\"name\":\"Sergio Walking Tours - Tu gu\u00eda profesional\",\"description\":\"See Tenerife through the eyes of a local\",\"potentialAction\":[{\"@type\":\"SearchAction\",\"target\":{\"@type\":\"EntryPoint\",\"urlTemplate\":\"https:\\\/\\\/sergiowalkingtours.com\\\/de\\\/?s={search_term_string}\"},\"query-input\":{\"@type\":\"PropertyValueSpecification\",\"valueRequired\":true,\"valueName\":\"search_term_string\"}}],\"inLanguage\":\"de\"}]}<\/script>\n<!-- \/ Yoast SEO plugin. -->","yoast_head_json":{"title":"Anaga Biosph\u00e4renreservat - Sergio Walking Tours - Tu gu\u00eda profesional","robots":{"index":"index","follow":"follow","max-snippet":"max-snippet:-1","max-image-preview":"max-image-preview:large","max-video-preview":"max-video-preview:-1"},"canonical":"https:\/\/sergiowalkingtours.com\/de\/producto\/anaga-biosphaerenreservat\/","og_locale":"de_DE","og_type":"article","og_title":"Anaga Biosph\u00e4renreservat - Sergio Walking Tours - Tu gu\u00eda profesional","og_description":"Die Anfahrt zum Anaga-Naturpark erfolgt mit dem \u00f6ffentlichen Bus ab La Laguna. Unsere Wanderung startet an einem Aussichtspunkt mit spektakul\u00e4rem Blick auf die historische Kolonialstadt und den imposanten Teide im Hintergrund. Vor uns erstreckt sich das beeindruckende Biosph\u00e4renreservat, das von der UNESCO zum Weltnaturerbe erkl\u00e4rt wurde. Die Landschaft ist gepr\u00e4gt von schroffen Felsklippen, tiefen Schluchten [&hellip;]","og_url":"https:\/\/sergiowalkingtours.com\/de\/producto\/anaga-biosphaerenreservat\/","og_site_name":"Sergio Walking Tours - Tu gu\u00eda profesional","article_modified_time":"2025-12-25T09:19:38+00:00","og_image":[{"width":1024,"height":768,"url":"https:\/\/sergiowalkingtours.com\/wp-content\/uploads\/2023\/08\/0-IMG_20191221_130543.jpg","type":"image\/jpeg"}],"twitter_card":"summary_large_image","twitter_misc":{"Gesch\u00e4tzte Lesezeit":"2\u00a0Minuten"},"schema":{"@context":"https:\/\/schema.org","@graph":[{"@type":"WebPage","@id":"https:\/\/sergiowalkingtours.com\/de\/producto\/anaga-biosphaerenreservat\/","url":"https:\/\/sergiowalkingtours.com\/de\/producto\/anaga-biosphaerenreservat\/","name":"Anaga Biosph\u00e4renreservat - Sergio Walking Tours - Tu gu\u00eda profesional","isPartOf":{"@id":"https:\/\/sergiowalkingtours.com\/de\/#website"},"primaryImageOfPage":{"@id":"https:\/\/sergiowalkingtours.com\/de\/producto\/anaga-biosphaerenreservat\/#primaryimage"},"image":{"@id":"https:\/\/sergiowalkingtours.com\/de\/producto\/anaga-biosphaerenreservat\/#primaryimage"},"thumbnailUrl":"https:\/\/sergiowalkingtours.com\/wp-content\/uploads\/2023\/08\/0-IMG_20191221_130543.jpg","datePublished":"2023-07-24T10:21:14+00:00","dateModified":"2025-12-25T09:19:38+00:00","breadcrumb":{"@id":"https:\/\/sergiowalkingtours.com\/de\/producto\/anaga-biosphaerenreservat\/#breadcrumb"},"inLanguage":"de","potentialAction":[{"@type":"ReadAction","target":["https:\/\/sergiowalkingtours.com\/de\/producto\/anaga-biosphaerenreservat\/"]}]},{"@type":"ImageObject","inLanguage":"de","@id":"https:\/\/sergiowalkingtours.com\/de\/producto\/anaga-biosphaerenreservat\/#primaryimage","url":"https:\/\/sergiowalkingtours.com\/wp-content\/uploads\/2023\/08\/0-IMG_20191221_130543.jpg","contentUrl":"https:\/\/sergiowalkingtours.com\/wp-content\/uploads\/2023\/08\/0-IMG_20191221_130543.jpg","width":1024,"height":768,"caption":"Foto del Roque de Taborno; Reserva de La Biosfera de Anaga"},{"@type":"BreadcrumbList","@id":"https:\/\/sergiowalkingtours.com\/de\/producto\/anaga-biosphaerenreservat\/#breadcrumb","itemListElement":[{"@type":"ListItem","position":1,"name":"Home","item":"https:\/\/sergiowalkingtours.com\/de\/"},{"@type":"ListItem","position":2,"name":"Shop","item":"https:\/\/sergiowalkingtours.com\/de\/shop\/"},{"@type":"ListItem","position":3,"name":"Anaga Biosph\u00e4renreservat"}]},{"@type":"WebSite","@id":"https:\/\/sergiowalkingtours.com\/de\/#website","url":"https:\/\/sergiowalkingtours.com\/de\/","name":"Sergio Walking Tours - Tu gu\u00eda profesional","description":"See Tenerife through the eyes of a local","potentialAction":[{"@type":"SearchAction","target":{"@type":"EntryPoint","urlTemplate":"https:\/\/sergiowalkingtours.com\/de\/?s={search_term_string}"},"query-input":{"@type":"PropertyValueSpecification","valueRequired":true,"valueName":"search_term_string"}}],"inLanguage":"de"}]}},"_links":{"self":[{"href":"https:\/\/sergiowalkingtours.com\/de\/wp-json\/wp\/v2\/product\/2281","targetHints":{"allow":["GET"]}}],"collection":[{"href":"https:\/\/sergiowalkingtours.com\/de\/wp-json\/wp\/v2\/product"}],"about":[{"href":"https:\/\/sergiowalkingtours.com\/de\/wp-json\/wp\/v2\/types\/product"}],"wp:featuredmedia":[{"embeddable":true,"href":"https:\/\/sergiowalkingtours.com\/de\/wp-json\/wp\/v2\/media\/1717"}],"wp:attachment":[{"href":"https:\/\/sergiowalkingtours.com\/de\/wp-json\/wp\/v2\/media?parent=2281"}],"wp:term":[{"taxonomy":"product_brand","embeddable":true,"href":"https:\/\/sergiowalkingtours.com\/de\/wp-json\/wp\/v2\/product_brand?post=2281"},{"taxonomy":"product_cat","embeddable":true,"href":"https:\/\/sergiowalkingtours.com\/de\/wp-json\/wp\/v2\/product_cat?post=2281"},{"taxonomy":"product_tag","embeddable":true,"href":"https:\/\/sergiowalkingtours.com\/de\/wp-json\/wp\/v2\/product_tag?post=2281"}],"curies":[{"name":"wp","href":"https:\/\/api.w.org\/{rel}","templated":true}]}}