{"id":2279,"date":"2023-07-24T10:18:37","date_gmt":"2023-07-24T10:18:37","guid":{"rendered":"https:\/\/walkingtours.e2w.es\/producto\/wanderabenteuer-im-teno-gebirge\/"},"modified":"2025-03-03T17:15:43","modified_gmt":"2025-03-03T17:15:43","slug":"wandererlebnis-teno-gebirge","status":"publish","type":"product","link":"https:\/\/sergiowalkingtours.com\/de\/producto\/wandererlebnis-teno-gebirge\/","title":{"rendered":"Wandererlebnis Teno-Gebirge"},"content":{"rendered":"<p>Unsere Wanderung auf \u00fcber 1000 Metern H\u00f6he f\u00fchrt uns \u00fcber einen spektakul\u00e4ren Bergweg durch den Naturpark Teno. Dabei \u00fcberqueren wir mehrere Gipfel. Von hier aus er\u00f6ffnet sich uns ein beeindruckender Panoramablick auf die T\u00e4ler von Masca und El Palmar. Bei guter Sicht sind sogar die Gipfel der Vulkane Teide und Pico Viejo sowie die Nachbarinseln La Palma und La Gomera zu sehen. Der Wanderweg besticht durch seine \u00fcppige subtropische Lorbeervegetation und dient einheimischen V\u00f6geln als R\u00fcckzugsgebiet. Auf unserer Wanderung erhalten wir die M\u00f6glichkeit, mehr \u00fcber die Lebensweise der Bewohner dieser malerischen Vulkanberge zu erfahren und Ziegenhirten bei ihrer Arbeit zuzusehen. Wir durchwandern eine atemberaubende Naturlandschaft mit Canyons, Vulkankuppeln und verschiedenen Felsformationen und genie\u00dfen dabei die Aussicht auf den Atlantischen Ozean. Nach einer Picknickpause f\u00fchrt die Wanderung durch einen Wald mit uralten Heideb\u00e4umen zu einem typischen Weiler, wo du eine Tasse Kaffee oder ein Glas Wein aus der Region probieren kannst (nicht im Preis inbegriffen). Die herzliche Atmosph\u00e4re der Kanarier, die ihre alten kulturellen Traditionen bewahrt haben, ist hier sp\u00fcrbar. Im Anschluss erfolgt die R\u00fcckkehr auf den Weg, der durch \u00fcppig bewachsene Schluchten f\u00fchrt. Die Wanderung wird begleitet von Vogelgezwitscher und einer F\u00fclle tropischer Blumen. Der malerische Abstieg f\u00fchrt uns in das gr\u00fcne Tal, wo wir dieses unvergessliche Abenteuer durch einen der sch\u00f6nsten l\u00e4ndlichen Parks der Kanarischen Inseln beenden werden. <strong>Bitte festes Schuhwerk, Regenjacke, Kopfbedeckung, Sonnenschutz und ausreichend zu trinken mitbringen.<\/strong><\/p>\n<p><strong>Die Wanderung ist f\u00fcr Kinder ab 12 Jahren geeignet. Minderj\u00e4hrige m\u00fcssen von einem Erwachsenen begleitet werden.<\/strong><\/p>\n<p><strong>F\u00fcr die Wanderung ist eine Mindestteilnehmerzahl von 3 Personen erforderlich. Sollte die Mindestteilnehmerzahl nicht erreicht werden, k\u00f6nnen die bereits gebuchten Teilnehmer den Restbetrag f\u00fcr die Durchf\u00fchrung der Wanderung bezahlen, andernfalls wird die Wanderung abgesagt und die Buchungsgeb\u00fchr in voller H\u00f6he zur\u00fcckerstattet.<\/strong><\/p>\n","protected":false},"excerpt":{"rendered":"<p>Unsere Wanderung auf \u00fcber 1000 Metern H\u00f6he f\u00fchrt uns \u00fcber einen spektakul\u00e4ren Bergweg durch den Naturpark Teno. Dabei \u00fcberqueren wir mehrere Gipfel. Von hier aus er\u00f6ffnet sich uns ein beeindruckender Panoramablick auf die T\u00e4ler von Masca und El Palmar. Bei guter Sicht sind sogar die Gipfel der Vulkane Teide und Pico Viejo sowie die Nachbarinseln [&hellip;]<\/p>\n","protected":false},"featured_media":2840,"template":"","meta":{"_acf_changed":false,"_et_pb_use_builder":"","_et_pb_old_content":"","_et_gb_content_width":""},"product_brand":[],"product_cat":[75],"product_tag":[],"class_list":{"0":"post-2279","1":"product","2":"type-product","3":"status-publish","4":"has-post-thumbnail","6":"product_cat-gruppenausfluge","8":"first","9":"instock","10":"shipping-taxable","11":"purchasable","12":"product-type-phive_booking"},"acf":[],"yoast_head":"<!-- This site is optimized with the Yoast SEO plugin v27.3 - https:\/\/yoast.com\/product\/yoast-seo-wordpress\/ -->\n<title>Wandererlebnis Teno-Gebirge - Sergio Walking Tours - Tu gu\u00eda profesional<\/title>\n<meta name=\"robots\" content=\"index, follow, max-snippet:-1, max-image-preview:large, max-video-preview:-1\" \/>\n<link rel=\"canonical\" href=\"https:\/\/sergiowalkingtours.com\/de\/producto\/wandererlebnis-teno-gebirge\/\" \/>\n<meta property=\"og:locale\" content=\"de_DE\" \/>\n<meta property=\"og:type\" content=\"article\" \/>\n<meta property=\"og:title\" content=\"Wandererlebnis Teno-Gebirge - Sergio Walking Tours - Tu gu\u00eda profesional\" \/>\n<meta property=\"og:description\" content=\"Unsere Wanderung auf \u00fcber 1000 Metern H\u00f6he f\u00fchrt uns \u00fcber einen spektakul\u00e4ren Bergweg durch den Naturpark Teno. Dabei \u00fcberqueren wir mehrere Gipfel. Von hier aus er\u00f6ffnet sich uns ein beeindruckender Panoramablick auf die T\u00e4ler von Masca und El Palmar. Bei guter Sicht sind sogar die Gipfel der Vulkane Teide und Pico Viejo sowie die Nachbarinseln [&hellip;]\" \/>\n<meta property=\"og:url\" content=\"https:\/\/sergiowalkingtours.com\/de\/producto\/wandererlebnis-teno-gebirge\/\" \/>\n<meta property=\"og:site_name\" content=\"Sergio Walking Tours - Tu gu\u00eda profesional\" \/>\n<meta property=\"article:modified_time\" content=\"2025-03-03T17:15:43+00:00\" \/>\n<meta property=\"og:image\" content=\"https:\/\/sergiowalkingtours.com\/wp-content\/uploads\/2023\/07\/00_Foto_Portada_Exc.-en_Grupo-Ruta-panoramica_en_-el_-Parque_de_Teno.jpeg\" \/>\n\t<meta property=\"og:image:width\" content=\"1024\" \/>\n\t<meta property=\"og:image:height\" content=\"768\" \/>\n\t<meta property=\"og:image:type\" content=\"image\/jpeg\" \/>\n<meta name=\"twitter:card\" content=\"summary_large_image\" \/>\n<meta name=\"twitter:label1\" content=\"Gesch\u00e4tzte Lesezeit\" \/>\n\t<meta name=\"twitter:data1\" content=\"2\u00a0Minuten\" \/>\n<script type=\"application\/ld+json\" class=\"yoast-schema-graph\">{\"@context\":\"https:\\\/\\\/schema.org\",\"@graph\":[{\"@type\":\"WebPage\",\"@id\":\"https:\\\/\\\/sergiowalkingtours.com\\\/de\\\/producto\\\/wandererlebnis-teno-gebirge\\\/\",\"url\":\"https:\\\/\\\/sergiowalkingtours.com\\\/de\\\/producto\\\/wandererlebnis-teno-gebirge\\\/\",\"name\":\"Wandererlebnis Teno-Gebirge - Sergio Walking Tours - Tu gu\u00eda profesional\",\"isPartOf\":{\"@id\":\"https:\\\/\\\/sergiowalkingtours.com\\\/de\\\/#website\"},\"primaryImageOfPage\":{\"@id\":\"https:\\\/\\\/sergiowalkingtours.com\\\/de\\\/producto\\\/wandererlebnis-teno-gebirge\\\/#primaryimage\"},\"image\":{\"@id\":\"https:\\\/\\\/sergiowalkingtours.com\\\/de\\\/producto\\\/wandererlebnis-teno-gebirge\\\/#primaryimage\"},\"thumbnailUrl\":\"https:\\\/\\\/sergiowalkingtours.com\\\/wp-content\\\/uploads\\\/2023\\\/07\\\/00_Foto_Portada_Exc.-en_Grupo-Ruta-panoramica_en_-el_-Parque_de_Teno.jpeg\",\"datePublished\":\"2023-07-24T10:18:37+00:00\",\"dateModified\":\"2025-03-03T17:15:43+00:00\",\"breadcrumb\":{\"@id\":\"https:\\\/\\\/sergiowalkingtours.com\\\/de\\\/producto\\\/wandererlebnis-teno-gebirge\\\/#breadcrumb\"},\"inLanguage\":\"de\",\"potentialAction\":[{\"@type\":\"ReadAction\",\"target\":[\"https:\\\/\\\/sergiowalkingtours.com\\\/de\\\/producto\\\/wandererlebnis-teno-gebirge\\\/\"]}]},{\"@type\":\"ImageObject\",\"inLanguage\":\"de\",\"@id\":\"https:\\\/\\\/sergiowalkingtours.com\\\/de\\\/producto\\\/wandererlebnis-teno-gebirge\\\/#primaryimage\",\"url\":\"https:\\\/\\\/sergiowalkingtours.com\\\/wp-content\\\/uploads\\\/2023\\\/07\\\/00_Foto_Portada_Exc.-en_Grupo-Ruta-panoramica_en_-el_-Parque_de_Teno.jpeg\",\"contentUrl\":\"https:\\\/\\\/sergiowalkingtours.com\\\/wp-content\\\/uploads\\\/2023\\\/07\\\/00_Foto_Portada_Exc.-en_Grupo-Ruta-panoramica_en_-el_-Parque_de_Teno.jpeg\",\"width\":1024,\"height\":768},{\"@type\":\"BreadcrumbList\",\"@id\":\"https:\\\/\\\/sergiowalkingtours.com\\\/de\\\/producto\\\/wandererlebnis-teno-gebirge\\\/#breadcrumb\",\"itemListElement\":[{\"@type\":\"ListItem\",\"position\":1,\"name\":\"Home\",\"item\":\"https:\\\/\\\/sergiowalkingtours.com\\\/de\\\/\"},{\"@type\":\"ListItem\",\"position\":2,\"name\":\"Shop\",\"item\":\"https:\\\/\\\/sergiowalkingtours.com\\\/de\\\/shop\\\/\"},{\"@type\":\"ListItem\",\"position\":3,\"name\":\"Wandererlebnis Teno-Gebirge\"}]},{\"@type\":\"WebSite\",\"@id\":\"https:\\\/\\\/sergiowalkingtours.com\\\/de\\\/#website\",\"url\":\"https:\\\/\\\/sergiowalkingtours.com\\\/de\\\/\",\"name\":\"Sergio Walking Tours - Tu gu\u00eda profesional\",\"description\":\"See Tenerife through the eyes of a local\",\"potentialAction\":[{\"@type\":\"SearchAction\",\"target\":{\"@type\":\"EntryPoint\",\"urlTemplate\":\"https:\\\/\\\/sergiowalkingtours.com\\\/de\\\/?s={search_term_string}\"},\"query-input\":{\"@type\":\"PropertyValueSpecification\",\"valueRequired\":true,\"valueName\":\"search_term_string\"}}],\"inLanguage\":\"de\"}]}<\/script>\n<!-- \/ Yoast SEO plugin. -->","yoast_head_json":{"title":"Wandererlebnis Teno-Gebirge - Sergio Walking Tours - Tu gu\u00eda profesional","robots":{"index":"index","follow":"follow","max-snippet":"max-snippet:-1","max-image-preview":"max-image-preview:large","max-video-preview":"max-video-preview:-1"},"canonical":"https:\/\/sergiowalkingtours.com\/de\/producto\/wandererlebnis-teno-gebirge\/","og_locale":"de_DE","og_type":"article","og_title":"Wandererlebnis Teno-Gebirge - Sergio Walking Tours - Tu gu\u00eda profesional","og_description":"Unsere Wanderung auf \u00fcber 1000 Metern H\u00f6he f\u00fchrt uns \u00fcber einen spektakul\u00e4ren Bergweg durch den Naturpark Teno. Dabei \u00fcberqueren wir mehrere Gipfel. Von hier aus er\u00f6ffnet sich uns ein beeindruckender Panoramablick auf die T\u00e4ler von Masca und El Palmar. Bei guter Sicht sind sogar die Gipfel der Vulkane Teide und Pico Viejo sowie die Nachbarinseln [&hellip;]","og_url":"https:\/\/sergiowalkingtours.com\/de\/producto\/wandererlebnis-teno-gebirge\/","og_site_name":"Sergio Walking Tours - Tu gu\u00eda profesional","article_modified_time":"2025-03-03T17:15:43+00:00","og_image":[{"width":1024,"height":768,"url":"https:\/\/sergiowalkingtours.com\/wp-content\/uploads\/2023\/07\/00_Foto_Portada_Exc.-en_Grupo-Ruta-panoramica_en_-el_-Parque_de_Teno.jpeg","type":"image\/jpeg"}],"twitter_card":"summary_large_image","twitter_misc":{"Gesch\u00e4tzte Lesezeit":"2\u00a0Minuten"},"schema":{"@context":"https:\/\/schema.org","@graph":[{"@type":"WebPage","@id":"https:\/\/sergiowalkingtours.com\/de\/producto\/wandererlebnis-teno-gebirge\/","url":"https:\/\/sergiowalkingtours.com\/de\/producto\/wandererlebnis-teno-gebirge\/","name":"Wandererlebnis Teno-Gebirge - Sergio Walking Tours - Tu gu\u00eda profesional","isPartOf":{"@id":"https:\/\/sergiowalkingtours.com\/de\/#website"},"primaryImageOfPage":{"@id":"https:\/\/sergiowalkingtours.com\/de\/producto\/wandererlebnis-teno-gebirge\/#primaryimage"},"image":{"@id":"https:\/\/sergiowalkingtours.com\/de\/producto\/wandererlebnis-teno-gebirge\/#primaryimage"},"thumbnailUrl":"https:\/\/sergiowalkingtours.com\/wp-content\/uploads\/2023\/07\/00_Foto_Portada_Exc.-en_Grupo-Ruta-panoramica_en_-el_-Parque_de_Teno.jpeg","datePublished":"2023-07-24T10:18:37+00:00","dateModified":"2025-03-03T17:15:43+00:00","breadcrumb":{"@id":"https:\/\/sergiowalkingtours.com\/de\/producto\/wandererlebnis-teno-gebirge\/#breadcrumb"},"inLanguage":"de","potentialAction":[{"@type":"ReadAction","target":["https:\/\/sergiowalkingtours.com\/de\/producto\/wandererlebnis-teno-gebirge\/"]}]},{"@type":"ImageObject","inLanguage":"de","@id":"https:\/\/sergiowalkingtours.com\/de\/producto\/wandererlebnis-teno-gebirge\/#primaryimage","url":"https:\/\/sergiowalkingtours.com\/wp-content\/uploads\/2023\/07\/00_Foto_Portada_Exc.-en_Grupo-Ruta-panoramica_en_-el_-Parque_de_Teno.jpeg","contentUrl":"https:\/\/sergiowalkingtours.com\/wp-content\/uploads\/2023\/07\/00_Foto_Portada_Exc.-en_Grupo-Ruta-panoramica_en_-el_-Parque_de_Teno.jpeg","width":1024,"height":768},{"@type":"BreadcrumbList","@id":"https:\/\/sergiowalkingtours.com\/de\/producto\/wandererlebnis-teno-gebirge\/#breadcrumb","itemListElement":[{"@type":"ListItem","position":1,"name":"Home","item":"https:\/\/sergiowalkingtours.com\/de\/"},{"@type":"ListItem","position":2,"name":"Shop","item":"https:\/\/sergiowalkingtours.com\/de\/shop\/"},{"@type":"ListItem","position":3,"name":"Wandererlebnis Teno-Gebirge"}]},{"@type":"WebSite","@id":"https:\/\/sergiowalkingtours.com\/de\/#website","url":"https:\/\/sergiowalkingtours.com\/de\/","name":"Sergio Walking Tours - Tu gu\u00eda profesional","description":"See Tenerife through the eyes of a local","potentialAction":[{"@type":"SearchAction","target":{"@type":"EntryPoint","urlTemplate":"https:\/\/sergiowalkingtours.com\/de\/?s={search_term_string}"},"query-input":{"@type":"PropertyValueSpecification","valueRequired":true,"valueName":"search_term_string"}}],"inLanguage":"de"}]}},"_links":{"self":[{"href":"https:\/\/sergiowalkingtours.com\/de\/wp-json\/wp\/v2\/product\/2279","targetHints":{"allow":["GET"]}}],"collection":[{"href":"https:\/\/sergiowalkingtours.com\/de\/wp-json\/wp\/v2\/product"}],"about":[{"href":"https:\/\/sergiowalkingtours.com\/de\/wp-json\/wp\/v2\/types\/product"}],"wp:featuredmedia":[{"embeddable":true,"href":"https:\/\/sergiowalkingtours.com\/de\/wp-json\/wp\/v2\/media\/2840"}],"wp:attachment":[{"href":"https:\/\/sergiowalkingtours.com\/de\/wp-json\/wp\/v2\/media?parent=2279"}],"wp:term":[{"taxonomy":"product_brand","embeddable":true,"href":"https:\/\/sergiowalkingtours.com\/de\/wp-json\/wp\/v2\/product_brand?post=2279"},{"taxonomy":"product_cat","embeddable":true,"href":"https:\/\/sergiowalkingtours.com\/de\/wp-json\/wp\/v2\/product_cat?post=2279"},{"taxonomy":"product_tag","embeddable":true,"href":"https:\/\/sergiowalkingtours.com\/de\/wp-json\/wp\/v2\/product_tag?post=2279"}],"curies":[{"name":"wp","href":"https:\/\/api.w.org\/{rel}","templated":true}]}}