{"id":2275,"date":"2023-08-03T10:03:42","date_gmt":"2023-08-03T10:03:42","guid":{"rendered":"https:\/\/walkingtours.e2w.es\/producto\/wasserberg\/"},"modified":"2025-02-17T22:19:19","modified_gmt":"2025-02-17T22:19:19","slug":"immergruener-zauberwald","status":"publish","type":"product","link":"https:\/\/sergiowalkingtours.com\/de\/producto\/immergruener-zauberwald\/","title":{"rendered":"Monte del Agua"},"content":{"rendered":"<p>Zauberhafte Wanderung durch eine der reizvollsten und beeindruckendsten Gegenden Teneriffas. Der Monte del Agua oder Monteverde umfasst ein Feuchtwaldgebiet mit kanarischem Lorbeer, das von tiefen Schluchten und Galerien durchzogen ist, in denen das Wasser aus dem Inneren der Insel austritt. Das riesige \u00d6kosystem ist Heimat f\u00fcr Tiere und Pflanzen, die weltweit einzigartig sind. Wir werden Gelegenheit haben, eine Vielzahl an endemischen Pflanzen und Blumen zu bewundern, darunter Heidekraut und Riesenlorbeer. Auf dem Weg durch den Wald sind die Ges\u00e4nge von Amseln, Kanarienv\u00f6geln und Rotkehlchen zu vernehmen, begleitet vom Fl\u00fcgelschlag der Lorbeertauben. Im Verlauf der Wanderung passieren wir verlassene Bauernh\u00f6fe und alte K\u00f6nigswege, die von den Einheimischen fr\u00fcher genutzt wurden, um von der K\u00fcste in die Berge und umgekehrt zu gelangen. Die lebendige und farbenfrohe Natur \u00fcbt einen besonderen Reiz aus. Die Wanderung endet mit einer landschaftlichen \u00dcberraschung und dem Besuch eines typischen Restaurants, wo wir auf einen au\u00dfergew\u00f6hnlichen Tag in der Natur ansto\u00dfen k\u00f6nnen. <strong>Bitte festes Schuhwerk, Regenjacke, Kopfbedeckung, Sonnenschutz und ausreichend zu trinken mitbringen.<\/strong><\/p>\n<p><strong>Die Wanderung ist f\u00fcr Kinder ab 12 Jahren geeignet. Minderj\u00e4hrige m\u00fcssen von einem Erwachsenen begleitet werden.<\/strong><\/p>\n<p><b>Der Preis gilt f\u00fcr eine private Gruppe von 1 bis 4 Personen. Jede weitere Person 45\u20ac. Maximal 8 Personen.<\/b><\/p>\n","protected":false},"excerpt":{"rendered":"<p>Zauberhafte Wanderung durch eine der reizvollsten und beeindruckendsten Gegenden Teneriffas. Der Monte del Agua oder Monteverde umfasst ein Feuchtwaldgebiet mit kanarischem Lorbeer, das von tiefen Schluchten und Galerien durchzogen ist, in denen das Wasser aus dem Inneren der Insel austritt. Das riesige \u00d6kosystem ist Heimat f\u00fcr Tiere und Pflanzen, die weltweit einzigartig sind. Wir werden [&hellip;]<\/p>\n","protected":false},"featured_media":2780,"template":"","meta":{"_acf_changed":false,"_et_pb_use_builder":"","_et_pb_old_content":"","_et_gb_content_width":""},"product_brand":[],"product_cat":[73],"product_tag":[],"class_list":{"0":"post-2275","1":"product","2":"type-product","3":"status-publish","4":"has-post-thumbnail","6":"product_cat-vip-ausfluge","8":"first","9":"instock","10":"shipping-taxable","11":"purchasable","12":"product-type-phive_booking"},"acf":[],"yoast_head":"<!-- This site is optimized with the Yoast SEO plugin v27.4 - https:\/\/yoast.com\/product\/yoast-seo-wordpress\/ -->\n<title>Monte del Agua - Sergio Walking Tours - Tu gu\u00eda profesional<\/title>\n<meta name=\"robots\" content=\"index, follow, max-snippet:-1, max-image-preview:large, max-video-preview:-1\" \/>\n<link rel=\"canonical\" href=\"https:\/\/sergiowalkingtours.com\/de\/producto\/immergruener-zauberwald\/\" \/>\n<meta property=\"og:locale\" content=\"de_DE\" \/>\n<meta property=\"og:type\" content=\"article\" \/>\n<meta property=\"og:title\" content=\"Monte del Agua - Sergio Walking Tours - Tu gu\u00eda profesional\" \/>\n<meta property=\"og:description\" content=\"Zauberhafte Wanderung durch eine der reizvollsten und beeindruckendsten Gegenden Teneriffas. Der Monte del Agua oder Monteverde umfasst ein Feuchtwaldgebiet mit kanarischem Lorbeer, das von tiefen Schluchten und Galerien durchzogen ist, in denen das Wasser aus dem Inneren der Insel austritt. Das riesige \u00d6kosystem ist Heimat f\u00fcr Tiere und Pflanzen, die weltweit einzigartig sind. Wir werden [&hellip;]\" \/>\n<meta property=\"og:url\" content=\"https:\/\/sergiowalkingtours.com\/de\/producto\/immergruener-zauberwald\/\" \/>\n<meta property=\"og:site_name\" content=\"Sergio Walking Tours - Tu gu\u00eda profesional\" \/>\n<meta property=\"article:modified_time\" content=\"2025-02-17T22:19:19+00:00\" \/>\n<meta property=\"og:image\" content=\"https:\/\/sergiowalkingtours.com\/wp-content\/uploads\/2023\/08\/00_Foto_Portada_no1_El_Monte_del_Agua.jpg\" \/>\n\t<meta property=\"og:image:width\" content=\"1920\" \/>\n\t<meta property=\"og:image:height\" content=\"1440\" \/>\n\t<meta property=\"og:image:type\" content=\"image\/jpeg\" \/>\n<meta name=\"twitter:card\" content=\"summary_large_image\" \/>\n<meta name=\"twitter:label1\" content=\"Gesch\u00e4tzte Lesezeit\" \/>\n\t<meta name=\"twitter:data1\" content=\"2\u00a0Minuten\" \/>\n<script type=\"application\/ld+json\" class=\"yoast-schema-graph\">{\"@context\":\"https:\\\/\\\/schema.org\",\"@graph\":[{\"@type\":\"WebPage\",\"@id\":\"https:\\\/\\\/sergiowalkingtours.com\\\/de\\\/producto\\\/immergruener-zauberwald\\\/\",\"url\":\"https:\\\/\\\/sergiowalkingtours.com\\\/de\\\/producto\\\/immergruener-zauberwald\\\/\",\"name\":\"Monte del Agua - Sergio Walking Tours - Tu gu\u00eda profesional\",\"isPartOf\":{\"@id\":\"https:\\\/\\\/sergiowalkingtours.com\\\/de\\\/#website\"},\"primaryImageOfPage\":{\"@id\":\"https:\\\/\\\/sergiowalkingtours.com\\\/de\\\/producto\\\/immergruener-zauberwald\\\/#primaryimage\"},\"image\":{\"@id\":\"https:\\\/\\\/sergiowalkingtours.com\\\/de\\\/producto\\\/immergruener-zauberwald\\\/#primaryimage\"},\"thumbnailUrl\":\"https:\\\/\\\/sergiowalkingtours.com\\\/wp-content\\\/uploads\\\/2023\\\/08\\\/00_Foto_Portada_no1_El_Monte_del_Agua.jpg\",\"datePublished\":\"2023-08-03T10:03:42+00:00\",\"dateModified\":\"2025-02-17T22:19:19+00:00\",\"breadcrumb\":{\"@id\":\"https:\\\/\\\/sergiowalkingtours.com\\\/de\\\/producto\\\/immergruener-zauberwald\\\/#breadcrumb\"},\"inLanguage\":\"de\",\"potentialAction\":[{\"@type\":\"ReadAction\",\"target\":[\"https:\\\/\\\/sergiowalkingtours.com\\\/de\\\/producto\\\/immergruener-zauberwald\\\/\"]}]},{\"@type\":\"ImageObject\",\"inLanguage\":\"de\",\"@id\":\"https:\\\/\\\/sergiowalkingtours.com\\\/de\\\/producto\\\/immergruener-zauberwald\\\/#primaryimage\",\"url\":\"https:\\\/\\\/sergiowalkingtours.com\\\/wp-content\\\/uploads\\\/2023\\\/08\\\/00_Foto_Portada_no1_El_Monte_del_Agua.jpg\",\"contentUrl\":\"https:\\\/\\\/sergiowalkingtours.com\\\/wp-content\\\/uploads\\\/2023\\\/08\\\/00_Foto_Portada_no1_El_Monte_del_Agua.jpg\",\"width\":1920,\"height\":1440},{\"@type\":\"BreadcrumbList\",\"@id\":\"https:\\\/\\\/sergiowalkingtours.com\\\/de\\\/producto\\\/immergruener-zauberwald\\\/#breadcrumb\",\"itemListElement\":[{\"@type\":\"ListItem\",\"position\":1,\"name\":\"Home\",\"item\":\"https:\\\/\\\/sergiowalkingtours.com\\\/de\\\/\"},{\"@type\":\"ListItem\",\"position\":2,\"name\":\"Shop\",\"item\":\"https:\\\/\\\/sergiowalkingtours.com\\\/de\\\/shop\\\/\"},{\"@type\":\"ListItem\",\"position\":3,\"name\":\"Monte del Agua\"}]},{\"@type\":\"WebSite\",\"@id\":\"https:\\\/\\\/sergiowalkingtours.com\\\/de\\\/#website\",\"url\":\"https:\\\/\\\/sergiowalkingtours.com\\\/de\\\/\",\"name\":\"Sergio Walking Tours - Tu gu\u00eda profesional\",\"description\":\"See Tenerife through the eyes of a local\",\"potentialAction\":[{\"@type\":\"SearchAction\",\"target\":{\"@type\":\"EntryPoint\",\"urlTemplate\":\"https:\\\/\\\/sergiowalkingtours.com\\\/de\\\/?s={search_term_string}\"},\"query-input\":{\"@type\":\"PropertyValueSpecification\",\"valueRequired\":true,\"valueName\":\"search_term_string\"}}],\"inLanguage\":\"de\"}]}<\/script>\n<!-- \/ Yoast SEO plugin. -->","yoast_head_json":{"title":"Monte del Agua - Sergio Walking Tours - Tu gu\u00eda profesional","robots":{"index":"index","follow":"follow","max-snippet":"max-snippet:-1","max-image-preview":"max-image-preview:large","max-video-preview":"max-video-preview:-1"},"canonical":"https:\/\/sergiowalkingtours.com\/de\/producto\/immergruener-zauberwald\/","og_locale":"de_DE","og_type":"article","og_title":"Monte del Agua - Sergio Walking Tours - Tu gu\u00eda profesional","og_description":"Zauberhafte Wanderung durch eine der reizvollsten und beeindruckendsten Gegenden Teneriffas. Der Monte del Agua oder Monteverde umfasst ein Feuchtwaldgebiet mit kanarischem Lorbeer, das von tiefen Schluchten und Galerien durchzogen ist, in denen das Wasser aus dem Inneren der Insel austritt. Das riesige \u00d6kosystem ist Heimat f\u00fcr Tiere und Pflanzen, die weltweit einzigartig sind. Wir werden [&hellip;]","og_url":"https:\/\/sergiowalkingtours.com\/de\/producto\/immergruener-zauberwald\/","og_site_name":"Sergio Walking Tours - Tu gu\u00eda profesional","article_modified_time":"2025-02-17T22:19:19+00:00","og_image":[{"width":1920,"height":1440,"url":"https:\/\/sergiowalkingtours.com\/wp-content\/uploads\/2023\/08\/00_Foto_Portada_no1_El_Monte_del_Agua.jpg","type":"image\/jpeg"}],"twitter_card":"summary_large_image","twitter_misc":{"Gesch\u00e4tzte Lesezeit":"2\u00a0Minuten"},"schema":{"@context":"https:\/\/schema.org","@graph":[{"@type":"WebPage","@id":"https:\/\/sergiowalkingtours.com\/de\/producto\/immergruener-zauberwald\/","url":"https:\/\/sergiowalkingtours.com\/de\/producto\/immergruener-zauberwald\/","name":"Monte del Agua - Sergio Walking Tours - Tu gu\u00eda profesional","isPartOf":{"@id":"https:\/\/sergiowalkingtours.com\/de\/#website"},"primaryImageOfPage":{"@id":"https:\/\/sergiowalkingtours.com\/de\/producto\/immergruener-zauberwald\/#primaryimage"},"image":{"@id":"https:\/\/sergiowalkingtours.com\/de\/producto\/immergruener-zauberwald\/#primaryimage"},"thumbnailUrl":"https:\/\/sergiowalkingtours.com\/wp-content\/uploads\/2023\/08\/00_Foto_Portada_no1_El_Monte_del_Agua.jpg","datePublished":"2023-08-03T10:03:42+00:00","dateModified":"2025-02-17T22:19:19+00:00","breadcrumb":{"@id":"https:\/\/sergiowalkingtours.com\/de\/producto\/immergruener-zauberwald\/#breadcrumb"},"inLanguage":"de","potentialAction":[{"@type":"ReadAction","target":["https:\/\/sergiowalkingtours.com\/de\/producto\/immergruener-zauberwald\/"]}]},{"@type":"ImageObject","inLanguage":"de","@id":"https:\/\/sergiowalkingtours.com\/de\/producto\/immergruener-zauberwald\/#primaryimage","url":"https:\/\/sergiowalkingtours.com\/wp-content\/uploads\/2023\/08\/00_Foto_Portada_no1_El_Monte_del_Agua.jpg","contentUrl":"https:\/\/sergiowalkingtours.com\/wp-content\/uploads\/2023\/08\/00_Foto_Portada_no1_El_Monte_del_Agua.jpg","width":1920,"height":1440},{"@type":"BreadcrumbList","@id":"https:\/\/sergiowalkingtours.com\/de\/producto\/immergruener-zauberwald\/#breadcrumb","itemListElement":[{"@type":"ListItem","position":1,"name":"Home","item":"https:\/\/sergiowalkingtours.com\/de\/"},{"@type":"ListItem","position":2,"name":"Shop","item":"https:\/\/sergiowalkingtours.com\/de\/shop\/"},{"@type":"ListItem","position":3,"name":"Monte del Agua"}]},{"@type":"WebSite","@id":"https:\/\/sergiowalkingtours.com\/de\/#website","url":"https:\/\/sergiowalkingtours.com\/de\/","name":"Sergio Walking Tours - Tu gu\u00eda profesional","description":"See Tenerife through the eyes of a local","potentialAction":[{"@type":"SearchAction","target":{"@type":"EntryPoint","urlTemplate":"https:\/\/sergiowalkingtours.com\/de\/?s={search_term_string}"},"query-input":{"@type":"PropertyValueSpecification","valueRequired":true,"valueName":"search_term_string"}}],"inLanguage":"de"}]}},"_links":{"self":[{"href":"https:\/\/sergiowalkingtours.com\/de\/wp-json\/wp\/v2\/product\/2275","targetHints":{"allow":["GET"]}}],"collection":[{"href":"https:\/\/sergiowalkingtours.com\/de\/wp-json\/wp\/v2\/product"}],"about":[{"href":"https:\/\/sergiowalkingtours.com\/de\/wp-json\/wp\/v2\/types\/product"}],"wp:featuredmedia":[{"embeddable":true,"href":"https:\/\/sergiowalkingtours.com\/de\/wp-json\/wp\/v2\/media\/2780"}],"wp:attachment":[{"href":"https:\/\/sergiowalkingtours.com\/de\/wp-json\/wp\/v2\/media?parent=2275"}],"wp:term":[{"taxonomy":"product_brand","embeddable":true,"href":"https:\/\/sergiowalkingtours.com\/de\/wp-json\/wp\/v2\/product_brand?post=2275"},{"taxonomy":"product_cat","embeddable":true,"href":"https:\/\/sergiowalkingtours.com\/de\/wp-json\/wp\/v2\/product_cat?post=2275"},{"taxonomy":"product_tag","embeddable":true,"href":"https:\/\/sergiowalkingtours.com\/de\/wp-json\/wp\/v2\/product_tag?post=2275"}],"curies":[{"name":"wp","href":"https:\/\/api.w.org\/{rel}","templated":true}]}}