{"id":2270,"date":"2023-08-03T10:34:58","date_gmt":"2023-08-03T10:34:58","guid":{"rendered":"https:\/\/walkingtours.e2w.es\/producto\/panoramastrasse-im-teide-n-p-teide\/"},"modified":"2025-11-30T19:47:08","modified_gmt":"2025-11-30T19:47:08","slug":"panoramawanderung-teide-nationalpark","status":"publish","type":"product","link":"https:\/\/sergiowalkingtours.com\/de\/producto\/panoramawanderung-teide-nationalpark\/","title":{"rendered":"Panoramawanderung Teide Nationalpark"},"content":{"rendered":"<p>Wir wandern durch einen wundersch\u00f6nen kanarischen Kiefernwald, der auf einer vulkanischen Landschaft aus Pyroklasten j\u00fcngster Eruptionen entstanden ist. Unser Weg f\u00fchrt zwischen leuchtend gr\u00fcnen Pinien und unter dem strahlend blauen Himmel Teneriffas hindurch und ist von dunkler, knirschender Vulkanasche ges\u00e4umt. Anschlie\u00dfend steigen wir die H\u00e4nge des Vulkans Monta\u00f1a La Botija hinauf. Oben angekommen erwartet uns ein Aussichtspunkt, von dem aus wir die fantastische Naturkulisse der Vulkane Monta\u00f1a Reventada (2.230 m), Pico Viejo (3.135 m) und Teide (3.715 m) bewundern k\u00f6nnen. In dieser bizarren Umgebung kann uns pl\u00f6tzlich ein mystisches Wolkenmeer \u00fcberraschen, sodass wir uns garantiert wie auf einem anderen Planeten f\u00fchlen werden. Neben Kiefern pr\u00e4gen Ginster, Goldregen und Rosenstr\u00e4ucher die Vegetation. Die Fauna umfasst mehrere endemische Vogelarten, die in Gebieten mit Pinien- und Ginsterw\u00e4ldern heimisch sind. Diese Landschaft wurde 2007 von der UNESCO zum Weltkulturerbe erkl\u00e4rt und diente als Kulisse f\u00fcr renommierte Science-Fiction-Filme. Wir genie\u00dfen den Aufstieg zum 1.937 Meter hohen Gipfel des Vulkans Samara. Von dort aus hat man einen weiten und spektakul\u00e4ren Panoramablick auf mehrere nahegelegene Vulkankegel, die Insel La Gomera und die Gipfel des Naturparks Teno. Im Anschluss an die Wanderung besteht die M\u00f6glichkeit, den Ausflug bei einer Tasse Kaffee oder einem Glas Wein in einem typischen Restaurant ausklingen zu lassen. <strong>Bitte festes Schuhwerk, Regenjacke, warme Kleidung, Kopfbedeckung, Sonnenschutz und ausreichend zu trinken mitbringen.<\/strong><\/p>\n<p><strong>Die Wanderung ist f\u00fcr Kinder ab 12 Jahren geeignet. Minderj\u00e4hrige m\u00fcssen von einem Erwachsenen begleitet werden.<\/strong><\/p>\n<p><b>Der Preis gilt f\u00fcr eine private Gruppe von 1 bis 4 Personen. Jede weitere Person 45\u20ac. Maximal 8 Personen.<\/b><\/p>\n","protected":false},"excerpt":{"rendered":"<p>Wir wandern durch einen wundersch\u00f6nen kanarischen Kiefernwald, der auf einer vulkanischen Landschaft aus Pyroklasten j\u00fcngster Eruptionen entstanden ist. Unser Weg f\u00fchrt zwischen leuchtend gr\u00fcnen Pinien und unter dem strahlend blauen Himmel Teneriffas hindurch und ist von dunkler, knirschender Vulkanasche ges\u00e4umt. Anschlie\u00dfend steigen wir die H\u00e4nge des Vulkans Monta\u00f1a La Botija hinauf. Oben angekommen erwartet uns [&hellip;]<\/p>\n","protected":false},"featured_media":2739,"template":"","meta":{"_acf_changed":false,"_et_pb_use_builder":"","_et_pb_old_content":"","_et_gb_content_width":""},"product_brand":[],"product_cat":[73],"product_tag":[],"class_list":{"0":"post-2270","1":"product","2":"type-product","3":"status-publish","4":"has-post-thumbnail","6":"product_cat-vip-ausfluge","8":"first","9":"instock","10":"virtual","11":"purchasable","12":"product-type-phive_booking"},"acf":[],"yoast_head":"<!-- This site is optimized with the Yoast SEO plugin v27.4 - https:\/\/yoast.com\/product\/yoast-seo-wordpress\/ -->\n<title>Panoramawanderung Teide Nationalpark - Sergio Walking Tours - Tu gu\u00eda profesional<\/title>\n<meta name=\"robots\" content=\"index, follow, max-snippet:-1, max-image-preview:large, max-video-preview:-1\" \/>\n<link rel=\"canonical\" href=\"https:\/\/sergiowalkingtours.com\/de\/producto\/panoramawanderung-teide-nationalpark\/\" \/>\n<meta property=\"og:locale\" content=\"de_DE\" \/>\n<meta property=\"og:type\" content=\"article\" \/>\n<meta property=\"og:title\" content=\"Panoramawanderung Teide Nationalpark - Sergio Walking Tours - Tu gu\u00eda profesional\" \/>\n<meta property=\"og:description\" content=\"Wir wandern durch einen wundersch\u00f6nen kanarischen Kiefernwald, der auf einer vulkanischen Landschaft aus Pyroklasten j\u00fcngster Eruptionen entstanden ist. Unser Weg f\u00fchrt zwischen leuchtend gr\u00fcnen Pinien und unter dem strahlend blauen Himmel Teneriffas hindurch und ist von dunkler, knirschender Vulkanasche ges\u00e4umt. Anschlie\u00dfend steigen wir die H\u00e4nge des Vulkans Monta\u00f1a La Botija hinauf. Oben angekommen erwartet uns [&hellip;]\" \/>\n<meta property=\"og:url\" content=\"https:\/\/sergiowalkingtours.com\/de\/producto\/panoramawanderung-teide-nationalpark\/\" \/>\n<meta property=\"og:site_name\" content=\"Sergio Walking Tours - Tu gu\u00eda profesional\" \/>\n<meta property=\"article:modified_time\" content=\"2025-11-30T19:47:08+00:00\" \/>\n<meta property=\"og:image\" content=\"https:\/\/sergiowalkingtours.com\/wp-content\/uploads\/2023\/08\/Foto_Portada_Exc_Ruta-panoramica-en-el-P.-N.-Teide_2.jpg\" \/>\n\t<meta property=\"og:image:width\" content=\"1280\" \/>\n\t<meta property=\"og:image:height\" content=\"960\" \/>\n\t<meta property=\"og:image:type\" content=\"image\/jpeg\" \/>\n<meta name=\"twitter:card\" content=\"summary_large_image\" \/>\n<meta name=\"twitter:label1\" content=\"Gesch\u00e4tzte Lesezeit\" \/>\n\t<meta name=\"twitter:data1\" content=\"2\u00a0Minuten\" \/>\n<script type=\"application\/ld+json\" class=\"yoast-schema-graph\">{\"@context\":\"https:\\\/\\\/schema.org\",\"@graph\":[{\"@type\":\"WebPage\",\"@id\":\"https:\\\/\\\/sergiowalkingtours.com\\\/de\\\/producto\\\/panoramawanderung-teide-nationalpark\\\/\",\"url\":\"https:\\\/\\\/sergiowalkingtours.com\\\/de\\\/producto\\\/panoramawanderung-teide-nationalpark\\\/\",\"name\":\"Panoramawanderung Teide Nationalpark - Sergio Walking Tours - Tu gu\u00eda profesional\",\"isPartOf\":{\"@id\":\"https:\\\/\\\/sergiowalkingtours.com\\\/de\\\/#website\"},\"primaryImageOfPage\":{\"@id\":\"https:\\\/\\\/sergiowalkingtours.com\\\/de\\\/producto\\\/panoramawanderung-teide-nationalpark\\\/#primaryimage\"},\"image\":{\"@id\":\"https:\\\/\\\/sergiowalkingtours.com\\\/de\\\/producto\\\/panoramawanderung-teide-nationalpark\\\/#primaryimage\"},\"thumbnailUrl\":\"https:\\\/\\\/sergiowalkingtours.com\\\/wp-content\\\/uploads\\\/2023\\\/08\\\/Foto_Portada_Exc_Ruta-panoramica-en-el-P.-N.-Teide_2.jpg\",\"datePublished\":\"2023-08-03T10:34:58+00:00\",\"dateModified\":\"2025-11-30T19:47:08+00:00\",\"breadcrumb\":{\"@id\":\"https:\\\/\\\/sergiowalkingtours.com\\\/de\\\/producto\\\/panoramawanderung-teide-nationalpark\\\/#breadcrumb\"},\"inLanguage\":\"de\",\"potentialAction\":[{\"@type\":\"ReadAction\",\"target\":[\"https:\\\/\\\/sergiowalkingtours.com\\\/de\\\/producto\\\/panoramawanderung-teide-nationalpark\\\/\"]}]},{\"@type\":\"ImageObject\",\"inLanguage\":\"de\",\"@id\":\"https:\\\/\\\/sergiowalkingtours.com\\\/de\\\/producto\\\/panoramawanderung-teide-nationalpark\\\/#primaryimage\",\"url\":\"https:\\\/\\\/sergiowalkingtours.com\\\/wp-content\\\/uploads\\\/2023\\\/08\\\/Foto_Portada_Exc_Ruta-panoramica-en-el-P.-N.-Teide_2.jpg\",\"contentUrl\":\"https:\\\/\\\/sergiowalkingtours.com\\\/wp-content\\\/uploads\\\/2023\\\/08\\\/Foto_Portada_Exc_Ruta-panoramica-en-el-P.-N.-Teide_2.jpg\",\"width\":1280,\"height\":960,\"caption\":\"Foto_Excursi\u00f3n_VIP_Ruta_panora\u0301mica_en_el_P._N._Teide - volcanes Monta\u00f1a Reventada - Pico Viejo _ Teide\"},{\"@type\":\"BreadcrumbList\",\"@id\":\"https:\\\/\\\/sergiowalkingtours.com\\\/de\\\/producto\\\/panoramawanderung-teide-nationalpark\\\/#breadcrumb\",\"itemListElement\":[{\"@type\":\"ListItem\",\"position\":1,\"name\":\"Home\",\"item\":\"https:\\\/\\\/sergiowalkingtours.com\\\/de\\\/\"},{\"@type\":\"ListItem\",\"position\":2,\"name\":\"Shop\",\"item\":\"https:\\\/\\\/sergiowalkingtours.com\\\/de\\\/shop\\\/\"},{\"@type\":\"ListItem\",\"position\":3,\"name\":\"Panoramawanderung Teide Nationalpark\"}]},{\"@type\":\"WebSite\",\"@id\":\"https:\\\/\\\/sergiowalkingtours.com\\\/de\\\/#website\",\"url\":\"https:\\\/\\\/sergiowalkingtours.com\\\/de\\\/\",\"name\":\"Sergio Walking Tours - Tu gu\u00eda profesional\",\"description\":\"See Tenerife through the eyes of a local\",\"potentialAction\":[{\"@type\":\"SearchAction\",\"target\":{\"@type\":\"EntryPoint\",\"urlTemplate\":\"https:\\\/\\\/sergiowalkingtours.com\\\/de\\\/?s={search_term_string}\"},\"query-input\":{\"@type\":\"PropertyValueSpecification\",\"valueRequired\":true,\"valueName\":\"search_term_string\"}}],\"inLanguage\":\"de\"}]}<\/script>\n<!-- \/ Yoast SEO plugin. -->","yoast_head_json":{"title":"Panoramawanderung Teide Nationalpark - Sergio Walking Tours - Tu gu\u00eda profesional","robots":{"index":"index","follow":"follow","max-snippet":"max-snippet:-1","max-image-preview":"max-image-preview:large","max-video-preview":"max-video-preview:-1"},"canonical":"https:\/\/sergiowalkingtours.com\/de\/producto\/panoramawanderung-teide-nationalpark\/","og_locale":"de_DE","og_type":"article","og_title":"Panoramawanderung Teide Nationalpark - Sergio Walking Tours - Tu gu\u00eda profesional","og_description":"Wir wandern durch einen wundersch\u00f6nen kanarischen Kiefernwald, der auf einer vulkanischen Landschaft aus Pyroklasten j\u00fcngster Eruptionen entstanden ist. Unser Weg f\u00fchrt zwischen leuchtend gr\u00fcnen Pinien und unter dem strahlend blauen Himmel Teneriffas hindurch und ist von dunkler, knirschender Vulkanasche ges\u00e4umt. Anschlie\u00dfend steigen wir die H\u00e4nge des Vulkans Monta\u00f1a La Botija hinauf. Oben angekommen erwartet uns [&hellip;]","og_url":"https:\/\/sergiowalkingtours.com\/de\/producto\/panoramawanderung-teide-nationalpark\/","og_site_name":"Sergio Walking Tours - Tu gu\u00eda profesional","article_modified_time":"2025-11-30T19:47:08+00:00","og_image":[{"width":1280,"height":960,"url":"https:\/\/sergiowalkingtours.com\/wp-content\/uploads\/2023\/08\/Foto_Portada_Exc_Ruta-panoramica-en-el-P.-N.-Teide_2.jpg","type":"image\/jpeg"}],"twitter_card":"summary_large_image","twitter_misc":{"Gesch\u00e4tzte Lesezeit":"2\u00a0Minuten"},"schema":{"@context":"https:\/\/schema.org","@graph":[{"@type":"WebPage","@id":"https:\/\/sergiowalkingtours.com\/de\/producto\/panoramawanderung-teide-nationalpark\/","url":"https:\/\/sergiowalkingtours.com\/de\/producto\/panoramawanderung-teide-nationalpark\/","name":"Panoramawanderung Teide Nationalpark - Sergio Walking Tours - Tu gu\u00eda profesional","isPartOf":{"@id":"https:\/\/sergiowalkingtours.com\/de\/#website"},"primaryImageOfPage":{"@id":"https:\/\/sergiowalkingtours.com\/de\/producto\/panoramawanderung-teide-nationalpark\/#primaryimage"},"image":{"@id":"https:\/\/sergiowalkingtours.com\/de\/producto\/panoramawanderung-teide-nationalpark\/#primaryimage"},"thumbnailUrl":"https:\/\/sergiowalkingtours.com\/wp-content\/uploads\/2023\/08\/Foto_Portada_Exc_Ruta-panoramica-en-el-P.-N.-Teide_2.jpg","datePublished":"2023-08-03T10:34:58+00:00","dateModified":"2025-11-30T19:47:08+00:00","breadcrumb":{"@id":"https:\/\/sergiowalkingtours.com\/de\/producto\/panoramawanderung-teide-nationalpark\/#breadcrumb"},"inLanguage":"de","potentialAction":[{"@type":"ReadAction","target":["https:\/\/sergiowalkingtours.com\/de\/producto\/panoramawanderung-teide-nationalpark\/"]}]},{"@type":"ImageObject","inLanguage":"de","@id":"https:\/\/sergiowalkingtours.com\/de\/producto\/panoramawanderung-teide-nationalpark\/#primaryimage","url":"https:\/\/sergiowalkingtours.com\/wp-content\/uploads\/2023\/08\/Foto_Portada_Exc_Ruta-panoramica-en-el-P.-N.-Teide_2.jpg","contentUrl":"https:\/\/sergiowalkingtours.com\/wp-content\/uploads\/2023\/08\/Foto_Portada_Exc_Ruta-panoramica-en-el-P.-N.-Teide_2.jpg","width":1280,"height":960,"caption":"Foto_Excursi\u00f3n_VIP_Ruta_panora\u0301mica_en_el_P._N._Teide - volcanes Monta\u00f1a Reventada - Pico Viejo _ Teide"},{"@type":"BreadcrumbList","@id":"https:\/\/sergiowalkingtours.com\/de\/producto\/panoramawanderung-teide-nationalpark\/#breadcrumb","itemListElement":[{"@type":"ListItem","position":1,"name":"Home","item":"https:\/\/sergiowalkingtours.com\/de\/"},{"@type":"ListItem","position":2,"name":"Shop","item":"https:\/\/sergiowalkingtours.com\/de\/shop\/"},{"@type":"ListItem","position":3,"name":"Panoramawanderung Teide Nationalpark"}]},{"@type":"WebSite","@id":"https:\/\/sergiowalkingtours.com\/de\/#website","url":"https:\/\/sergiowalkingtours.com\/de\/","name":"Sergio Walking Tours - Tu gu\u00eda profesional","description":"See Tenerife through the eyes of a local","potentialAction":[{"@type":"SearchAction","target":{"@type":"EntryPoint","urlTemplate":"https:\/\/sergiowalkingtours.com\/de\/?s={search_term_string}"},"query-input":{"@type":"PropertyValueSpecification","valueRequired":true,"valueName":"search_term_string"}}],"inLanguage":"de"}]}},"_links":{"self":[{"href":"https:\/\/sergiowalkingtours.com\/de\/wp-json\/wp\/v2\/product\/2270","targetHints":{"allow":["GET"]}}],"collection":[{"href":"https:\/\/sergiowalkingtours.com\/de\/wp-json\/wp\/v2\/product"}],"about":[{"href":"https:\/\/sergiowalkingtours.com\/de\/wp-json\/wp\/v2\/types\/product"}],"wp:featuredmedia":[{"embeddable":true,"href":"https:\/\/sergiowalkingtours.com\/de\/wp-json\/wp\/v2\/media\/2739"}],"wp:attachment":[{"href":"https:\/\/sergiowalkingtours.com\/de\/wp-json\/wp\/v2\/media?parent=2270"}],"wp:term":[{"taxonomy":"product_brand","embeddable":true,"href":"https:\/\/sergiowalkingtours.com\/de\/wp-json\/wp\/v2\/product_brand?post=2270"},{"taxonomy":"product_cat","embeddable":true,"href":"https:\/\/sergiowalkingtours.com\/de\/wp-json\/wp\/v2\/product_cat?post=2270"},{"taxonomy":"product_tag","embeddable":true,"href":"https:\/\/sergiowalkingtours.com\/de\/wp-json\/wp\/v2\/product_tag?post=2270"}],"curies":[{"name":"wp","href":"https:\/\/api.w.org\/{rel}","templated":true}]}}