{"id":2268,"date":"2023-07-24T10:24:31","date_gmt":"2023-07-24T10:24:31","guid":{"rendered":"https:\/\/walkingtours.e2w.es\/producto\/top-tour-masca\/"},"modified":"2025-03-02T20:54:19","modified_gmt":"2025-03-02T20:54:19","slug":"top-tour-masca","status":"publish","type":"product","link":"https:\/\/sergiowalkingtours.com\/de\/producto\/top-tour-masca\/","title":{"rendered":"Top Tour Masca"},"content":{"rendered":"<p>Die kontrastreiche Panoramawanderung mit st\u00e4ndigem Auf und Ab auf einem alten Hirten- und Verbindungsweg zwischen kleinen Weilern in den Bergen im Nordwesten Teneriffas bietet ein einzigartiges Naturerlebnis. Die Umgebung besticht durch ihre endemische Vegetation und beeindruckenden Schluchten, w\u00e4hrend sich uns ein fantastischer Blick auf eine herrliche Naturlandschaft mit dem Atlantik und den Umrissen der Inseln La Gomera und La Palma er\u00f6ffnet. Die Wanderung f\u00fchrt von der S\u00fcd- zur Nordseite des Naturparks, wo sich Vegetation und Klima abrupt \u00e4ndern. Unser Ziel ist eines der malerischsten Bergd\u00f6rfer der Kanarischen Inseln, ber\u00fchmt f\u00fcr seine einzigartige Schlucht und seine traditionelle Architektur. Nach der Ankunft in Masca besteht die M\u00f6glichkeit, in einem Restaurant mit Terrasse eine Pause einzulegen. Dort kannst du einen traditionellen kanarischen Kaffee &#8222;barraquito&#8220; trinken oder einige Tapas mit lokalem Wein probieren (nicht im Preis inbegriffen). <strong>Bitte festes Schuhwerk, Regenjacke, Kopfbedeckung, Sonnenschutz und ausreichend zu trinken mitbringen.<\/strong><\/p>\n<p><strong>Die Wanderung ist f\u00fcr Kinder ab 12 Jahren geeignet. Minderj\u00e4hrige m\u00fcssen von einem Erwachsenen begleitet werden.<\/strong><\/p>\n<p><strong>F\u00fcr die Wanderung ist eine Mindestteilnehmerzahl von 3 Personen erforderlich. Sollte die Mindestteilnehmerzahl nicht erreicht werden, k\u00f6nnen die bereits gebuchten Teilnehmer den Restbetrag f\u00fcr die Durchf\u00fchrung der Wanderung bezahlen, andernfalls wird die Wanderung abgesagt und die Buchungsgeb\u00fchr in voller H\u00f6he zur\u00fcckerstattet.<\/strong><\/p>\n","protected":false},"excerpt":{"rendered":"<p>Die kontrastreiche Panoramawanderung mit st\u00e4ndigem Auf und Ab auf einem alten Hirten- und Verbindungsweg zwischen kleinen Weilern in den Bergen im Nordwesten Teneriffas bietet ein einzigartiges Naturerlebnis. Die Umgebung besticht durch ihre endemische Vegetation und beeindruckenden Schluchten, w\u00e4hrend sich uns ein fantastischer Blick auf eine herrliche Naturlandschaft mit dem Atlantik und den Umrissen der Inseln [&hellip;]<\/p>\n","protected":false},"featured_media":2880,"template":"","meta":{"_acf_changed":false,"_et_pb_use_builder":"","_et_pb_old_content":"","_et_gb_content_width":""},"product_brand":[],"product_cat":[75],"product_tag":[],"class_list":{"0":"post-2268","1":"product","2":"type-product","3":"status-publish","4":"has-post-thumbnail","6":"product_cat-gruppenausfluge","8":"first","9":"instock","10":"shipping-taxable","11":"purchasable","12":"product-type-phive_booking"},"acf":[],"yoast_head":"<!-- This site is optimized with the Yoast SEO plugin v27.5 - https:\/\/yoast.com\/product\/yoast-seo-wordpress\/ -->\n<title>Top Tour Masca - Sergio Walking Tours - Tu gu\u00eda profesional<\/title>\n<meta name=\"robots\" content=\"index, follow, max-snippet:-1, max-image-preview:large, max-video-preview:-1\" \/>\n<link rel=\"canonical\" href=\"https:\/\/sergiowalkingtours.com\/de\/producto\/top-tour-masca\/\" \/>\n<meta property=\"og:locale\" content=\"de_DE\" \/>\n<meta property=\"og:type\" content=\"article\" \/>\n<meta property=\"og:title\" content=\"Top Tour Masca - Sergio Walking Tours - Tu gu\u00eda profesional\" \/>\n<meta property=\"og:description\" content=\"Die kontrastreiche Panoramawanderung mit st\u00e4ndigem Auf und Ab auf einem alten Hirten- und Verbindungsweg zwischen kleinen Weilern in den Bergen im Nordwesten Teneriffas bietet ein einzigartiges Naturerlebnis. Die Umgebung besticht durch ihre endemische Vegetation und beeindruckenden Schluchten, w\u00e4hrend sich uns ein fantastischer Blick auf eine herrliche Naturlandschaft mit dem Atlantik und den Umrissen der Inseln [&hellip;]\" \/>\n<meta property=\"og:url\" content=\"https:\/\/sergiowalkingtours.com\/de\/producto\/top-tour-masca\/\" \/>\n<meta property=\"og:site_name\" content=\"Sergio Walking Tours - Tu gu\u00eda profesional\" \/>\n<meta property=\"article:modified_time\" content=\"2025-03-02T20:54:19+00:00\" \/>\n<meta property=\"og:image\" content=\"https:\/\/sergiowalkingtours.com\/wp-content\/uploads\/2023\/07\/00_Foto_Portada_Top_Tour_Masca_2.jpg\" \/>\n\t<meta property=\"og:image:width\" content=\"1541\" \/>\n\t<meta property=\"og:image:height\" content=\"1156\" \/>\n\t<meta property=\"og:image:type\" content=\"image\/jpeg\" \/>\n<meta name=\"twitter:card\" content=\"summary_large_image\" \/>\n<meta name=\"twitter:label1\" content=\"Gesch\u00e4tzte Lesezeit\" \/>\n\t<meta name=\"twitter:data1\" content=\"2\u00a0Minuten\" \/>\n<script type=\"application\/ld+json\" class=\"yoast-schema-graph\">{\"@context\":\"https:\\\/\\\/schema.org\",\"@graph\":[{\"@type\":\"WebPage\",\"@id\":\"https:\\\/\\\/sergiowalkingtours.com\\\/de\\\/producto\\\/top-tour-masca\\\/\",\"url\":\"https:\\\/\\\/sergiowalkingtours.com\\\/de\\\/producto\\\/top-tour-masca\\\/\",\"name\":\"Top Tour Masca - Sergio Walking Tours - Tu gu\u00eda profesional\",\"isPartOf\":{\"@id\":\"https:\\\/\\\/sergiowalkingtours.com\\\/de\\\/#website\"},\"primaryImageOfPage\":{\"@id\":\"https:\\\/\\\/sergiowalkingtours.com\\\/de\\\/producto\\\/top-tour-masca\\\/#primaryimage\"},\"image\":{\"@id\":\"https:\\\/\\\/sergiowalkingtours.com\\\/de\\\/producto\\\/top-tour-masca\\\/#primaryimage\"},\"thumbnailUrl\":\"https:\\\/\\\/sergiowalkingtours.com\\\/wp-content\\\/uploads\\\/2023\\\/07\\\/00_Foto_Portada_Top_Tour_Masca_2.jpg\",\"datePublished\":\"2023-07-24T10:24:31+00:00\",\"dateModified\":\"2025-03-02T20:54:19+00:00\",\"breadcrumb\":{\"@id\":\"https:\\\/\\\/sergiowalkingtours.com\\\/de\\\/producto\\\/top-tour-masca\\\/#breadcrumb\"},\"inLanguage\":\"de\",\"potentialAction\":[{\"@type\":\"ReadAction\",\"target\":[\"https:\\\/\\\/sergiowalkingtours.com\\\/de\\\/producto\\\/top-tour-masca\\\/\"]}]},{\"@type\":\"ImageObject\",\"inLanguage\":\"de\",\"@id\":\"https:\\\/\\\/sergiowalkingtours.com\\\/de\\\/producto\\\/top-tour-masca\\\/#primaryimage\",\"url\":\"https:\\\/\\\/sergiowalkingtours.com\\\/wp-content\\\/uploads\\\/2023\\\/07\\\/00_Foto_Portada_Top_Tour_Masca_2.jpg\",\"contentUrl\":\"https:\\\/\\\/sergiowalkingtours.com\\\/wp-content\\\/uploads\\\/2023\\\/07\\\/00_Foto_Portada_Top_Tour_Masca_2.jpg\",\"width\":1541,\"height\":1156},{\"@type\":\"BreadcrumbList\",\"@id\":\"https:\\\/\\\/sergiowalkingtours.com\\\/de\\\/producto\\\/top-tour-masca\\\/#breadcrumb\",\"itemListElement\":[{\"@type\":\"ListItem\",\"position\":1,\"name\":\"Home\",\"item\":\"https:\\\/\\\/sergiowalkingtours.com\\\/de\\\/\"},{\"@type\":\"ListItem\",\"position\":2,\"name\":\"Shop\",\"item\":\"https:\\\/\\\/sergiowalkingtours.com\\\/de\\\/shop\\\/\"},{\"@type\":\"ListItem\",\"position\":3,\"name\":\"Top Tour Masca\"}]},{\"@type\":\"WebSite\",\"@id\":\"https:\\\/\\\/sergiowalkingtours.com\\\/de\\\/#website\",\"url\":\"https:\\\/\\\/sergiowalkingtours.com\\\/de\\\/\",\"name\":\"Sergio Walking Tours - Tu gu\u00eda profesional\",\"description\":\"See Tenerife through the eyes of a local\",\"potentialAction\":[{\"@type\":\"SearchAction\",\"target\":{\"@type\":\"EntryPoint\",\"urlTemplate\":\"https:\\\/\\\/sergiowalkingtours.com\\\/de\\\/?s={search_term_string}\"},\"query-input\":{\"@type\":\"PropertyValueSpecification\",\"valueRequired\":true,\"valueName\":\"search_term_string\"}}],\"inLanguage\":\"de\"}]}<\/script>\n<!-- \/ Yoast SEO plugin. -->","yoast_head_json":{"title":"Top Tour Masca - Sergio Walking Tours - Tu gu\u00eda profesional","robots":{"index":"index","follow":"follow","max-snippet":"max-snippet:-1","max-image-preview":"max-image-preview:large","max-video-preview":"max-video-preview:-1"},"canonical":"https:\/\/sergiowalkingtours.com\/de\/producto\/top-tour-masca\/","og_locale":"de_DE","og_type":"article","og_title":"Top Tour Masca - Sergio Walking Tours - Tu gu\u00eda profesional","og_description":"Die kontrastreiche Panoramawanderung mit st\u00e4ndigem Auf und Ab auf einem alten Hirten- und Verbindungsweg zwischen kleinen Weilern in den Bergen im Nordwesten Teneriffas bietet ein einzigartiges Naturerlebnis. Die Umgebung besticht durch ihre endemische Vegetation und beeindruckenden Schluchten, w\u00e4hrend sich uns ein fantastischer Blick auf eine herrliche Naturlandschaft mit dem Atlantik und den Umrissen der Inseln [&hellip;]","og_url":"https:\/\/sergiowalkingtours.com\/de\/producto\/top-tour-masca\/","og_site_name":"Sergio Walking Tours - Tu gu\u00eda profesional","article_modified_time":"2025-03-02T20:54:19+00:00","og_image":[{"width":1541,"height":1156,"url":"https:\/\/sergiowalkingtours.com\/wp-content\/uploads\/2023\/07\/00_Foto_Portada_Top_Tour_Masca_2.jpg","type":"image\/jpeg"}],"twitter_card":"summary_large_image","twitter_misc":{"Gesch\u00e4tzte Lesezeit":"2\u00a0Minuten"},"schema":{"@context":"https:\/\/schema.org","@graph":[{"@type":"WebPage","@id":"https:\/\/sergiowalkingtours.com\/de\/producto\/top-tour-masca\/","url":"https:\/\/sergiowalkingtours.com\/de\/producto\/top-tour-masca\/","name":"Top Tour Masca - Sergio Walking Tours - Tu gu\u00eda profesional","isPartOf":{"@id":"https:\/\/sergiowalkingtours.com\/de\/#website"},"primaryImageOfPage":{"@id":"https:\/\/sergiowalkingtours.com\/de\/producto\/top-tour-masca\/#primaryimage"},"image":{"@id":"https:\/\/sergiowalkingtours.com\/de\/producto\/top-tour-masca\/#primaryimage"},"thumbnailUrl":"https:\/\/sergiowalkingtours.com\/wp-content\/uploads\/2023\/07\/00_Foto_Portada_Top_Tour_Masca_2.jpg","datePublished":"2023-07-24T10:24:31+00:00","dateModified":"2025-03-02T20:54:19+00:00","breadcrumb":{"@id":"https:\/\/sergiowalkingtours.com\/de\/producto\/top-tour-masca\/#breadcrumb"},"inLanguage":"de","potentialAction":[{"@type":"ReadAction","target":["https:\/\/sergiowalkingtours.com\/de\/producto\/top-tour-masca\/"]}]},{"@type":"ImageObject","inLanguage":"de","@id":"https:\/\/sergiowalkingtours.com\/de\/producto\/top-tour-masca\/#primaryimage","url":"https:\/\/sergiowalkingtours.com\/wp-content\/uploads\/2023\/07\/00_Foto_Portada_Top_Tour_Masca_2.jpg","contentUrl":"https:\/\/sergiowalkingtours.com\/wp-content\/uploads\/2023\/07\/00_Foto_Portada_Top_Tour_Masca_2.jpg","width":1541,"height":1156},{"@type":"BreadcrumbList","@id":"https:\/\/sergiowalkingtours.com\/de\/producto\/top-tour-masca\/#breadcrumb","itemListElement":[{"@type":"ListItem","position":1,"name":"Home","item":"https:\/\/sergiowalkingtours.com\/de\/"},{"@type":"ListItem","position":2,"name":"Shop","item":"https:\/\/sergiowalkingtours.com\/de\/shop\/"},{"@type":"ListItem","position":3,"name":"Top Tour Masca"}]},{"@type":"WebSite","@id":"https:\/\/sergiowalkingtours.com\/de\/#website","url":"https:\/\/sergiowalkingtours.com\/de\/","name":"Sergio Walking Tours - Tu gu\u00eda profesional","description":"See Tenerife through the eyes of a local","potentialAction":[{"@type":"SearchAction","target":{"@type":"EntryPoint","urlTemplate":"https:\/\/sergiowalkingtours.com\/de\/?s={search_term_string}"},"query-input":{"@type":"PropertyValueSpecification","valueRequired":true,"valueName":"search_term_string"}}],"inLanguage":"de"}]}},"_links":{"self":[{"href":"https:\/\/sergiowalkingtours.com\/de\/wp-json\/wp\/v2\/product\/2268","targetHints":{"allow":["GET"]}}],"collection":[{"href":"https:\/\/sergiowalkingtours.com\/de\/wp-json\/wp\/v2\/product"}],"about":[{"href":"https:\/\/sergiowalkingtours.com\/de\/wp-json\/wp\/v2\/types\/product"}],"wp:featuredmedia":[{"embeddable":true,"href":"https:\/\/sergiowalkingtours.com\/de\/wp-json\/wp\/v2\/media\/2880"}],"wp:attachment":[{"href":"https:\/\/sergiowalkingtours.com\/de\/wp-json\/wp\/v2\/media?parent=2268"}],"wp:term":[{"taxonomy":"product_brand","embeddable":true,"href":"https:\/\/sergiowalkingtours.com\/de\/wp-json\/wp\/v2\/product_brand?post=2268"},{"taxonomy":"product_cat","embeddable":true,"href":"https:\/\/sergiowalkingtours.com\/de\/wp-json\/wp\/v2\/product_cat?post=2268"},{"taxonomy":"product_tag","embeddable":true,"href":"https:\/\/sergiowalkingtours.com\/de\/wp-json\/wp\/v2\/product_tag?post=2268"}],"curies":[{"name":"wp","href":"https:\/\/api.w.org\/{rel}","templated":true}]}}