{"id":2259,"date":"2023-08-03T10:26:32","date_gmt":"2023-08-03T10:26:32","guid":{"rendered":"https:\/\/walkingtours.e2w.es\/producto\/durch-die-cumbres-de-teno\/"},"modified":"2025-03-03T17:26:44","modified_gmt":"2025-03-03T17:26:44","slug":"ueber-die-huegelkette-cumbres-de-teno","status":"publish","type":"product","link":"https:\/\/sergiowalkingtours.com\/de\/producto\/ueber-die-huegelkette-cumbres-de-teno\/","title":{"rendered":"H\u00fcgelkette Cumbres de Teno"},"content":{"rendered":"<p>Unsere Tour startet mit einem anspruchsvollen Aufstieg vom h\u00f6chsten Punkt des Tals durch eine malerische Landschaft. Wir durchqueren charmante D\u00f6rfer, in denen die einheimische Bev\u00f6lkerung lebt, und lernen eine der sch\u00f6nsten Obstplantagen der Kanarischen Inseln kennen. Der weitere Weg f\u00fchrt uns auf einem alten Hirtenpfad bergauf bis zu einem Taleinschnitt, von dem aus wir eine fantastische Aussicht genie\u00dfen k\u00f6nnen. Mit zunehmender H\u00f6he ver\u00e4ndert sich die Vegetation, w\u00e4hrend wir ein idyllisches Bergpanorama genie\u00dfen: das Tal von El Palmar und die Gipfel des Naturparks Teno, La Cruz de Gala (1347 m) und El Pico Verde (1318 m). Auf einem ehemaligen Dreschplatz erfolgt eine St\u00e4rkung f\u00fcr die n\u00e4chsten Kilometer, wobei ein unvergesslicher Panoramablick auf Masca und seine ber\u00fchmte Schlucht genossen werden kann. Im Hintergrund befindet sich der Atlantik mit den Inseln La Gomera und La Palma, welche eine traumhafte Fotokulisse bilden. Auf dem R\u00fcckweg ins Tal besteht die M\u00f6glichkeit, auf einer Terrasse mit fantastischer Aussicht einen Kaffee zu trinken oder mit einem Glas Wein aus der Region anzusto\u00dfen. <strong>Bitte festes Schuhwerk, Regenjacke, Kopfbedeckung, Sonnenschutz und ausreichend zu trinken mitbringen.<\/strong><\/p>\n<p><strong>Die Wanderung ist f\u00fcr Kinder ab 12 Jahren geeignet. Minderj\u00e4hrige m\u00fcssen von einem Erwachsenen begleitet werden.<\/strong><\/p>\n<p><b>Der Preis gilt f\u00fcr eine private Gruppe von 1 bis 4 Personen. Jede weitere Person 45\u20ac. Maximal 8 Personen.<\/b><\/p>\n","protected":false},"excerpt":{"rendered":"<p>Unsere Tour startet mit einem anspruchsvollen Aufstieg vom h\u00f6chsten Punkt des Tals durch eine malerische Landschaft. Wir durchqueren charmante D\u00f6rfer, in denen die einheimische Bev\u00f6lkerung lebt, und lernen eine der sch\u00f6nsten Obstplantagen der Kanarischen Inseln kennen. Der weitere Weg f\u00fchrt uns auf einem alten Hirtenpfad bergauf bis zu einem Taleinschnitt, von dem aus wir eine [&hellip;]<\/p>\n","protected":false},"featured_media":2800,"template":"","meta":{"_acf_changed":false,"_et_pb_use_builder":"","_et_pb_old_content":"","_et_gb_content_width":""},"product_brand":[],"product_cat":[73],"product_tag":[],"class_list":{"0":"post-2259","1":"product","2":"type-product","3":"status-publish","4":"has-post-thumbnail","6":"product_cat-vip-ausfluge","8":"first","9":"instock","10":"shipping-taxable","11":"purchasable","12":"product-type-phive_booking"},"acf":[],"yoast_head":"<!-- This site is optimized with the Yoast SEO plugin v27.3 - https:\/\/yoast.com\/product\/yoast-seo-wordpress\/ -->\n<title>H\u00fcgelkette Cumbres de Teno - Sergio Walking Tours - Tu gu\u00eda profesional<\/title>\n<meta name=\"robots\" content=\"index, follow, max-snippet:-1, max-image-preview:large, max-video-preview:-1\" \/>\n<link rel=\"canonical\" href=\"https:\/\/sergiowalkingtours.com\/de\/producto\/ueber-die-huegelkette-cumbres-de-teno\/\" \/>\n<meta property=\"og:locale\" content=\"de_DE\" \/>\n<meta property=\"og:type\" content=\"article\" \/>\n<meta property=\"og:title\" content=\"H\u00fcgelkette Cumbres de Teno - Sergio Walking Tours - Tu gu\u00eda profesional\" \/>\n<meta property=\"og:description\" content=\"Unsere Tour startet mit einem anspruchsvollen Aufstieg vom h\u00f6chsten Punkt des Tals durch eine malerische Landschaft. Wir durchqueren charmante D\u00f6rfer, in denen die einheimische Bev\u00f6lkerung lebt, und lernen eine der sch\u00f6nsten Obstplantagen der Kanarischen Inseln kennen. Der weitere Weg f\u00fchrt uns auf einem alten Hirtenpfad bergauf bis zu einem Taleinschnitt, von dem aus wir eine [&hellip;]\" \/>\n<meta property=\"og:url\" content=\"https:\/\/sergiowalkingtours.com\/de\/producto\/ueber-die-huegelkette-cumbres-de-teno\/\" \/>\n<meta property=\"og:site_name\" content=\"Sergio Walking Tours - Tu gu\u00eda profesional\" \/>\n<meta property=\"article:modified_time\" content=\"2025-03-03T17:26:44+00:00\" \/>\n<meta property=\"og:image\" content=\"https:\/\/sergiowalkingtours.com\/wp-content\/uploads\/2023\/08\/00_Foto_Portada_-Por_Las_Cumbr_de_Teno_1.jpg\" \/>\n\t<meta property=\"og:image:width\" content=\"2560\" \/>\n\t<meta property=\"og:image:height\" content=\"1920\" \/>\n\t<meta property=\"og:image:type\" content=\"image\/jpeg\" \/>\n<meta name=\"twitter:card\" content=\"summary_large_image\" \/>\n<meta name=\"twitter:label1\" content=\"Gesch\u00e4tzte Lesezeit\" \/>\n\t<meta name=\"twitter:data1\" content=\"2\u00a0Minuten\" \/>\n<script type=\"application\/ld+json\" class=\"yoast-schema-graph\">{\"@context\":\"https:\\\/\\\/schema.org\",\"@graph\":[{\"@type\":\"WebPage\",\"@id\":\"https:\\\/\\\/sergiowalkingtours.com\\\/de\\\/producto\\\/ueber-die-huegelkette-cumbres-de-teno\\\/\",\"url\":\"https:\\\/\\\/sergiowalkingtours.com\\\/de\\\/producto\\\/ueber-die-huegelkette-cumbres-de-teno\\\/\",\"name\":\"H\u00fcgelkette Cumbres de Teno - Sergio Walking Tours - Tu gu\u00eda profesional\",\"isPartOf\":{\"@id\":\"https:\\\/\\\/sergiowalkingtours.com\\\/de\\\/#website\"},\"primaryImageOfPage\":{\"@id\":\"https:\\\/\\\/sergiowalkingtours.com\\\/de\\\/producto\\\/ueber-die-huegelkette-cumbres-de-teno\\\/#primaryimage\"},\"image\":{\"@id\":\"https:\\\/\\\/sergiowalkingtours.com\\\/de\\\/producto\\\/ueber-die-huegelkette-cumbres-de-teno\\\/#primaryimage\"},\"thumbnailUrl\":\"https:\\\/\\\/sergiowalkingtours.com\\\/wp-content\\\/uploads\\\/2023\\\/08\\\/00_Foto_Portada_-Por_Las_Cumbr_de_Teno_1.jpg\",\"datePublished\":\"2023-08-03T10:26:32+00:00\",\"dateModified\":\"2025-03-03T17:26:44+00:00\",\"breadcrumb\":{\"@id\":\"https:\\\/\\\/sergiowalkingtours.com\\\/de\\\/producto\\\/ueber-die-huegelkette-cumbres-de-teno\\\/#breadcrumb\"},\"inLanguage\":\"de\",\"potentialAction\":[{\"@type\":\"ReadAction\",\"target\":[\"https:\\\/\\\/sergiowalkingtours.com\\\/de\\\/producto\\\/ueber-die-huegelkette-cumbres-de-teno\\\/\"]}]},{\"@type\":\"ImageObject\",\"inLanguage\":\"de\",\"@id\":\"https:\\\/\\\/sergiowalkingtours.com\\\/de\\\/producto\\\/ueber-die-huegelkette-cumbres-de-teno\\\/#primaryimage\",\"url\":\"https:\\\/\\\/sergiowalkingtours.com\\\/wp-content\\\/uploads\\\/2023\\\/08\\\/00_Foto_Portada_-Por_Las_Cumbr_de_Teno_1.jpg\",\"contentUrl\":\"https:\\\/\\\/sergiowalkingtours.com\\\/wp-content\\\/uploads\\\/2023\\\/08\\\/00_Foto_Portada_-Por_Las_Cumbr_de_Teno_1.jpg\",\"width\":2560,\"height\":1920},{\"@type\":\"BreadcrumbList\",\"@id\":\"https:\\\/\\\/sergiowalkingtours.com\\\/de\\\/producto\\\/ueber-die-huegelkette-cumbres-de-teno\\\/#breadcrumb\",\"itemListElement\":[{\"@type\":\"ListItem\",\"position\":1,\"name\":\"Home\",\"item\":\"https:\\\/\\\/sergiowalkingtours.com\\\/de\\\/\"},{\"@type\":\"ListItem\",\"position\":2,\"name\":\"Shop\",\"item\":\"https:\\\/\\\/sergiowalkingtours.com\\\/de\\\/shop\\\/\"},{\"@type\":\"ListItem\",\"position\":3,\"name\":\"H\u00fcgelkette Cumbres de Teno\"}]},{\"@type\":\"WebSite\",\"@id\":\"https:\\\/\\\/sergiowalkingtours.com\\\/de\\\/#website\",\"url\":\"https:\\\/\\\/sergiowalkingtours.com\\\/de\\\/\",\"name\":\"Sergio Walking Tours - Tu gu\u00eda profesional\",\"description\":\"See Tenerife through the eyes of a local\",\"potentialAction\":[{\"@type\":\"SearchAction\",\"target\":{\"@type\":\"EntryPoint\",\"urlTemplate\":\"https:\\\/\\\/sergiowalkingtours.com\\\/de\\\/?s={search_term_string}\"},\"query-input\":{\"@type\":\"PropertyValueSpecification\",\"valueRequired\":true,\"valueName\":\"search_term_string\"}}],\"inLanguage\":\"de\"}]}<\/script>\n<!-- \/ Yoast SEO plugin. -->","yoast_head_json":{"title":"H\u00fcgelkette Cumbres de Teno - Sergio Walking Tours - Tu gu\u00eda profesional","robots":{"index":"index","follow":"follow","max-snippet":"max-snippet:-1","max-image-preview":"max-image-preview:large","max-video-preview":"max-video-preview:-1"},"canonical":"https:\/\/sergiowalkingtours.com\/de\/producto\/ueber-die-huegelkette-cumbres-de-teno\/","og_locale":"de_DE","og_type":"article","og_title":"H\u00fcgelkette Cumbres de Teno - Sergio Walking Tours - Tu gu\u00eda profesional","og_description":"Unsere Tour startet mit einem anspruchsvollen Aufstieg vom h\u00f6chsten Punkt des Tals durch eine malerische Landschaft. Wir durchqueren charmante D\u00f6rfer, in denen die einheimische Bev\u00f6lkerung lebt, und lernen eine der sch\u00f6nsten Obstplantagen der Kanarischen Inseln kennen. Der weitere Weg f\u00fchrt uns auf einem alten Hirtenpfad bergauf bis zu einem Taleinschnitt, von dem aus wir eine [&hellip;]","og_url":"https:\/\/sergiowalkingtours.com\/de\/producto\/ueber-die-huegelkette-cumbres-de-teno\/","og_site_name":"Sergio Walking Tours - Tu gu\u00eda profesional","article_modified_time":"2025-03-03T17:26:44+00:00","og_image":[{"width":2560,"height":1920,"url":"https:\/\/sergiowalkingtours.com\/wp-content\/uploads\/2023\/08\/00_Foto_Portada_-Por_Las_Cumbr_de_Teno_1.jpg","type":"image\/jpeg"}],"twitter_card":"summary_large_image","twitter_misc":{"Gesch\u00e4tzte Lesezeit":"2\u00a0Minuten"},"schema":{"@context":"https:\/\/schema.org","@graph":[{"@type":"WebPage","@id":"https:\/\/sergiowalkingtours.com\/de\/producto\/ueber-die-huegelkette-cumbres-de-teno\/","url":"https:\/\/sergiowalkingtours.com\/de\/producto\/ueber-die-huegelkette-cumbres-de-teno\/","name":"H\u00fcgelkette Cumbres de Teno - Sergio Walking Tours - Tu gu\u00eda profesional","isPartOf":{"@id":"https:\/\/sergiowalkingtours.com\/de\/#website"},"primaryImageOfPage":{"@id":"https:\/\/sergiowalkingtours.com\/de\/producto\/ueber-die-huegelkette-cumbres-de-teno\/#primaryimage"},"image":{"@id":"https:\/\/sergiowalkingtours.com\/de\/producto\/ueber-die-huegelkette-cumbres-de-teno\/#primaryimage"},"thumbnailUrl":"https:\/\/sergiowalkingtours.com\/wp-content\/uploads\/2023\/08\/00_Foto_Portada_-Por_Las_Cumbr_de_Teno_1.jpg","datePublished":"2023-08-03T10:26:32+00:00","dateModified":"2025-03-03T17:26:44+00:00","breadcrumb":{"@id":"https:\/\/sergiowalkingtours.com\/de\/producto\/ueber-die-huegelkette-cumbres-de-teno\/#breadcrumb"},"inLanguage":"de","potentialAction":[{"@type":"ReadAction","target":["https:\/\/sergiowalkingtours.com\/de\/producto\/ueber-die-huegelkette-cumbres-de-teno\/"]}]},{"@type":"ImageObject","inLanguage":"de","@id":"https:\/\/sergiowalkingtours.com\/de\/producto\/ueber-die-huegelkette-cumbres-de-teno\/#primaryimage","url":"https:\/\/sergiowalkingtours.com\/wp-content\/uploads\/2023\/08\/00_Foto_Portada_-Por_Las_Cumbr_de_Teno_1.jpg","contentUrl":"https:\/\/sergiowalkingtours.com\/wp-content\/uploads\/2023\/08\/00_Foto_Portada_-Por_Las_Cumbr_de_Teno_1.jpg","width":2560,"height":1920},{"@type":"BreadcrumbList","@id":"https:\/\/sergiowalkingtours.com\/de\/producto\/ueber-die-huegelkette-cumbres-de-teno\/#breadcrumb","itemListElement":[{"@type":"ListItem","position":1,"name":"Home","item":"https:\/\/sergiowalkingtours.com\/de\/"},{"@type":"ListItem","position":2,"name":"Shop","item":"https:\/\/sergiowalkingtours.com\/de\/shop\/"},{"@type":"ListItem","position":3,"name":"H\u00fcgelkette Cumbres de Teno"}]},{"@type":"WebSite","@id":"https:\/\/sergiowalkingtours.com\/de\/#website","url":"https:\/\/sergiowalkingtours.com\/de\/","name":"Sergio Walking Tours - Tu gu\u00eda profesional","description":"See Tenerife through the eyes of a local","potentialAction":[{"@type":"SearchAction","target":{"@type":"EntryPoint","urlTemplate":"https:\/\/sergiowalkingtours.com\/de\/?s={search_term_string}"},"query-input":{"@type":"PropertyValueSpecification","valueRequired":true,"valueName":"search_term_string"}}],"inLanguage":"de"}]}},"_links":{"self":[{"href":"https:\/\/sergiowalkingtours.com\/de\/wp-json\/wp\/v2\/product\/2259","targetHints":{"allow":["GET"]}}],"collection":[{"href":"https:\/\/sergiowalkingtours.com\/de\/wp-json\/wp\/v2\/product"}],"about":[{"href":"https:\/\/sergiowalkingtours.com\/de\/wp-json\/wp\/v2\/types\/product"}],"wp:featuredmedia":[{"embeddable":true,"href":"https:\/\/sergiowalkingtours.com\/de\/wp-json\/wp\/v2\/media\/2800"}],"wp:attachment":[{"href":"https:\/\/sergiowalkingtours.com\/de\/wp-json\/wp\/v2\/media?parent=2259"}],"wp:term":[{"taxonomy":"product_brand","embeddable":true,"href":"https:\/\/sergiowalkingtours.com\/de\/wp-json\/wp\/v2\/product_brand?post=2259"},{"taxonomy":"product_cat","embeddable":true,"href":"https:\/\/sergiowalkingtours.com\/de\/wp-json\/wp\/v2\/product_cat?post=2259"},{"taxonomy":"product_tag","embeddable":true,"href":"https:\/\/sergiowalkingtours.com\/de\/wp-json\/wp\/v2\/product_tag?post=2259"}],"curies":[{"name":"wp","href":"https:\/\/api.w.org\/{rel}","templated":true}]}}