{"id":2013,"date":"2023-07-24T09:53:06","date_gmt":"2023-07-24T09:53:06","guid":{"rendered":"https:\/\/walkingtours.e2w.es\/datenschutzbestimmungen\/"},"modified":"2023-08-22T08:12:49","modified_gmt":"2023-08-22T08:12:49","slug":"datenschutzbestimmungen","status":"publish","type":"page","link":"https:\/\/sergiowalkingtours.com\/de\/datenschutzbestimmungen\/","title":{"rendered":"Datenschutzbestimmungen"},"content":{"rendered":"<p>[et_pb_section fb_built=&#8220;1&#8243; _builder_version=&#8220;4.21.0&#8243; _module_preset=&#8220;default&#8220; global_colors_info=&#8220;{}&#8220; theme_builder_area=&#8220;post_content&#8220;][et_pb_row _builder_version=&#8220;4.21.0&#8243; _module_preset=&#8220;default&#8220; global_colors_info=&#8220;{}&#8220; theme_builder_area=&#8220;post_content&#8220;][et_pb_column type=&#8220;4_4&#8243; _builder_version=&#8220;4.21.0&#8243; _module_preset=&#8220;default&#8220; global_colors_info=&#8220;{}&#8220; theme_builder_area=&#8220;post_content&#8220;][et_pb_post_title meta=&#8220;off&#8220; featured_image=&#8220;off&#8220; _builder_version=&#8220;4.21.0&#8243; _module_preset=&#8220;default&#8220; global_colors_info=&#8220;{}&#8220; theme_builder_area=&#8220;post_content&#8220;][\/et_pb_post_title][et_pb_text _builder_version=&#8220;4.21.0&#8243; _module_preset=&#8220;default&#8220; text_font=&#8220;|300|||||||&#8220; global_colors_info=&#8220;{}&#8220; theme_builder_area=&#8220;post_content&#8220;]<\/p>\n<div class=\"et_pb_module et_pb_text et_pb_text_0 et_pb_text_align_left et_pb_bg_layout_light\">\n<p>Grundlegende Informationen zum Datenschutz<\/p>\n<table style=\"height: 186px;\">\n<tbody>\n<tr style=\"height: 23px;\">\n<td style=\"height: 23px; width: 162.797px;\"><b>Verantwortlich<\/b><\/td>\n<td style=\"height: 23px; width: 663.203px;\">\n<div>\n<div><b>Sergio Flores Menendez<\/b><\/div>\n<\/div>\n<\/td>\n<\/tr>\n<tr style=\"height: 23px;\">\n<td style=\"height: 23px; width: 162.797px;\"><b>Zweck<\/b><\/td>\n<td style=\"height: 23px; width: 663.203px;\">Bearbeitung von Anfragen, die \u00fcber die Website gestellt werden, und Verwaltung der \u00dcbermittlung von Informationen<\/td>\n<\/tr>\n<tr style=\"height: 23px;\">\n<td style=\"height: 23px; width: 162.797px;\"><b>Legitimation<\/b><\/td>\n<td style=\"height: 23px; width: 663.203px;\">Einwilligung der betroffenen Person und Abschluss eines Vorvertrags\/Vertrags<\/td>\n<\/tr>\n<tr style=\"height: 47px;\">\n<td style=\"height: 47px; width: 162.797px;\"><b>Adressaten<\/b><\/td>\n<td style=\"height: 47px; width: 663.203px;\">Es werden keine Daten an Dritte weitergegeben, es sei denn, dies ist gesetzlich vorgeschrieben oder f\u00fcr die Bearbeitung Ihrer Anfrage notwendig.<\/td>\n<\/tr>\n<tr style=\"height: 47px;\">\n<td style=\"height: 47px; width: 162.797px;\"><b>Rechte<\/b><\/td>\n<td style=\"height: 47px; width: 663.203px;\">Sie k\u00f6nnen Ihre Rechte auf Auskunft, Berichtigung, L\u00f6schung und Widerspruch, Einschr\u00e4nkung der Verarbeitung, Daten\u00fcbertragbarkeit und das Recht, keinen automatisierten Einzelentscheidungen unterworfen zu werden, aus\u00fcben.<\/td>\n<\/tr>\n<tr style=\"height: 23px;\">\n<td style=\"height: 23px; width: 162.797px;\"><b>Zus\u00e4tzliche Informationen<\/b><\/td>\n<td style=\"height: 23px; width: 663.203px;\">Weitere Informationen zum Datenschutz finden Sie auf unserer Website.<\/td>\n<\/tr>\n<\/tbody>\n<\/table>\n<p class=\"et_pb_text_inner\"><b>Sergio Flores Menendez<\/b>verpflichtet sich im Folgenden, bei der Verarbeitung personenbezogener Daten die geltenden Rechtsvorschriften jederzeit einzuhalten. Mittels der folgenden Datenschutzrichtlinie  <b>Sergio Flores Menendez<\/b>in \u00dcbereinstimmung mit den Anforderungen der GDPR informiert die Nutzer \u00fcber:<\/p>\n<h2>1 Wer ist der f\u00fcr die Datenverarbeitung Verantwortliche?<\/h2>\n<p>Der Verantwortliche f\u00fcr die Verarbeitung Ihrer Daten ist  <b>Sergio Flores Menendez<\/b><\/p>\n<table style=\"width: 100%;\">\n<tbody>\n<tr>\n<td style=\"width: 73px;\"><b>Identit\u00e4t<\/b><\/td>\n<td style=\"width: 292px;\"><b>Sergio Flores Menendez<\/b>  &#8211;  <strong>51377086P<\/strong><\/td>\n<\/tr>\n<tr>\n<td style=\"width: 73px;\"><b>Adresse<\/b><\/td>\n<td style=\"width: 292px;\"><strong>Calle los Molinos 15, 38480 Buenavista del Norte<\/strong><\/td>\n<\/tr>\n<tr>\n<td style=\"width: 73px;\"><b>Telefon<\/b><\/td>\n<td style=\"width: 292px;\"><strong>+34 608 630 552<\/strong><\/td>\n<\/tr>\n<tr>\n<td style=\"width: 73px;\"><b>Web<\/b><\/td>\n<td style=\"width: 292px;\"><strong>sergiowalkingtours.com<\/strong><\/td>\n<\/tr>\n<tr>\n<td style=\"width: 73px;\"><b>E-Mail<\/b><\/td>\n<td style=\"width: 292px;\"><strong>info@sergiowalkingtours.com<\/strong><\/td>\n<\/tr>\n<\/tbody>\n<\/table>\n<p><b>sergiowalkingtours.com<\/b>  informiert den Nutzer dar\u00fcber, dass die Daten, die er durch das Surfen auf unserer Website, das Kontaktformular oder das Versenden von E-Mails angibt, verarbeitet werden von  <b>sergiowalkingtours.com<\/b>  und dass diese Verarbeitung in das Register der Verarbeitungst\u00e4tigkeiten aufgenommen wird, das von  <b>sergiowalkingtours.com<\/b>  im Einklang mit den Bestimmungen der Datenschutz-Grundverordnung.<\/p>\n<h2>2. wof\u00fcr werden Ihre pers\u00f6nlichen Daten verwendet?<\/h2>\n<p>Unter  <b>sergiowalkingtours.com<\/b>  Wenn Sie unserer Datenschutzerkl\u00e4rung zustimmen, erkl\u00e4ren Sie sich damit einverstanden, dass wir die uns zur Verf\u00fcgung gestellten personenbezogenen Daten verwenden und verarbeiten:<\/p>\n<p>Um Ihnen Informationen zukommen zu lassen und Ihnen den Service zu bieten, den Sie \u00fcber die verschiedenen Formulare auf unserer Website angefordert haben (Kontakt, Arbeiten Sie mit uns&#8230;).<\/p>\n<p>Um Ihnen Informationen \u00fcber die gew\u00fcnschten Angebote, Produkte und Dienstleistungen zukommen zu lassen.<\/p>\n<p>Gelegentlich,  <b>sergiowalkingtours.com<\/b>  kann Ihre personenbezogenen Daten verwenden, um Ihnen Benachrichtigungen per E-Mail zuzusenden. Solche Mitteilungen erfolgen, um Sie \u00fcber \u00c4nderungen an unseren Dienstleistungen oder Produkten oder an unseren Richtlinien oder rechtlichen Bestimmungen zu informieren.<\/p>\n<p>Um Ihnen kommerzielle Mitteilungen \u00fcber Angebote, Aktivit\u00e4ten und Werbeaktionen von  <b>sergiowalkingtours.com<\/b>  und Brancheninformationen, die f\u00fcr Sie von Interesse sein k\u00f6nnten, auf konventionellem oder elektronischem Weg, wenn Sie das K\u00e4stchen angekreuzt haben, dass Sie Informationen erhalten m\u00f6chten.<\/p>\n<h2>3. welche Berechtigung besteht f\u00fcr die Verarbeitung Ihrer Daten?<\/h2>\n<p>Legitimation f\u00fcr die Verarbeitung Ihrer Daten durch  <b>sergiowalkingtours.com<\/b>  basiert auf:<\/p>\n<p>Die Zustimmung des Nutzers zum Erhalt kommerzieller Mitteilungen \u00fcber die Angebote, Aktivit\u00e4ten und Werbeaktionen von  <b>sergiowalkingtours.com<\/b>  und Sektor, die f\u00fcr Sie von Interesse sein k\u00f6nnten. Der Nutzer kann die erteilte Einwilligung jederzeit widerrufen.<\/p>\n<h2>4. wie lange speichern wir Ihre Daten?<\/h2>\n<p>Die Daten f\u00fcr die Zusendung von Informationen oder die Erbringung von Dienstleistungen, die Sie \u00fcber die verschiedenen Formulare auf unserer Website anfordern, werden so lange gespeichert, wie das Vertragsverh\u00e4ltnis besteht, und nach dessen Beendigung f\u00fcr die Dauer der gesetzlichen Verj\u00e4hrungsfrist.<\/p>\n<p>\u00dcber die Aufbewahrungsdauer von Cookies k\u00f6nnen Sie sich auf unserer Website im Abschnitt &#8222;Cookies Policy&#8220; informieren.<\/p>\n<h2>5 Welche Art von Daten verarbeiten wir von unseren Nutzern?<\/h2>\n<p><b>sergiowalkingtours.com<\/b>  verarbeitet die folgenden Kategorien von Daten:<\/p>\n<p>Daten von Nutzern, die eines der verf\u00fcgbaren Formulare ausf\u00fcllen: Die personenbezogenen Daten, die von Nutzern, die eines der verf\u00fcgbaren Formulare ausf\u00fcllen: Die personenbezogenen Daten, die von Nutzern, die eines der verf\u00fcgbaren Formulare ausf\u00fcllen: Die personenbezogenen Daten, die  <b>sergiowalkingtours.com<\/b>  Anfragen umfassen:<br \/>\nIdentifizierungsdaten: Vor- und Nachname, Telefon, Postanschrift und E-Mail-Adresse.<\/p>\n<p>Nur Personen, die \u00fcber 16 Jahre alt sind, k\u00f6nnen \u00fcber unsere Website Daten eingeben. Wenn Sie minderj\u00e4hrig sind, m\u00fcssen Sie die Zustimmung Ihrer Eltern oder Erziehungsberechtigten einholen.<\/p>\n<p>Der Nutzer garantiert die Authentizit\u00e4t und Aktualit\u00e4t aller Daten, die er an  <b>sergiowalkingtours.com<\/b>  und erkl\u00e4rt, dass er\/sie \u00fcber 16 Jahre alt ist und die alleinige Verantwortung f\u00fcr etwaige falsche oder ungenaue Angaben tr\u00e4gt, die er\/sie macht.<\/p>\n<p>Die personenbezogenen Daten, die von  <b>sergiowalkingtours.com<\/b>  kann obligatorisch oder freiwillig sein.<\/p>\n<p>Freiwillige Angaben sind Informationen, die der Nutzer nicht angeben muss, um mit uns in Kontakt zu treten.<\/p>\n<p>Die mit einem Sternchen (*) oder mit dem Wort (erforderlich) gekennzeichneten Felder in unseren Formularen sind obligatorisch; die Verweigerung, sie auszuf\u00fcllen, bedeutet, dass wir nicht in der Lage sind, Ihnen die Dienstleistung zu erbringen oder Ihre Anfrage zu bearbeiten.<\/p>\n<p>F\u00fcr den Fall, dass Sie uns Daten von Dritten zur Verf\u00fcgung stellen, erkl\u00e4ren Sie, dass Sie deren Zustimmung haben und verpflichten sich, die in dieser Klausel genannten Informationen an diese weiterzugeben, mit Ausnahme von  <b>sergiowalkingtours.com<\/b>  von jeder Art von Verpflichtung. Dennoch  <b>sergiowalkingtours.com<\/b>  kann \u00fcberpr\u00fcfen, ob der Dritte informiert wurde, indem er die in den Datenschutzvorschriften vorgesehenen Sorgfaltsma\u00dfnahmen ergreift.<\/p>\n<h2>6) An welche Empf\u00e4nger werden Ihre Daten weitergegeben?<\/h2>\n<p>Eine Weitergabe der Daten an Dritte erfolgt nicht, es sei denn, wir sind dazu gesetzlich verpflichtet oder es ist zur Bearbeitung Ihrer Anfrage erforderlich.<\/p>\n<h2>7 Welche Rechte haben Sie und wie k\u00f6nnen Sie sie aus\u00fcben?<\/h2>\n<p>Der Nutzer kann die folgenden Rechte aus\u00fcben gegen\u00fcber  <b>sergiowalkingtours.com<\/b>:<\/p>\n<ol>\n<li>Zugang zu Ihren pers\u00f6nlichen Daten<\/li>\n<li>sie zu berichtigen, wenn sie ungenau oder unvollst\u00e4ndig sind<\/li>\n<li>die L\u00f6schung oder Streichung von Daten zu verlangen, wenn sie unter anderem f\u00fcr die Zwecke, f\u00fcr die sie erhoben wurden, nicht mehr erforderlich sind.<\/li>\n<li>Ihre Behandlung ablehnen<\/li>\n<li>die Einschr\u00e4nkung der Verarbeitung ihrer Daten zu verlangen, wenn eine der in der Verordnung vorgesehenen Bedingungen erf\u00fcllt ist.<\/li>\n<li>die \u00dcbertragbarkeit Ihrer Daten in den in der Verordnung vorgesehenen F\u00e4llen zu beantragen.<\/li>\n<li>Automatisierte Entscheidungen verhindern<\/li>\n<li>Widerruf erteilter Einwilligungen<\/li>\n<\/ol>\n<p>Um ihre Rechte geltend zu machen, m\u00fcssen die Nutzer ein Schreiben schicken, in dem sie das Recht angeben, das sie aus\u00fcben m\u00f6chten, und ein Dokument beif\u00fcgen, das ihre Identit\u00e4t und eine Post- oder E-Mail-Adresse f\u00fcr Benachrichtigungszwecke best\u00e4tigt. Dieser Antrag kann entweder durch:<\/p>\n<p>Einsendung per Post an:  <b>Sergio Flores Menendez<\/b>  &#8211;  <b>Calle los Molinos 15, 38480 Buenavista del Norte<\/b>.<br \/>\nVersand an die folgende E-Mail Adresse:  <b>info@sergiowalkingtours.com<\/b>.<\/p>\n<p><b>sergiowalkingtours.com<\/b>  beantwortet den Antrag auf Aus\u00fcbung der Rechte innerhalb eines Monats nach Eingang des Antrags. Diese Frist kann unter Ber\u00fccksichtigung der Komplexit\u00e4t und der Zahl der Antr\u00e4ge gegebenenfalls um weitere zwei Monate verl\u00e4ngert werden. Wir werden Sie innerhalb eines Monats nach Eingang des Antrags unter Angabe der Gr\u00fcnde f\u00fcr die Verz\u00f6gerung \u00fcber die Verl\u00e4ngerung informieren.<\/p>\n<p>Ebenso haben die betroffenen Personen das Recht, sich bei der zust\u00e4ndigen Kontrollbeh\u00f6rde (Spanische Datenschutzagentur) zu beschweren, wenn sie der Ansicht sind, dass  <b>sergiowalkingtours.com<\/b>  ihre datenschutzrechtlichen Rechte verletzt hat: www.agpd.es.<\/p>\n<h2>8. sind meine Daten sicher?<\/h2>\n<p><b>sergiowalkingtours.com<\/b>  hat einen Vertrag mit dem Hosting-Unternehmen IONOS Cloud, S.L.U. f\u00fcr das Hosting seiner Website abgeschlossen. Es handelt sich um ein europ\u00e4isches Unternehmen, das \u00fcber die modernsten Systeme f\u00fcr Sicherheitsma\u00dfnahmen verf\u00fcgt.<\/p>\n<p><b>sergiowalkingtours.com<\/b>  garantiert, dass geeignete Ma\u00dfnahmen ergriffen werden, um die vertrauliche Behandlung Ihrer Daten in Anbetracht ihres vertraulichen Charakters zu gew\u00e4hrleisten.<\/p>\n<p><b>sergiowalkingtours.com<\/b>  verpflichtet sich, diese Daten geheim zu halten und sie mit gr\u00f6\u00dfter Vertraulichkeit zu behandeln, und erkl\u00e4rt, in seinem Informationssystem die der Art der behandelten Daten entsprechenden Sicherheitsma\u00dfnahmen gem\u00e4\u00df den Bestimmungen der VERORDNUNG (EU) 2016\/679 DES EUROP\u00c4ISCHEN PARLAMENTS UND DES RATES vom 27. April 2016 zum Schutz nat\u00fcrlicher Personen bei der Verarbeitung personenbezogener Daten und zum freien Datenverkehr (GDPR) umgesetzt zu haben.<\/p>\n<p>Alle \u00fcber unsere Plattform bereitgestellten Daten werden \u00fcber ein sicheres Protokoll \u00fcbertragen. Unsere Website verf\u00fcgt \u00fcber ein SSL-Zertifikat, mit dem eine verschl\u00fcsselte Verbindung hergestellt werden kann, wenn ein Benutzer unsere Website besucht und Informationen mit uns austauscht.<\/p>\n<h2>9. Links zu anderen Websites<\/h2>\n<p>Wenn Sie unsere Website \u00fcber Links zu anderen, nicht zu uns geh\u00f6renden Websites verlassen,  <b>sergiowalkingtours.com<\/b>  ist nicht verantwortlich f\u00fcr die Datenschutzrichtlinien dieser Websites oder f\u00fcr die Cookies, die sie m\u00f6glicherweise auf dem Computer des Nutzers speichern.<\/p>\n<\/div>\n<p>[\/et_pb_text][\/et_pb_column][\/et_pb_row][\/et_pb_section]<\/p>\n","protected":false},"excerpt":{"rendered":"<p>Grundlegende Informationen zum Datenschutz Verantwortlich Sergio Flores Menendez Zweck Bearbeitung von Anfragen, die \u00fcber die Website gestellt werden, und Verwaltung der \u00dcbermittlung von Informationen Legitimation Einwilligung der betroffenen Person und Abschluss eines Vorvertrags\/Vertrags Adressaten Es werden keine Daten an Dritte weitergegeben, es sei denn, dies ist gesetzlich vorgeschrieben oder f\u00fcr die Bearbeitung Ihrer Anfrage notwendig. Rechte Sie [&hellip;]<\/p>\n","protected":false},"author":1,"featured_media":0,"parent":0,"menu_order":0,"comment_status":"closed","ping_status":"closed","template":"","meta":{"_acf_changed":false,"_et_pb_use_builder":"on","_et_pb_old_content":"","_et_gb_content_width":"","footnotes":""},"difl_page_category":[],"class_list":["post-2013","page","type-page","status-publish","hentry"],"acf":[],"yoast_head":"<!-- This site is optimized with the Yoast SEO plugin v27.3 - https:\/\/yoast.com\/product\/yoast-seo-wordpress\/ -->\n<title>Datenschutzbestimmungen - Sergio Walking Tours - Tu gu\u00eda profesional<\/title>\n<meta name=\"description\" content=\"See Tenerife through the eyes of a local\" \/>\n<meta name=\"robots\" content=\"index, follow, max-snippet:-1, max-image-preview:large, max-video-preview:-1\" \/>\n<link rel=\"canonical\" href=\"https:\/\/sergiowalkingtours.com\/de\/datenschutzbestimmungen\/\" \/>\n<meta property=\"og:locale\" content=\"de_DE\" \/>\n<meta property=\"og:type\" content=\"article\" \/>\n<meta property=\"og:title\" content=\"Datenschutzbestimmungen - Sergio Walking Tours - Tu gu\u00eda profesional\" \/>\n<meta property=\"og:description\" content=\"See Tenerife through the eyes of a local\" \/>\n<meta property=\"og:url\" content=\"https:\/\/sergiowalkingtours.com\/de\/datenschutzbestimmungen\/\" \/>\n<meta property=\"og:site_name\" content=\"Sergio Walking Tours - Tu gu\u00eda profesional\" \/>\n<meta property=\"article:modified_time\" content=\"2023-08-22T08:12:49+00:00\" \/>\n<meta property=\"og:image\" content=\"https:\/\/sergiowalkingtours.com\/wp-content\/uploads\/2023\/09\/portada.jpg\" \/>\n\t<meta property=\"og:image:width\" content=\"1200\" \/>\n\t<meta property=\"og:image:height\" content=\"675\" \/>\n\t<meta property=\"og:image:type\" content=\"image\/jpeg\" \/>\n<meta name=\"twitter:card\" content=\"summary_large_image\" \/>\n<meta name=\"twitter:label1\" content=\"Gesch\u00e4tzte Lesezeit\" \/>\n\t<meta name=\"twitter:data1\" content=\"7\u00a0Minuten\" \/>\n<script type=\"application\/ld+json\" class=\"yoast-schema-graph\">{\"@context\":\"https:\\\/\\\/schema.org\",\"@graph\":[{\"@type\":\"WebPage\",\"@id\":\"https:\\\/\\\/sergiowalkingtours.com\\\/de\\\/datenschutzbestimmungen\\\/\",\"url\":\"https:\\\/\\\/sergiowalkingtours.com\\\/de\\\/datenschutzbestimmungen\\\/\",\"name\":\"Datenschutzbestimmungen - Sergio Walking Tours - Tu gu\u00eda profesional\",\"isPartOf\":{\"@id\":\"https:\\\/\\\/sergiowalkingtours.com\\\/de\\\/#website\"},\"datePublished\":\"2023-07-24T09:53:06+00:00\",\"dateModified\":\"2023-08-22T08:12:49+00:00\",\"description\":\"See Tenerife through the eyes of a local\",\"breadcrumb\":{\"@id\":\"https:\\\/\\\/sergiowalkingtours.com\\\/de\\\/datenschutzbestimmungen\\\/#breadcrumb\"},\"inLanguage\":\"de\",\"potentialAction\":[{\"@type\":\"ReadAction\",\"target\":[\"https:\\\/\\\/sergiowalkingtours.com\\\/de\\\/datenschutzbestimmungen\\\/\"]}]},{\"@type\":\"BreadcrumbList\",\"@id\":\"https:\\\/\\\/sergiowalkingtours.com\\\/de\\\/datenschutzbestimmungen\\\/#breadcrumb\",\"itemListElement\":[{\"@type\":\"ListItem\",\"position\":1,\"name\":\"Home\",\"item\":\"https:\\\/\\\/sergiowalkingtours.com\\\/de\\\/\"},{\"@type\":\"ListItem\",\"position\":2,\"name\":\"Datenschutzbestimmungen\"}]},{\"@type\":\"WebSite\",\"@id\":\"https:\\\/\\\/sergiowalkingtours.com\\\/de\\\/#website\",\"url\":\"https:\\\/\\\/sergiowalkingtours.com\\\/de\\\/\",\"name\":\"Sergio Walking Tours - Tu gu\u00eda profesional\",\"description\":\"See Tenerife through the eyes of a local\",\"potentialAction\":[{\"@type\":\"SearchAction\",\"target\":{\"@type\":\"EntryPoint\",\"urlTemplate\":\"https:\\\/\\\/sergiowalkingtours.com\\\/de\\\/?s={search_term_string}\"},\"query-input\":{\"@type\":\"PropertyValueSpecification\",\"valueRequired\":true,\"valueName\":\"search_term_string\"}}],\"inLanguage\":\"de\"}]}<\/script>\n<!-- \/ Yoast SEO plugin. -->","yoast_head_json":{"title":"Datenschutzbestimmungen - Sergio Walking Tours - Tu gu\u00eda profesional","description":"See Tenerife through the eyes of a local","robots":{"index":"index","follow":"follow","max-snippet":"max-snippet:-1","max-image-preview":"max-image-preview:large","max-video-preview":"max-video-preview:-1"},"canonical":"https:\/\/sergiowalkingtours.com\/de\/datenschutzbestimmungen\/","og_locale":"de_DE","og_type":"article","og_title":"Datenschutzbestimmungen - Sergio Walking Tours - Tu gu\u00eda profesional","og_description":"See Tenerife through the eyes of a local","og_url":"https:\/\/sergiowalkingtours.com\/de\/datenschutzbestimmungen\/","og_site_name":"Sergio Walking Tours - Tu gu\u00eda profesional","article_modified_time":"2023-08-22T08:12:49+00:00","og_image":[{"width":1200,"height":675,"url":"https:\/\/sergiowalkingtours.com\/wp-content\/uploads\/2023\/09\/portada.jpg","type":"image\/jpeg"}],"twitter_card":"summary_large_image","twitter_misc":{"Gesch\u00e4tzte Lesezeit":"7\u00a0Minuten"},"schema":{"@context":"https:\/\/schema.org","@graph":[{"@type":"WebPage","@id":"https:\/\/sergiowalkingtours.com\/de\/datenschutzbestimmungen\/","url":"https:\/\/sergiowalkingtours.com\/de\/datenschutzbestimmungen\/","name":"Datenschutzbestimmungen - Sergio Walking Tours - Tu gu\u00eda profesional","isPartOf":{"@id":"https:\/\/sergiowalkingtours.com\/de\/#website"},"datePublished":"2023-07-24T09:53:06+00:00","dateModified":"2023-08-22T08:12:49+00:00","description":"See Tenerife through the eyes of a local","breadcrumb":{"@id":"https:\/\/sergiowalkingtours.com\/de\/datenschutzbestimmungen\/#breadcrumb"},"inLanguage":"de","potentialAction":[{"@type":"ReadAction","target":["https:\/\/sergiowalkingtours.com\/de\/datenschutzbestimmungen\/"]}]},{"@type":"BreadcrumbList","@id":"https:\/\/sergiowalkingtours.com\/de\/datenschutzbestimmungen\/#breadcrumb","itemListElement":[{"@type":"ListItem","position":1,"name":"Home","item":"https:\/\/sergiowalkingtours.com\/de\/"},{"@type":"ListItem","position":2,"name":"Datenschutzbestimmungen"}]},{"@type":"WebSite","@id":"https:\/\/sergiowalkingtours.com\/de\/#website","url":"https:\/\/sergiowalkingtours.com\/de\/","name":"Sergio Walking Tours - Tu gu\u00eda profesional","description":"See Tenerife through the eyes of a local","potentialAction":[{"@type":"SearchAction","target":{"@type":"EntryPoint","urlTemplate":"https:\/\/sergiowalkingtours.com\/de\/?s={search_term_string}"},"query-input":{"@type":"PropertyValueSpecification","valueRequired":true,"valueName":"search_term_string"}}],"inLanguage":"de"}]}},"_links":{"self":[{"href":"https:\/\/sergiowalkingtours.com\/de\/wp-json\/wp\/v2\/pages\/2013","targetHints":{"allow":["GET"]}}],"collection":[{"href":"https:\/\/sergiowalkingtours.com\/de\/wp-json\/wp\/v2\/pages"}],"about":[{"href":"https:\/\/sergiowalkingtours.com\/de\/wp-json\/wp\/v2\/types\/page"}],"author":[{"embeddable":true,"href":"https:\/\/sergiowalkingtours.com\/de\/wp-json\/wp\/v2\/users\/1"}],"replies":[{"embeddable":true,"href":"https:\/\/sergiowalkingtours.com\/de\/wp-json\/wp\/v2\/comments?post=2013"}],"version-history":[{"count":3,"href":"https:\/\/sergiowalkingtours.com\/de\/wp-json\/wp\/v2\/pages\/2013\/revisions"}],"predecessor-version":[{"id":2019,"href":"https:\/\/sergiowalkingtours.com\/de\/wp-json\/wp\/v2\/pages\/2013\/revisions\/2019"}],"wp:attachment":[{"href":"https:\/\/sergiowalkingtours.com\/de\/wp-json\/wp\/v2\/media?parent=2013"}],"wp:term":[{"taxonomy":"difl_page_category","embeddable":true,"href":"https:\/\/sergiowalkingtours.com\/de\/wp-json\/wp\/v2\/difl_page_category?post=2013"}],"curies":[{"name":"wp","href":"https:\/\/api.w.org\/{rel}","templated":true}]}}