{"id":1995,"date":"2023-07-24T09:55:34","date_gmt":"2023-07-24T09:55:34","guid":{"rendered":"https:\/\/walkingtours.e2w.es\/rechtlicher-hinweis\/"},"modified":"2023-09-12T08:21:32","modified_gmt":"2023-09-12T08:21:32","slug":"rechtlicher-hinweis","status":"publish","type":"page","link":"https:\/\/sergiowalkingtours.com\/de\/rechtlicher-hinweis\/","title":{"rendered":"Rechtlicher Hinweis"},"content":{"rendered":"<p>[et_pb_section fb_built=&#8220;1&#8243; _builder_version=&#8220;4.21.0&#8243; _module_preset=&#8220;default&#8220; global_colors_info=&#8220;{}&#8220;][et_pb_row _builder_version=&#8220;4.21.0&#8243; _module_preset=&#8220;default&#8220; global_colors_info=&#8220;{}&#8220;][et_pb_column type=&#8220;4_4&#8243; _builder_version=&#8220;4.21.0&#8243; _module_preset=&#8220;default&#8220; global_colors_info=&#8220;{}&#8220;][et_pb_post_title meta=&#8220;off&#8220; featured_image=&#8220;off&#8220; _builder_version=&#8220;4.21.0&#8243; _module_preset=&#8220;default&#8220; global_colors_info=&#8220;{}&#8220;][\/et_pb_post_title][et_pb_text _builder_version=&#8220;4.21.0&#8243; _module_preset=&#8220;default&#8220; global_colors_info=&#8220;{}&#8220;]<\/p>\n<h3>Zweck und Akzeptanz<\/h3>\n<p>Der vorliegende rechtliche Hinweis regelt die Nutzung der Website:  <b>sergiowalkingtours.com<\/b><\/p>\n<p>Die Website <b><br \/>\n  sergiowalkingtours.com<br \/>\n<\/b> stellt Dienste zur Verf\u00fcgung, deren Hauptzweck darin besteht, den Kontakt zwischen den Nutzern und dem Unternehmen zu erm\u00f6glichen, entweder um mit uns in Kontakt zu treten oder um Angebote anzufordern.<\/p>\n<p>Der Besuch der Website <b><br \/>\n  sergiowalkingtours.com<br \/>\n<\/b> ist die Bedingung f\u00fcr die Nutzung derselben und impliziert die vollst\u00e4ndige und vorbehaltlose Annahme aller in diesem rechtlichen Hinweis enthaltenen Bestimmungen, die \u00c4nderungen unterliegen k\u00f6nnen.<\/p>\n<p>Der Nutzer verpflichtet sich, die Website in \u00dcbereinstimmung mit dem Gesetz, Treu und Glauben, der \u00f6ffentlichen Ordnung, dem Verkehrsgebrauch und diesem rechtlichen Hinweis zu nutzen. Der Nutzer haftet f\u00fcr  <b>sergiowalkingtours.com<\/b>  und gegen Dritte f\u00fcr alle Sch\u00e4den, die infolge der Nichteinhaltung dieser Verpflichtung entstehen.<\/p>\n<p>&nbsp;<\/p>\n<hr>\n<h3> <\/h3>\n<h3>2. das Eigentum an der Website und die Identit\u00e4t des Anbieters von Diensten der Informationsgesellschaft<\/h3>\n<p>Um dem Grundsatz der allgemeinen Information gem\u00e4\u00df Artikel 10 des Gesetzes 34\/2002 vom 11. Juli \u00fcber die Dienste der Informationsgesellschaft und den elektronischen Gesch\u00e4ftsverkehr zu entsprechen, informieren wir unsere Nutzer, dass diese Website zu <strong><br \/>\n  Sergio Flores Menendez<br \/>\n<\/strong> mit DNI\/CIF: <strong>51377086P geh\u00f6rt.<\/strong><\/p>\n<ul>\n<li><b>Adresse:<\/b> <b>Calle los Molinos 15, 38480 Buenavista del Norte<\/b><\/li>\n<li><b>E-Mail:<\/b> <b>info@sergiowalkingtours.com<\/b><\/li>\n<li><b>Telefon:<\/b> <b>+34 608 630 552<\/b><\/li>\n<li><b>Web gehostet von:<\/b> <b>IONOS Cloud S.L.U.<\/b><\/li>\n<\/ul>\n<p>&nbsp;<\/p>\n<hr>\n<h3> <\/h3>\n<h3>3. Allgemeine Bedingungen f\u00fcr Zugang und Nutzung<\/h3>\n<p>Der Zugang zur Website und ihren Diensten ist kostenlos, allerdings ist die Nutzung bestimmter Bereiche oder Dienste an das Ausf\u00fcllen von Datenerfassungsformularen gebunden. Nur Personen \u00fcber 18 Jahre d\u00fcrfen \u00fcber unsere Website Daten \u00fcbermitteln, und Kinder unter 16 Jahren d\u00fcrfen ohne die Zustimmung eines Elternteils oder Erziehungsberechtigten keine Daten \u00fcbermitteln.<\/p>\n<p>Der Nutzer garantiert die Echtheit und Aktualit\u00e4t aller Daten, die er an <b><br \/>\n  sergiowalkingtours.com<br \/>\n<\/b> zur Verf\u00fcgung gestellten Daten und tr\u00e4gt die alleinige Verantwortung f\u00fcr etwaige falsche oder ungenaue Angaben.<\/p>\n<p><b>sergiowalkingtours.com<\/b>  hat die folgenden Arten von Benutzern:<\/p>\n<p>Nutzer, die Daten in eines der verf\u00fcgbaren Formulare eingeben: Die angeforderten personenbezogenen Daten umfassen den Namen und die E-Mail-Adresse sowie diejenigen, die der Nutzer beim Ausf\u00fcllen der Formulare angibt. <b><br \/>\n  sergiowalkingtours.com<br \/>\n<\/b> Die angeforderten personenbezogenen Daten umfassen den Namen und die E-Mail-Adresse sowie diejenigen, die der Nutzer beim Ausf\u00fcllen der Formulare angegeben hat.<\/p>\n<p>Nutzer, die sich nicht gemeldet haben <b><br \/>\n  sergiowalkingtours.com<br \/>\n<\/b> von denen aber Daten gesammelt werden: Durch Cookies bereitgestellte Daten<\/p>\n<p>Nutzer, die uns ihren Lebenslauf \u00fcber den daf\u00fcr vorgesehenen Bereich auf unserer Website \u00fcbermitteln.<\/p>\n<p>&nbsp;<\/p>\n<hr>\n<h4> <\/h4>\n<h4>3.1. Regeln und Verbote f\u00fcr die Nutzer unserer Dienste<\/h4>\n<p>Der Nutzer verpflichtet sich ausdr\u00fccklich, die angebotenen Inhalte und Dienste sachgerecht zu nutzen und sie nicht zu verwenden:<\/p>\n<ul>\n<li>Verbreitung von kriminellen, gewaltt\u00e4tigen, pornografischen, rassistischen, fremdenfeindlichen, beleidigenden, terroristischen Entschuldigungen oder allgemein von Inhalten, die gegen das Gesetz oder die \u00f6ffentliche Ordnung versto\u00dfen.<\/li>\n<li>Computerviren in das Netz einzuschleusen oder Handlungen vorzunehmen, die geeignet sind, elektronische Dokumente, Daten oder physische und logische Systeme von &lt;&gt;sergiowalkingtours.com oder Dritten zu ver\u00e4ndern, zu verderben, zu unterbrechen oder Fehler oder Sch\u00e4den zu verursachen; sowie den Zugang anderer Nutzer zur Website und ihren Diensten zu behindern.<\/li>\n<li>Der Versuch, sich Zugang zu gesch\u00fctzten Bereichen der Computersysteme von <b><br \/>\n  sergiowalkingtours.com<br \/>\n<\/b> oder der Computersysteme Dritter zu erlangen und gegebenenfalls Informationen zu extrahieren.<\/li>\n<li>Verletzung der Rechte an geistigem oder gewerblichem Eigentum sowie Verletzung der Vertraulichkeit von Informationen, die Dritten geh\u00f6ren. <b><br \/>\n  sergiowalkingtours.com<br \/>\n<\/b> von Dritten.<\/li>\n<li>Die Identit\u00e4t eines anderen Nutzers, einer Beh\u00f6rde oder eines Dritten vorzut\u00e4uschen.<\/li>\n<li>die Inhalte zu vervielf\u00e4ltigen, zu kopieren, zu verbreiten, zur Verf\u00fcgung zu stellen oder in sonstiger Weise \u00f6ffentlich wiederzugeben, umzuwandeln oder zu ver\u00e4ndern, es sei denn, der Inhaber der entsprechenden Rechte hat dies genehmigt oder es ist gesetzlich erlaubt.<\/li>\n<li>Daten f\u00fcr Werbezwecke zu sammeln und Werbung jeglicher Art und Mitteilungen f\u00fcr den Verkauf oder andere kommerzielle Zwecke ohne vorherige Anfrage oder Zustimmung zu versenden.<\/li>\n<\/ul>\n<p>&nbsp;<\/p>\n<hr>\n<h4> <\/h4>\n<h4>3.2. Verfahren im Falle rechtswidriger Handlungen<\/h4>\n<p>Sollte ein Nutzer oder ein Dritter der Ansicht sein, dass es Tatsachen oder Umst\u00e4nde gibt, die den rechtswidrigen Charakter der Nutzung von Inhalten und\/oder der Durchf\u00fchrung von Aktivit\u00e4ten auf den in die Website aufgenommenen oder \u00fcber die Website zug\u00e4nglichen Seiten erkennen lassen, sollte er\/sie eine Mitteilung an folgende Adresse senden  <b>sergiowalkingtours.com<\/b>  der sich ordnungsgem\u00e4\u00df identifiziert, die behaupteten Verst\u00f6\u00dfe angibt und ausdr\u00fccklich auf eigene Verantwortung erkl\u00e4rt, dass die in der Meldung gemachten Angaben richtig sind.<\/p>\n<p>&nbsp;<\/p>\n<hr>\n<h3> <\/h3>\n<h3>4. Datenschutz<\/h3>\n<p>Der Nutzer kann nachlesen, wie <b><br \/>\n  sergiowalkingtours.com<br \/>\n<\/b> Ihre Daten verwendet und welche Sicherheitsma\u00dfnahmen getroffen werden, k\u00f6nnen Sie unter dem folgenden Link nachlesen: &#8222;Datenschutzrichtlinie&#8220;.<\/p>\n<p>&nbsp;<\/p>\n<hr>\n<h3> <\/h3>\n<h3>5. Cookie-Politik<\/h3>\n<p><b>sergiowalkingtours.com<\/b>  installiert Cookies auf dem Computer des Nutzers. Um mehr \u00fcber die Cookies auf unserer Website zu erfahren, gehen Sie auf den folgenden Link: &#8222;Cookie-Richtlinie&#8220;.<\/p>\n<p>&nbsp;<\/p>\n<hr>\n<h3> <\/h3>\n<h3>6. Benachrichtigungen<\/h3>\n<p>Alle Benachrichtigungen und Mitteilungen zwischen den Nutzern und  <b>sergiowalkingtours.com<\/b>  gelten f\u00fcr alle Zwecke als wirksam, wenn sie per Post, E-Mail oder Telefon \u00fcbermittelt werden. Die Nutzer sollten sich an  <b>sergiowalkingtours.com<\/b>  mit Hilfe von:<\/p>\n<ul>\n<li>Versand per Post an die folgende Adresse: <b><br \/>\n  sergiowalkingtours.com<br \/>\n<\/b> &#8211;  Calle los Molinos 15, 38480 Buenavista del Norte<\/li>\n<li>E-Mail an die folgende Adresse:  info@sergiowalkingtours.com<\/li>\n<\/ul>\n<p>&nbsp;<\/p>\n<hr>\n<h3> <\/h3>\n<h3>7. Gewerbliches Eigentum und geistiges Eigentum<\/h3>\n<p>Alle Inhalte der Website, wie Texte, Fotografien, Grafiken, Bilder, Icons, Technologie, Software sowie deren grafische Gestaltung und Quellcodes, stellen ein Werk dar, dessen Eigentum bei  <b>sergiowalkingtours.com<\/b>Es wird nicht davon ausgegangen, dass dem Nutzer irgendwelche Nutzungsrechte an denselben einger\u00e4umt werden, die \u00fcber das hinausgehen, was f\u00fcr die korrekte Nutzung der Website unbedingt erforderlich ist.<\/p>\n<p>Kurz gesagt, die Nutzer, die auf diese Website zugreifen, k\u00f6nnen die Inhalte einsehen und gegebenenfalls genehmigte Privatkopien anfertigen, sofern die wiedergegebenen Elemente anschlie\u00dfend nicht an Dritte weitergegeben werden, nicht auf Servern installiert werden, die mit Netzen verbunden sind, und nicht Gegenstand irgendeiner Art von Verwertung sind, und zwar einzig und allein, solange der Dienst in Betrieb ist.<\/p>\n<p>Ebenso sind alle Marken, Handelsnamen oder Unterscheidungszeichen jeglicher Art, die auf der Website erscheinen, Eigentum von <b><br \/>\n  sergiowalkingtours.com<br \/>\n<\/b>Die Nutzung oder der Zugang zu ihnen ist nicht so auszulegen, dass dem Nutzer ein wie auch immer geartetes Recht an ihnen einger\u00e4umt wird.<\/p>\n<p>Der Vertrieb, die \u00c4nderung, die \u00dcbertragung oder die \u00f6ffentliche Bekanntmachung des Inhalts oder jede andere Handlung, die nicht ausdr\u00fccklich von der Kommission genehmigt wurde. <b><br \/>\n  sergiowalkingtours.com<br \/>\n<\/b> Im Falle der Nichteinhaltung <b><br \/>\n  sergiowalkingtours.com<br \/>\n<\/b> die geeigneten rechtlichen Ma\u00dfnahmen ergreifen.<\/p>\n<p>&nbsp;<\/p>\n<hr>\n<h3> <\/h3>\n<h3>8. Haftungsausschluss und \u00c4nderung dieses rechtlichen Hinweises<\/h3>\n<p>Die auf dieser Website verbreiteten Informationen dienen ausschlie\u00dflich zu Informationszwecken und sind ausschlie\u00dflich f\u00fcr folgende Zwecke bestimmt  <b>sergiowalkingtours.com<\/b>  das Recht, ihre Verbreitung ganz oder teilweise zu entfernen oder auszusetzen und die Struktur und den Inhalt dieser Website ohne vorherige Ank\u00fcndigung zu \u00e4ndern, und kann sogar den Zugang zu diesen Informationen einschr\u00e4nken oder verweigern.  <b>sergiowalkingtours.com<\/b>  bem\u00fcht sich, die Qualit\u00e4t und Aktualit\u00e4t dieser Informationen zu erhalten und m\u00f6gliche Fehler zu vermeiden bzw. zu minimieren, aber  <b>sergiowalkingtours.com<\/b>  haftet nicht f\u00fcr Sch\u00e4den oder Verluste, die durch Entscheidungen auf der Grundlage der verbreiteten Informationen verursacht werden, noch f\u00fcr darin enthaltene Ungenauigkeiten, Auslassungen oder Fehler, noch f\u00fcr Probleme, die sich aus der Nutzung dieser Website oder einer anderen externen Verbindung ergeben, noch f\u00fcr Sch\u00e4den und\/oder Verluste an der Software oder Hardware des Nutzers, die sich aus dem Zugriff auf diese Website ergeben.<\/p>\n<p>Die Nutzer erkl\u00e4ren sich ausdr\u00fccklich damit einverstanden, dass <b><br \/>\n  sergiowalkingtours.com<br \/>\n<\/b> nicht f\u00fcr den unbefugten Zugriff auf oder die Ver\u00e4nderung von \u00dcbertragungen oder Daten, f\u00fcr gesendete oder empfangene oder nicht gesendete oder empfangene Materialien oder Daten oder f\u00fcr \u00fcber Ihre Website get\u00e4tigte Transaktionen haftet.<\/p>\n<p><b>sergiowalkingtours.com<\/b>  beh\u00e4lt sich das Recht vor, den vorliegenden rechtlichen Hinweis einseitig und ohne Vorank\u00fcndigung in den von ihr als angemessen erachteten Bedingungen zu \u00e4ndern, wobei sie verpflichtet ist, den Nutzer \u00fcber die vorgenommenen \u00c4nderungen zu informieren.  <b>sergiowalkingtours.com<\/b><\/p>\n<p>&nbsp;<\/p>\n<hr>\n<h3> <\/h3>\n<h3>9. Teilweise Nichtigkeit<\/h3>\n<p>Wird eine dieser Klauseln durch eine rechtskr\u00e4ftige Entscheidung einer zust\u00e4ndigen Beh\u00f6rde f\u00fcr nichtig erkl\u00e4rt, so bleiben die \u00fcbrigen Bedingungen in Kraft und werden von dieser Nichtigerkl\u00e4rung nicht ber\u00fchrt.<\/p>\n<p>&nbsp;<\/p>\n<hr>\n<h3>10. Anwendbares Recht und zust\u00e4ndige Gerichte<\/h3>\n<p>Diese Website unterliegt den Bestimmungen der spanischen Gesetzgebung und den geltenden europ\u00e4ischen Vorschriften.<\/p>\n<p>Jegliche Streitigkeiten, die sich aus oder in Verbindung mit der Nutzung der Website oder dieser Produkte ergeben, unterliegen der nicht ausschlie\u00dflichen Zust\u00e4ndigkeit der spanischen Gerichte und Tribunale der Gemeinschaft Madrid.<\/p>\n<p>Wenn Sie ein Endverbraucher sind, ber\u00fchrt diese Klausel nicht Ihre Rechte als Verbraucher nach geltendem Recht, und Sie haben die M\u00f6glichkeit, Ihre Rechte in Bezug auf diese Allgemeinen Gesch\u00e4ftsbedingungen vor dem Gericht oder den Gerichten Ihres Wohnsitzes geltend zu machen.<\/p>\n<p>[\/et_pb_text][\/et_pb_column][\/et_pb_row][\/et_pb_section]<\/p>\n","protected":false},"excerpt":{"rendered":"<p>Zweck und Akzeptanz Der vorliegende rechtliche Hinweis regelt die Nutzung der Website: sergiowalkingtours.com Die Website sergiowalkingtours.com stellt Dienste zur Verf\u00fcgung, deren Hauptzweck darin besteht, den Kontakt zwischen den Nutzern und dem Unternehmen zu erm\u00f6glichen, entweder um mit uns in Kontakt zu treten oder um Angebote anzufordern. Der Besuch der Website sergiowalkingtours.com ist die Bedingung f\u00fcr [&hellip;]<\/p>\n","protected":false},"author":1,"featured_media":0,"parent":0,"menu_order":9,"comment_status":"closed","ping_status":"closed","template":"","meta":{"_acf_changed":false,"_et_pb_use_builder":"on","_et_pb_old_content":"","_et_gb_content_width":"","footnotes":""},"difl_page_category":[],"class_list":["post-1995","page","type-page","status-publish","hentry"],"acf":[],"yoast_head":"<!-- This site is optimized with the Yoast SEO plugin v27.3 - https:\/\/yoast.com\/product\/yoast-seo-wordpress\/ -->\n<title>Rechtlicher Hinweis - Sergio Walking Tours - Tu gu\u00eda profesional<\/title>\n<meta name=\"description\" content=\"See Tenerife through the eyes of a local\" \/>\n<meta name=\"robots\" content=\"index, follow, max-snippet:-1, max-image-preview:large, max-video-preview:-1\" \/>\n<link rel=\"canonical\" href=\"https:\/\/sergiowalkingtours.com\/de\/rechtlicher-hinweis\/\" \/>\n<meta property=\"og:locale\" content=\"de_DE\" \/>\n<meta property=\"og:type\" content=\"article\" \/>\n<meta property=\"og:title\" content=\"Rechtlicher Hinweis - Sergio Walking Tours - Tu gu\u00eda profesional\" \/>\n<meta property=\"og:description\" content=\"See Tenerife through the eyes of a local\" \/>\n<meta property=\"og:url\" content=\"https:\/\/sergiowalkingtours.com\/de\/rechtlicher-hinweis\/\" \/>\n<meta property=\"og:site_name\" content=\"Sergio Walking Tours - Tu gu\u00eda profesional\" \/>\n<meta property=\"article:modified_time\" content=\"2023-09-12T08:21:32+00:00\" \/>\n<meta property=\"og:image\" content=\"https:\/\/sergiowalkingtours.com\/wp-content\/uploads\/2023\/09\/portada.jpg\" \/>\n\t<meta property=\"og:image:width\" content=\"1200\" \/>\n\t<meta property=\"og:image:height\" content=\"675\" \/>\n\t<meta property=\"og:image:type\" content=\"image\/jpeg\" \/>\n<meta name=\"twitter:card\" content=\"summary_large_image\" \/>\n<meta name=\"twitter:label1\" content=\"Gesch\u00e4tzte Lesezeit\" \/>\n\t<meta name=\"twitter:data1\" content=\"7\u00a0Minuten\" \/>\n<script type=\"application\/ld+json\" class=\"yoast-schema-graph\">{\"@context\":\"https:\\\/\\\/schema.org\",\"@graph\":[{\"@type\":\"WebPage\",\"@id\":\"https:\\\/\\\/sergiowalkingtours.com\\\/de\\\/rechtlicher-hinweis\\\/\",\"url\":\"https:\\\/\\\/sergiowalkingtours.com\\\/de\\\/rechtlicher-hinweis\\\/\",\"name\":\"Rechtlicher Hinweis - Sergio Walking Tours - Tu gu\u00eda profesional\",\"isPartOf\":{\"@id\":\"https:\\\/\\\/sergiowalkingtours.com\\\/de\\\/#website\"},\"datePublished\":\"2023-07-24T09:55:34+00:00\",\"dateModified\":\"2023-09-12T08:21:32+00:00\",\"description\":\"See Tenerife through the eyes of a local\",\"breadcrumb\":{\"@id\":\"https:\\\/\\\/sergiowalkingtours.com\\\/de\\\/rechtlicher-hinweis\\\/#breadcrumb\"},\"inLanguage\":\"de\",\"potentialAction\":[{\"@type\":\"ReadAction\",\"target\":[\"https:\\\/\\\/sergiowalkingtours.com\\\/de\\\/rechtlicher-hinweis\\\/\"]}]},{\"@type\":\"BreadcrumbList\",\"@id\":\"https:\\\/\\\/sergiowalkingtours.com\\\/de\\\/rechtlicher-hinweis\\\/#breadcrumb\",\"itemListElement\":[{\"@type\":\"ListItem\",\"position\":1,\"name\":\"Home\",\"item\":\"https:\\\/\\\/sergiowalkingtours.com\\\/de\\\/\"},{\"@type\":\"ListItem\",\"position\":2,\"name\":\"Rechtlicher Hinweis\"}]},{\"@type\":\"WebSite\",\"@id\":\"https:\\\/\\\/sergiowalkingtours.com\\\/de\\\/#website\",\"url\":\"https:\\\/\\\/sergiowalkingtours.com\\\/de\\\/\",\"name\":\"Sergio Walking Tours - Tu gu\u00eda profesional\",\"description\":\"See Tenerife through the eyes of a local\",\"potentialAction\":[{\"@type\":\"SearchAction\",\"target\":{\"@type\":\"EntryPoint\",\"urlTemplate\":\"https:\\\/\\\/sergiowalkingtours.com\\\/de\\\/?s={search_term_string}\"},\"query-input\":{\"@type\":\"PropertyValueSpecification\",\"valueRequired\":true,\"valueName\":\"search_term_string\"}}],\"inLanguage\":\"de\"}]}<\/script>\n<!-- \/ Yoast SEO plugin. -->","yoast_head_json":{"title":"Rechtlicher Hinweis - Sergio Walking Tours - Tu gu\u00eda profesional","description":"See Tenerife through the eyes of a local","robots":{"index":"index","follow":"follow","max-snippet":"max-snippet:-1","max-image-preview":"max-image-preview:large","max-video-preview":"max-video-preview:-1"},"canonical":"https:\/\/sergiowalkingtours.com\/de\/rechtlicher-hinweis\/","og_locale":"de_DE","og_type":"article","og_title":"Rechtlicher Hinweis - Sergio Walking Tours - Tu gu\u00eda profesional","og_description":"See Tenerife through the eyes of a local","og_url":"https:\/\/sergiowalkingtours.com\/de\/rechtlicher-hinweis\/","og_site_name":"Sergio Walking Tours - Tu gu\u00eda profesional","article_modified_time":"2023-09-12T08:21:32+00:00","og_image":[{"width":1200,"height":675,"url":"https:\/\/sergiowalkingtours.com\/wp-content\/uploads\/2023\/09\/portada.jpg","type":"image\/jpeg"}],"twitter_card":"summary_large_image","twitter_misc":{"Gesch\u00e4tzte Lesezeit":"7\u00a0Minuten"},"schema":{"@context":"https:\/\/schema.org","@graph":[{"@type":"WebPage","@id":"https:\/\/sergiowalkingtours.com\/de\/rechtlicher-hinweis\/","url":"https:\/\/sergiowalkingtours.com\/de\/rechtlicher-hinweis\/","name":"Rechtlicher Hinweis - Sergio Walking Tours - Tu gu\u00eda profesional","isPartOf":{"@id":"https:\/\/sergiowalkingtours.com\/de\/#website"},"datePublished":"2023-07-24T09:55:34+00:00","dateModified":"2023-09-12T08:21:32+00:00","description":"See Tenerife through the eyes of a local","breadcrumb":{"@id":"https:\/\/sergiowalkingtours.com\/de\/rechtlicher-hinweis\/#breadcrumb"},"inLanguage":"de","potentialAction":[{"@type":"ReadAction","target":["https:\/\/sergiowalkingtours.com\/de\/rechtlicher-hinweis\/"]}]},{"@type":"BreadcrumbList","@id":"https:\/\/sergiowalkingtours.com\/de\/rechtlicher-hinweis\/#breadcrumb","itemListElement":[{"@type":"ListItem","position":1,"name":"Home","item":"https:\/\/sergiowalkingtours.com\/de\/"},{"@type":"ListItem","position":2,"name":"Rechtlicher Hinweis"}]},{"@type":"WebSite","@id":"https:\/\/sergiowalkingtours.com\/de\/#website","url":"https:\/\/sergiowalkingtours.com\/de\/","name":"Sergio Walking Tours - Tu gu\u00eda profesional","description":"See Tenerife through the eyes of a local","potentialAction":[{"@type":"SearchAction","target":{"@type":"EntryPoint","urlTemplate":"https:\/\/sergiowalkingtours.com\/de\/?s={search_term_string}"},"query-input":{"@type":"PropertyValueSpecification","valueRequired":true,"valueName":"search_term_string"}}],"inLanguage":"de"}]}},"_links":{"self":[{"href":"https:\/\/sergiowalkingtours.com\/de\/wp-json\/wp\/v2\/pages\/1995","targetHints":{"allow":["GET"]}}],"collection":[{"href":"https:\/\/sergiowalkingtours.com\/de\/wp-json\/wp\/v2\/pages"}],"about":[{"href":"https:\/\/sergiowalkingtours.com\/de\/wp-json\/wp\/v2\/types\/page"}],"author":[{"embeddable":true,"href":"https:\/\/sergiowalkingtours.com\/de\/wp-json\/wp\/v2\/users\/1"}],"replies":[{"embeddable":true,"href":"https:\/\/sergiowalkingtours.com\/de\/wp-json\/wp\/v2\/comments?post=1995"}],"version-history":[{"count":6,"href":"https:\/\/sergiowalkingtours.com\/de\/wp-json\/wp\/v2\/pages\/1995\/revisions"}],"predecessor-version":[{"id":2930,"href":"https:\/\/sergiowalkingtours.com\/de\/wp-json\/wp\/v2\/pages\/1995\/revisions\/2930"}],"wp:attachment":[{"href":"https:\/\/sergiowalkingtours.com\/de\/wp-json\/wp\/v2\/media?parent=1995"}],"wp:term":[{"taxonomy":"difl_page_category","embeddable":true,"href":"https:\/\/sergiowalkingtours.com\/de\/wp-json\/wp\/v2\/difl_page_category?post=1995"}],"curies":[{"name":"wp","href":"https:\/\/api.w.org\/{rel}","templated":true}]}}