{"id":1980,"date":"2023-07-24T09:54:08","date_gmt":"2023-07-24T09:54:08","guid":{"rendered":"https:\/\/walkingtours.e2w.es\/erreichbarkeit\/"},"modified":"2023-08-22T08:12:39","modified_gmt":"2023-08-22T08:12:39","slug":"erreichbarkeit","status":"publish","type":"page","link":"https:\/\/sergiowalkingtours.com\/de\/erreichbarkeit\/","title":{"rendered":"Erreichbarkeit"},"content":{"rendered":"<p>[et_pb_section fb_built=&#8220;1&#8243; _builder_version=&#8220;4.16&#8243; global_colors_info=&#8220;{}&#8220; theme_builder_area=&#8220;post_content&#8220;][et_pb_row _builder_version=&#8220;4.16&#8243; background_size=&#8220;initial&#8220; background_position=&#8220;top_left&#8220; background_repeat=&#8220;repeat&#8220; custom_padding=&#8220;||27px|||&#8220; global_colors_info=&#8220;{}&#8220; theme_builder_area=&#8220;post_content&#8220;][et_pb_column type=&#8220;4_4&#8243; _builder_version=&#8220;4.16&#8243; custom_padding=&#8220;|||&#8220; global_colors_info=&#8220;{}&#8220; custom_padding__hover=&#8220;|||&#8220; theme_builder_area=&#8220;post_content&#8220;][et_pb_post_title meta=&#8220;off&#8220; featured_image=&#8220;off&#8220; admin_label=&#8220;T\u00edtulo de publicaci\u00f3n&#8220; _builder_version=&#8220;4.21.0&#8243; _module_preset=&#8220;default&#8220; global_colors_info=&#8220;{}&#8220; theme_builder_area=&#8220;post_content&#8220;][\/et_pb_post_title][et_pb_text _builder_version=&#8220;4.21.0&#8243; text_font=&#8220;|300|||||||&#8220; background_size=&#8220;initial&#8220; background_position=&#8220;top_left&#8220; background_repeat=&#8220;repeat&#8220; global_colors_info=&#8220;{}&#8220; theme_builder_area=&#8220;post_content&#8220;]<\/p>\n<h2>Was ist Barrierefreiheit im Internet?<\/h2>\n<p>Es ist die F\u00e4higkeit, unabh\u00e4ngig von der Person oder dem Kontext auf Inhalte zuzugreifen.<\/p>\n<h2>Tastaturkurzbefehle<\/h2>\n<p>Um das Surfen auf dieser Website zu erleichtern, stehen Ihnen die folgenden Zugangstasten zur Verf\u00fcgung:<\/p>\n<p><strong>0 &#8211; Home 1 &#8211; Unser Unternehmen 2 &#8211; Projekte 3 &#8211; Auftragsvergabe 4 &#8211; Kontakt<\/strong><\/p>\n<h3>Die Verwendung der Zugriffstasten wird durch den Browser bestimmt:<\/h3>\n<p>Internet Explorer: ALT + Tastenkombination. ENTER<br \/>Firefox: ALT + Shift + Tastenkombination<br \/>Google Chrome: ALT + Tastenkombination<br \/>Opera: Umschalttaste + ESC + Tastenkombination<br \/>Safari: CTRL + Tastenkombination<br \/>Grad der Zug\u00e4nglichkeit<br \/>Diese Website wurde unter Ber\u00fccksichtigung der Kriterien des WCAG 2.0 Leitfadens f\u00fcr Barrierefreiheit erstellt. Wir arbeiten derzeit an der Erf\u00fcllung der WCAG 2.2-Zug\u00e4nglichkeitskriterien mit einem AA-Level.<\/p>\n<p>Sie ist so konzipiert, dass sie auf Desktop-, Tablet- und Mobilger\u00e4ten korrekt angezeigt wird (Responsive).<\/p>\n<p>Datum der letzten \u00dcberpr\u00fcfung des WCAG-Niveaus der Website: M\u00e4rz 2023, mit Hilfe des von Tawdis.net bereitgestellten Tools<\/p>\n<h2>Dokumente nicht zug\u00e4nglich<\/h2>\n<p>Einige Dokumente, wie z. B. PDF-Dateien oder DOC-Dokumente, sind m\u00f6glicherweise nicht zug\u00e4nglich. Wenn Sie Probleme beim Herunterladen oder Lesen von Dokumenten haben, die auf unserer Website ver\u00f6ffentlicht sind, k\u00f6nnen Sie eine Kopie in einem Format Ihrer Wahl anfordern, indem Sie Ihre Anfrage an die Kontakt-E-Mail-Adresse senden.<\/p>\n<h2>Textgr\u00f6\u00dfe<\/h2>\n<p>Es wurden relative Schriftgr\u00f6\u00dfen verwendet, so dass der Benutzer, wenn er eine gr\u00f6\u00dfere Schrift bevorzugt, diese \u00fcber die Textgr\u00f6\u00dfenoptionen seines Browsers ausw\u00e4hlen kann, normalerweise Strg+ (Steuerung plus) zum Vergr\u00f6\u00dfern, Strg- (Steuerung minus) zum Verkleinern.<\/p>\n<h2>Struktur der Seite<\/h2>\n<p>Dieses Portal wurde mit einem gemeinsamen Format f\u00fcr alle Seiten entworfen, so dass die Einarbeitung in den Inhalt der Seiten einfach ist, um eine bessere Navigation f\u00fcr alle Benutzer zu erreichen.<\/p>\n<p>Die Seiten setzen sich im Wesentlichen aus den folgenden Bereichen zusammen:<\/p>\n<ul>\n<li>Kopfzeile, mit Zugang zur Homepage, Kontaktformular, Zugang zur ko-offiziellen und zur englischen Version sowie einer erweiterten Suchmaschine.<\/li>\n<li>Hauptnavigationsmen\u00fc, mit den wichtigsten Optionen der Website.<\/li>\n<li>Zentraler Inhaltsbereich, der je nachdem, ob es sich um die Hauptseite der Website, eine Unterseite, eine Zusammenfassung, ein Dokument oder eine erweiterte Suchmaschine handelt, variiert.<\/li>\n<li>Fu\u00dfzeile, die die rechtlichen Informationen des Unternehmens enth\u00e4lt.<\/li>\n<\/ul>\n<h2>Externe Websites<\/h2>\n<p>Einige der Links k\u00f6nnen Sie zu Seiten au\u00dferhalb dieser Website f\u00fchren, wie z. B. Google Maps, Google Transit, Facebook usw., die NICHT ZUG\u00c4NGLICH SIND oder NICHT ZUG\u00c4NGLICH SEIN K\u00d6NNEN, aber f\u00fcr einige Nutzer wichtig sind. In diesen F\u00e4llen ist AGG Consulting der Grad der Zug\u00e4nglichkeit nicht bekannt und warnt Nutzer mit Behinderungen, dass sie beim Verfolgen dieser Links auf Probleme sto\u00dfen k\u00f6nnten.<\/p>\n<h2>Helfen Sie uns zu verbessern<\/h2>\n<p>Wir sind uns bewusst, dass es Raum f\u00fcr Verbesserungen gibt, und arbeiten daher jeden Tag daran, dieses Ziel zu erreichen. Sollten Sie Schwierigkeiten beim Zugriff auf die Website haben, Fragen stellen oder Beitr\u00e4ge einreichen wollen, k\u00f6nnen Sie diese an die folgende E-Mail-Adresse senden<\/p>\n<p>[\/et_pb_text][\/et_pb_column][\/et_pb_row][\/et_pb_section]<\/p>\n","protected":false},"excerpt":{"rendered":"<p>Was ist Barrierefreiheit im Internet? Es ist die F\u00e4higkeit, unabh\u00e4ngig von der Person oder dem Kontext auf Inhalte zuzugreifen. Tastaturkurzbefehle Um das Surfen auf dieser Website zu erleichtern, stehen Ihnen die folgenden Zugangstasten zur Verf\u00fcgung: 0 &#8211; Home 1 &#8211; Unser Unternehmen 2 &#8211; Projekte 3 &#8211; Auftragsvergabe 4 &#8211; Kontakt Die Verwendung der Zugriffstasten [&hellip;]<\/p>\n","protected":false},"author":1,"featured_media":0,"parent":0,"menu_order":10,"comment_status":"closed","ping_status":"closed","template":"","meta":{"_acf_changed":false,"_et_pb_use_builder":"on","_et_pb_old_content":"","_et_gb_content_width":"","footnotes":""},"difl_page_category":[],"class_list":["post-1980","page","type-page","status-publish","hentry"],"acf":[],"yoast_head":"<!-- This site is optimized with the Yoast SEO plugin v27.4 - https:\/\/yoast.com\/product\/yoast-seo-wordpress\/ -->\n<title>Erreichbarkeit - Sergio Walking Tours - Tu gu\u00eda profesional<\/title>\n<meta name=\"description\" content=\"See Tenerife through the eyes of a local\" \/>\n<meta name=\"robots\" content=\"index, follow, max-snippet:-1, max-image-preview:large, max-video-preview:-1\" \/>\n<link rel=\"canonical\" href=\"https:\/\/sergiowalkingtours.com\/de\/erreichbarkeit\/\" \/>\n<meta property=\"og:locale\" content=\"de_DE\" \/>\n<meta property=\"og:type\" content=\"article\" \/>\n<meta property=\"og:title\" content=\"Erreichbarkeit - Sergio Walking Tours - Tu gu\u00eda profesional\" \/>\n<meta property=\"og:description\" content=\"See Tenerife through the eyes of a local\" \/>\n<meta property=\"og:url\" content=\"https:\/\/sergiowalkingtours.com\/de\/erreichbarkeit\/\" \/>\n<meta property=\"og:site_name\" content=\"Sergio Walking Tours - Tu gu\u00eda profesional\" \/>\n<meta property=\"article:modified_time\" content=\"2023-08-22T08:12:39+00:00\" \/>\n<meta property=\"og:image\" content=\"https:\/\/sergiowalkingtours.com\/wp-content\/uploads\/2023\/09\/portada.jpg\" \/>\n\t<meta property=\"og:image:width\" content=\"1200\" \/>\n\t<meta property=\"og:image:height\" content=\"675\" \/>\n\t<meta property=\"og:image:type\" content=\"image\/jpeg\" \/>\n<meta name=\"twitter:card\" content=\"summary_large_image\" \/>\n<meta name=\"twitter:label1\" content=\"Gesch\u00e4tzte Lesezeit\" \/>\n\t<meta name=\"twitter:data1\" content=\"3\u00a0Minuten\" \/>\n<script type=\"application\/ld+json\" class=\"yoast-schema-graph\">{\"@context\":\"https:\\\/\\\/schema.org\",\"@graph\":[{\"@type\":\"WebPage\",\"@id\":\"https:\\\/\\\/sergiowalkingtours.com\\\/de\\\/erreichbarkeit\\\/\",\"url\":\"https:\\\/\\\/sergiowalkingtours.com\\\/de\\\/erreichbarkeit\\\/\",\"name\":\"Erreichbarkeit - Sergio Walking Tours - Tu gu\u00eda profesional\",\"isPartOf\":{\"@id\":\"https:\\\/\\\/sergiowalkingtours.com\\\/de\\\/#website\"},\"datePublished\":\"2023-07-24T09:54:08+00:00\",\"dateModified\":\"2023-08-22T08:12:39+00:00\",\"description\":\"See Tenerife through the eyes of a local\",\"breadcrumb\":{\"@id\":\"https:\\\/\\\/sergiowalkingtours.com\\\/de\\\/erreichbarkeit\\\/#breadcrumb\"},\"inLanguage\":\"de\",\"potentialAction\":[{\"@type\":\"ReadAction\",\"target\":[\"https:\\\/\\\/sergiowalkingtours.com\\\/de\\\/erreichbarkeit\\\/\"]}]},{\"@type\":\"BreadcrumbList\",\"@id\":\"https:\\\/\\\/sergiowalkingtours.com\\\/de\\\/erreichbarkeit\\\/#breadcrumb\",\"itemListElement\":[{\"@type\":\"ListItem\",\"position\":1,\"name\":\"Home\",\"item\":\"https:\\\/\\\/sergiowalkingtours.com\\\/de\\\/\"},{\"@type\":\"ListItem\",\"position\":2,\"name\":\"Erreichbarkeit\"}]},{\"@type\":\"WebSite\",\"@id\":\"https:\\\/\\\/sergiowalkingtours.com\\\/de\\\/#website\",\"url\":\"https:\\\/\\\/sergiowalkingtours.com\\\/de\\\/\",\"name\":\"Sergio Walking Tours - Tu gu\u00eda profesional\",\"description\":\"See Tenerife through the eyes of a local\",\"potentialAction\":[{\"@type\":\"SearchAction\",\"target\":{\"@type\":\"EntryPoint\",\"urlTemplate\":\"https:\\\/\\\/sergiowalkingtours.com\\\/de\\\/?s={search_term_string}\"},\"query-input\":{\"@type\":\"PropertyValueSpecification\",\"valueRequired\":true,\"valueName\":\"search_term_string\"}}],\"inLanguage\":\"de\"}]}<\/script>\n<!-- \/ Yoast SEO plugin. -->","yoast_head_json":{"title":"Erreichbarkeit - Sergio Walking Tours - Tu gu\u00eda profesional","description":"See Tenerife through the eyes of a local","robots":{"index":"index","follow":"follow","max-snippet":"max-snippet:-1","max-image-preview":"max-image-preview:large","max-video-preview":"max-video-preview:-1"},"canonical":"https:\/\/sergiowalkingtours.com\/de\/erreichbarkeit\/","og_locale":"de_DE","og_type":"article","og_title":"Erreichbarkeit - Sergio Walking Tours - Tu gu\u00eda profesional","og_description":"See Tenerife through the eyes of a local","og_url":"https:\/\/sergiowalkingtours.com\/de\/erreichbarkeit\/","og_site_name":"Sergio Walking Tours - Tu gu\u00eda profesional","article_modified_time":"2023-08-22T08:12:39+00:00","og_image":[{"width":1200,"height":675,"url":"https:\/\/sergiowalkingtours.com\/wp-content\/uploads\/2023\/09\/portada.jpg","type":"image\/jpeg"}],"twitter_card":"summary_large_image","twitter_misc":{"Gesch\u00e4tzte Lesezeit":"3\u00a0Minuten"},"schema":{"@context":"https:\/\/schema.org","@graph":[{"@type":"WebPage","@id":"https:\/\/sergiowalkingtours.com\/de\/erreichbarkeit\/","url":"https:\/\/sergiowalkingtours.com\/de\/erreichbarkeit\/","name":"Erreichbarkeit - Sergio Walking Tours - Tu gu\u00eda profesional","isPartOf":{"@id":"https:\/\/sergiowalkingtours.com\/de\/#website"},"datePublished":"2023-07-24T09:54:08+00:00","dateModified":"2023-08-22T08:12:39+00:00","description":"See Tenerife through the eyes of a local","breadcrumb":{"@id":"https:\/\/sergiowalkingtours.com\/de\/erreichbarkeit\/#breadcrumb"},"inLanguage":"de","potentialAction":[{"@type":"ReadAction","target":["https:\/\/sergiowalkingtours.com\/de\/erreichbarkeit\/"]}]},{"@type":"BreadcrumbList","@id":"https:\/\/sergiowalkingtours.com\/de\/erreichbarkeit\/#breadcrumb","itemListElement":[{"@type":"ListItem","position":1,"name":"Home","item":"https:\/\/sergiowalkingtours.com\/de\/"},{"@type":"ListItem","position":2,"name":"Erreichbarkeit"}]},{"@type":"WebSite","@id":"https:\/\/sergiowalkingtours.com\/de\/#website","url":"https:\/\/sergiowalkingtours.com\/de\/","name":"Sergio Walking Tours - Tu gu\u00eda profesional","description":"See Tenerife through the eyes of a local","potentialAction":[{"@type":"SearchAction","target":{"@type":"EntryPoint","urlTemplate":"https:\/\/sergiowalkingtours.com\/de\/?s={search_term_string}"},"query-input":{"@type":"PropertyValueSpecification","valueRequired":true,"valueName":"search_term_string"}}],"inLanguage":"de"}]}},"_links":{"self":[{"href":"https:\/\/sergiowalkingtours.com\/de\/wp-json\/wp\/v2\/pages\/1980","targetHints":{"allow":["GET"]}}],"collection":[{"href":"https:\/\/sergiowalkingtours.com\/de\/wp-json\/wp\/v2\/pages"}],"about":[{"href":"https:\/\/sergiowalkingtours.com\/de\/wp-json\/wp\/v2\/types\/page"}],"author":[{"embeddable":true,"href":"https:\/\/sergiowalkingtours.com\/de\/wp-json\/wp\/v2\/users\/1"}],"replies":[{"embeddable":true,"href":"https:\/\/sergiowalkingtours.com\/de\/wp-json\/wp\/v2\/comments?post=1980"}],"version-history":[{"count":3,"href":"https:\/\/sergiowalkingtours.com\/de\/wp-json\/wp\/v2\/pages\/1980\/revisions"}],"predecessor-version":[{"id":1989,"href":"https:\/\/sergiowalkingtours.com\/de\/wp-json\/wp\/v2\/pages\/1980\/revisions\/1989"}],"wp:attachment":[{"href":"https:\/\/sergiowalkingtours.com\/de\/wp-json\/wp\/v2\/media?parent=1980"}],"wp:term":[{"taxonomy":"difl_page_category","embeddable":true,"href":"https:\/\/sergiowalkingtours.com\/de\/wp-json\/wp\/v2\/difl_page_category?post=1980"}],"curies":[{"name":"wp","href":"https:\/\/api.w.org\/{rel}","templated":true}]}}