{"id":1902,"date":"2023-07-11T09:30:03","date_gmt":"2023-07-11T09:30:03","guid":{"rendered":"https:\/\/walkingtours.e2w.es\/erlebnisse\/"},"modified":"2024-08-21T12:44:12","modified_gmt":"2024-08-21T12:44:12","slug":"erlebnisse","status":"publish","type":"page","link":"https:\/\/sergiowalkingtours.com\/de\/erlebnisse\/","title":{"rendered":"Erlebnisse"},"content":{"rendered":"<p>[et_pb_section fb_built=&#8220;1&#8243; fullwidth=&#8220;on&#8220; _builder_version=&#8220;4.21.0&#8243; _module_preset=&#8220;default&#8220; global_colors_info=&#8220;{}&#8220;][et_pb_fullwidth_slider _builder_version=&#8220;4.22.1&#8243; _module_preset=&#8220;default&#8220; auto=&#8220;on&#8220; global_colors_info=&#8220;{}&#8220;][et_pb_slide heading=&#8220;Unvergessliche Naturerlebnisse&#8220; _builder_version=&#8220;4.22.1&#8243; _module_preset=&#8220;default&#8220; header_font=&#8220;|700|||||||&#8220; header_text_align=&#8220;left&#8220; header_font_size=&#8220;40px&#8220; header_line_height=&#8220;1.1em&#8220; body_font=&#8220;|600|||||||&#8220; body_text_align=&#8220;left&#8220; body_font_size=&#8220;20px&#8220; body_line_height=&#8220;1.4em&#8220; background_enable_color=&#8220;off&#8220; use_background_color_gradient=&#8220;on&#8220; background_color_gradient_direction=&#8220;90deg&#8220; background_color_gradient_stops=&#8220;rgba(0,0,0,0.5) 0%|rgba(0,0,0,0) 90%&#8220; background_color_gradient_overlays_image=&#8220;on&#8220; background_image=&#8220;https:\/\/sergiowalkingtours.com\/wp-content\/uploads\/2023\/07\/2022-12-06-1.jpg&#8220; background_enable_image=&#8220;on&#8220; header_font_size_tablet=&#8220;40px&#8220; header_font_size_phone=&#8220;26px&#8220; header_font_size_last_edited=&#8220;on|desktop&#8220; body_font_size_tablet=&#8220;20px&#8220; body_font_size_phone=&#8220;16px&#8220; body_font_size_last_edited=&#8220;on|phone&#8220; custom_css_slide_description=&#8220;width: 700px;||float:left;&#8220; global_colors_info=&#8220;{}&#8220; custom_css_slide_title_last_edited=&#8220;off|desktop&#8220; custom_css_slide_title_tablet=&#8220;width:100%;&#8220; custom_css_slide_title_phone=&#8220;width:100%;&#8220; custom_css_slide_description_last_edited=&#8220;on|tablet&#8220; custom_css_slide_description_phone=&#8220;width:100%;&#8220; custom_css_slide_description_tablet=&#8220;width:100%;&#8220; sticky_transition=&#8220;on&#8220;]<\/p>\n<p>Entdecke mit mir die eindrucksvollsten Orte und Landschaften Teneriffas<\/p>\n<p>[\/et_pb_slide][\/et_pb_fullwidth_slider][\/et_pb_section][et_pb_section fb_built=&#8220;1&#8243; custom_padding_last_edited=&#8220;on|desktop&#8220; _builder_version=&#8220;4.21.0&#8243; _module_preset=&#8220;default&#8220; custom_padding=&#8220;8em||8em||true|false&#8220; custom_padding_tablet=&#8220;5em||5em||true|false&#8220; custom_padding_phone=&#8220;3em||2em||false|false&#8220; global_colors_info=&#8220;{}&#8220;][et_pb_row column_structure=&#8220;3_5,2_5&#8243; _builder_version=&#8220;4.21.0&#8243; _module_preset=&#8220;default&#8220; global_colors_info=&#8220;{}&#8220;][et_pb_column type=&#8220;3_5&#8243; _builder_version=&#8220;4.20.4&#8243; _module_preset=&#8220;default&#8220; global_colors_info=&#8220;{}&#8220;][et_pb_image src=&#8220;https:\/\/sergiowalkingtours.com\/wp-content\/uploads\/2023\/07\/parque-nacional-el-teide.jpg&#8220; title_text=&#8220;national-park-el-teide&#8220; _builder_version=&#8220;4.21.0&#8243; _module_preset=&#8220;default&#8220; animation_style=&#8220;slide&#8220; animation_direction=&#8220;left&#8220; global_colors_info=&#8220;{}&#8220;][\/et_pb_image][\/et_pb_column][et_pb_column type=&#8220;2_5&#8243; _builder_version=&#8220;4.21.0&#8243; _module_preset=&#8220;default&#8220; custom_padding=&#8220;||||false|false&#8220; custom_padding_tablet=&#8220;1em||||false|false&#8220; custom_padding_phone=&#8220;0em||||false|false&#8220; custom_padding_last_edited=&#8220;off|desktop&#8220; global_colors_info=&#8220;{}&#8220;][et_pb_text _builder_version=&#8220;4.22.1&#8243; _module_preset=&#8220;default&#8220; text_font_size=&#8220;15px&#8220; link_font=&#8220;|800|||||||&#8220; header_font=&#8220;|700|||||||&#8220; global_colors_info=&#8220;{}&#8220;]<\/p>\n<h1>Wandern \u00e0 la carte<\/h1>\n<p>Teneriffa ist das vielseitigste Wanderparadies der Kanaren. Entdecke wilde Steilk\u00fcsten, \u00fcppige Berglandschaften, tiefschwarze Lavafelder, Lorbeerw\u00e4lder, urige D\u00f6rfer und den h\u00f6chsten Berg Spaniens, den Teide.<\/p>\n<p>Als professioneller Bergwanderer f\u00fchre ich dich sicher durch atemberaubende Landschaften und zeige dir die geheimen Ecken dieser Insel. Mit mir lernst du Menschen und Orte kennen, die Teneriffa so einzigartig machen. Unterwegs erf\u00e4hrst du viel Wissenswertes \u00fcber Fauna, Flora, Geologie und Traditionen der Kanaren.<\/p>\n<p>Damit du ein unvergessliches Wandererlebnis hast, habe ich f\u00fcr dich die abwechslungsreichsten, sch\u00f6nsten und spannendsten Touren ausgesucht.<\/p>\n<p>[\/et_pb_text][\/et_pb_column][\/et_pb_row][\/et_pb_section][et_pb_section fb_built=&#8220;1&#8243; prev_background_color=&#8220;#ffffff&#8220; _builder_version=&#8220;4.21.0&#8243; _module_preset=&#8220;default&#8220; background_image=&#8220;https:\/\/sergiowalkingtours.com\/wp-content\/uploads\/2023\/07\/fondo_20210223_121159.jpg&#8220; background_size=&#8220;custom&#8220; background_image_width=&#8220;1600px&#8220; background_position=&#8220;center_right&#8220; background_horizontal_offset=&#8220;0%&#8220; custom_padding=&#8220;0px||0px||true|false&#8220; top_divider_style=&#8220;slant2&#8243; top_divider_height=&#8220;50px&#8220; global_colors_info=&#8220;{}&#8220;][et_pb_row column_structure=&#8220;1_2,1_2&#8243; use_custom_gutter=&#8220;on&#8220; gutter_width=&#8220;1&#8243; make_equal=&#8220;on&#8220; _builder_version=&#8220;4.21.0&#8243; _module_preset=&#8220;default&#8220; width=&#8220;100%&#8220; max_width=&#8220;100%&#8220; custom_padding=&#8220;0px||0px||true|false&#8220; global_colors_info=&#8220;{}&#8220;][et_pb_column type=&#8220;1_2&#8243; _builder_version=&#8220;4.21.0&#8243; _module_preset=&#8220;default&#8220; background_color=&#8220;#CC6306&#8243; custom_padding=&#8220;9em|9em|9em|9em|true|true&#8220; custom_padding_tablet=&#8220;5em|6em|5em|6em|true|true&#8220; custom_padding_phone=&#8220;4em|3em|4em|3em|true|true&#8220; custom_padding_last_edited=&#8220;on|phone&#8220; border_color_bottom=&#8220;#FFFFFF&#8220; border_width_bottom_tablet=&#8220;1px&#8220; border_width_bottom_phone=&#8220;1px&#8220; border_width_bottom_last_edited=&#8220;on|tablet&#8220; global_colors_info=&#8220;{}&#8220;][et_pb_text _builder_version=&#8220;4.22.1&#8243; _module_preset=&#8220;default&#8220; text_font_size=&#8220;18px&#8220; link_font=&#8220;|800|||||||&#8220; header_font=&#8220;|700|||||||&#8220; header_2_line_height=&#8220;1.2em&#8220; background_layout=&#8220;dark&#8220; custom_margin=&#8220;||20px||false|false&#8220; global_colors_info=&#8220;{}&#8220;]<\/p>\n<h2><b>Hast du Lust auf eine andere Wanderung?<\/b><\/h2>\n<p>Sag mir, was du m\u00f6chtest, und wir finden gemeinsam die passende Tour f\u00fcr dich. Der Preis richtet sich nach Teilnehmerzahl, Schwierigkeitsgrad und Dauer. Gerne erstelle ich dir ein unverbindliches Angebot. 100% individuell und kostenlos.<\/p>\n<p>&nbsp;<\/p>\n<p>[\/et_pb_text][et_pb_button button_url=&#8220;@ET-DC@eyJkeW5hbWljIjp0cnVlLCJjb250ZW50IjoicG9zdF9saW5rX3VybF9wYWdlIiwic2V0dGluZ3MiOnsicG9zdF9pZCI6IjIyNyIsImVuYWJsZV9odG1sIjoib2ZmIn19@&#8220; button_text=&#8220;Angebot anfordern&#8220; _builder_version=&#8220;4.21.0&#8243; _dynamic_attributes=&#8220;button_url&#8220; _module_preset=&#8220;default&#8220; custom_button=&#8220;on&#8220; button_text_color=&#8220;#FFFFFF&#8220; button_border_width=&#8220;1px&#8220; button_border_radius=&#8220;0px&#8220; button_font=&#8220;Poppins|||on|||||&#8220; global_colors_info=&#8220;{}&#8220;][\/et_pb_button][\/et_pb_column][et_pb_column type=&#8220;1_2&#8243; _builder_version=&#8220;4.21.0&#8243; _module_preset=&#8220;default&#8220; background_enable_image=&#8220;off&#8220; background_last_edited=&#8220;on|desktop&#8220; background_image_tablet=&#8220;https:\/\/sergiowalkingtours.com\/wp-content\/uploads\/2023\/07\/20210223_121159.jpg&#8220; background_enable_image_tablet=&#8220;on&#8220; background_size_tablet=&#8220;custom&#8220; background_image_width_tablet=&#8220;1080px&#8220; global_colors_info=&#8220;{}&#8220;][et_pb_divider show_divider=&#8220;off&#8220; _builder_version=&#8220;4.21.0&#8243; _module_preset=&#8220;default&#8220; min_height=&#8220;40vh&#8220; global_colors_info=&#8220;{}&#8220;][\/et_pb_divider][\/et_pb_column][\/et_pb_row][\/et_pb_section][et_pb_section fb_built=&#8220;1&#8243; custom_padding_last_edited=&#8220;on|phone&#8220; disabled_on=&#8220;on|on|on&#8220; module_id=&#8220;hike-fly&#8220; _builder_version=&#8220;4.22.1&#8243; _module_preset=&#8220;default&#8220; custom_padding=&#8220;8em||14em||false|false&#8220; custom_padding_tablet=&#8220;6em||12em||false|false&#8220; custom_padding_phone=&#8220;3em||10em||false|false&#8220; top_divider_color=&#8220;rgba(13,158,192,0.3)&#8220; top_divider_flip=&#8220;horizontal&#8220; bottom_divider_style=&#8220;clouds2&#8243; bottom_divider_color=&#8220;rgba(13,158,192,0.3)&#8220; bottom_divider_height=&#8220;150px&#8220; bottom_divider_flip=&#8220;vertical&#8220; disabled=&#8220;on&#8220; global_colors_info=&#8220;{}&#8220;][et_pb_row column_structure=&#8220;2_5,3_5&#8243; make_equal=&#8220;on&#8220; _builder_version=&#8220;4.21.0&#8243; _module_preset=&#8220;default&#8220; global_colors_info=&#8220;{}&#8220;][et_pb_column type=&#8220;2_5&#8243; _builder_version=&#8220;4.21.0&#8243; _module_preset=&#8220;default&#8220; custom_padding=&#8220;||||false|false&#8220; custom_padding_tablet=&#8220;1em||||false|false&#8220; custom_padding_phone=&#8220;0em||||false|false&#8220; custom_padding_last_edited=&#8220;off|desktop&#8220; custom_css_main_element=&#8220;display:flex;||flex-direction:column;||justify-content:center;&#8220; global_colors_info=&#8220;{}&#8220;][et_pb_text _builder_version=&#8220;4.21.0&#8243; _module_preset=&#8220;default&#8220; text_font_size=&#8220;16px&#8220; link_font=&#8220;|800|||||||&#8220; header_font=&#8220;|700|||||||&#8220; custom_margin=&#8220;||20px||false|false&#8220; global_colors_info=&#8220;{}&#8220;]<\/p>\n<h1>Hike &amp; Fly: die Kunst des Wanderns und Fliegens<\/h1>\n<p>Erlebe <strong>das Beste des Himmels und der Erde<\/strong> bei dieser Paragliding-Disziplin, die Wandern mit freiem Gleitschirmfliegen kombiniert.<\/p>\n<p>[\/et_pb_text][et_pb_button button_url=&#8220;@ET-DC@eyJkeW5hbWljIjp0cnVlLCJjb250ZW50IjoicG9zdF9saW5rX3VybF9wYWdlIiwic2V0dGluZ3MiOnsicG9zdF9pZCI6IjIyNyIsImVuYWJsZV9odG1sIjoib2ZmIn19@&#8220; button_text=&#8220;Interessiert?&#8220; _builder_version=&#8220;4.21.0&#8243; _dynamic_attributes=&#8220;button_url&#8220; _module_preset=&#8220;default&#8220; custom_button=&#8220;on&#8220; button_text_color=&#8220;#FFFFFF&#8220; button_bg_color=&#8220;#CC6306&#8243; button_border_width=&#8220;1px&#8220; button_border_radius=&#8220;0px&#8220; button_font=&#8220;Poppins|||on|||||&#8220; global_colors_info=&#8220;{}&#8220;][\/et_pb_button][\/et_pb_column][et_pb_column type=&#8220;3_5&#8243; _builder_version=&#8220;4.20.4&#8243; _module_preset=&#8220;default&#8220; global_colors_info=&#8220;{}&#8220;][et_pb_image src=&#8220;https:\/\/sergiowalkingtours.com\/wp-content\/uploads\/2023\/04\/parapente-atardecer.jpg&#8220; title_text=&#8220;Gleitschirmfliegen-Sonnenuntergang&#8220; _builder_version=&#8220;4.21.0&#8243; _module_preset=&#8220;default&#8220; animation_style=&#8220;slide&#8220; animation_direction=&#8220;right&#8220; global_colors_info=&#8220;{}&#8220;][\/et_pb_image][\/et_pb_column][\/et_pb_row][\/et_pb_section][et_pb_section fb_built=&#8220;1&#8243; custom_padding_last_edited=&#8220;on|phone&#8220; disabled_on=&#8220;on|on|on&#8220; _builder_version=&#8220;4.22.1&#8243; _module_preset=&#8220;default&#8220; background_color=&#8220;rgba(13,158,192,0.3)&#8220; custom_padding=&#8220;6em||6em||true|false&#8220; custom_padding_tablet=&#8220;4em||4em||true|false&#8220; custom_padding_phone=&#8220;2em||2em||true|false&#8220; disabled=&#8220;on&#8220; global_colors_info=&#8220;{}&#8220;][et_pb_row column_structure=&#8220;1_2,1_2&#8243; make_equal=&#8220;on&#8220; _builder_version=&#8220;4.21.0&#8243; _module_preset=&#8220;default&#8220; global_colors_info=&#8220;{}&#8220;][et_pb_column type=&#8220;1_2&#8243; _builder_version=&#8220;4.21.0&#8243; _module_preset=&#8220;default&#8220; global_colors_info=&#8220;{}&#8220;][et_pb_image src=&#8220;https:\/\/sergiowalkingtours.com\/wp-content\/uploads\/2023\/07\/tarjeta-regalo-01.png&#8220; title_text=&#8220;Geschenkgutschein-01&#8243; _builder_version=&#8220;4.21.0&#8243; _module_preset=&#8220;default&#8220; width=&#8220;400px&#8220; width_tablet=&#8220;400px&#8220; width_phone=&#8220;400px&#8220; width_last_edited=&#8220;on|phone&#8220; module_alignment=&#8220;center&#8220; animation_style=&#8220;slide&#8220; animation_direction=&#8220;left&#8220; global_colors_info=&#8220;{}&#8220;][\/et_pb_image][\/et_pb_column][et_pb_column type=&#8220;1_2&#8243; _builder_version=&#8220;4.21.0&#8243; _module_preset=&#8220;default&#8220; background_color=&#8220;#0D9EC0&#8243; custom_padding=&#8220;3em|3em|3em|3em|true|true&#8220; custom_css_main_element=&#8220;display:flex;||flex-direction:column;||justify-content:center;&#8220; global_colors_info=&#8220;{}&#8220;][et_pb_text _builder_version=&#8220;4.21.0&#8243; _module_preset=&#8220;default&#8220; text_font_size=&#8220;16px&#8220; link_font=&#8220;|800|||||||&#8220; header_font=&#8220;|700|||||||&#8220; background_layout=&#8220;dark&#8220; custom_margin=&#8220;||20px||false|false&#8220; global_colors_info=&#8220;{}&#8220;]<\/p>\n<h1>Geschenkgutschein<\/h1>\n<h3>Verschenke ein einzigartiges Naturerlebnis!<\/h3>\n<p>F\u00fcr Geburtstage, Junggesellenabschiede, Jubil\u00e4en und jedes andere besondere Datum oder Ereignis.<\/p>\n<p>[\/et_pb_text][\/et_pb_column][\/et_pb_row][\/et_pb_section][et_pb_section fb_built=&#8220;1&#8243; _builder_version=&#8220;4.22.1&#8243; _module_preset=&#8220;default&#8220; background_color=&#8220;rgba(0,0,0,0.25)&#8220; background_image=&#8220;https:\/\/sergiowalkingtours.com\/wp-content\/uploads\/2023\/04\/tabaiba-banner-01.jpg&#8220; background_blend=&#8220;multiply&#8220; custom_margin=&#8220;2em||||false|false&#8220; saved_tabs=&#8220;all&#8220; global_colors_info=&#8220;{}&#8220;][et_pb_row column_structure=&#8220;1_3,2_3&#8243; make_equal=&#8220;on&#8220; _builder_version=&#8220;4.20.4&#8243; _module_preset=&#8220;default&#8220; global_colors_info=&#8220;{}&#8220;][et_pb_column type=&#8220;1_3&#8243; _builder_version=&#8220;4.20.4&#8243; _module_preset=&#8220;default&#8220; global_colors_info=&#8220;{}&#8220;][et_pb_image src=&#8220;https:\/\/sergiowalkingtours.com\/wp-content\/uploads\/2023\/04\/tabaiba-guest-house-white.png&#8220; title_text=&#8220;tabaiba-g\u00e4stehaus-wei\u00df&#8220; align=&#8220;center&#8220; align_tablet=&#8220;center&#8220; align_phone=&#8220;center&#8220; align_last_edited=&#8220;on|phone&#8220; _builder_version=&#8220;4.20.4&#8243; _module_preset=&#8220;default&#8220; width_tablet=&#8220;200px&#8220; width_phone=&#8220;200px&#8220; width_last_edited=&#8220;on|tablet&#8220; animation_style=&#8220;fade&#8220; global_colors_info=&#8220;{}&#8220;][\/et_pb_image][\/et_pb_column][et_pb_column type=&#8220;2_3&#8243; _builder_version=&#8220;4.20.4&#8243; _module_preset=&#8220;default&#8220; custom_css_main_element=&#8220;margin:auto;&#8220; global_colors_info=&#8220;{}&#8220;][et_pb_text _builder_version=&#8220;4.22.1&#8243; _module_preset=&#8220;default&#8220; header_2_font=&#8220;|700|||||||&#8220; header_2_text_color=&#8220;#FFFFFF&#8220; header_2_font_size=&#8220;35px&#8220; header_2_line_height=&#8220;1.2em&#8220; header_2_text_align_tablet=&#8220;center&#8220; header_2_text_align_phone=&#8220;center&#8220; header_2_text_align_last_edited=&#8220;on|phone&#8220; header_2_font_size_tablet=&#8220;35px&#8220; header_2_font_size_phone=&#8220;26px&#8220; header_2_font_size_last_edited=&#8220;on|phone&#8220; header_2_text_shadow_style=&#8220;preset1&#8243; global_colors_info=&#8220;{}&#8220;]<\/p>\n<h2>Lerne unsere Wanderpauschalen mit \u00dcbernachtung und Fr\u00fchst\u00fcck kennen<\/h2>\n<p>[\/et_pb_text][et_pb_button button_url=&#8220;https:\/\/tabaibaguesthouse.com\/de\/buchung\/&#8220; url_new_window=&#8220;on&#8220; button_text=&#8220;Mehr Infos&#8220; button_alignment_tablet=&#8220;center&#8220; button_alignment_phone=&#8220;center&#8220; button_alignment_last_edited=&#8220;on|phone&#8220; _builder_version=&#8220;4.27.0&#8243; _module_preset=&#8220;default&#8220; custom_button=&#8220;on&#8220; button_text_color=&#8220;#FFFFFF&#8220; button_bg_color=&#8220;#CC6306&#8243; button_border_width=&#8220;1px&#8220; button_border_radius=&#8220;0px&#8220; button_font=&#8220;Poppins|||on|||||&#8220; global_colors_info=&#8220;{}&#8220;][\/et_pb_button][\/et_pb_column][\/et_pb_row][\/et_pb_section]<\/p>\n","protected":false},"excerpt":{"rendered":"<p>Entdecke mit mir die eindrucksvollsten Orte und Landschaften TeneriffasWandern \u00e0 la carte Teneriffa ist das vielseitigste Wanderparadies der Kanaren. Entdecke wilde Steilk\u00fcsten, \u00fcppige Berglandschaften, tiefschwarze Lavafelder, Lorbeerw\u00e4lder, urige D\u00f6rfer und den h\u00f6chsten Berg Spaniens, den Teide. Als professioneller Bergwanderer f\u00fchre ich dich sicher durch atemberaubende Landschaften und zeige dir die geheimen Ecken dieser Insel. Mit [&hellip;]<\/p>\n","protected":false},"author":1,"featured_media":0,"parent":0,"menu_order":0,"comment_status":"closed","ping_status":"closed","template":"","meta":{"_acf_changed":false,"_et_pb_use_builder":"on","_et_pb_old_content":"","_et_gb_content_width":"","footnotes":""},"difl_page_category":[],"class_list":["post-1902","page","type-page","status-publish","hentry"],"acf":[],"yoast_head":"<!-- This site is optimized with the Yoast SEO plugin v27.4 - https:\/\/yoast.com\/product\/yoast-seo-wordpress\/ -->\n<title>Erlebnisse - Sergio Walking Tours - Tu gu\u00eda profesional<\/title>\n<meta name=\"description\" content=\"See Tenerife through the eyes of a local\" \/>\n<meta name=\"robots\" content=\"index, follow, max-snippet:-1, max-image-preview:large, max-video-preview:-1\" \/>\n<link rel=\"canonical\" href=\"https:\/\/sergiowalkingtours.com\/de\/erlebnisse\/\" \/>\n<meta property=\"og:locale\" content=\"de_DE\" \/>\n<meta property=\"og:type\" content=\"article\" \/>\n<meta property=\"og:title\" content=\"Erlebnisse - Sergio Walking Tours - Tu gu\u00eda profesional\" \/>\n<meta property=\"og:description\" content=\"See Tenerife through the eyes of a local\" \/>\n<meta property=\"og:url\" content=\"https:\/\/sergiowalkingtours.com\/de\/erlebnisse\/\" \/>\n<meta property=\"og:site_name\" content=\"Sergio Walking Tours - Tu gu\u00eda profesional\" \/>\n<meta property=\"article:modified_time\" content=\"2024-08-21T12:44:12+00:00\" \/>\n<meta property=\"og:image\" content=\"https:\/\/sergiowalkingtours.com\/wp-content\/uploads\/2023\/09\/portada.jpg\" \/>\n\t<meta property=\"og:image:width\" content=\"1200\" \/>\n\t<meta property=\"og:image:height\" content=\"675\" \/>\n\t<meta property=\"og:image:type\" content=\"image\/jpeg\" \/>\n<meta name=\"twitter:card\" content=\"summary_large_image\" \/>\n<meta name=\"twitter:label1\" content=\"Gesch\u00e4tzte Lesezeit\" \/>\n\t<meta name=\"twitter:data1\" content=\"2\u00a0Minuten\" \/>\n<script type=\"application\/ld+json\" class=\"yoast-schema-graph\">{\"@context\":\"https:\\\/\\\/schema.org\",\"@graph\":[{\"@type\":\"WebPage\",\"@id\":\"https:\\\/\\\/sergiowalkingtours.com\\\/de\\\/erlebnisse\\\/\",\"url\":\"https:\\\/\\\/sergiowalkingtours.com\\\/de\\\/erlebnisse\\\/\",\"name\":\"Erlebnisse - Sergio Walking Tours - Tu gu\u00eda profesional\",\"isPartOf\":{\"@id\":\"https:\\\/\\\/sergiowalkingtours.com\\\/de\\\/#website\"},\"datePublished\":\"2023-07-11T09:30:03+00:00\",\"dateModified\":\"2024-08-21T12:44:12+00:00\",\"description\":\"See Tenerife through the eyes of a local\",\"breadcrumb\":{\"@id\":\"https:\\\/\\\/sergiowalkingtours.com\\\/de\\\/erlebnisse\\\/#breadcrumb\"},\"inLanguage\":\"de\",\"potentialAction\":[{\"@type\":\"ReadAction\",\"target\":[\"https:\\\/\\\/sergiowalkingtours.com\\\/de\\\/erlebnisse\\\/\"]}]},{\"@type\":\"BreadcrumbList\",\"@id\":\"https:\\\/\\\/sergiowalkingtours.com\\\/de\\\/erlebnisse\\\/#breadcrumb\",\"itemListElement\":[{\"@type\":\"ListItem\",\"position\":1,\"name\":\"Home\",\"item\":\"https:\\\/\\\/sergiowalkingtours.com\\\/de\\\/\"},{\"@type\":\"ListItem\",\"position\":2,\"name\":\"Erlebnisse\"}]},{\"@type\":\"WebSite\",\"@id\":\"https:\\\/\\\/sergiowalkingtours.com\\\/de\\\/#website\",\"url\":\"https:\\\/\\\/sergiowalkingtours.com\\\/de\\\/\",\"name\":\"Sergio Walking Tours - Tu gu\u00eda profesional\",\"description\":\"See Tenerife through the eyes of a local\",\"potentialAction\":[{\"@type\":\"SearchAction\",\"target\":{\"@type\":\"EntryPoint\",\"urlTemplate\":\"https:\\\/\\\/sergiowalkingtours.com\\\/de\\\/?s={search_term_string}\"},\"query-input\":{\"@type\":\"PropertyValueSpecification\",\"valueRequired\":true,\"valueName\":\"search_term_string\"}}],\"inLanguage\":\"de\"}]}<\/script>\n<!-- \/ Yoast SEO plugin. -->","yoast_head_json":{"title":"Erlebnisse - Sergio Walking Tours - Tu gu\u00eda profesional","description":"See Tenerife through the eyes of a local","robots":{"index":"index","follow":"follow","max-snippet":"max-snippet:-1","max-image-preview":"max-image-preview:large","max-video-preview":"max-video-preview:-1"},"canonical":"https:\/\/sergiowalkingtours.com\/de\/erlebnisse\/","og_locale":"de_DE","og_type":"article","og_title":"Erlebnisse - Sergio Walking Tours - Tu gu\u00eda profesional","og_description":"See Tenerife through the eyes of a local","og_url":"https:\/\/sergiowalkingtours.com\/de\/erlebnisse\/","og_site_name":"Sergio Walking Tours - Tu gu\u00eda profesional","article_modified_time":"2024-08-21T12:44:12+00:00","og_image":[{"width":1200,"height":675,"url":"https:\/\/sergiowalkingtours.com\/wp-content\/uploads\/2023\/09\/portada.jpg","type":"image\/jpeg"}],"twitter_card":"summary_large_image","twitter_misc":{"Gesch\u00e4tzte Lesezeit":"2\u00a0Minuten"},"schema":{"@context":"https:\/\/schema.org","@graph":[{"@type":"WebPage","@id":"https:\/\/sergiowalkingtours.com\/de\/erlebnisse\/","url":"https:\/\/sergiowalkingtours.com\/de\/erlebnisse\/","name":"Erlebnisse - Sergio Walking Tours - Tu gu\u00eda profesional","isPartOf":{"@id":"https:\/\/sergiowalkingtours.com\/de\/#website"},"datePublished":"2023-07-11T09:30:03+00:00","dateModified":"2024-08-21T12:44:12+00:00","description":"See Tenerife through the eyes of a local","breadcrumb":{"@id":"https:\/\/sergiowalkingtours.com\/de\/erlebnisse\/#breadcrumb"},"inLanguage":"de","potentialAction":[{"@type":"ReadAction","target":["https:\/\/sergiowalkingtours.com\/de\/erlebnisse\/"]}]},{"@type":"BreadcrumbList","@id":"https:\/\/sergiowalkingtours.com\/de\/erlebnisse\/#breadcrumb","itemListElement":[{"@type":"ListItem","position":1,"name":"Home","item":"https:\/\/sergiowalkingtours.com\/de\/"},{"@type":"ListItem","position":2,"name":"Erlebnisse"}]},{"@type":"WebSite","@id":"https:\/\/sergiowalkingtours.com\/de\/#website","url":"https:\/\/sergiowalkingtours.com\/de\/","name":"Sergio Walking Tours - Tu gu\u00eda profesional","description":"See Tenerife through the eyes of a local","potentialAction":[{"@type":"SearchAction","target":{"@type":"EntryPoint","urlTemplate":"https:\/\/sergiowalkingtours.com\/de\/?s={search_term_string}"},"query-input":{"@type":"PropertyValueSpecification","valueRequired":true,"valueName":"search_term_string"}}],"inLanguage":"de"}]}},"_links":{"self":[{"href":"https:\/\/sergiowalkingtours.com\/de\/wp-json\/wp\/v2\/pages\/1902","targetHints":{"allow":["GET"]}}],"collection":[{"href":"https:\/\/sergiowalkingtours.com\/de\/wp-json\/wp\/v2\/pages"}],"about":[{"href":"https:\/\/sergiowalkingtours.com\/de\/wp-json\/wp\/v2\/types\/page"}],"author":[{"embeddable":true,"href":"https:\/\/sergiowalkingtours.com\/de\/wp-json\/wp\/v2\/users\/1"}],"replies":[{"embeddable":true,"href":"https:\/\/sergiowalkingtours.com\/de\/wp-json\/wp\/v2\/comments?post=1902"}],"version-history":[{"count":10,"href":"https:\/\/sergiowalkingtours.com\/de\/wp-json\/wp\/v2\/pages\/1902\/revisions"}],"predecessor-version":[{"id":4496,"href":"https:\/\/sergiowalkingtours.com\/de\/wp-json\/wp\/v2\/pages\/1902\/revisions\/4496"}],"wp:attachment":[{"href":"https:\/\/sergiowalkingtours.com\/de\/wp-json\/wp\/v2\/media?parent=1902"}],"wp:term":[{"taxonomy":"difl_page_category","embeddable":true,"href":"https:\/\/sergiowalkingtours.com\/de\/wp-json\/wp\/v2\/difl_page_category?post=1902"}],"curies":[{"name":"wp","href":"https:\/\/api.w.org\/{rel}","templated":true}]}}